{"id":39755,"date":"2015-07-26T23:01:59","date_gmt":"2015-07-27T04:01:59","guid":{"rendered":"https:\/\/www.generalkinematics.com\/product\/trommelmagnet-beschickungsanlagen-und-forderer\/"},"modified":"2024-06-26T15:50:12","modified_gmt":"2024-06-26T20:50:12","slug":"trommelmagnet-beschickungsanlagen-und-forderer","status":"publish","type":"product","link":"https:\/\/www.generalkinematics.com\/de\/produkt\/trommelmagnet-beschickungsanlagen-und-forderer\/","title":{"rendered":"Trommelmagnet-Beschickungsanlagen und F\u00f6rderer"},"content":{"rendered":"<p>General Kinematics <strong>Trommelmagnet-Beschickungsanlagen und F\u00f6rderer<\/strong> wurden f\u00fcr die anspruchsvollsten Anwendungen konzipiert. GKs Zwei-Massen-Vibrations-Beschickungsanlagen kompensieren dynamisch die Sto\u00dfbelastungen um dem Trommelmagneten eine gleichm\u00e4\u00dfige Beschickung zu gew\u00e4hrleisten. Erfahren Sie <a href=\"https:\/\/www.generalkinematics.com\/de\/gk-zwei-massen-vorteil\/\" target=\"_blank\" rel=\"noopener noreferrer\">hier<\/a> mehr dar\u00fcber, wie das Zwei-Massen-Prinzip funktioniert.<\/p>\n<p>GKs Vibrationsf\u00f6rderer haben f\u00fcr die maximale Materialbewegung einen l\u00e4ngeren Hub, h\u00f6here Fahrgeschwindigkeit und gleichm\u00e4\u00dfige Verschiebung \u00fcber den Trog.<\/p>\n<p>General Kinematics ist spezialisiert auf kundenspezifische Zwei-Massen-Beschickungsanlagen und -F\u00f6rderer, die kreative L\u00f6sungen mit engen Toleranzen oder bei schwierigen Installationen sind. Kunden auf der ganzen Welt sind beeindruckt von der GKs F\u00e4higkeit, L\u00f6sungen zu entwickeln und herzustellen, die die Konkurrenz nicht herstellen kann.<\/p>\n<h2>Eigenschaften:<\/h2>\n<ul>\n<li>Robuste Ausf\u00fchrung f\u00fcr schwere Schl\u00e4ge, ohne die Geschwindigkeit zu reduzieren.<\/li>\n<li>Kreative L\u00f6sungen mit engen Toleranzen oder f\u00fcr schwierige Installationen.<\/li>\n<li>Dynamische Kompensation von unterschiedlichen Lastbedingungen, wodurch eine volle, nicht d\u00e4mpfende Leistung gew\u00e4hrleistet wird<\/li>\n<li>Der energiesparende Eigenfrequenzantrieb erzeugt einen hohen Hub mit einem Motor mit niedriger Drehzahl.<\/li>\n<li>Isolationshalterungen reduzieren die \u00dcbertragung dynamischer Lasten auf das Tragwerk.<\/li>\n<li>Es wird mehr Energie auf das Material \u00fcbertragen<\/li>\n<li>Volle Breitenverteilung auf k\u00fcrzerer L\u00e4nge<\/li>\n<li>Geringere Anschaffungs- und Betriebskosten<\/li>\n<li>Einfach-Deck-, Doppel-Deck-Einheiten verf\u00fcgbar.<\/li>\n<\/ul>\n","protected":false},"excerpt":{"rendered":"<p>General Kinematics Trommelmagnet-Beschickungsanlagen und F\u00f6rderer wurden f\u00fcr die anspruchsvollsten Anwendungen konzipiert. GKs Zwei-Massen-Vibrations-Beschickungsanlagen kompensieren dynamisch die Sto\u00dfbelastungen um dem Trommelmagneten eine gleichm\u00e4\u00dfige Beschickung zu gew\u00e4hrleisten. Erfahren Sie hier mehr dar\u00fcber, wie das Zwei-Massen-Prinzip funktioniert. GKs Vibrationsf\u00f6rderer haben f\u00fcr die maximale Materialbewegung einen l\u00e4ngeren Hub, h\u00f6here Fahrgeschwindigkeit und gleichm\u00e4\u00dfige Verschiebung \u00fcber den Trog. General Kinematics ist [&hellip;]<\/p>\n","protected":false},"featured_media":24699,"comment_status":"closed","ping_status":"closed","template":"","meta":{"_acf_changed":false,"om_disable_all_campaigns":false,"ep_exclude_from_search":false},"product_brand":[],"product_cat":[1814,1813,1798],"product_tag":[],"class_list":{"0":"post-39755","1":"product","2":"type-product","3":"status-publish","4":"has-post-thumbnail","6":"product_cat-ausruestung-zur-ernergiegewinnung-aus-abfall","7":"product_cat-loesungen-fuer-die-schrottverarbeitung","8":"product_cat-recycling-loesungen","10":"first","11":"instock","12":"taxable","13":"shipping-taxable","14":"product-type-simple"},"acf":[],"yoast_head":"<!-- This site is optimized with the Yoast SEO plugin v27.2 - https:\/\/yoast.com\/product\/yoast-seo-wordpress\/ -->\n<title>Trommelmagnet-Beschickungsanlagen und F\u00f6rderer | General Kinematics<\/title>\n<meta name=\"robots\" content=\"index, follow, max-snippet:-1, max-image-preview:large, max-video-preview:-1\" \/>\n<link rel=\"canonical\" href=\"https:\/\/www.generalkinematics.com\/de\/produkt\/trommelmagnet-beschickungsanlagen-und-forderer\/\" \/>\n<meta property=\"og:locale\" content=\"de_DE\" \/>\n<meta property=\"og:type\" content=\"article\" \/>\n<meta property=\"og:title\" content=\"Trommelmagnet-Beschickungsanlagen und F\u00f6rderer | General Kinematics\" \/>\n<meta property=\"og:description\" content=\"General Kinematics Trommelmagnet-Beschickungsanlagen und F\u00f6rderer wurden f\u00fcr die anspruchsvollsten Anwendungen konzipiert. GKs Zwei-Massen-Vibrations-Beschickungsanlagen kompensieren dynamisch die Sto\u00dfbelastungen um dem Trommelmagneten eine gleichm\u00e4\u00dfige Beschickung zu gew\u00e4hrleisten. Erfahren Sie hier mehr dar\u00fcber, wie das Zwei-Massen-Prinzip funktioniert. GKs Vibrationsf\u00f6rderer haben f\u00fcr die maximale Materialbewegung einen l\u00e4ngeren Hub, h\u00f6here Fahrgeschwindigkeit und gleichm\u00e4\u00dfige Verschiebung \u00fcber den Trog. General Kinematics ist [&hellip;]\" \/>\n<meta property=\"og:url\" content=\"https:\/\/www.generalkinematics.com\/de\/produkt\/trommelmagnet-beschickungsanlagen-und-forderer\/\" \/>\n<meta property=\"og:site_name\" content=\"General Kinematics\" \/>\n<meta property=\"article:publisher\" content=\"https:\/\/www.facebook.com\/generalkinematics\" \/>\n<meta property=\"article:modified_time\" content=\"2024-06-26T20:50:12+00:00\" \/>\n<meta property=\"og:image\" content=\"https:\/\/media.generalkinematics.com\/wp-content\/uploads\/2015\/07\/IMG_0732.jpg\" \/>\n\t<meta property=\"og:image:width\" content=\"5184\" \/>\n\t<meta property=\"og:image:height\" content=\"3456\" \/>\n\t<meta property=\"og:image:type\" content=\"image\/jpeg\" \/>\n<meta name=\"twitter:card\" content=\"summary_large_image\" \/>\n<meta name=\"twitter:site\" content=\"@gkvibrating\" \/>\n<meta name=\"twitter:label1\" content=\"Gesch\u00e4tzte Lesezeit\" \/>\n\t<meta name=\"twitter:data1\" content=\"1 Minute\" \/>\n<!-- \/ Yoast SEO plugin. -->","yoast_head_json":{"title":"Trommelmagnet-Beschickungsanlagen und F\u00f6rderer | General Kinematics","robots":{"index":"index","follow":"follow","max-snippet":"max-snippet:-1","max-image-preview":"max-image-preview:large","max-video-preview":"max-video-preview:-1"},"canonical":"https:\/\/www.generalkinematics.com\/de\/produkt\/trommelmagnet-beschickungsanlagen-und-forderer\/","og_locale":"de_DE","og_type":"article","og_title":"Trommelmagnet-Beschickungsanlagen und F\u00f6rderer | General Kinematics","og_description":"General Kinematics Trommelmagnet-Beschickungsanlagen und F\u00f6rderer wurden f\u00fcr die anspruchsvollsten Anwendungen konzipiert. GKs Zwei-Massen-Vibrations-Beschickungsanlagen kompensieren dynamisch die Sto\u00dfbelastungen um dem Trommelmagneten eine gleichm\u00e4\u00dfige Beschickung zu gew\u00e4hrleisten. Erfahren Sie hier mehr dar\u00fcber, wie das Zwei-Massen-Prinzip funktioniert. GKs Vibrationsf\u00f6rderer haben f\u00fcr die maximale Materialbewegung einen l\u00e4ngeren Hub, h\u00f6here Fahrgeschwindigkeit und gleichm\u00e4\u00dfige Verschiebung \u00fcber den Trog. General Kinematics ist [&hellip;]","og_url":"https:\/\/www.generalkinematics.com\/de\/produkt\/trommelmagnet-beschickungsanlagen-und-forderer\/","og_site_name":"General Kinematics","article_publisher":"https:\/\/www.facebook.com\/generalkinematics","article_modified_time":"2024-06-26T20:50:12+00:00","og_image":[{"width":5184,"height":3456,"url":"https:\/\/media.generalkinematics.com\/wp-content\/uploads\/2015\/07\/IMG_0732.jpg","type":"image\/jpeg"}],"twitter_card":"summary_large_image","twitter_site":"@gkvibrating","twitter_misc":{"Gesch\u00e4tzte Lesezeit":"1 Minute"},"schema":{"@context":"https:\/\/schema.org","@graph":[{"@type":"WebPage","@id":"https:\/\/www.generalkinematics.com\/de\/produkt\/trommelmagnet-beschickungsanlagen-und-forderer\/","url":"https:\/\/www.generalkinematics.com\/de\/produkt\/trommelmagnet-beschickungsanlagen-und-forderer\/","name":"Trommelmagnet-Beschickungsanlagen und F\u00f6rderer | General Kinematics","isPartOf":{"@id":"https:\/\/www.generalkinematics.com\/de\/#website"},"primaryImageOfPage":{"@id":"https:\/\/www.generalkinematics.com\/de\/produkt\/trommelmagnet-beschickungsanlagen-und-forderer\/#primaryimage"},"image":{"@id":"https:\/\/www.generalkinematics.com\/de\/produkt\/trommelmagnet-beschickungsanlagen-und-forderer\/#primaryimage"},"thumbnailUrl":"https:\/\/media.generalkinematics.com\/wp-content\/uploads\/2015\/07\/IMG_0732.jpg","datePublished":"2015-07-27T04:01:59+00:00","dateModified":"2024-06-26T20:50:12+00:00","breadcrumb":{"@id":"https:\/\/www.generalkinematics.com\/de\/produkt\/trommelmagnet-beschickungsanlagen-und-forderer\/#breadcrumb"},"inLanguage":"de-DE","potentialAction":[{"@type":"ReadAction","target":["https:\/\/www.generalkinematics.com\/de\/produkt\/trommelmagnet-beschickungsanlagen-und-forderer\/"]}]},{"@type":"ImageObject","inLanguage":"de-DE","@id":"https:\/\/www.generalkinematics.com\/de\/produkt\/trommelmagnet-beschickungsanlagen-und-forderer\/#primaryimage","url":"https:\/\/media.generalkinematics.com\/wp-content\/uploads\/2015\/07\/IMG_0732.jpg","contentUrl":"https:\/\/media.generalkinematics.com\/wp-content\/uploads\/2015\/07\/IMG_0732.jpg","width":5184,"height":3456,"caption":"general-kinematics-drum-magnet-feeder"},{"@type":"BreadcrumbList","@id":"https:\/\/www.generalkinematics.com\/de\/produkt\/trommelmagnet-beschickungsanlagen-und-forderer\/#breadcrumb","itemListElement":[{"@type":"ListItem","position":1,"name":"GK Home","item":"https:\/\/www.generalkinematics.com\/de\/"},{"@type":"ListItem","position":2,"name":"Shop","item":"https:\/\/www.generalkinematics.com\/shop\/"},{"@type":"ListItem","position":3,"name":"Trommelmagnet-Beschickungsanlagen und F\u00f6rderer"}]},{"@type":"WebSite","@id":"https:\/\/www.generalkinematics.com\/de\/#website","url":"https:\/\/www.generalkinematics.com\/de\/","name":"General Kinematics","description":"","publisher":{"@id":"https:\/\/www.generalkinematics.com\/de\/#organization"},"potentialAction":[{"@type":"SearchAction","target":{"@type":"EntryPoint","urlTemplate":"https:\/\/www.generalkinematics.com\/de\/?s={search_term_string}"},"query-input":{"@type":"PropertyValueSpecification","valueRequired":true,"valueName":"search_term_string"}}],"inLanguage":"de-DE"},{"@type":"Organization","@id":"https:\/\/www.generalkinematics.com\/de\/#organization","name":"General Kinematics","url":"https:\/\/www.generalkinematics.com\/de\/","logo":{"@type":"ImageObject","inLanguage":"de-DE","@id":"https:\/\/www.generalkinematics.com\/de\/#\/schema\/logo\/image\/","url":"https:\/\/media.generalkinematics.com\/wp-content\/uploads\/2018\/03\/logo.png","contentUrl":"https:\/\/media.generalkinematics.com\/wp-content\/uploads\/2018\/03\/logo.png","width":313,"height":100,"caption":"General Kinematics"},"image":{"@id":"https:\/\/www.generalkinematics.com\/de\/#\/schema\/logo\/image\/"},"sameAs":["https:\/\/www.facebook.com\/generalkinematics","https:\/\/x.com\/gkvibrating"]}]}},"_links":{"self":[{"href":"https:\/\/www.generalkinematics.com\/de\/wp-json\/wp\/v2\/product\/39755","targetHints":{"allow":["GET"]}}],"collection":[{"href":"https:\/\/www.generalkinematics.com\/de\/wp-json\/wp\/v2\/product"}],"about":[{"href":"https:\/\/www.generalkinematics.com\/de\/wp-json\/wp\/v2\/types\/product"}],"replies":[{"embeddable":true,"href":"https:\/\/www.generalkinematics.com\/de\/wp-json\/wp\/v2\/comments?post=39755"}],"wp:featuredmedia":[{"embeddable":true,"href":"https:\/\/www.generalkinematics.com\/de\/wp-json\/wp\/v2\/media\/24699"}],"wp:attachment":[{"href":"https:\/\/www.generalkinematics.com\/de\/wp-json\/wp\/v2\/media?parent=39755"}],"wp:term":[{"taxonomy":"product_brand","embeddable":true,"href":"https:\/\/www.generalkinematics.com\/de\/wp-json\/wp\/v2\/product_brand?post=39755"},{"taxonomy":"product_cat","embeddable":true,"href":"https:\/\/www.generalkinematics.com\/de\/wp-json\/wp\/v2\/product_cat?post=39755"},{"taxonomy":"product_tag","embeddable":true,"href":"https:\/\/www.generalkinematics.com\/de\/wp-json\/wp\/v2\/product_tag?post=39755"}],"curies":[{"name":"wp","href":"https:\/\/api.w.org\/{rel}","templated":true}]}}