{"id":39819,"date":"2015-07-26T23:17:03","date_gmt":"2015-07-27T04:17:03","guid":{"rendered":"https:\/\/www.generalkinematics.com\/product\/para-mount-ii-vibrations-beschickungsanlage\/"},"modified":"2018-08-31T09:51:21","modified_gmt":"2018-08-31T14:51:21","slug":"para-mount-vibrations-beschickungsanlage","status":"publish","type":"product","link":"https:\/\/www.generalkinematics.com\/de\/produkt\/para-mount-vibrations-beschickungsanlage\/","title":{"rendered":"PARA-MOUNT II\u00ae-Vibrations-Beschickungsanlage"},"content":{"rendered":"<p>Die bew\u00e4hrte Leistung und ein wartungsfreier Betrieb machen die <strong>PARA-MOUNT II\u00ae Vibrations-Beschickungsanlage<\/strong> zur ersten Wahl bei Vibrations-Beschickungsanlagen f\u00fcr anspruchsvollste Anwendungen. Die PARA-MOUNT II\u00ae Vibrations-Beschickungsanlagen in Konfigurationen mit fester oder variabler Kraft nutzen ein Zwei-Massen-System ohne Eigenfrequenz. Masse A (der Erreger) erregt die Masse B (die Deckanordnung) durch pr\u00e4zisionsgefertigte Schraubenfedern. Es werden nur geringe Mengen an Energie ben\u00f6tigt, um die nat\u00fcrliche Energie zu erhalten, die durch das Federsystem gespeichert und freigesetzt wird. Dies bedeutet f\u00fcr Sie eine dynamische Reaktion bei Ladungspitzen, h\u00f6here Beschickungskapazit\u00e4t und au\u00dfergew\u00f6hnliche Zuverl\u00e4ssigkeit und Wartungsfreundlichkeit. PARA-MOUNT II\u00ae-Vibrations-Beschickungsanlagen wurden speziell entwickelt, um Ihren Prozess zu verbessern.<\/p>\n<h2>EIGENSCHAFTEN:<\/h2>\n<ul>\n<li>Geringer Wartungsaufwand, maximale Verf\u00fcgbarkeit f\u00fcr zuverl\u00e4ssige Leistung.<\/li>\n<li>Einfache, Extra-Heavy Duty Bauweise f\u00fcr jahrelangen problemlosen Betrieb.<\/li>\n<li>Die Zwei-Massen-Ausf\u00fchrung ohne Eigenfrequenz reagiert dynamisch und beh\u00e4lt automatisch eine konstante Beschickungsgeschwindigkeit f\u00fcr unterschiedliche Ladungen und bei Materialwechseln bei.<\/li>\n<\/ul>\n","protected":false},"excerpt":{"rendered":"<p>Die bew\u00e4hrte Leistung und ein wartungsfreier Betrieb machen die PARA-MOUNT II\u00ae Vibrations-Beschickungsanlage zur ersten Wahl bei Vibrations-Beschickungsanlagen f\u00fcr anspruchsvollste Anwendungen. Die PARA-MOUNT II\u00ae Vibrations-Beschickungsanlagen in Konfigurationen mit fester oder variabler Kraft nutzen ein Zwei-Massen-System ohne Eigenfrequenz. Masse A (der Erreger) erregt die Masse B (die Deckanordnung) durch pr\u00e4zisionsgefertigte Schraubenfedern. Es werden nur geringe Mengen an [&hellip;]<\/p>\n","protected":false},"featured_media":27723,"comment_status":"closed","ping_status":"closed","template":"","meta":{"_acf_changed":false,"om_disable_all_campaigns":false,"ep_exclude_from_search":false},"product_brand":[],"product_cat":[1814,1809,1813,1798,1812],"product_tag":[],"class_list":{"0":"post-39819","1":"product","2":"type-product","3":"status-publish","4":"has-post-thumbnail","6":"casestudytag-para-mount-ii-de","7":"product_cat-ausruestung-zur-ernergiegewinnung-aus-abfall","8":"product_cat-bauschutt-cd-recyclingloesungen","9":"product_cat-loesungen-fuer-die-schrottverarbeitung","10":"product_cat-recycling-loesungen","11":"product_cat-sortierloesungen-fuer-hausmuell-msw","13":"first","14":"instock","15":"taxable","16":"shipping-taxable","17":"product-type-simple"},"acf":[],"yoast_head":"<!-- This site is optimized with the Yoast SEO plugin v27.2 - https:\/\/yoast.com\/product\/yoast-seo-wordpress\/ -->\n<title>PARA-MOUNT II\u00ae-Vibrations-Beschickungsanlage | General Kinematics<\/title>\n<meta name=\"robots\" content=\"index, follow, max-snippet:-1, max-image-preview:large, max-video-preview:-1\" \/>\n<link rel=\"canonical\" href=\"https:\/\/www.generalkinematics.com\/de\/produkt\/para-mount-vibrations-beschickungsanlage\/\" \/>\n<meta property=\"og:locale\" content=\"de_DE\" \/>\n<meta property=\"og:type\" content=\"article\" \/>\n<meta property=\"og:title\" content=\"PARA-MOUNT II\u00ae-Vibrations-Beschickungsanlage | General Kinematics\" \/>\n<meta property=\"og:description\" content=\"Die bew\u00e4hrte Leistung und ein wartungsfreier Betrieb machen die PARA-MOUNT II\u00ae Vibrations-Beschickungsanlage zur ersten Wahl bei Vibrations-Beschickungsanlagen f\u00fcr anspruchsvollste Anwendungen. Die PARA-MOUNT II\u00ae Vibrations-Beschickungsanlagen in Konfigurationen mit fester oder variabler Kraft nutzen ein Zwei-Massen-System ohne Eigenfrequenz. Masse A (der Erreger) erregt die Masse B (die Deckanordnung) durch pr\u00e4zisionsgefertigte Schraubenfedern. Es werden nur geringe Mengen an [&hellip;]\" \/>\n<meta property=\"og:url\" content=\"https:\/\/www.generalkinematics.com\/de\/produkt\/para-mount-vibrations-beschickungsanlage\/\" \/>\n<meta property=\"og:site_name\" content=\"General Kinematics\" \/>\n<meta property=\"article:publisher\" content=\"https:\/\/www.facebook.com\/generalkinematics\" \/>\n<meta property=\"article:modified_time\" content=\"2018-08-31T14:51:21+00:00\" \/>\n<meta property=\"og:image\" content=\"https:\/\/media.generalkinematics.com\/wp-content\/uploads\/2015\/07\/My-Pictures0037.jpg\" \/>\n\t<meta property=\"og:image:width\" content=\"2160\" \/>\n\t<meta property=\"og:image:height\" content=\"1440\" \/>\n\t<meta property=\"og:image:type\" content=\"image\/jpeg\" \/>\n<meta name=\"twitter:card\" content=\"summary_large_image\" \/>\n<meta name=\"twitter:site\" content=\"@gkvibrating\" \/>\n<meta name=\"twitter:label1\" content=\"Gesch\u00e4tzte Lesezeit\" \/>\n\t<meta name=\"twitter:data1\" content=\"1 Minute\" \/>\n<!-- \/ Yoast SEO plugin. -->","yoast_head_json":{"title":"PARA-MOUNT II\u00ae-Vibrations-Beschickungsanlage | General Kinematics","robots":{"index":"index","follow":"follow","max-snippet":"max-snippet:-1","max-image-preview":"max-image-preview:large","max-video-preview":"max-video-preview:-1"},"canonical":"https:\/\/www.generalkinematics.com\/de\/produkt\/para-mount-vibrations-beschickungsanlage\/","og_locale":"de_DE","og_type":"article","og_title":"PARA-MOUNT II\u00ae-Vibrations-Beschickungsanlage | General Kinematics","og_description":"Die bew\u00e4hrte Leistung und ein wartungsfreier Betrieb machen die PARA-MOUNT II\u00ae Vibrations-Beschickungsanlage zur ersten Wahl bei Vibrations-Beschickungsanlagen f\u00fcr anspruchsvollste Anwendungen. Die PARA-MOUNT II\u00ae Vibrations-Beschickungsanlagen in Konfigurationen mit fester oder variabler Kraft nutzen ein Zwei-Massen-System ohne Eigenfrequenz. Masse A (der Erreger) erregt die Masse B (die Deckanordnung) durch pr\u00e4zisionsgefertigte Schraubenfedern. Es werden nur geringe Mengen an [&hellip;]","og_url":"https:\/\/www.generalkinematics.com\/de\/produkt\/para-mount-vibrations-beschickungsanlage\/","og_site_name":"General Kinematics","article_publisher":"https:\/\/www.facebook.com\/generalkinematics","article_modified_time":"2018-08-31T14:51:21+00:00","og_image":[{"width":2160,"height":1440,"url":"https:\/\/media.generalkinematics.com\/wp-content\/uploads\/2015\/07\/My-Pictures0037.jpg","type":"image\/jpeg"}],"twitter_card":"summary_large_image","twitter_site":"@gkvibrating","twitter_misc":{"Gesch\u00e4tzte Lesezeit":"1 Minute"},"schema":{"@context":"https:\/\/schema.org","@graph":[{"@type":"WebPage","@id":"https:\/\/www.generalkinematics.com\/de\/produkt\/para-mount-vibrations-beschickungsanlage\/","url":"https:\/\/www.generalkinematics.com\/de\/produkt\/para-mount-vibrations-beschickungsanlage\/","name":"PARA-MOUNT II\u00ae-Vibrations-Beschickungsanlage | General Kinematics","isPartOf":{"@id":"https:\/\/www.generalkinematics.com\/de\/#website"},"primaryImageOfPage":{"@id":"https:\/\/www.generalkinematics.com\/de\/produkt\/para-mount-vibrations-beschickungsanlage\/#primaryimage"},"image":{"@id":"https:\/\/www.generalkinematics.com\/de\/produkt\/para-mount-vibrations-beschickungsanlage\/#primaryimage"},"thumbnailUrl":"https:\/\/media.generalkinematics.com\/wp-content\/uploads\/2015\/07\/My-Pictures0037.jpg","datePublished":"2015-07-27T04:17:03+00:00","dateModified":"2018-08-31T14:51:21+00:00","breadcrumb":{"@id":"https:\/\/www.generalkinematics.com\/de\/produkt\/para-mount-vibrations-beschickungsanlage\/#breadcrumb"},"inLanguage":"de-DE","potentialAction":[{"@type":"ReadAction","target":["https:\/\/www.generalkinematics.com\/de\/produkt\/para-mount-vibrations-beschickungsanlage\/"]}]},{"@type":"ImageObject","inLanguage":"de-DE","@id":"https:\/\/www.generalkinematics.com\/de\/produkt\/para-mount-vibrations-beschickungsanlage\/#primaryimage","url":"https:\/\/media.generalkinematics.com\/wp-content\/uploads\/2015\/07\/My-Pictures0037.jpg","contentUrl":"https:\/\/media.generalkinematics.com\/wp-content\/uploads\/2015\/07\/My-Pictures0037.jpg","width":2160,"height":1440,"caption":"general-kinematics-feeder-recycling"},{"@type":"BreadcrumbList","@id":"https:\/\/www.generalkinematics.com\/de\/produkt\/para-mount-vibrations-beschickungsanlage\/#breadcrumb","itemListElement":[{"@type":"ListItem","position":1,"name":"GK Home","item":"https:\/\/www.generalkinematics.com\/de\/"},{"@type":"ListItem","position":2,"name":"Shop","item":"https:\/\/www.generalkinematics.com\/shop\/"},{"@type":"ListItem","position":3,"name":"PARA-MOUNT II\u00ae-Vibrations-Beschickungsanlage"}]},{"@type":"WebSite","@id":"https:\/\/www.generalkinematics.com\/de\/#website","url":"https:\/\/www.generalkinematics.com\/de\/","name":"General Kinematics","description":"","publisher":{"@id":"https:\/\/www.generalkinematics.com\/de\/#organization"},"potentialAction":[{"@type":"SearchAction","target":{"@type":"EntryPoint","urlTemplate":"https:\/\/www.generalkinematics.com\/de\/?s={search_term_string}"},"query-input":{"@type":"PropertyValueSpecification","valueRequired":true,"valueName":"search_term_string"}}],"inLanguage":"de-DE"},{"@type":"Organization","@id":"https:\/\/www.generalkinematics.com\/de\/#organization","name":"General Kinematics","url":"https:\/\/www.generalkinematics.com\/de\/","logo":{"@type":"ImageObject","inLanguage":"de-DE","@id":"https:\/\/www.generalkinematics.com\/de\/#\/schema\/logo\/image\/","url":"https:\/\/media.generalkinematics.com\/wp-content\/uploads\/2018\/03\/logo.png","contentUrl":"https:\/\/media.generalkinematics.com\/wp-content\/uploads\/2018\/03\/logo.png","width":313,"height":100,"caption":"General Kinematics"},"image":{"@id":"https:\/\/www.generalkinematics.com\/de\/#\/schema\/logo\/image\/"},"sameAs":["https:\/\/www.facebook.com\/generalkinematics","https:\/\/x.com\/gkvibrating"]}]}},"_links":{"self":[{"href":"https:\/\/www.generalkinematics.com\/de\/wp-json\/wp\/v2\/product\/39819","targetHints":{"allow":["GET"]}}],"collection":[{"href":"https:\/\/www.generalkinematics.com\/de\/wp-json\/wp\/v2\/product"}],"about":[{"href":"https:\/\/www.generalkinematics.com\/de\/wp-json\/wp\/v2\/types\/product"}],"replies":[{"embeddable":true,"href":"https:\/\/www.generalkinematics.com\/de\/wp-json\/wp\/v2\/comments?post=39819"}],"wp:featuredmedia":[{"embeddable":true,"href":"https:\/\/www.generalkinematics.com\/de\/wp-json\/wp\/v2\/media\/27723"}],"wp:attachment":[{"href":"https:\/\/www.generalkinematics.com\/de\/wp-json\/wp\/v2\/media?parent=39819"}],"wp:term":[{"taxonomy":"product_brand","embeddable":true,"href":"https:\/\/www.generalkinematics.com\/de\/wp-json\/wp\/v2\/product_brand?post=39819"},{"taxonomy":"product_cat","embeddable":true,"href":"https:\/\/www.generalkinematics.com\/de\/wp-json\/wp\/v2\/product_cat?post=39819"},{"taxonomy":"product_tag","embeddable":true,"href":"https:\/\/www.generalkinematics.com\/de\/wp-json\/wp\/v2\/product_tag?post=39819"}],"curies":[{"name":"wp","href":"https:\/\/api.w.org\/{rel}","templated":true}]}}