{"id":39831,"date":"2015-07-26T23:20:11","date_gmt":"2015-07-27T04:20:11","guid":{"rendered":"https:\/\/www.generalkinematics.com\/product\/gks-vibrations-beschickungsanlagen-mit-langem-hub\/"},"modified":"2019-11-03T10:18:55","modified_gmt":"2019-11-03T16:18:55","slug":"beschickungsanlagen-mit-langem-hub","status":"publish","type":"product","link":"https:\/\/www.generalkinematics.com\/de\/produkt\/beschickungsanlagen-mit-langem-hub\/","title":{"rendered":"GKs Vibrations-Beschickungsanlagen mit langem Hub"},"content":{"rendered":"<p><u><strong>Modernste Vibrationstechnologie f\u00fcr eine verbesserte Materialpr\u00e4sentation<\/strong><\/u><\/p>\n<p>Von unseren Kunden herausgefordert, mehr auf kleinstem Raum zu leisten, hat General Kinematics die <strong>Langhub-Beschickungsanlage<\/strong> (HSF) f\u00fcr die Trennung, verbesserten Reinheitsgrad \/ R\u00fcckgewinnung und zur Gewinnsteigerung entwickelt.\u00a0GKs HSF-Vibrations-Beschickungsanlagen verbessern die Pr\u00e4sentation und die R\u00fcckgewinnung verschiedener Rohstoffe, indem sie mehr Energie in das Material \u00fcbertragen und so die Trennung der verschiedenen Partikel verbessern. Dar\u00fcber hinaus werden die Materialien \u00fcber die Breite der Einheit verteilt, was zu einer verbesserten Materialpr\u00e4sentation f\u00fcr Ihren optischen Sortierer f\u00fchrt. General Kinematics hat die Synergie zwischen Vibrations-Beschickungsanlagen und optischen Sortierern neu definiert.<\/p>\n<h2>Langhub-Beschickungsanlage (HSF) Leistungsvorteile:<\/h2>\n<ul>\n<li>Langer Hub trennt noch besser f\u00fcr noch mehr Reinheit<\/li>\n<li>Schnellere Vorschubgeschwindigkeit = Bessere Materialtrennung = Optimale R\u00fcckgewinnung<\/li>\n<li>Es wird mehr Energie auf das Material \u00fcbertragen<\/li>\n<li>Volle Breitenverteilung auf k\u00fcrzerer L\u00e4nge<\/li>\n<li>Geringere Anschaffungs- und Betriebskosten<\/li>\n<li>Dynamische Reaktion zum Ausgleich von Schwallbelastungen<\/li>\n<li>Bis zu 2\/3 weniger Leistung f\u00fcr den Betrieb erforderlich<\/li>\n<\/ul>\n<p>&nbsp;<\/p>\n<h2>Optionale HSF-Funktionen:<\/h2>\n<ul>\n<li>Speziell f\u00fcr die Branche entwickelt<\/li>\n<li>Optional Ausf\u00fchrung mit Ausgleichsvorrichtung<\/li>\n<li>OEM spezifische Modelle<\/li>\n<li>Modelle mit Fu\u00df, Federung oder Kombinationen daraus<\/li>\n<li>Baustahl, Edelstahl, abriebfeste Stahlkonstruktion<\/li>\n<\/ul>\n","protected":false},"excerpt":{"rendered":"<p>Modernste Vibrationstechnologie f\u00fcr eine verbesserte Materialpr\u00e4sentation Von unseren Kunden herausgefordert, mehr auf kleinstem Raum zu leisten, hat General Kinematics die Langhub-Beschickungsanlage (HSF) f\u00fcr die Trennung, verbesserten Reinheitsgrad \/ R\u00fcckgewinnung und zur Gewinnsteigerung entwickelt.\u00a0GKs HSF-Vibrations-Beschickungsanlagen verbessern die Pr\u00e4sentation und die R\u00fcckgewinnung verschiedener Rohstoffe, indem sie mehr Energie in das Material \u00fcbertragen und so die Trennung der [&hellip;]<\/p>\n","protected":false},"featured_media":26259,"comment_status":"closed","ping_status":"closed","template":"","meta":{"_acf_changed":false,"om_disable_all_campaigns":false,"ep_exclude_from_search":false},"product_brand":[],"product_cat":[1801,1813,1799,1798,1812],"product_tag":[],"class_list":{"0":"post-39831","1":"product","2":"type-product","3":"status-publish","4":"has-post-thumbnail","6":"casestudytag-high-stroke-feeder-de","7":"product_cat-einzelmaterialfluss-ici","8":"product_cat-loesungen-fuer-die-schrottverarbeitung","9":"product_cat-elektroschrott","10":"product_cat-recycling-loesungen","11":"product_cat-sortierloesungen-fuer-hausmuell-msw","13":"first","14":"instock","15":"taxable","16":"shipping-taxable","17":"product-type-simple"},"acf":[],"yoast_head":"<!-- This site is optimized with the Yoast SEO plugin v27.2 - https:\/\/yoast.com\/product\/yoast-seo-wordpress\/ -->\n<title>GKs Vibrations-Beschickungsanlagen mit langem Hub | General Kinematics<\/title>\n<meta name=\"robots\" content=\"index, follow, max-snippet:-1, max-image-preview:large, max-video-preview:-1\" \/>\n<link rel=\"canonical\" href=\"https:\/\/www.generalkinematics.com\/de\/produkt\/beschickungsanlagen-mit-langem-hub\/\" \/>\n<meta property=\"og:locale\" content=\"de_DE\" \/>\n<meta property=\"og:type\" content=\"article\" \/>\n<meta property=\"og:title\" content=\"GKs Vibrations-Beschickungsanlagen mit langem Hub | General Kinematics\" \/>\n<meta property=\"og:description\" content=\"Modernste Vibrationstechnologie f\u00fcr eine verbesserte Materialpr\u00e4sentation Von unseren Kunden herausgefordert, mehr auf kleinstem Raum zu leisten, hat General Kinematics die Langhub-Beschickungsanlage (HSF) f\u00fcr die Trennung, verbesserten Reinheitsgrad \/ R\u00fcckgewinnung und zur Gewinnsteigerung entwickelt.\u00a0GKs HSF-Vibrations-Beschickungsanlagen verbessern die Pr\u00e4sentation und die R\u00fcckgewinnung verschiedener Rohstoffe, indem sie mehr Energie in das Material \u00fcbertragen und so die Trennung der [&hellip;]\" \/>\n<meta property=\"og:url\" content=\"https:\/\/www.generalkinematics.com\/de\/produkt\/beschickungsanlagen-mit-langem-hub\/\" \/>\n<meta property=\"og:site_name\" content=\"General Kinematics\" \/>\n<meta property=\"article:publisher\" content=\"https:\/\/www.facebook.com\/generalkinematics\" \/>\n<meta property=\"article:modified_time\" content=\"2019-11-03T16:18:55+00:00\" \/>\n<meta property=\"og:image\" content=\"https:\/\/media.generalkinematics.com\/wp-content\/uploads\/2015\/07\/High-Stroke-Feeder.jpg\" \/>\n\t<meta property=\"og:image:width\" content=\"1024\" \/>\n\t<meta property=\"og:image:height\" content=\"679\" \/>\n\t<meta property=\"og:image:type\" content=\"image\/jpeg\" \/>\n<meta name=\"twitter:card\" content=\"summary_large_image\" \/>\n<meta name=\"twitter:site\" content=\"@gkvibrating\" \/>\n<meta name=\"twitter:label1\" content=\"Gesch\u00e4tzte Lesezeit\" \/>\n\t<meta name=\"twitter:data1\" content=\"1 Minute\" \/>\n<!-- \/ Yoast SEO plugin. -->","yoast_head_json":{"title":"GKs Vibrations-Beschickungsanlagen mit langem Hub | General Kinematics","robots":{"index":"index","follow":"follow","max-snippet":"max-snippet:-1","max-image-preview":"max-image-preview:large","max-video-preview":"max-video-preview:-1"},"canonical":"https:\/\/www.generalkinematics.com\/de\/produkt\/beschickungsanlagen-mit-langem-hub\/","og_locale":"de_DE","og_type":"article","og_title":"GKs Vibrations-Beschickungsanlagen mit langem Hub | General Kinematics","og_description":"Modernste Vibrationstechnologie f\u00fcr eine verbesserte Materialpr\u00e4sentation Von unseren Kunden herausgefordert, mehr auf kleinstem Raum zu leisten, hat General Kinematics die Langhub-Beschickungsanlage (HSF) f\u00fcr die Trennung, verbesserten Reinheitsgrad \/ R\u00fcckgewinnung und zur Gewinnsteigerung entwickelt.\u00a0GKs HSF-Vibrations-Beschickungsanlagen verbessern die Pr\u00e4sentation und die R\u00fcckgewinnung verschiedener Rohstoffe, indem sie mehr Energie in das Material \u00fcbertragen und so die Trennung der [&hellip;]","og_url":"https:\/\/www.generalkinematics.com\/de\/produkt\/beschickungsanlagen-mit-langem-hub\/","og_site_name":"General Kinematics","article_publisher":"https:\/\/www.facebook.com\/generalkinematics","article_modified_time":"2019-11-03T16:18:55+00:00","og_image":[{"width":1024,"height":679,"url":"https:\/\/media.generalkinematics.com\/wp-content\/uploads\/2015\/07\/High-Stroke-Feeder.jpg","type":"image\/jpeg"}],"twitter_card":"summary_large_image","twitter_site":"@gkvibrating","twitter_misc":{"Gesch\u00e4tzte Lesezeit":"1 Minute"},"schema":{"@context":"https:\/\/schema.org","@graph":[{"@type":"WebPage","@id":"https:\/\/www.generalkinematics.com\/de\/produkt\/beschickungsanlagen-mit-langem-hub\/","url":"https:\/\/www.generalkinematics.com\/de\/produkt\/beschickungsanlagen-mit-langem-hub\/","name":"GKs Vibrations-Beschickungsanlagen mit langem Hub | General Kinematics","isPartOf":{"@id":"https:\/\/www.generalkinematics.com\/de\/#website"},"primaryImageOfPage":{"@id":"https:\/\/www.generalkinematics.com\/de\/produkt\/beschickungsanlagen-mit-langem-hub\/#primaryimage"},"image":{"@id":"https:\/\/www.generalkinematics.com\/de\/produkt\/beschickungsanlagen-mit-langem-hub\/#primaryimage"},"thumbnailUrl":"https:\/\/media.generalkinematics.com\/wp-content\/uploads\/2015\/07\/High-Stroke-Feeder.jpg","datePublished":"2015-07-27T04:20:11+00:00","dateModified":"2019-11-03T16:18:55+00:00","breadcrumb":{"@id":"https:\/\/www.generalkinematics.com\/de\/produkt\/beschickungsanlagen-mit-langem-hub\/#breadcrumb"},"inLanguage":"de-DE","potentialAction":[{"@type":"ReadAction","target":["https:\/\/www.generalkinematics.com\/de\/produkt\/beschickungsanlagen-mit-langem-hub\/"]}]},{"@type":"ImageObject","inLanguage":"de-DE","@id":"https:\/\/www.generalkinematics.com\/de\/produkt\/beschickungsanlagen-mit-langem-hub\/#primaryimage","url":"https:\/\/media.generalkinematics.com\/wp-content\/uploads\/2015\/07\/High-Stroke-Feeder.jpg","contentUrl":"https:\/\/media.generalkinematics.com\/wp-content\/uploads\/2015\/07\/High-Stroke-Feeder.jpg","width":1024,"height":679,"caption":"general-kinematics-high-stroke-feeder"},{"@type":"BreadcrumbList","@id":"https:\/\/www.generalkinematics.com\/de\/produkt\/beschickungsanlagen-mit-langem-hub\/#breadcrumb","itemListElement":[{"@type":"ListItem","position":1,"name":"GK Home","item":"https:\/\/www.generalkinematics.com\/de\/"},{"@type":"ListItem","position":2,"name":"Shop","item":"https:\/\/www.generalkinematics.com\/shop\/"},{"@type":"ListItem","position":3,"name":"GKs Vibrations-Beschickungsanlagen mit langem Hub"}]},{"@type":"WebSite","@id":"https:\/\/www.generalkinematics.com\/de\/#website","url":"https:\/\/www.generalkinematics.com\/de\/","name":"General Kinematics","description":"","publisher":{"@id":"https:\/\/www.generalkinematics.com\/de\/#organization"},"potentialAction":[{"@type":"SearchAction","target":{"@type":"EntryPoint","urlTemplate":"https:\/\/www.generalkinematics.com\/de\/?s={search_term_string}"},"query-input":{"@type":"PropertyValueSpecification","valueRequired":true,"valueName":"search_term_string"}}],"inLanguage":"de-DE"},{"@type":"Organization","@id":"https:\/\/www.generalkinematics.com\/de\/#organization","name":"General Kinematics","url":"https:\/\/www.generalkinematics.com\/de\/","logo":{"@type":"ImageObject","inLanguage":"de-DE","@id":"https:\/\/www.generalkinematics.com\/de\/#\/schema\/logo\/image\/","url":"https:\/\/media.generalkinematics.com\/wp-content\/uploads\/2018\/03\/logo.png","contentUrl":"https:\/\/media.generalkinematics.com\/wp-content\/uploads\/2018\/03\/logo.png","width":313,"height":100,"caption":"General Kinematics"},"image":{"@id":"https:\/\/www.generalkinematics.com\/de\/#\/schema\/logo\/image\/"},"sameAs":["https:\/\/www.facebook.com\/generalkinematics","https:\/\/x.com\/gkvibrating"]}]}},"_links":{"self":[{"href":"https:\/\/www.generalkinematics.com\/de\/wp-json\/wp\/v2\/product\/39831","targetHints":{"allow":["GET"]}}],"collection":[{"href":"https:\/\/www.generalkinematics.com\/de\/wp-json\/wp\/v2\/product"}],"about":[{"href":"https:\/\/www.generalkinematics.com\/de\/wp-json\/wp\/v2\/types\/product"}],"replies":[{"embeddable":true,"href":"https:\/\/www.generalkinematics.com\/de\/wp-json\/wp\/v2\/comments?post=39831"}],"wp:featuredmedia":[{"embeddable":true,"href":"https:\/\/www.generalkinematics.com\/de\/wp-json\/wp\/v2\/media\/26259"}],"wp:attachment":[{"href":"https:\/\/www.generalkinematics.com\/de\/wp-json\/wp\/v2\/media?parent=39831"}],"wp:term":[{"taxonomy":"product_brand","embeddable":true,"href":"https:\/\/www.generalkinematics.com\/de\/wp-json\/wp\/v2\/product_brand?post=39831"},{"taxonomy":"product_cat","embeddable":true,"href":"https:\/\/www.generalkinematics.com\/de\/wp-json\/wp\/v2\/product_cat?post=39831"},{"taxonomy":"product_tag","embeddable":true,"href":"https:\/\/www.generalkinematics.com\/de\/wp-json\/wp\/v2\/product_tag?post=39831"}],"curies":[{"name":"wp","href":"https:\/\/api.w.org\/{rel}","templated":true}]}}