{"id":39848,"date":"2015-07-26T23:25:43","date_gmt":"2015-07-27T04:25:43","guid":{"rendered":"https:\/\/www.generalkinematics.com\/product\/trocknungslosungen-fur-schredderabfall-von-fahrzeugen\/"},"modified":"2018-08-31T10:04:37","modified_gmt":"2018-08-31T15:04:37","slug":"trocknungslosungen-fur-schredderabfall-von-fahrzeugen","status":"publish","type":"product","link":"https:\/\/www.generalkinematics.com\/de\/produkt\/trocknungslosungen-fur-schredderabfall-von-fahrzeugen\/","title":{"rendered":"Trocknungsl\u00f6sungen f\u00fcr Schredderabfall von Fahrzeugen"},"content":{"rendered":"<p>W\u00fcnschen Sie, dass Ihr Schredderabfall von Fahrzeugen trockener w\u00e4re? Gegenw\u00e4rtige Technologien sind darauf ausgerichtet, die Metallr\u00fcckgewinnung bei Schredderabfall von Fahrzeugen, mit Ausnahme der Feinanteile, in der der Gro\u00dfteil der Feuchtigkeit enthalten ist, zu maximieren. Um Metall effektiv aus Feinteilen zur\u00fcckzugewinnen, ist trockenes Material erforderlich. General Kinematics <strong>Wirbelschichttrockner<\/strong> ist eine kosteng\u00fcnstige L\u00f6sung, um das Meiste aus Ihrem Schredderabfall von Fahrzeugen zur\u00fcckzugewinnen.<\/p>\n<p>Ma\u00dfgeschneidert mit einer Vielzahl von Optionen wird der GK-Wirbelschichttrockner zu einem vielseitigen Bestandteil Ihrer nachgelagerten Verarbeitung von Schredderabfall von Fahrzeugen.\u00a0Jede Wirbelschicht ist f\u00fcr die kontinuierliche oder diskontinuierliche Verarbeitung geeignet und wird individuell auf Ihre Bed\u00fcrfnisse abgestimmt.<\/p>\n<p>F\u00fcr spezifische Anwendungsl\u00f6sungen <a href=\"https:\/\/www.generalkinematics.com\/de\/kontakt-general-kinematics\/\" target=\"_blank\" rel=\"noopener noreferrer\">wenden Sie sich bitte an einen Experten von GK Recycling Technology<\/a>.<\/p>\n<h2>Eigenschaften:<\/h2>\n<ul>\n<li>GKs Vibrations-Wirbelschichttrockner bieten maximale Trocknungsleistung f\u00fcr Materialien und erm\u00f6glichen so eine wesentlich bessere Metallr\u00fcckgewinnung.<\/li>\n<li>Um Ihren Prozessdurchsatz zu maximieren, sind sie in nahezu jeder Abmessung erh\u00e4ltlich.<\/li>\n<li>Das Wirbelschichtverfahren kann k\u00fchlen, trocknen und erhitzen.<\/li>\n<\/ul>\n","protected":false},"excerpt":{"rendered":"<p>W\u00fcnschen Sie, dass Ihr Schredderabfall von Fahrzeugen trockener w\u00e4re? Gegenw\u00e4rtige Technologien sind darauf ausgerichtet, die Metallr\u00fcckgewinnung bei Schredderabfall von Fahrzeugen, mit Ausnahme der Feinanteile, in der der Gro\u00dfteil der Feuchtigkeit enthalten ist, zu maximieren. Um Metall effektiv aus Feinteilen zur\u00fcckzugewinnen, ist trockenes Material erforderlich. General Kinematics Wirbelschichttrockner ist eine kosteng\u00fcnstige L\u00f6sung, um das Meiste aus [&hellip;]<\/p>\n","protected":false},"featured_media":25247,"comment_status":"closed","ping_status":"closed","template":"","meta":{"_acf_changed":false,"om_disable_all_campaigns":false,"ep_exclude_from_search":false},"product_brand":[],"product_cat":[1813,1798],"product_tag":[],"class_list":{"0":"post-39848","1":"product","2":"type-product","3":"status-publish","4":"has-post-thumbnail","6":"product_cat-loesungen-fuer-die-schrottverarbeitung","7":"product_cat-recycling-loesungen","9":"first","10":"instock","11":"taxable","12":"shipping-taxable","13":"product-type-simple"},"acf":[],"yoast_head":"<!-- This site is optimized with the Yoast SEO plugin v27.2 - https:\/\/yoast.com\/product\/yoast-seo-wordpress\/ -->\n<title>Trocknungsl\u00f6sungen f\u00fcr Schredderabfall von Fahrzeugen | General Kinematics<\/title>\n<meta name=\"robots\" content=\"index, follow, max-snippet:-1, max-image-preview:large, max-video-preview:-1\" \/>\n<link rel=\"canonical\" href=\"https:\/\/www.generalkinematics.com\/de\/produkt\/trocknungslosungen-fur-schredderabfall-von-fahrzeugen\/\" \/>\n<meta property=\"og:locale\" content=\"de_DE\" \/>\n<meta property=\"og:type\" content=\"article\" \/>\n<meta property=\"og:title\" content=\"Trocknungsl\u00f6sungen f\u00fcr Schredderabfall von Fahrzeugen | General Kinematics\" \/>\n<meta property=\"og:description\" content=\"W\u00fcnschen Sie, dass Ihr Schredderabfall von Fahrzeugen trockener w\u00e4re? Gegenw\u00e4rtige Technologien sind darauf ausgerichtet, die Metallr\u00fcckgewinnung bei Schredderabfall von Fahrzeugen, mit Ausnahme der Feinanteile, in der der Gro\u00dfteil der Feuchtigkeit enthalten ist, zu maximieren. Um Metall effektiv aus Feinteilen zur\u00fcckzugewinnen, ist trockenes Material erforderlich. General Kinematics Wirbelschichttrockner ist eine kosteng\u00fcnstige L\u00f6sung, um das Meiste aus [&hellip;]\" \/>\n<meta property=\"og:url\" content=\"https:\/\/www.generalkinematics.com\/de\/produkt\/trocknungslosungen-fur-schredderabfall-von-fahrzeugen\/\" \/>\n<meta property=\"og:site_name\" content=\"General Kinematics\" \/>\n<meta property=\"article:publisher\" content=\"https:\/\/www.facebook.com\/generalkinematics\" \/>\n<meta property=\"article:modified_time\" content=\"2018-08-31T15:04:37+00:00\" \/>\n<meta property=\"og:image\" content=\"https:\/\/media.generalkinematics.com\/wp-content\/uploads\/2015\/07\/DSC00203.jpg\" \/>\n\t<meta property=\"og:image:width\" content=\"1440\" \/>\n\t<meta property=\"og:image:height\" content=\"1920\" \/>\n\t<meta property=\"og:image:type\" content=\"image\/jpeg\" \/>\n<meta name=\"twitter:card\" content=\"summary_large_image\" \/>\n<meta name=\"twitter:site\" content=\"@gkvibrating\" \/>\n<meta name=\"twitter:label1\" content=\"Gesch\u00e4tzte Lesezeit\" \/>\n\t<meta name=\"twitter:data1\" content=\"1 Minute\" \/>\n<!-- \/ Yoast SEO plugin. -->","yoast_head_json":{"title":"Trocknungsl\u00f6sungen f\u00fcr Schredderabfall von Fahrzeugen | General Kinematics","robots":{"index":"index","follow":"follow","max-snippet":"max-snippet:-1","max-image-preview":"max-image-preview:large","max-video-preview":"max-video-preview:-1"},"canonical":"https:\/\/www.generalkinematics.com\/de\/produkt\/trocknungslosungen-fur-schredderabfall-von-fahrzeugen\/","og_locale":"de_DE","og_type":"article","og_title":"Trocknungsl\u00f6sungen f\u00fcr Schredderabfall von Fahrzeugen | General Kinematics","og_description":"W\u00fcnschen Sie, dass Ihr Schredderabfall von Fahrzeugen trockener w\u00e4re? Gegenw\u00e4rtige Technologien sind darauf ausgerichtet, die Metallr\u00fcckgewinnung bei Schredderabfall von Fahrzeugen, mit Ausnahme der Feinanteile, in der der Gro\u00dfteil der Feuchtigkeit enthalten ist, zu maximieren. Um Metall effektiv aus Feinteilen zur\u00fcckzugewinnen, ist trockenes Material erforderlich. General Kinematics Wirbelschichttrockner ist eine kosteng\u00fcnstige L\u00f6sung, um das Meiste aus [&hellip;]","og_url":"https:\/\/www.generalkinematics.com\/de\/produkt\/trocknungslosungen-fur-schredderabfall-von-fahrzeugen\/","og_site_name":"General Kinematics","article_publisher":"https:\/\/www.facebook.com\/generalkinematics","article_modified_time":"2018-08-31T15:04:37+00:00","og_image":[{"width":1440,"height":1920,"url":"https:\/\/media.generalkinematics.com\/wp-content\/uploads\/2015\/07\/DSC00203.jpg","type":"image\/jpeg"}],"twitter_card":"summary_large_image","twitter_site":"@gkvibrating","twitter_misc":{"Gesch\u00e4tzte Lesezeit":"1 Minute"},"schema":{"@context":"https:\/\/schema.org","@graph":[{"@type":"WebPage","@id":"https:\/\/www.generalkinematics.com\/de\/produkt\/trocknungslosungen-fur-schredderabfall-von-fahrzeugen\/","url":"https:\/\/www.generalkinematics.com\/de\/produkt\/trocknungslosungen-fur-schredderabfall-von-fahrzeugen\/","name":"Trocknungsl\u00f6sungen f\u00fcr Schredderabfall von Fahrzeugen | General Kinematics","isPartOf":{"@id":"https:\/\/www.generalkinematics.com\/de\/#website"},"primaryImageOfPage":{"@id":"https:\/\/www.generalkinematics.com\/de\/produkt\/trocknungslosungen-fur-schredderabfall-von-fahrzeugen\/#primaryimage"},"image":{"@id":"https:\/\/www.generalkinematics.com\/de\/produkt\/trocknungslosungen-fur-schredderabfall-von-fahrzeugen\/#primaryimage"},"thumbnailUrl":"https:\/\/media.generalkinematics.com\/wp-content\/uploads\/2015\/07\/DSC00203.jpg","datePublished":"2015-07-27T04:25:43+00:00","dateModified":"2018-08-31T15:04:37+00:00","breadcrumb":{"@id":"https:\/\/www.generalkinematics.com\/de\/produkt\/trocknungslosungen-fur-schredderabfall-von-fahrzeugen\/#breadcrumb"},"inLanguage":"de-DE","potentialAction":[{"@type":"ReadAction","target":["https:\/\/www.generalkinematics.com\/de\/produkt\/trocknungslosungen-fur-schredderabfall-von-fahrzeugen\/"]}]},{"@type":"ImageObject","inLanguage":"de-DE","@id":"https:\/\/www.generalkinematics.com\/de\/produkt\/trocknungslosungen-fur-schredderabfall-von-fahrzeugen\/#primaryimage","url":"https:\/\/media.generalkinematics.com\/wp-content\/uploads\/2015\/07\/DSC00203.jpg","contentUrl":"https:\/\/media.generalkinematics.com\/wp-content\/uploads\/2015\/07\/DSC00203.jpg","width":1440,"height":1920,"caption":"general-kinematics-fluid-bed-processor"},{"@type":"BreadcrumbList","@id":"https:\/\/www.generalkinematics.com\/de\/produkt\/trocknungslosungen-fur-schredderabfall-von-fahrzeugen\/#breadcrumb","itemListElement":[{"@type":"ListItem","position":1,"name":"GK Home","item":"https:\/\/www.generalkinematics.com\/de\/"},{"@type":"ListItem","position":2,"name":"Shop","item":"https:\/\/www.generalkinematics.com\/shop\/"},{"@type":"ListItem","position":3,"name":"Trocknungsl\u00f6sungen f\u00fcr Schredderabfall von Fahrzeugen"}]},{"@type":"WebSite","@id":"https:\/\/www.generalkinematics.com\/de\/#website","url":"https:\/\/www.generalkinematics.com\/de\/","name":"General Kinematics","description":"","publisher":{"@id":"https:\/\/www.generalkinematics.com\/de\/#organization"},"potentialAction":[{"@type":"SearchAction","target":{"@type":"EntryPoint","urlTemplate":"https:\/\/www.generalkinematics.com\/de\/?s={search_term_string}"},"query-input":{"@type":"PropertyValueSpecification","valueRequired":true,"valueName":"search_term_string"}}],"inLanguage":"de-DE"},{"@type":"Organization","@id":"https:\/\/www.generalkinematics.com\/de\/#organization","name":"General Kinematics","url":"https:\/\/www.generalkinematics.com\/de\/","logo":{"@type":"ImageObject","inLanguage":"de-DE","@id":"https:\/\/www.generalkinematics.com\/de\/#\/schema\/logo\/image\/","url":"https:\/\/media.generalkinematics.com\/wp-content\/uploads\/2018\/03\/logo.png","contentUrl":"https:\/\/media.generalkinematics.com\/wp-content\/uploads\/2018\/03\/logo.png","width":313,"height":100,"caption":"General Kinematics"},"image":{"@id":"https:\/\/www.generalkinematics.com\/de\/#\/schema\/logo\/image\/"},"sameAs":["https:\/\/www.facebook.com\/generalkinematics","https:\/\/x.com\/gkvibrating"]}]}},"_links":{"self":[{"href":"https:\/\/www.generalkinematics.com\/de\/wp-json\/wp\/v2\/product\/39848","targetHints":{"allow":["GET"]}}],"collection":[{"href":"https:\/\/www.generalkinematics.com\/de\/wp-json\/wp\/v2\/product"}],"about":[{"href":"https:\/\/www.generalkinematics.com\/de\/wp-json\/wp\/v2\/types\/product"}],"replies":[{"embeddable":true,"href":"https:\/\/www.generalkinematics.com\/de\/wp-json\/wp\/v2\/comments?post=39848"}],"wp:featuredmedia":[{"embeddable":true,"href":"https:\/\/www.generalkinematics.com\/de\/wp-json\/wp\/v2\/media\/25247"}],"wp:attachment":[{"href":"https:\/\/www.generalkinematics.com\/de\/wp-json\/wp\/v2\/media?parent=39848"}],"wp:term":[{"taxonomy":"product_brand","embeddable":true,"href":"https:\/\/www.generalkinematics.com\/de\/wp-json\/wp\/v2\/product_brand?post=39848"},{"taxonomy":"product_cat","embeddable":true,"href":"https:\/\/www.generalkinematics.com\/de\/wp-json\/wp\/v2\/product_cat?post=39848"},{"taxonomy":"product_tag","embeddable":true,"href":"https:\/\/www.generalkinematics.com\/de\/wp-json\/wp\/v2\/product_tag?post=39848"}],"curies":[{"name":"wp","href":"https:\/\/api.w.org\/{rel}","templated":true}]}}