{"id":39864,"date":"2015-07-26T23:29:18","date_gmt":"2015-07-27T04:29:18","guid":{"rendered":"https:\/\/www.generalkinematics.com\/product\/scherenabnahmeforderer\/"},"modified":"2018-08-31T10:05:44","modified_gmt":"2018-08-31T15:05:44","slug":"scherenabnahmeforderer","status":"publish","type":"product","link":"https:\/\/www.generalkinematics.com\/de\/produkt\/scherenabnahmeforderer\/","title":{"rendered":"Scherenabnahmef\u00f6rderer"},"content":{"rendered":"<p>General Kinematics <strong>Scherenabnahmef\u00f6rderer<\/strong> wurden spezifisch ausgef\u00fchrt, um den schweren Bedingungen unter Scheren in im Schrottaufbereitungsbetrieb zu widerstehen. Robuste, verschlei\u00dffeste Tr\u00f6ge widerstehen den Aufschl\u00e4gen von herabfallendem Material, w\u00e4hrend der exklusive SYNCRO-COIL\u00ae-Antrieb von General Kinematics selbst den gr\u00f6\u00dften St\u00f6\u00dfen gewachsen ist, ohne das Antriebssystem des F\u00f6rderers zu besch\u00e4digen.<\/p>\n<h2>Eigenschaften:<\/h2>\n<ul>\n<li>Heavy Duty AR-Auskleidung &#8211; dick, austauschbar, Standard im Aufprallbereich.<\/li>\n<li>Aufschlagschutz &#8211; stark verst\u00e4rkte Ladefl\u00e4che mit Aufschlagschutz zur Aufnahme der gro\u00dfen Materialeinschl\u00e4ge.<\/li>\n<li>Seitenentladung &#8211; Abschnitt zur Entfernung von Feinanteilen mit seitlichem Auswurfschacht am Auslauf.<\/li>\n<li>Trog &#8211; komplett mit Aufschlagschutz f\u00fcr maximale Beladung ausgestattet.<\/li>\n<li>Bewegungsschalter &#8211; Sensor zur Warnung vor Bewegungseinschr\u00e4nkungen.<\/li>\n<li>Benutzerdefinierte Gr\u00f6\u00dfen &#8211; passend zu bestehenden Einheiten oder f\u00fcr Neuinstallationen.<\/li>\n<li>Energieeffizient &#8211; Eigenfrequenzdesign minimiert den Energiebedarf.<\/li>\n<li>Schraubenfederantrieb &#8211; absorbiert kurzzeitig Sto\u00dfbelastungen und schont die Antriebslager.<\/li>\n<\/ul>\n<form action=\"http:\/\/go.generalkinematics.com\/l\/145801\/2016-05-27\/63td5\" method=\"post\"><\/form>\n","protected":false},"excerpt":{"rendered":"<p>General Kinematics Scherenabnahmef\u00f6rderer wurden spezifisch ausgef\u00fchrt, um den schweren Bedingungen unter Scheren in im Schrottaufbereitungsbetrieb zu widerstehen. Robuste, verschlei\u00dffeste Tr\u00f6ge widerstehen den Aufschl\u00e4gen von herabfallendem Material, w\u00e4hrend der exklusive SYNCRO-COIL\u00ae-Antrieb von General Kinematics selbst den gr\u00f6\u00dften St\u00f6\u00dfen gewachsen ist, ohne das Antriebssystem des F\u00f6rderers zu besch\u00e4digen. Eigenschaften: Heavy Duty AR-Auskleidung &#8211; dick, austauschbar, Standard im [&hellip;]<\/p>\n","protected":false},"featured_media":23575,"comment_status":"closed","ping_status":"closed","template":"","meta":{"_acf_changed":false,"om_disable_all_campaigns":false,"ep_exclude_from_search":false},"product_brand":[],"product_cat":[1813,1798],"product_tag":[],"class_list":{"0":"post-39864","1":"product","2":"type-product","3":"status-publish","4":"has-post-thumbnail","6":"casestudytag-shear-take-away-conveyor-de","7":"product_cat-loesungen-fuer-die-schrottverarbeitung","8":"product_cat-recycling-loesungen","10":"first","11":"instock","12":"taxable","13":"shipping-taxable","14":"product-type-simple"},"acf":[],"yoast_head":"<!-- This site is optimized with the Yoast SEO plugin v27.5 - https:\/\/yoast.com\/product\/yoast-seo-wordpress\/ -->\n<title>Scherenabnahmef\u00f6rderer | General Kinematics<\/title>\n<meta name=\"robots\" content=\"index, follow, max-snippet:-1, max-image-preview:large, max-video-preview:-1\" \/>\n<link rel=\"canonical\" href=\"https:\/\/www.generalkinematics.com\/de\/produkt\/scherenabnahmeforderer\/\" \/>\n<meta property=\"og:locale\" content=\"de_DE\" \/>\n<meta property=\"og:type\" content=\"article\" \/>\n<meta property=\"og:title\" content=\"Scherenabnahmef\u00f6rderer | General Kinematics\" \/>\n<meta property=\"og:description\" content=\"General Kinematics Scherenabnahmef\u00f6rderer wurden spezifisch ausgef\u00fchrt, um den schweren Bedingungen unter Scheren in im Schrottaufbereitungsbetrieb zu widerstehen. Robuste, verschlei\u00dffeste Tr\u00f6ge widerstehen den Aufschl\u00e4gen von herabfallendem Material, w\u00e4hrend der exklusive SYNCRO-COIL\u00ae-Antrieb von General Kinematics selbst den gr\u00f6\u00dften St\u00f6\u00dfen gewachsen ist, ohne das Antriebssystem des F\u00f6rderers zu besch\u00e4digen. Eigenschaften: Heavy Duty AR-Auskleidung &#8211; dick, austauschbar, Standard im [&hellip;]\" \/>\n<meta property=\"og:url\" content=\"https:\/\/www.generalkinematics.com\/de\/produkt\/scherenabnahmeforderer\/\" \/>\n<meta property=\"og:site_name\" content=\"General Kinematics\" \/>\n<meta property=\"article:publisher\" content=\"https:\/\/www.facebook.com\/generalkinematics\" \/>\n<meta property=\"article:modified_time\" content=\"2018-08-31T15:05:44+00:00\" \/>\n<meta property=\"og:image\" content=\"https:\/\/www.generalkinematics.com\/wp-content\/uploads\/2015\/07\/vibrating_conveyor_1.jpg\" \/>\n\t<meta property=\"og:image:width\" content=\"2296\" \/>\n\t<meta property=\"og:image:height\" content=\"633\" \/>\n\t<meta property=\"og:image:type\" content=\"image\/jpeg\" \/>\n<meta name=\"twitter:card\" content=\"summary_large_image\" \/>\n<meta name=\"twitter:site\" content=\"@gkvibrating\" \/>\n<meta name=\"twitter:label1\" content=\"Gesch\u00e4tzte Lesezeit\" \/>\n\t<meta name=\"twitter:data1\" content=\"1 Minute\" \/>\n<!-- \/ Yoast SEO plugin. -->","yoast_head_json":{"title":"Scherenabnahmef\u00f6rderer | General Kinematics","robots":{"index":"index","follow":"follow","max-snippet":"max-snippet:-1","max-image-preview":"max-image-preview:large","max-video-preview":"max-video-preview:-1"},"canonical":"https:\/\/www.generalkinematics.com\/de\/produkt\/scherenabnahmeforderer\/","og_locale":"de_DE","og_type":"article","og_title":"Scherenabnahmef\u00f6rderer | General Kinematics","og_description":"General Kinematics Scherenabnahmef\u00f6rderer wurden spezifisch ausgef\u00fchrt, um den schweren Bedingungen unter Scheren in im Schrottaufbereitungsbetrieb zu widerstehen. Robuste, verschlei\u00dffeste Tr\u00f6ge widerstehen den Aufschl\u00e4gen von herabfallendem Material, w\u00e4hrend der exklusive SYNCRO-COIL\u00ae-Antrieb von General Kinematics selbst den gr\u00f6\u00dften St\u00f6\u00dfen gewachsen ist, ohne das Antriebssystem des F\u00f6rderers zu besch\u00e4digen. Eigenschaften: Heavy Duty AR-Auskleidung &#8211; dick, austauschbar, Standard im [&hellip;]","og_url":"https:\/\/www.generalkinematics.com\/de\/produkt\/scherenabnahmeforderer\/","og_site_name":"General Kinematics","article_publisher":"https:\/\/www.facebook.com\/generalkinematics","article_modified_time":"2018-08-31T15:05:44+00:00","og_image":[{"width":2296,"height":633,"url":"https:\/\/www.generalkinematics.com\/wp-content\/uploads\/2015\/07\/vibrating_conveyor_1.jpg","type":"image\/jpeg"}],"twitter_card":"summary_large_image","twitter_site":"@gkvibrating","twitter_misc":{"Gesch\u00e4tzte Lesezeit":"1 Minute"},"schema":{"@context":"https:\/\/schema.org","@graph":[{"@type":"WebPage","@id":"https:\/\/www.generalkinematics.com\/de\/produkt\/scherenabnahmeforderer\/","url":"https:\/\/www.generalkinematics.com\/de\/produkt\/scherenabnahmeforderer\/","name":"Scherenabnahmef\u00f6rderer | General Kinematics","isPartOf":{"@id":"https:\/\/www.generalkinematics.com\/de\/#website"},"primaryImageOfPage":{"@id":"https:\/\/www.generalkinematics.com\/de\/produkt\/scherenabnahmeforderer\/#primaryimage"},"image":{"@id":"https:\/\/www.generalkinematics.com\/de\/produkt\/scherenabnahmeforderer\/#primaryimage"},"thumbnailUrl":"https:\/\/media.generalkinematics.com\/wp-content\/uploads\/2015\/07\/vibrating_conveyor_1.jpg","datePublished":"2015-07-27T04:29:18+00:00","dateModified":"2018-08-31T15:05:44+00:00","breadcrumb":{"@id":"https:\/\/www.generalkinematics.com\/de\/produkt\/scherenabnahmeforderer\/#breadcrumb"},"inLanguage":"de-DE","potentialAction":[{"@type":"ReadAction","target":["https:\/\/www.generalkinematics.com\/de\/produkt\/scherenabnahmeforderer\/"]}]},{"@type":"ImageObject","inLanguage":"de-DE","@id":"https:\/\/www.generalkinematics.com\/de\/produkt\/scherenabnahmeforderer\/#primaryimage","url":"https:\/\/media.generalkinematics.com\/wp-content\/uploads\/2015\/07\/vibrating_conveyor_1.jpg","contentUrl":"https:\/\/media.generalkinematics.com\/wp-content\/uploads\/2015\/07\/vibrating_conveyor_1.jpg","width":2296,"height":633,"caption":"general-kinematics-syncro-shear-conveyor"},{"@type":"BreadcrumbList","@id":"https:\/\/www.generalkinematics.com\/de\/produkt\/scherenabnahmeforderer\/#breadcrumb","itemListElement":[{"@type":"ListItem","position":1,"name":"GK Home","item":"https:\/\/www.generalkinematics.com\/de\/"},{"@type":"ListItem","position":2,"name":"Shop","item":"https:\/\/www.generalkinematics.com\/shop\/"},{"@type":"ListItem","position":3,"name":"Scherenabnahmef\u00f6rderer"}]},{"@type":"WebSite","@id":"https:\/\/www.generalkinematics.com\/de\/#website","url":"https:\/\/www.generalkinematics.com\/de\/","name":"General Kinematics","description":"","publisher":{"@id":"https:\/\/www.generalkinematics.com\/de\/#organization"},"potentialAction":[{"@type":"SearchAction","target":{"@type":"EntryPoint","urlTemplate":"https:\/\/www.generalkinematics.com\/de\/?s={search_term_string}"},"query-input":{"@type":"PropertyValueSpecification","valueRequired":true,"valueName":"search_term_string"}}],"inLanguage":"de-DE"},{"@type":"Organization","@id":"https:\/\/www.generalkinematics.com\/de\/#organization","name":"General Kinematics","url":"https:\/\/www.generalkinematics.com\/de\/","logo":{"@type":"ImageObject","inLanguage":"de-DE","@id":"https:\/\/www.generalkinematics.com\/de\/#\/schema\/logo\/image\/","url":"https:\/\/media.generalkinematics.com\/wp-content\/uploads\/2018\/03\/logo.png","contentUrl":"https:\/\/media.generalkinematics.com\/wp-content\/uploads\/2018\/03\/logo.png","width":313,"height":100,"caption":"General Kinematics"},"image":{"@id":"https:\/\/www.generalkinematics.com\/de\/#\/schema\/logo\/image\/"},"sameAs":["https:\/\/www.facebook.com\/generalkinematics","https:\/\/x.com\/gkvibrating"]}]}},"_links":{"self":[{"href":"https:\/\/www.generalkinematics.com\/de\/wp-json\/wp\/v2\/product\/39864","targetHints":{"allow":["GET"]}}],"collection":[{"href":"https:\/\/www.generalkinematics.com\/de\/wp-json\/wp\/v2\/product"}],"about":[{"href":"https:\/\/www.generalkinematics.com\/de\/wp-json\/wp\/v2\/types\/product"}],"replies":[{"embeddable":true,"href":"https:\/\/www.generalkinematics.com\/de\/wp-json\/wp\/v2\/comments?post=39864"}],"wp:featuredmedia":[{"embeddable":true,"href":"https:\/\/www.generalkinematics.com\/de\/wp-json\/wp\/v2\/media\/23575"}],"wp:attachment":[{"href":"https:\/\/www.generalkinematics.com\/de\/wp-json\/wp\/v2\/media?parent=39864"}],"wp:term":[{"taxonomy":"product_brand","embeddable":true,"href":"https:\/\/www.generalkinematics.com\/de\/wp-json\/wp\/v2\/product_brand?post=39864"},{"taxonomy":"product_cat","embeddable":true,"href":"https:\/\/www.generalkinematics.com\/de\/wp-json\/wp\/v2\/product_cat?post=39864"},{"taxonomy":"product_tag","embeddable":true,"href":"https:\/\/www.generalkinematics.com\/de\/wp-json\/wp\/v2\/product_tag?post=39864"}],"curies":[{"name":"wp","href":"https:\/\/api.w.org\/{rel}","templated":true}]}}