{"id":39921,"date":"2015-07-26T23:44:41","date_gmt":"2015-07-27T04:44:41","guid":{"rendered":"https:\/\/www.generalkinematics.com\/product\/dreifach-messer-de-stoner-luftsichter\/"},"modified":"2018-08-31T16:31:18","modified_gmt":"2018-08-31T21:31:18","slug":"dreifach-messer-destoner-luftsichter","status":"publish","type":"product","link":"https:\/\/www.generalkinematics.com\/de\/produkt\/dreifach-messer-destoner-luftsichter\/","title":{"rendered":"Dreifach-Messer DE-STONER\u00ae Luftsichter"},"content":{"rendered":"<p>F\u00fcr die ultimative Luftklassifizierung bei der Ressourcen-R\u00fcckgewinnung, General Kinematics neuer <strong>Dreifach DE-STONER\u00ae Luftsichter<\/strong>. Der Dreifachmesser DE-STONER\u00ae Luftsichter erzeugt f\u00fcr maximale Verarbeitung und maximale Gewinne bis zu drei verschiedene Materialschnitte: schwerste, leichte und ultraleichte.<\/p>\n<p>Der Dreifachmesser DE-STONER\u00ae Luftsichter kombiniert Vibration mit Luftstr\u00f6men, um hochvolumige Produktionsraten von bis zu 200 Kubikmeter pro Stunde effektiv zu trennen. Die Str\u00f6me mit hoher Geschwindigkeit\/niedrigem Druck fluidisieren und schichten Material entsprechend der Differenz bei der Endgeschwindigkeit der Teilchen. Schwere Teile wie Glas, Metall und Steine werden von leichten Gegenst\u00e4nden wie Flusen, Papier und Kunststoff getrennt. Der Dreifachmesser DE-STONER\u00ae Luftsichter ist in Standardgr\u00f6\u00dfen mit einer Breite von bis zu 1.800 mm und in ma\u00dfgeschneiderten Gr\u00f6\u00dfen, die auf Ihre Anwendung abgestimmt sind, erh\u00e4ltlich.<\/p>\n<p><u><strong>Das Herz Ihrer Sortieranlage<\/strong><\/u><\/p>\n<ul>\n<li>Die Vibrationsbewegung bewegt Material, wobei Material mit hoher Dichte sich unten im Fluss absetzt.<\/li>\n<li>Ein optionaler Siebabschnitt trennt Partikel f\u00fcr die optimale Verarbeitung nach Gr\u00f6\u00dfe.<\/li>\n<li>Der Luftfluidisierungsbereich leitet Luft durch den Materialfluss und erzeugt Turbulenzen zur F\u00f6rderung der Materialschichtung.<\/li>\n<li>Das Material wird \u00fcber das Luftmesser gef\u00fchrt, wo schwere Materialien durch den Luftstrom in den Auswurfschacht gelangen.<\/li>\n<li>Material mit begrenzter Dichte landet auf einer einstellbaren Landeplatte und wird mit den schweren Materialien neu kombiniert.<\/li>\n<li>Leichte Materialien werden \u00fcber die Landeplatte und zur Entladung am Ende des DE-STONER\u00ae Luftsichters gef\u00f6rdert.<\/li>\n<li>Ultraleichte Materialien wie Papier und Kunststofffolie werden in die entsprechende Landezone bef\u00f6rdert.<\/li>\n<\/ul>\n<p>Optionale Erweiterungen einschlie\u00dflich dem<\/p>\n<p><a href=\"https:\/\/www.generalkinematics.com\/de\/produkt\/third-knife-upgrade-dual-knife-de-stoner-2\/\" target=\"_blank\" rel=\"noopener\"><strong>Flaummesser-Modernisierung\u00a0<\/strong><\/a>oder\u00a0<strong><a href=\"https:\/\/www.generalkinematics.com\/de\/produkt\/de-stoner-air-recirculating-systems-2\/\" target=\"_blank\" rel=\"noopener\">DE-STONER\u00ae\u00a0Ausfallgeh\u00e4use<\/a> von GK.<\/strong><\/p>\n<h2>Erfolgreiche Trenn- und Klassifizierungsanwendungen schlie\u00dfen ein:<\/h2>\n<ul>\n<li style=\"list-style-type: none;\">\n<ul>\n<li style=\"list-style-type: none;\">\n<ul>\n<li style=\"list-style-type: none;\">\n<ul>\n<li>Bauschutt<\/li>\n<li>Glas<\/li>\n<li>RDF-Kraftstoff<\/li>\n<li>Vermischtes Material<\/li>\n<li>Geschredderter Siedlungsabfall<\/li>\n<li>Schredderabfall von Fahrzeugen<\/li>\n<li>Biomassenkraftstoff<\/li>\n<\/ul>\n<\/li>\n<\/ul>\n<\/li>\n<\/ul>\n<\/li>\n<\/ul>\n<p>&nbsp;<\/p>\n<h2>Eigenschaften:<\/h2>\n<ul>\n<li style=\"list-style-type: none;\">\n<ul>\n<li style=\"list-style-type: none;\">\n<ul>\n<li>Der DE-STONER\u00ae Luftsichter verwendet Luft, um schwere Produkte von leichten Produkten zu trennen.<\/li>\n<li>Die mit der Wasserabscheidung verbundenen Umweltgefahren werden somit zusammen mit der damit verbundenen Unordnung beseitigt.<\/li>\n<li>Leicht einstellbar, um Feinanteile vom Produkt zu trennen.<\/li>\n<li>Anpassungsf\u00e4hig an eine Vielzahl von Produkten.<\/li>\n<li>Praktisch ausfallsicher. Es kommen keine beweglichen Teile in Kontakt mit dem Materialfluss.<\/li>\n<li>Geringer Energiebedarf durch Motor mit geringer Leistung und GKs bew\u00e4hrter Zwei-Massen-Ausf\u00fchrung.<\/li>\n<li>Vollst\u00e4ndig isolierte Ausf\u00fchrung minimiert die Anforderungen an die Fundamente.<\/li>\n<li>Hochbelastbar, gebaut, um lange zu halten.<\/li>\n<\/ul>\n<\/li>\n<\/ul>\n<\/li>\n<\/ul>\n","protected":false},"excerpt":{"rendered":"<p>F\u00fcr die ultimative Luftklassifizierung bei der Ressourcen-R\u00fcckgewinnung, General Kinematics neuer Dreifach DE-STONER\u00ae Luftsichter. Der Dreifachmesser DE-STONER\u00ae Luftsichter erzeugt f\u00fcr maximale Verarbeitung und maximale Gewinne bis zu drei verschiedene Materialschnitte: schwerste, leichte und ultraleichte. Der Dreifachmesser DE-STONER\u00ae Luftsichter kombiniert Vibration mit Luftstr\u00f6men, um hochvolumige Produktionsraten von bis zu 200 Kubikmeter pro Stunde effektiv zu trennen. Die [&hellip;]<\/p>\n","protected":false},"featured_media":23767,"comment_status":"closed","ping_status":"closed","template":"","meta":{"_acf_changed":false,"om_disable_all_campaigns":false,"ep_exclude_from_search":false},"product_brand":[],"product_cat":[1749],"product_tag":[],"class_list":{"0":"post-39921","1":"product","2":"type-product","3":"status-publish","4":"has-post-thumbnail","6":"casestudytag-destoner-de","7":"product_cat-steuerung-und-ueberwachung","9":"first","10":"instock","11":"taxable","12":"shipping-taxable","13":"product-type-simple"},"acf":[],"yoast_head":"<!-- This site is optimized with the Yoast SEO plugin v27.2 - https:\/\/yoast.com\/product\/yoast-seo-wordpress\/ -->\n<title>Dreifach-Messer DE-STONER\u00ae Luftsichter | General Kinematics<\/title>\n<meta name=\"robots\" content=\"index, follow, max-snippet:-1, max-image-preview:large, max-video-preview:-1\" \/>\n<link rel=\"canonical\" href=\"https:\/\/www.generalkinematics.com\/de\/produkt\/dreifach-messer-destoner-luftsichter\/\" \/>\n<meta property=\"og:locale\" content=\"de_DE\" \/>\n<meta property=\"og:type\" content=\"article\" \/>\n<meta property=\"og:title\" content=\"Dreifach-Messer DE-STONER\u00ae Luftsichter | General Kinematics\" \/>\n<meta property=\"og:description\" content=\"F\u00fcr die ultimative Luftklassifizierung bei der Ressourcen-R\u00fcckgewinnung, General Kinematics neuer Dreifach DE-STONER\u00ae Luftsichter. Der Dreifachmesser DE-STONER\u00ae Luftsichter erzeugt f\u00fcr maximale Verarbeitung und maximale Gewinne bis zu drei verschiedene Materialschnitte: schwerste, leichte und ultraleichte. Der Dreifachmesser DE-STONER\u00ae Luftsichter kombiniert Vibration mit Luftstr\u00f6men, um hochvolumige Produktionsraten von bis zu 200 Kubikmeter pro Stunde effektiv zu trennen. Die [&hellip;]\" \/>\n<meta property=\"og:url\" content=\"https:\/\/www.generalkinematics.com\/de\/produkt\/dreifach-messer-destoner-luftsichter\/\" \/>\n<meta property=\"og:site_name\" content=\"General Kinematics\" \/>\n<meta property=\"article:publisher\" content=\"https:\/\/www.facebook.com\/generalkinematics\" \/>\n<meta property=\"article:modified_time\" content=\"2018-08-31T21:31:18+00:00\" \/>\n<meta property=\"og:image\" content=\"https:\/\/www.generalkinematics.com\/wp-content\/uploads\/2015\/07\/C10131-5.jpg\" \/>\n\t<meta property=\"og:image:width\" content=\"2592\" \/>\n\t<meta property=\"og:image:height\" content=\"1944\" \/>\n\t<meta property=\"og:image:type\" content=\"image\/jpeg\" \/>\n<meta name=\"twitter:card\" content=\"summary_large_image\" \/>\n<meta name=\"twitter:site\" content=\"@gkvibrating\" \/>\n<meta name=\"twitter:label1\" content=\"Gesch\u00e4tzte Lesezeit\" \/>\n\t<meta name=\"twitter:data1\" content=\"2 Minuten\" \/>\n<!-- \/ Yoast SEO plugin. -->","yoast_head_json":{"title":"Dreifach-Messer DE-STONER\u00ae Luftsichter | General Kinematics","robots":{"index":"index","follow":"follow","max-snippet":"max-snippet:-1","max-image-preview":"max-image-preview:large","max-video-preview":"max-video-preview:-1"},"canonical":"https:\/\/www.generalkinematics.com\/de\/produkt\/dreifach-messer-destoner-luftsichter\/","og_locale":"de_DE","og_type":"article","og_title":"Dreifach-Messer DE-STONER\u00ae Luftsichter | General Kinematics","og_description":"F\u00fcr die ultimative Luftklassifizierung bei der Ressourcen-R\u00fcckgewinnung, General Kinematics neuer Dreifach DE-STONER\u00ae Luftsichter. Der Dreifachmesser DE-STONER\u00ae Luftsichter erzeugt f\u00fcr maximale Verarbeitung und maximale Gewinne bis zu drei verschiedene Materialschnitte: schwerste, leichte und ultraleichte. Der Dreifachmesser DE-STONER\u00ae Luftsichter kombiniert Vibration mit Luftstr\u00f6men, um hochvolumige Produktionsraten von bis zu 200 Kubikmeter pro Stunde effektiv zu trennen. Die [&hellip;]","og_url":"https:\/\/www.generalkinematics.com\/de\/produkt\/dreifach-messer-destoner-luftsichter\/","og_site_name":"General Kinematics","article_publisher":"https:\/\/www.facebook.com\/generalkinematics","article_modified_time":"2018-08-31T21:31:18+00:00","og_image":[{"width":2592,"height":1944,"url":"https:\/\/www.generalkinematics.com\/wp-content\/uploads\/2015\/07\/C10131-5.jpg","type":"image\/jpeg"}],"twitter_card":"summary_large_image","twitter_site":"@gkvibrating","twitter_misc":{"Gesch\u00e4tzte Lesezeit":"2 Minuten"},"schema":{"@context":"https:\/\/schema.org","@graph":[{"@type":"WebPage","@id":"https:\/\/www.generalkinematics.com\/de\/produkt\/dreifach-messer-destoner-luftsichter\/","url":"https:\/\/www.generalkinematics.com\/de\/produkt\/dreifach-messer-destoner-luftsichter\/","name":"Dreifach-Messer DE-STONER\u00ae Luftsichter | General Kinematics","isPartOf":{"@id":"https:\/\/www.generalkinematics.com\/de\/#website"},"primaryImageOfPage":{"@id":"https:\/\/www.generalkinematics.com\/de\/produkt\/dreifach-messer-destoner-luftsichter\/#primaryimage"},"image":{"@id":"https:\/\/www.generalkinematics.com\/de\/produkt\/dreifach-messer-destoner-luftsichter\/#primaryimage"},"thumbnailUrl":"https:\/\/media.generalkinematics.com\/wp-content\/uploads\/2015\/07\/C10131-5.jpg","datePublished":"2015-07-27T04:44:41+00:00","dateModified":"2018-08-31T21:31:18+00:00","breadcrumb":{"@id":"https:\/\/www.generalkinematics.com\/de\/produkt\/dreifach-messer-destoner-luftsichter\/#breadcrumb"},"inLanguage":"de-DE","potentialAction":[{"@type":"ReadAction","target":["https:\/\/www.generalkinematics.com\/de\/produkt\/dreifach-messer-destoner-luftsichter\/"]}]},{"@type":"ImageObject","inLanguage":"de-DE","@id":"https:\/\/www.generalkinematics.com\/de\/produkt\/dreifach-messer-destoner-luftsichter\/#primaryimage","url":"https:\/\/media.generalkinematics.com\/wp-content\/uploads\/2015\/07\/C10131-5.jpg","contentUrl":"https:\/\/media.generalkinematics.com\/wp-content\/uploads\/2015\/07\/C10131-5.jpg","width":2592,"height":1944,"caption":"general-kinematics-destoner"},{"@type":"BreadcrumbList","@id":"https:\/\/www.generalkinematics.com\/de\/produkt\/dreifach-messer-destoner-luftsichter\/#breadcrumb","itemListElement":[{"@type":"ListItem","position":1,"name":"GK Home","item":"https:\/\/www.generalkinematics.com\/de\/"},{"@type":"ListItem","position":2,"name":"Shop","item":"https:\/\/www.generalkinematics.com\/shop\/"},{"@type":"ListItem","position":3,"name":"Dreifach-Messer DE-STONER\u00ae Luftsichter"}]},{"@type":"WebSite","@id":"https:\/\/www.generalkinematics.com\/de\/#website","url":"https:\/\/www.generalkinematics.com\/de\/","name":"General Kinematics","description":"","publisher":{"@id":"https:\/\/www.generalkinematics.com\/de\/#organization"},"potentialAction":[{"@type":"SearchAction","target":{"@type":"EntryPoint","urlTemplate":"https:\/\/www.generalkinematics.com\/de\/?s={search_term_string}"},"query-input":{"@type":"PropertyValueSpecification","valueRequired":true,"valueName":"search_term_string"}}],"inLanguage":"de-DE"},{"@type":"Organization","@id":"https:\/\/www.generalkinematics.com\/de\/#organization","name":"General Kinematics","url":"https:\/\/www.generalkinematics.com\/de\/","logo":{"@type":"ImageObject","inLanguage":"de-DE","@id":"https:\/\/www.generalkinematics.com\/de\/#\/schema\/logo\/image\/","url":"https:\/\/media.generalkinematics.com\/wp-content\/uploads\/2018\/03\/logo.png","contentUrl":"https:\/\/media.generalkinematics.com\/wp-content\/uploads\/2018\/03\/logo.png","width":313,"height":100,"caption":"General Kinematics"},"image":{"@id":"https:\/\/www.generalkinematics.com\/de\/#\/schema\/logo\/image\/"},"sameAs":["https:\/\/www.facebook.com\/generalkinematics","https:\/\/x.com\/gkvibrating"]}]}},"_links":{"self":[{"href":"https:\/\/www.generalkinematics.com\/de\/wp-json\/wp\/v2\/product\/39921","targetHints":{"allow":["GET"]}}],"collection":[{"href":"https:\/\/www.generalkinematics.com\/de\/wp-json\/wp\/v2\/product"}],"about":[{"href":"https:\/\/www.generalkinematics.com\/de\/wp-json\/wp\/v2\/types\/product"}],"replies":[{"embeddable":true,"href":"https:\/\/www.generalkinematics.com\/de\/wp-json\/wp\/v2\/comments?post=39921"}],"wp:featuredmedia":[{"embeddable":true,"href":"https:\/\/www.generalkinematics.com\/de\/wp-json\/wp\/v2\/media\/23767"}],"wp:attachment":[{"href":"https:\/\/www.generalkinematics.com\/de\/wp-json\/wp\/v2\/media?parent=39921"}],"wp:term":[{"taxonomy":"product_brand","embeddable":true,"href":"https:\/\/www.generalkinematics.com\/de\/wp-json\/wp\/v2\/product_brand?post=39921"},{"taxonomy":"product_cat","embeddable":true,"href":"https:\/\/www.generalkinematics.com\/de\/wp-json\/wp\/v2\/product_cat?post=39921"},{"taxonomy":"product_tag","embeddable":true,"href":"https:\/\/www.generalkinematics.com\/de\/wp-json\/wp\/v2\/product_tag?post=39921"}],"curies":[{"name":"wp","href":"https:\/\/api.w.org\/{rel}","templated":true}]}}