{"id":39931,"date":"2015-07-26T23:54:50","date_gmt":"2015-07-27T04:54:50","guid":{"rendered":"https:\/\/www.generalkinematics.com\/product\/un-coaler-aktivierungs-holzbeschickungsanlage\/"},"modified":"2018-08-31T09:57:27","modified_gmt":"2018-08-31T14:57:27","slug":"un-coaler-aktivierungs-holzbeschickungsanlage","status":"publish","type":"product","link":"https:\/\/www.generalkinematics.com\/de\/produkt\/un-coaler-aktivierungs-holzbeschickungsanlage\/","title":{"rendered":"UN-COALER\u00ae Aktivierungs- \/ Holzbeschickungsanlage"},"content":{"rendered":"<p>General Kinematics <strong>UN-COALER\u00ae Aktivierungs-\/Beschickungsanlage<\/strong> ist eine hochmoderne L\u00f6sung zum Zuf\u00fchren und Dosieren von Material. Der UN-COALER\u00ae kombiniert die Leistung der Vibrationsf\u00f6rderung mit dem Vorteil einer integrierten Flussregelung.<\/p>\n<p>Die UN-COALER\u00ae Aktivierungs-\/Beschickungsanlage ist eine 3-in-1-Einheit und kombiniert effektiv zwei Vibrationsf\u00f6rderer und eine Stapelaktivierung zu einer einzigen, vollst\u00e4ndigen Einheit. Die pr\u00e4zise Flussregelung kann elektrisch \u00fcber einen VFD oder pneumatisch mit den VF-R\u00e4dern (General Kinematics Variable Force) eingestellt werden. Da die Einheit Material senkrecht zum darunter liegenden F\u00f6rderer ausgibt, erfolgt die Beladung immer zentriert und symmetrisch. Diese Funktion hilft, Probleme mit der Bandverfolgung zu vermeiden, die bei der seitlichen Beladung auftreten. Die UN-COALER\u00ae Aktivierungs-\/Beschickungsanlage hilft auch Br\u00fcckenbildung und andere Probleme zu beseitigen, die bei anderen Dosieroptionen auftreten. Es stehen Standard- und speziell entwickelte Gr\u00f6\u00dfen zur Verf\u00fcgung.<\/p>\n<p>Die Vibrationswirkung der UN-COALER\u00ae Aktivierungs-\/Beschickungsanlage dosiert und verarbeitet Holzpellets schonend, ohne die Pellets zu besch\u00e4digen.<\/p>\n<h2>EIGENSCHAFTEN:<\/h2>\n<ul>\n<li>Schonende Dosierung f\u00fcr empfindliche Materialien wie Holzpellets.<\/li>\n<li>3 in 1: Kombiniert zwei Vibrations-Beschickungsanlagen mit einem Stapelaktivator.<\/li>\n<li>Konstruktion mit geringer Bauh\u00f6he f\u00fcr reduzierte Installationsanforderungen.<\/li>\n<li>Keine Tore erforderlich.<\/li>\n<li>Symmetrische und zentrierte Beladung.<\/li>\n<li>Beseitigt Br\u00fcckenbildung.<\/li>\n<\/ul>\n","protected":false},"excerpt":{"rendered":"<p>General Kinematics UN-COALER\u00ae Aktivierungs-\/Beschickungsanlage ist eine hochmoderne L\u00f6sung zum Zuf\u00fchren und Dosieren von Material. Der UN-COALER\u00ae kombiniert die Leistung der Vibrationsf\u00f6rderung mit dem Vorteil einer integrierten Flussregelung. Die UN-COALER\u00ae Aktivierungs-\/Beschickungsanlage ist eine 3-in-1-Einheit und kombiniert effektiv zwei Vibrationsf\u00f6rderer und eine Stapelaktivierung zu einer einzigen, vollst\u00e4ndigen Einheit. Die pr\u00e4zise Flussregelung kann elektrisch \u00fcber einen VFD oder [&hellip;]<\/p>\n","protected":false},"featured_media":25183,"comment_status":"closed","ping_status":"closed","template":"","meta":{"_acf_changed":false,"om_disable_all_campaigns":false,"ep_exclude_from_search":false},"product_brand":[],"product_cat":[1810],"product_tag":[],"class_list":{"0":"post-39931","1":"product","2":"type-product","3":"status-publish","4":"has-post-thumbnail","6":"product_cat-ausruestung-forstwirtschaft-holz-und-biomasse","8":"first","9":"instock","10":"taxable","11":"shipping-taxable","12":"product-type-simple"},"acf":[],"yoast_head":"<!-- This site is optimized with the Yoast SEO plugin v27.2 - https:\/\/yoast.com\/product\/yoast-seo-wordpress\/ -->\n<title>UN-COALER\u00ae Aktivierungs- \/ Holzbeschickungsanlage | General Kinematics<\/title>\n<meta name=\"robots\" content=\"index, follow, max-snippet:-1, max-image-preview:large, max-video-preview:-1\" \/>\n<link rel=\"canonical\" href=\"https:\/\/www.generalkinematics.com\/de\/produkt\/un-coaler-aktivierungs-holzbeschickungsanlage\/\" \/>\n<meta property=\"og:locale\" content=\"de_DE\" \/>\n<meta property=\"og:type\" content=\"article\" \/>\n<meta property=\"og:title\" content=\"UN-COALER\u00ae Aktivierungs- \/ Holzbeschickungsanlage | General Kinematics\" \/>\n<meta property=\"og:description\" content=\"General Kinematics UN-COALER\u00ae Aktivierungs-\/Beschickungsanlage ist eine hochmoderne L\u00f6sung zum Zuf\u00fchren und Dosieren von Material. Der UN-COALER\u00ae kombiniert die Leistung der Vibrationsf\u00f6rderung mit dem Vorteil einer integrierten Flussregelung. Die UN-COALER\u00ae Aktivierungs-\/Beschickungsanlage ist eine 3-in-1-Einheit und kombiniert effektiv zwei Vibrationsf\u00f6rderer und eine Stapelaktivierung zu einer einzigen, vollst\u00e4ndigen Einheit. Die pr\u00e4zise Flussregelung kann elektrisch \u00fcber einen VFD oder [&hellip;]\" \/>\n<meta property=\"og:url\" content=\"https:\/\/www.generalkinematics.com\/de\/produkt\/un-coaler-aktivierungs-holzbeschickungsanlage\/\" \/>\n<meta property=\"og:site_name\" content=\"General Kinematics\" \/>\n<meta property=\"article:publisher\" content=\"https:\/\/www.facebook.com\/generalkinematics\" \/>\n<meta property=\"article:modified_time\" content=\"2018-08-31T14:57:27+00:00\" \/>\n<meta property=\"og:image\" content=\"https:\/\/media.generalkinematics.com\/wp-content\/uploads\/2015\/07\/IMG_0840.jpg\" \/>\n\t<meta property=\"og:image:width\" content=\"3264\" \/>\n\t<meta property=\"og:image:height\" content=\"2448\" \/>\n\t<meta property=\"og:image:type\" content=\"image\/jpeg\" \/>\n<meta name=\"twitter:card\" content=\"summary_large_image\" \/>\n<meta name=\"twitter:site\" content=\"@gkvibrating\" \/>\n<meta name=\"twitter:label1\" content=\"Gesch\u00e4tzte Lesezeit\" \/>\n\t<meta name=\"twitter:data1\" content=\"1 Minute\" \/>\n<!-- \/ Yoast SEO plugin. -->","yoast_head_json":{"title":"UN-COALER\u00ae Aktivierungs- \/ Holzbeschickungsanlage | General Kinematics","robots":{"index":"index","follow":"follow","max-snippet":"max-snippet:-1","max-image-preview":"max-image-preview:large","max-video-preview":"max-video-preview:-1"},"canonical":"https:\/\/www.generalkinematics.com\/de\/produkt\/un-coaler-aktivierungs-holzbeschickungsanlage\/","og_locale":"de_DE","og_type":"article","og_title":"UN-COALER\u00ae Aktivierungs- \/ Holzbeschickungsanlage | General Kinematics","og_description":"General Kinematics UN-COALER\u00ae Aktivierungs-\/Beschickungsanlage ist eine hochmoderne L\u00f6sung zum Zuf\u00fchren und Dosieren von Material. Der UN-COALER\u00ae kombiniert die Leistung der Vibrationsf\u00f6rderung mit dem Vorteil einer integrierten Flussregelung. Die UN-COALER\u00ae Aktivierungs-\/Beschickungsanlage ist eine 3-in-1-Einheit und kombiniert effektiv zwei Vibrationsf\u00f6rderer und eine Stapelaktivierung zu einer einzigen, vollst\u00e4ndigen Einheit. Die pr\u00e4zise Flussregelung kann elektrisch \u00fcber einen VFD oder [&hellip;]","og_url":"https:\/\/www.generalkinematics.com\/de\/produkt\/un-coaler-aktivierungs-holzbeschickungsanlage\/","og_site_name":"General Kinematics","article_publisher":"https:\/\/www.facebook.com\/generalkinematics","article_modified_time":"2018-08-31T14:57:27+00:00","og_image":[{"width":3264,"height":2448,"url":"https:\/\/media.generalkinematics.com\/wp-content\/uploads\/2015\/07\/IMG_0840.jpg","type":"image\/jpeg"}],"twitter_card":"summary_large_image","twitter_site":"@gkvibrating","twitter_misc":{"Gesch\u00e4tzte Lesezeit":"1 Minute"},"schema":{"@context":"https:\/\/schema.org","@graph":[{"@type":"WebPage","@id":"https:\/\/www.generalkinematics.com\/de\/produkt\/un-coaler-aktivierungs-holzbeschickungsanlage\/","url":"https:\/\/www.generalkinematics.com\/de\/produkt\/un-coaler-aktivierungs-holzbeschickungsanlage\/","name":"UN-COALER\u00ae Aktivierungs- \/ Holzbeschickungsanlage | General Kinematics","isPartOf":{"@id":"https:\/\/www.generalkinematics.com\/de\/#website"},"primaryImageOfPage":{"@id":"https:\/\/www.generalkinematics.com\/de\/produkt\/un-coaler-aktivierungs-holzbeschickungsanlage\/#primaryimage"},"image":{"@id":"https:\/\/www.generalkinematics.com\/de\/produkt\/un-coaler-aktivierungs-holzbeschickungsanlage\/#primaryimage"},"thumbnailUrl":"https:\/\/media.generalkinematics.com\/wp-content\/uploads\/2015\/07\/IMG_0840.jpg","datePublished":"2015-07-27T04:54:50+00:00","dateModified":"2018-08-31T14:57:27+00:00","breadcrumb":{"@id":"https:\/\/www.generalkinematics.com\/de\/produkt\/un-coaler-aktivierungs-holzbeschickungsanlage\/#breadcrumb"},"inLanguage":"de-DE","potentialAction":[{"@type":"ReadAction","target":["https:\/\/www.generalkinematics.com\/de\/produkt\/un-coaler-aktivierungs-holzbeschickungsanlage\/"]}]},{"@type":"ImageObject","inLanguage":"de-DE","@id":"https:\/\/www.generalkinematics.com\/de\/produkt\/un-coaler-aktivierungs-holzbeschickungsanlage\/#primaryimage","url":"https:\/\/media.generalkinematics.com\/wp-content\/uploads\/2015\/07\/IMG_0840.jpg","contentUrl":"https:\/\/media.generalkinematics.com\/wp-content\/uploads\/2015\/07\/IMG_0840.jpg","width":3264,"height":2448,"caption":"general-kinematics-uncoaler"},{"@type":"BreadcrumbList","@id":"https:\/\/www.generalkinematics.com\/de\/produkt\/un-coaler-aktivierungs-holzbeschickungsanlage\/#breadcrumb","itemListElement":[{"@type":"ListItem","position":1,"name":"GK Home","item":"https:\/\/www.generalkinematics.com\/de\/"},{"@type":"ListItem","position":2,"name":"Shop","item":"https:\/\/www.generalkinematics.com\/shop\/"},{"@type":"ListItem","position":3,"name":"UN-COALER\u00ae Aktivierungs- \/ Holzbeschickungsanlage"}]},{"@type":"WebSite","@id":"https:\/\/www.generalkinematics.com\/de\/#website","url":"https:\/\/www.generalkinematics.com\/de\/","name":"General Kinematics","description":"","publisher":{"@id":"https:\/\/www.generalkinematics.com\/de\/#organization"},"potentialAction":[{"@type":"SearchAction","target":{"@type":"EntryPoint","urlTemplate":"https:\/\/www.generalkinematics.com\/de\/?s={search_term_string}"},"query-input":{"@type":"PropertyValueSpecification","valueRequired":true,"valueName":"search_term_string"}}],"inLanguage":"de-DE"},{"@type":"Organization","@id":"https:\/\/www.generalkinematics.com\/de\/#organization","name":"General Kinematics","url":"https:\/\/www.generalkinematics.com\/de\/","logo":{"@type":"ImageObject","inLanguage":"de-DE","@id":"https:\/\/www.generalkinematics.com\/de\/#\/schema\/logo\/image\/","url":"https:\/\/media.generalkinematics.com\/wp-content\/uploads\/2018\/03\/logo.png","contentUrl":"https:\/\/media.generalkinematics.com\/wp-content\/uploads\/2018\/03\/logo.png","width":313,"height":100,"caption":"General Kinematics"},"image":{"@id":"https:\/\/www.generalkinematics.com\/de\/#\/schema\/logo\/image\/"},"sameAs":["https:\/\/www.facebook.com\/generalkinematics","https:\/\/x.com\/gkvibrating"]}]}},"_links":{"self":[{"href":"https:\/\/www.generalkinematics.com\/de\/wp-json\/wp\/v2\/product\/39931","targetHints":{"allow":["GET"]}}],"collection":[{"href":"https:\/\/www.generalkinematics.com\/de\/wp-json\/wp\/v2\/product"}],"about":[{"href":"https:\/\/www.generalkinematics.com\/de\/wp-json\/wp\/v2\/types\/product"}],"replies":[{"embeddable":true,"href":"https:\/\/www.generalkinematics.com\/de\/wp-json\/wp\/v2\/comments?post=39931"}],"wp:featuredmedia":[{"embeddable":true,"href":"https:\/\/www.generalkinematics.com\/de\/wp-json\/wp\/v2\/media\/25183"}],"wp:attachment":[{"href":"https:\/\/www.generalkinematics.com\/de\/wp-json\/wp\/v2\/media?parent=39931"}],"wp:term":[{"taxonomy":"product_brand","embeddable":true,"href":"https:\/\/www.generalkinematics.com\/de\/wp-json\/wp\/v2\/product_brand?post=39931"},{"taxonomy":"product_cat","embeddable":true,"href":"https:\/\/www.generalkinematics.com\/de\/wp-json\/wp\/v2\/product_cat?post=39931"},{"taxonomy":"product_tag","embeddable":true,"href":"https:\/\/www.generalkinematics.com\/de\/wp-json\/wp\/v2\/product_tag?post=39931"}],"curies":[{"name":"wp","href":"https:\/\/api.w.org\/{rel}","templated":true}]}}