{"id":39939,"date":"2015-07-26T23:58:34","date_gmt":"2015-07-27T04:58:34","guid":{"rendered":"https:\/\/www.generalkinematics.com\/product\/untermuhlen-oszillatoren\/"},"modified":"2018-08-31T10:02:02","modified_gmt":"2018-08-31T15:02:02","slug":"untermuhlen-oszillatoren","status":"publish","type":"product","link":"https:\/\/www.generalkinematics.com\/de\/produkt\/untermuhlen-oszillatoren\/","title":{"rendered":"Unterm\u00fchlen-Oszillatoren"},"content":{"rendered":"<p>Als erstes Ger\u00e4t, das dem Schredder folgt, folgt ein Unterm\u00fchlen-Oszillator (UMO &#8211; Under Mill Oscillator), eine integrierte Maschine, die zuverl\u00e4ssig und robust genug sein muss, um die hohen Belastungen und Prozessflussanforderungen des Schredders zu erf\u00fcllen.<\/p>\n<p>General Kinematics UMOs sind mit einer zus\u00e4tzlichen strukturellen und Gitterverst\u00e4rkung ausgestattet, um die Unversehrtheit des Trogs zu gew\u00e4hrleisten, damit er den schweren Bedingungen unter den automatischen Schreddern standh\u00e4lt. Dar\u00fcber hinaus sorgen UMOs von GK f\u00fcr eine gleichm\u00e4\u00dfige F\u00f6rderung bei verschiedenen Lasten. Diese Kombination aus GKs SYNCRO-SHEAR\u00ae mit der SYNCRO-CUSHION\u2122 Antriebsbaugruppe bietet seitliche Stabilit\u00e4t und Abw\u00e4rtssperren, um auch bei gr\u00f6\u00dferen Explosionen ohne Besch\u00e4digung des F\u00f6rderers intakt bleiben zu k\u00f6nnen.<\/p>\n<p>GK arbeitet h\u00e4ufig mit Systemintegratoren auf der ganzen Welt zusammen, um die beste L\u00f6sung f\u00fcr die anspruchsvollsten Anwendungen zu bieten. Die Unterm\u00fchlen-Oszillatoren von GK haben sich in Anlagen, die seit \u00fcber zwanzig Jahren in Betrieb sind, als zuverl\u00e4ssig und leistungsf\u00e4hig erwiesen. Rufen Sie uns an, um Ihren vorhandenen UMO zu aktualisieren oder zu ersetzen.<\/p>\n<h2>Eigenschaften:<\/h2>\n<ul>\n<li>Extra dicke Trogeinlagen in den Aufprallbereichen.<\/li>\n<li>Aufgeweitete Trogkonstruktion minimiert das Verklemmen und bietet eine bessere Flie\u00dff\u00e4higkeit.<\/li>\n<li>Konstruktionsseitige Abw\u00e4rtssperren sch\u00fctzen den Trog vor \u00dcberlastung, Explosionen oder schweren St\u00f6\u00dfen.<\/li>\n<li>SYNCRO-SHEAR\u00ae-Federsystem f\u00fcr seitliche Stabilit\u00e4t in allen Betriebsphasen.<\/li>\n<li>Hinten montierter SYNCRO-CUSHION\u2122 Antrieb f\u00fcr Zuverl\u00e4ssigkeit und einfachen Zugang.<\/li>\n<li>Komfortabler, zentraler Schmierzugang f\u00fcr die routinem\u00e4\u00dfige Wartung von Lagern.<\/li>\n<\/ul>\n","protected":false},"excerpt":{"rendered":"<p>Als erstes Ger\u00e4t, das dem Schredder folgt, folgt ein Unterm\u00fchlen-Oszillator (UMO &#8211; Under Mill Oscillator), eine integrierte Maschine, die zuverl\u00e4ssig und robust genug sein muss, um die hohen Belastungen und Prozessflussanforderungen des Schredders zu erf\u00fcllen. General Kinematics UMOs sind mit einer zus\u00e4tzlichen strukturellen und Gitterverst\u00e4rkung ausgestattet, um die Unversehrtheit des Trogs zu gew\u00e4hrleisten, damit er [&hellip;]<\/p>\n","protected":false},"featured_media":24715,"comment_status":"closed","ping_status":"closed","template":"","meta":{"_acf_changed":false,"om_disable_all_campaigns":false,"ep_exclude_from_search":false},"product_brand":[],"product_cat":[1813],"product_tag":[],"class_list":{"0":"post-39939","1":"product","2":"type-product","3":"status-publish","4":"has-post-thumbnail","6":"casestudytag-umo-de","7":"product_cat-loesungen-fuer-die-schrottverarbeitung","9":"first","10":"instock","11":"taxable","12":"shipping-taxable","13":"product-type-simple"},"acf":[],"yoast_head":"<!-- This site is optimized with the Yoast SEO plugin v27.2 - https:\/\/yoast.com\/product\/yoast-seo-wordpress\/ -->\n<title>Unterm\u00fchlen-Oszillatoren | General Kinematics<\/title>\n<meta name=\"robots\" content=\"index, follow, max-snippet:-1, max-image-preview:large, max-video-preview:-1\" \/>\n<link rel=\"canonical\" href=\"https:\/\/www.generalkinematics.com\/de\/produkt\/untermuhlen-oszillatoren\/\" \/>\n<meta property=\"og:locale\" content=\"de_DE\" \/>\n<meta property=\"og:type\" content=\"article\" \/>\n<meta property=\"og:title\" content=\"Unterm\u00fchlen-Oszillatoren | General Kinematics\" \/>\n<meta property=\"og:description\" content=\"Als erstes Ger\u00e4t, das dem Schredder folgt, folgt ein Unterm\u00fchlen-Oszillator (UMO &#8211; Under Mill Oscillator), eine integrierte Maschine, die zuverl\u00e4ssig und robust genug sein muss, um die hohen Belastungen und Prozessflussanforderungen des Schredders zu erf\u00fcllen. General Kinematics UMOs sind mit einer zus\u00e4tzlichen strukturellen und Gitterverst\u00e4rkung ausgestattet, um die Unversehrtheit des Trogs zu gew\u00e4hrleisten, damit er [&hellip;]\" \/>\n<meta property=\"og:url\" content=\"https:\/\/www.generalkinematics.com\/de\/produkt\/untermuhlen-oszillatoren\/\" \/>\n<meta property=\"og:site_name\" content=\"General Kinematics\" \/>\n<meta property=\"article:publisher\" content=\"https:\/\/www.facebook.com\/generalkinematics\" \/>\n<meta property=\"article:modified_time\" content=\"2018-08-31T15:02:02+00:00\" \/>\n<meta property=\"og:image\" content=\"https:\/\/media.generalkinematics.com\/wp-content\/uploads\/2015\/07\/My-Pictures0053.jpg\" \/>\n\t<meta property=\"og:image:width\" content=\"2160\" \/>\n\t<meta property=\"og:image:height\" content=\"1440\" \/>\n\t<meta property=\"og:image:type\" content=\"image\/jpeg\" \/>\n<meta name=\"twitter:card\" content=\"summary_large_image\" \/>\n<meta name=\"twitter:site\" content=\"@gkvibrating\" \/>\n<meta name=\"twitter:label1\" content=\"Gesch\u00e4tzte Lesezeit\" \/>\n\t<meta name=\"twitter:data1\" content=\"1 Minute\" \/>\n<!-- \/ Yoast SEO plugin. -->","yoast_head_json":{"title":"Unterm\u00fchlen-Oszillatoren | General Kinematics","robots":{"index":"index","follow":"follow","max-snippet":"max-snippet:-1","max-image-preview":"max-image-preview:large","max-video-preview":"max-video-preview:-1"},"canonical":"https:\/\/www.generalkinematics.com\/de\/produkt\/untermuhlen-oszillatoren\/","og_locale":"de_DE","og_type":"article","og_title":"Unterm\u00fchlen-Oszillatoren | General Kinematics","og_description":"Als erstes Ger\u00e4t, das dem Schredder folgt, folgt ein Unterm\u00fchlen-Oszillator (UMO &#8211; Under Mill Oscillator), eine integrierte Maschine, die zuverl\u00e4ssig und robust genug sein muss, um die hohen Belastungen und Prozessflussanforderungen des Schredders zu erf\u00fcllen. General Kinematics UMOs sind mit einer zus\u00e4tzlichen strukturellen und Gitterverst\u00e4rkung ausgestattet, um die Unversehrtheit des Trogs zu gew\u00e4hrleisten, damit er [&hellip;]","og_url":"https:\/\/www.generalkinematics.com\/de\/produkt\/untermuhlen-oszillatoren\/","og_site_name":"General Kinematics","article_publisher":"https:\/\/www.facebook.com\/generalkinematics","article_modified_time":"2018-08-31T15:02:02+00:00","og_image":[{"width":2160,"height":1440,"url":"https:\/\/media.generalkinematics.com\/wp-content\/uploads\/2015\/07\/My-Pictures0053.jpg","type":"image\/jpeg"}],"twitter_card":"summary_large_image","twitter_site":"@gkvibrating","twitter_misc":{"Gesch\u00e4tzte Lesezeit":"1 Minute"},"schema":{"@context":"https:\/\/schema.org","@graph":[{"@type":"WebPage","@id":"https:\/\/www.generalkinematics.com\/de\/produkt\/untermuhlen-oszillatoren\/","url":"https:\/\/www.generalkinematics.com\/de\/produkt\/untermuhlen-oszillatoren\/","name":"Unterm\u00fchlen-Oszillatoren | General Kinematics","isPartOf":{"@id":"https:\/\/www.generalkinematics.com\/de\/#website"},"primaryImageOfPage":{"@id":"https:\/\/www.generalkinematics.com\/de\/produkt\/untermuhlen-oszillatoren\/#primaryimage"},"image":{"@id":"https:\/\/www.generalkinematics.com\/de\/produkt\/untermuhlen-oszillatoren\/#primaryimage"},"thumbnailUrl":"https:\/\/media.generalkinematics.com\/wp-content\/uploads\/2015\/07\/My-Pictures0053.jpg","datePublished":"2015-07-27T04:58:34+00:00","dateModified":"2018-08-31T15:02:02+00:00","breadcrumb":{"@id":"https:\/\/www.generalkinematics.com\/de\/produkt\/untermuhlen-oszillatoren\/#breadcrumb"},"inLanguage":"de-DE","potentialAction":[{"@type":"ReadAction","target":["https:\/\/www.generalkinematics.com\/de\/produkt\/untermuhlen-oszillatoren\/"]}]},{"@type":"ImageObject","inLanguage":"de-DE","@id":"https:\/\/www.generalkinematics.com\/de\/produkt\/untermuhlen-oszillatoren\/#primaryimage","url":"https:\/\/media.generalkinematics.com\/wp-content\/uploads\/2015\/07\/My-Pictures0053.jpg","contentUrl":"https:\/\/media.generalkinematics.com\/wp-content\/uploads\/2015\/07\/My-Pictures0053.jpg","width":2160,"height":1440,"caption":"general-kinematics-undermill-oscillator"},{"@type":"BreadcrumbList","@id":"https:\/\/www.generalkinematics.com\/de\/produkt\/untermuhlen-oszillatoren\/#breadcrumb","itemListElement":[{"@type":"ListItem","position":1,"name":"GK Home","item":"https:\/\/www.generalkinematics.com\/de\/"},{"@type":"ListItem","position":2,"name":"Shop","item":"https:\/\/www.generalkinematics.com\/shop\/"},{"@type":"ListItem","position":3,"name":"Unterm\u00fchlen-Oszillatoren"}]},{"@type":"WebSite","@id":"https:\/\/www.generalkinematics.com\/de\/#website","url":"https:\/\/www.generalkinematics.com\/de\/","name":"General Kinematics","description":"","publisher":{"@id":"https:\/\/www.generalkinematics.com\/de\/#organization"},"potentialAction":[{"@type":"SearchAction","target":{"@type":"EntryPoint","urlTemplate":"https:\/\/www.generalkinematics.com\/de\/?s={search_term_string}"},"query-input":{"@type":"PropertyValueSpecification","valueRequired":true,"valueName":"search_term_string"}}],"inLanguage":"de-DE"},{"@type":"Organization","@id":"https:\/\/www.generalkinematics.com\/de\/#organization","name":"General Kinematics","url":"https:\/\/www.generalkinematics.com\/de\/","logo":{"@type":"ImageObject","inLanguage":"de-DE","@id":"https:\/\/www.generalkinematics.com\/de\/#\/schema\/logo\/image\/","url":"https:\/\/media.generalkinematics.com\/wp-content\/uploads\/2018\/03\/logo.png","contentUrl":"https:\/\/media.generalkinematics.com\/wp-content\/uploads\/2018\/03\/logo.png","width":313,"height":100,"caption":"General Kinematics"},"image":{"@id":"https:\/\/www.generalkinematics.com\/de\/#\/schema\/logo\/image\/"},"sameAs":["https:\/\/www.facebook.com\/generalkinematics","https:\/\/x.com\/gkvibrating"]}]}},"_links":{"self":[{"href":"https:\/\/www.generalkinematics.com\/de\/wp-json\/wp\/v2\/product\/39939","targetHints":{"allow":["GET"]}}],"collection":[{"href":"https:\/\/www.generalkinematics.com\/de\/wp-json\/wp\/v2\/product"}],"about":[{"href":"https:\/\/www.generalkinematics.com\/de\/wp-json\/wp\/v2\/types\/product"}],"replies":[{"embeddable":true,"href":"https:\/\/www.generalkinematics.com\/de\/wp-json\/wp\/v2\/comments?post=39939"}],"wp:featuredmedia":[{"embeddable":true,"href":"https:\/\/www.generalkinematics.com\/de\/wp-json\/wp\/v2\/media\/24715"}],"wp:attachment":[{"href":"https:\/\/www.generalkinematics.com\/de\/wp-json\/wp\/v2\/media?parent=39939"}],"wp:term":[{"taxonomy":"product_brand","embeddable":true,"href":"https:\/\/www.generalkinematics.com\/de\/wp-json\/wp\/v2\/product_brand?post=39939"},{"taxonomy":"product_cat","embeddable":true,"href":"https:\/\/www.generalkinematics.com\/de\/wp-json\/wp\/v2\/product_cat?post=39939"},{"taxonomy":"product_tag","embeddable":true,"href":"https:\/\/www.generalkinematics.com\/de\/wp-json\/wp\/v2\/product_tag?post=39939"}],"curies":[{"name":"wp","href":"https:\/\/api.w.org\/{rel}","templated":true}]}}