{"id":39947,"date":"2015-07-27T00:02:45","date_gmt":"2015-07-27T05:02:45","guid":{"rendered":"https:\/\/www.generalkinematics.com\/product\/finger-screen-vibrationstrennsystem-fur-holz\/"},"modified":"2025-08-13T13:16:05","modified_gmt":"2025-08-13T18:16:05","slug":"finger-screen-vibrationstrennsystem-fur-holz","status":"publish","type":"product","link":"https:\/\/www.generalkinematics.com\/de\/produkt\/finger-screen-vibrationstrennsystem-fur-holz\/","title":{"rendered":"FINGER-SCREEN\u2122 Vibrationstrennsystem f\u00fcr Holz"},"content":{"rendered":"<p>General Kinematics nicht bindendes <strong>Der FINGER-SCREEN\u2122 Vibrationstrennsystem<\/strong> f\u00fcr Holz hat sich in einer Vielzahl von Anwendungen, die f\u00fcr Probleme mit herk\u00f6mmlichen Drahtgitter-Sieboberfl\u00e4chen anf\u00e4llig sind, als sehr erfolgreich erwiesen.<\/p>\n<p>Die \u00fcberragende Leistung des Vibrationsverfahrens und die einfache Bewegung zur Verhinderung von Verstopfungen auf unserem einzigartigen FINGER-SCREEN\u2122 Vibrationstrennsystem erm\u00f6glichen eine hocheffiziente Trennung und Klassifizierung. Die Vibrationsbewegung der Einheiten verteilt das Material f\u00fcr maximale Trenneffizienz gleichm\u00e4\u00dfig auf dem Deck. Trenndecks mit mehreren Gr\u00f6\u00dfen verbessern die Klassifizierung, w\u00e4hrend gestaffelte Fingerpositionen helfen, Materialumgehungen zu verhindern. Die Trennleistung wird verbessert, wenn Material frei durch die Einheit kaskadiert &#8211; mit weniger \u201eVerfangen\u201c.<\/p>\n<p>Das Ergebnis ist ein schneller, gleichm\u00e4\u00dfiger und kontinuierlicher Materialfluss \u00fcber den gesamten Trenn- und Klassifizierungsprozess hinweg.<\/p>\n<p>Das FINGER-SCREEN\u2122 Vibrationstrennsystem ist in Standardgr\u00f6\u00dfen mit einer Breite von bis zu 2.400 mm und in ma\u00dfgeschneiderten Gr\u00f6\u00dfen, die auf Ihre Anwendung abgestimmt sind, erh\u00e4ltlich.<\/p>\n<p>&nbsp;<\/p>\n<h2>Erfolgreiche Trenn- und Klassifizierungsanwendungen schlie\u00dfen ein:<\/h2>\n<ul>\n<li>Biomasse<\/li>\n<li>Holzpellets<\/li>\n<li>Mulch<\/li>\n<li>Gr\u00fcnabfall<\/li>\n<li>Holzfaserplatte (OSB)<\/li>\n<li>Landschaftspflegematerial<\/li>\n<\/ul>\n<p>&nbsp;<\/p>\n<h2>Eigenschaften:<\/h2>\n<ul>\n<li>Einzigartige 3D-Gr\u00f6\u00dfenbestimmung von Holzrindenmaterialien.<\/li>\n<li>Die Vibrationsbewegung verteilt das Material gleichm\u00e4\u00dfig f\u00fcr eine maximale effiziente Klassifizierung.<\/li>\n<li>Gestaffelte Finger verhindern Materialumgehung.<\/li>\n<li>Der kaskadenartige Materialfluss hilft, eingeschlossene Objekte zu trennen.<\/li>\n<li>Die einzigartige Nockenoberfl\u00e4che verhindert das Verfangen und Anhaften.<\/li>\n<li>Sich verj\u00fcngende Finger klassifizieren und befreien die verhedderten Materialien.<\/li>\n<li>Eine offene Bauweise unter dem Deck erm\u00f6glicht den \u201efreien Fall\u201c von Material auf das untere Sammeldeck.<\/li>\n<li>An Ihre spezifischen Klassifizierungsanforderungen angepasste Bauweise<\/li>\n<li>Die modulare Deckkonstruktion erm\u00f6glicht einen einfachen Deckaustausch.<\/li>\n<\/ul>\n","protected":false},"excerpt":{"rendered":"<p>General Kinematics nicht bindendes Der FINGER-SCREEN\u2122 Vibrationstrennsystem f\u00fcr Holz hat sich in einer Vielzahl von Anwendungen, die f\u00fcr Probleme mit herk\u00f6mmlichen Drahtgitter-Sieboberfl\u00e4chen anf\u00e4llig sind, als sehr erfolgreich erwiesen. Die \u00fcberragende Leistung des Vibrationsverfahrens und die einfache Bewegung zur Verhinderung von Verstopfungen auf unserem einzigartigen FINGER-SCREEN\u2122 Vibrationstrennsystem erm\u00f6glichen eine hocheffiziente Trennung und Klassifizierung. Die Vibrationsbewegung der [&hellip;]<\/p>\n","protected":false},"featured_media":27791,"comment_status":"closed","ping_status":"closed","template":"","meta":{"_acf_changed":false,"om_disable_all_campaigns":false,"ep_exclude_from_search":false},"product_brand":[],"product_cat":[1810],"product_tag":[],"class_list":{"0":"post-39947","1":"product","2":"type-product","3":"status-publish","4":"has-post-thumbnail","6":"product_cat-ausruestung-forstwirtschaft-holz-und-biomasse","8":"first","9":"instock","10":"taxable","11":"shipping-taxable","12":"product-type-simple"},"acf":[],"yoast_head":"<!-- This site is optimized with the Yoast SEO plugin v27.2 - https:\/\/yoast.com\/product\/yoast-seo-wordpress\/ -->\n<title>FINGER-SCREEN\u2122 Vibrationstrennsystem f\u00fcr Holz | General Kinematics<\/title>\n<meta name=\"robots\" content=\"index, follow, max-snippet:-1, max-image-preview:large, max-video-preview:-1\" \/>\n<link rel=\"canonical\" href=\"https:\/\/www.generalkinematics.com\/de\/produkt\/finger-screen-vibrationstrennsystem-fur-holz\/\" \/>\n<meta property=\"og:locale\" content=\"de_DE\" \/>\n<meta property=\"og:type\" content=\"article\" \/>\n<meta property=\"og:title\" content=\"FINGER-SCREEN\u2122 Vibrationstrennsystem f\u00fcr Holz | General Kinematics\" \/>\n<meta property=\"og:description\" content=\"General Kinematics nicht bindendes Der FINGER-SCREEN\u2122 Vibrationstrennsystem f\u00fcr Holz hat sich in einer Vielzahl von Anwendungen, die f\u00fcr Probleme mit herk\u00f6mmlichen Drahtgitter-Sieboberfl\u00e4chen anf\u00e4llig sind, als sehr erfolgreich erwiesen. Die \u00fcberragende Leistung des Vibrationsverfahrens und die einfache Bewegung zur Verhinderung von Verstopfungen auf unserem einzigartigen FINGER-SCREEN\u2122 Vibrationstrennsystem erm\u00f6glichen eine hocheffiziente Trennung und Klassifizierung. Die Vibrationsbewegung der [&hellip;]\" \/>\n<meta property=\"og:url\" content=\"https:\/\/www.generalkinematics.com\/de\/produkt\/finger-screen-vibrationstrennsystem-fur-holz\/\" \/>\n<meta property=\"og:site_name\" content=\"General Kinematics\" \/>\n<meta property=\"article:publisher\" content=\"https:\/\/www.facebook.com\/generalkinematics\" \/>\n<meta property=\"article:modified_time\" content=\"2025-08-13T18:16:05+00:00\" \/>\n<meta property=\"og:image\" content=\"https:\/\/media.generalkinematics.com\/wp-content\/uploads\/2015\/07\/IMG_2878.jpg\" \/>\n\t<meta property=\"og:image:width\" content=\"5184\" \/>\n\t<meta property=\"og:image:height\" content=\"3456\" \/>\n\t<meta property=\"og:image:type\" content=\"image\/jpeg\" \/>\n<meta name=\"twitter:card\" content=\"summary_large_image\" \/>\n<meta name=\"twitter:site\" content=\"@gkvibrating\" \/>\n<meta name=\"twitter:label1\" content=\"Gesch\u00e4tzte Lesezeit\" \/>\n\t<meta name=\"twitter:data1\" content=\"2 Minuten\" \/>\n<!-- \/ Yoast SEO plugin. -->","yoast_head_json":{"title":"FINGER-SCREEN\u2122 Vibrationstrennsystem f\u00fcr Holz | General Kinematics","robots":{"index":"index","follow":"follow","max-snippet":"max-snippet:-1","max-image-preview":"max-image-preview:large","max-video-preview":"max-video-preview:-1"},"canonical":"https:\/\/www.generalkinematics.com\/de\/produkt\/finger-screen-vibrationstrennsystem-fur-holz\/","og_locale":"de_DE","og_type":"article","og_title":"FINGER-SCREEN\u2122 Vibrationstrennsystem f\u00fcr Holz | General Kinematics","og_description":"General Kinematics nicht bindendes Der FINGER-SCREEN\u2122 Vibrationstrennsystem f\u00fcr Holz hat sich in einer Vielzahl von Anwendungen, die f\u00fcr Probleme mit herk\u00f6mmlichen Drahtgitter-Sieboberfl\u00e4chen anf\u00e4llig sind, als sehr erfolgreich erwiesen. Die \u00fcberragende Leistung des Vibrationsverfahrens und die einfache Bewegung zur Verhinderung von Verstopfungen auf unserem einzigartigen FINGER-SCREEN\u2122 Vibrationstrennsystem erm\u00f6glichen eine hocheffiziente Trennung und Klassifizierung. Die Vibrationsbewegung der [&hellip;]","og_url":"https:\/\/www.generalkinematics.com\/de\/produkt\/finger-screen-vibrationstrennsystem-fur-holz\/","og_site_name":"General Kinematics","article_publisher":"https:\/\/www.facebook.com\/generalkinematics","article_modified_time":"2025-08-13T18:16:05+00:00","og_image":[{"width":5184,"height":3456,"url":"https:\/\/media.generalkinematics.com\/wp-content\/uploads\/2015\/07\/IMG_2878.jpg","type":"image\/jpeg"}],"twitter_card":"summary_large_image","twitter_site":"@gkvibrating","twitter_misc":{"Gesch\u00e4tzte Lesezeit":"2 Minuten"},"schema":{"@context":"https:\/\/schema.org","@graph":[{"@type":"WebPage","@id":"https:\/\/www.generalkinematics.com\/de\/produkt\/finger-screen-vibrationstrennsystem-fur-holz\/","url":"https:\/\/www.generalkinematics.com\/de\/produkt\/finger-screen-vibrationstrennsystem-fur-holz\/","name":"FINGER-SCREEN\u2122 Vibrationstrennsystem f\u00fcr Holz | General Kinematics","isPartOf":{"@id":"https:\/\/www.generalkinematics.com\/de\/#website"},"primaryImageOfPage":{"@id":"https:\/\/www.generalkinematics.com\/de\/produkt\/finger-screen-vibrationstrennsystem-fur-holz\/#primaryimage"},"image":{"@id":"https:\/\/www.generalkinematics.com\/de\/produkt\/finger-screen-vibrationstrennsystem-fur-holz\/#primaryimage"},"thumbnailUrl":"https:\/\/media.generalkinematics.com\/wp-content\/uploads\/2015\/07\/IMG_2878.jpg","datePublished":"2015-07-27T05:02:45+00:00","dateModified":"2025-08-13T18:16:05+00:00","breadcrumb":{"@id":"https:\/\/www.generalkinematics.com\/de\/produkt\/finger-screen-vibrationstrennsystem-fur-holz\/#breadcrumb"},"inLanguage":"de-DE","potentialAction":[{"@type":"ReadAction","target":["https:\/\/www.generalkinematics.com\/de\/produkt\/finger-screen-vibrationstrennsystem-fur-holz\/"]}]},{"@type":"ImageObject","inLanguage":"de-DE","@id":"https:\/\/www.generalkinematics.com\/de\/produkt\/finger-screen-vibrationstrennsystem-fur-holz\/#primaryimage","url":"https:\/\/media.generalkinematics.com\/wp-content\/uploads\/2015\/07\/IMG_2878.jpg","contentUrl":"https:\/\/media.generalkinematics.com\/wp-content\/uploads\/2015\/07\/IMG_2878.jpg","width":5184,"height":3456,"caption":"general-kinematics-finger-screen"},{"@type":"BreadcrumbList","@id":"https:\/\/www.generalkinematics.com\/de\/produkt\/finger-screen-vibrationstrennsystem-fur-holz\/#breadcrumb","itemListElement":[{"@type":"ListItem","position":1,"name":"GK Home","item":"https:\/\/www.generalkinematics.com\/de\/"},{"@type":"ListItem","position":2,"name":"Shop","item":"https:\/\/www.generalkinematics.com\/shop\/"},{"@type":"ListItem","position":3,"name":"FINGER-SCREEN\u2122 Vibrationstrennsystem f\u00fcr Holz"}]},{"@type":"WebSite","@id":"https:\/\/www.generalkinematics.com\/de\/#website","url":"https:\/\/www.generalkinematics.com\/de\/","name":"General Kinematics","description":"","publisher":{"@id":"https:\/\/www.generalkinematics.com\/de\/#organization"},"potentialAction":[{"@type":"SearchAction","target":{"@type":"EntryPoint","urlTemplate":"https:\/\/www.generalkinematics.com\/de\/?s={search_term_string}"},"query-input":{"@type":"PropertyValueSpecification","valueRequired":true,"valueName":"search_term_string"}}],"inLanguage":"de-DE"},{"@type":"Organization","@id":"https:\/\/www.generalkinematics.com\/de\/#organization","name":"General Kinematics","url":"https:\/\/www.generalkinematics.com\/de\/","logo":{"@type":"ImageObject","inLanguage":"de-DE","@id":"https:\/\/www.generalkinematics.com\/de\/#\/schema\/logo\/image\/","url":"https:\/\/media.generalkinematics.com\/wp-content\/uploads\/2018\/03\/logo.png","contentUrl":"https:\/\/media.generalkinematics.com\/wp-content\/uploads\/2018\/03\/logo.png","width":313,"height":100,"caption":"General Kinematics"},"image":{"@id":"https:\/\/www.generalkinematics.com\/de\/#\/schema\/logo\/image\/"},"sameAs":["https:\/\/www.facebook.com\/generalkinematics","https:\/\/x.com\/gkvibrating"]}]}},"_links":{"self":[{"href":"https:\/\/www.generalkinematics.com\/de\/wp-json\/wp\/v2\/product\/39947","targetHints":{"allow":["GET"]}}],"collection":[{"href":"https:\/\/www.generalkinematics.com\/de\/wp-json\/wp\/v2\/product"}],"about":[{"href":"https:\/\/www.generalkinematics.com\/de\/wp-json\/wp\/v2\/types\/product"}],"replies":[{"embeddable":true,"href":"https:\/\/www.generalkinematics.com\/de\/wp-json\/wp\/v2\/comments?post=39947"}],"wp:featuredmedia":[{"embeddable":true,"href":"https:\/\/www.generalkinematics.com\/de\/wp-json\/wp\/v2\/media\/27791"}],"wp:attachment":[{"href":"https:\/\/www.generalkinematics.com\/de\/wp-json\/wp\/v2\/media?parent=39947"}],"wp:term":[{"taxonomy":"product_brand","embeddable":true,"href":"https:\/\/www.generalkinematics.com\/de\/wp-json\/wp\/v2\/product_brand?post=39947"},{"taxonomy":"product_cat","embeddable":true,"href":"https:\/\/www.generalkinematics.com\/de\/wp-json\/wp\/v2\/product_cat?post=39947"},{"taxonomy":"product_tag","embeddable":true,"href":"https:\/\/www.generalkinematics.com\/de\/wp-json\/wp\/v2\/product_tag?post=39947"}],"curies":[{"name":"wp","href":"https:\/\/api.w.org\/{rel}","templated":true}]}}