{"id":39956,"date":"2015-07-27T00:09:28","date_gmt":"2015-07-27T05:09:28","guid":{"rendered":"https:\/\/www.generalkinematics.com\/product\/vibrations-wirbelschichttrockner\/"},"modified":"2025-08-13T13:16:32","modified_gmt":"2025-08-13T18:16:32","slug":"vibrations-wirbelschichttrockner","status":"publish","type":"product","link":"https:\/\/www.generalkinematics.com\/de\/produkt\/vibrations-wirbelschichttrockner\/","title":{"rendered":"Vibrations-Wirbelschichttrockner"},"content":{"rendered":"<p>General Kinematics <strong>Vibrations-Wirbelschichttrockner<\/strong> sind in der Leistung bei der Sch\u00fcttgutverarbeitung unerreicht. Jeder Wirbelschichttrockner ist speziell auf Ihre spezifischen Prozessanforderungen zugeschnitten: Temperaturbeschr\u00e4nkungen, Feuchtigkeitsanforderungen und Emissionen fl\u00fcchtiger organischer Verbindungen (VOC). Ma\u00dfgeschneidert mit einer Vielzahl von Optionen wird der GK Wirbelschichttrockner zu einem vielseitigen Bestandteil Ihrer Prozessabl\u00e4ufe.<\/p>\n<p>Die GK Wirbelschichttrockner sind f\u00fcr die kontinuierliche oder diskontinuierliche Verarbeitung ausgelegt. Sie trocknen bei niedrigen Temperaturen und beseitigen gl\u00fchende, verkohlte oder brennende Materialien. Dadurch werden die mit herk\u00f6mmlichen Trocknungstechniken verbundenen Brandgefahren verringert. GK-Wirbelschichttrockner nutzen eine Vibrationsbewegung, w\u00e4hrend Prozessgas durch das Materialbett geleitet wird, um das Material in einem fluidisierten Zustand zu halten. Dies erh\u00f6ht die verf\u00fcgbare Materialoberfl\u00e4che und erm\u00f6glicht eine schnellere und vollst\u00e4ndigere Verarbeitung Ihres Materials.<\/p>\n<p>Fragen Sie GK nach dem kompletten Trocknungspaket, um Ihren Durchsatz zu steigern und gleichzeitig die Produktqualit\u00e4t zu verbessern.<\/p>\n<h2>EIGENSCHAFTEN:<\/h2>\n<ul>\n<li>GK Vibrations-Wirbelschichttrockner k\u00f6nnen auch bei niedrigen Temperaturen trocknen.<\/li>\n<li>Sie reduzieren die Brandgefahr, die mit herk\u00f6mmlichen Trocknungstechniken verbunden ist.<\/li>\n<li>In optimalen Gr\u00f6\u00dfen entwickelt, maximieren sie Ihren Prozessdurchsatz.<\/li>\n<li>Wirbelschichtwannen k\u00f6nnen k\u00fchlen, trocknen, erhitzen und mehr.<\/li>\n<li>Konstruktion aus Edelstahl, Nickellegierung und Kohlenstoffstahl erh\u00e4ltlich.<\/li>\n<li>Einstellbare Staubaugruppen f\u00fcr variable Wirbelschichttiefen.<\/li>\n<\/ul>\n","protected":false},"excerpt":{"rendered":"<p>General Kinematics Vibrations-Wirbelschichttrockner sind in der Leistung bei der Sch\u00fcttgutverarbeitung unerreicht. Jeder Wirbelschichttrockner ist speziell auf Ihre spezifischen Prozessanforderungen zugeschnitten: Temperaturbeschr\u00e4nkungen, Feuchtigkeitsanforderungen und Emissionen fl\u00fcchtiger organischer Verbindungen (VOC). Ma\u00dfgeschneidert mit einer Vielzahl von Optionen wird der GK Wirbelschichttrockner zu einem vielseitigen Bestandteil Ihrer Prozessabl\u00e4ufe. Die GK Wirbelschichttrockner sind f\u00fcr die kontinuierliche oder diskontinuierliche Verarbeitung ausgelegt. [&hellip;]<\/p>\n","protected":false},"featured_media":31853,"comment_status":"closed","ping_status":"closed","template":"","meta":{"_acf_changed":false,"om_disable_all_campaigns":false,"ep_exclude_from_search":false},"product_brand":[],"product_cat":[1810,1798],"product_tag":[],"class_list":{"0":"post-39956","1":"product","2":"type-product","3":"status-publish","4":"has-post-thumbnail","6":"casestudytag-fluid-bed-dryer-de","7":"product_cat-ausruestung-forstwirtschaft-holz-und-biomasse","8":"product_cat-recycling-loesungen","10":"first","11":"instock","12":"taxable","13":"shipping-taxable","14":"product-type-simple"},"acf":[],"yoast_head":"<!-- This site is optimized with the Yoast SEO plugin v27.2 - https:\/\/yoast.com\/product\/yoast-seo-wordpress\/ -->\n<title>Vibrations-Wirbelschichttrockner | General Kinematics<\/title>\n<meta name=\"robots\" content=\"index, follow, max-snippet:-1, max-image-preview:large, max-video-preview:-1\" \/>\n<link rel=\"canonical\" href=\"https:\/\/www.generalkinematics.com\/de\/produkt\/vibrations-wirbelschichttrockner\/\" \/>\n<meta property=\"og:locale\" content=\"de_DE\" \/>\n<meta property=\"og:type\" content=\"article\" \/>\n<meta property=\"og:title\" content=\"Vibrations-Wirbelschichttrockner | General Kinematics\" \/>\n<meta property=\"og:description\" content=\"General Kinematics Vibrations-Wirbelschichttrockner sind in der Leistung bei der Sch\u00fcttgutverarbeitung unerreicht. Jeder Wirbelschichttrockner ist speziell auf Ihre spezifischen Prozessanforderungen zugeschnitten: Temperaturbeschr\u00e4nkungen, Feuchtigkeitsanforderungen und Emissionen fl\u00fcchtiger organischer Verbindungen (VOC). Ma\u00dfgeschneidert mit einer Vielzahl von Optionen wird der GK Wirbelschichttrockner zu einem vielseitigen Bestandteil Ihrer Prozessabl\u00e4ufe. Die GK Wirbelschichttrockner sind f\u00fcr die kontinuierliche oder diskontinuierliche Verarbeitung ausgelegt. [&hellip;]\" \/>\n<meta property=\"og:url\" content=\"https:\/\/www.generalkinematics.com\/de\/produkt\/vibrations-wirbelschichttrockner\/\" \/>\n<meta property=\"og:site_name\" content=\"General Kinematics\" \/>\n<meta property=\"article:publisher\" content=\"https:\/\/www.facebook.com\/generalkinematics\" \/>\n<meta property=\"article:modified_time\" content=\"2025-08-13T18:16:32+00:00\" \/>\n<meta property=\"og:image\" content=\"https:\/\/media.generalkinematics.com\/wp-content\/uploads\/2017\/10\/Fluid-Bed.jpg\" \/>\n\t<meta property=\"og:image:width\" content=\"1076\" \/>\n\t<meta property=\"og:image:height\" content=\"1004\" \/>\n\t<meta property=\"og:image:type\" content=\"image\/jpeg\" \/>\n<meta name=\"twitter:card\" content=\"summary_large_image\" \/>\n<meta name=\"twitter:site\" content=\"@gkvibrating\" \/>\n<meta name=\"twitter:label1\" content=\"Gesch\u00e4tzte Lesezeit\" \/>\n\t<meta name=\"twitter:data1\" content=\"1 Minute\" \/>\n<!-- \/ Yoast SEO plugin. -->","yoast_head_json":{"title":"Vibrations-Wirbelschichttrockner | General Kinematics","robots":{"index":"index","follow":"follow","max-snippet":"max-snippet:-1","max-image-preview":"max-image-preview:large","max-video-preview":"max-video-preview:-1"},"canonical":"https:\/\/www.generalkinematics.com\/de\/produkt\/vibrations-wirbelschichttrockner\/","og_locale":"de_DE","og_type":"article","og_title":"Vibrations-Wirbelschichttrockner | General Kinematics","og_description":"General Kinematics Vibrations-Wirbelschichttrockner sind in der Leistung bei der Sch\u00fcttgutverarbeitung unerreicht. Jeder Wirbelschichttrockner ist speziell auf Ihre spezifischen Prozessanforderungen zugeschnitten: Temperaturbeschr\u00e4nkungen, Feuchtigkeitsanforderungen und Emissionen fl\u00fcchtiger organischer Verbindungen (VOC). Ma\u00dfgeschneidert mit einer Vielzahl von Optionen wird der GK Wirbelschichttrockner zu einem vielseitigen Bestandteil Ihrer Prozessabl\u00e4ufe. Die GK Wirbelschichttrockner sind f\u00fcr die kontinuierliche oder diskontinuierliche Verarbeitung ausgelegt. [&hellip;]","og_url":"https:\/\/www.generalkinematics.com\/de\/produkt\/vibrations-wirbelschichttrockner\/","og_site_name":"General Kinematics","article_publisher":"https:\/\/www.facebook.com\/generalkinematics","article_modified_time":"2025-08-13T18:16:32+00:00","og_image":[{"width":1076,"height":1004,"url":"https:\/\/media.generalkinematics.com\/wp-content\/uploads\/2017\/10\/Fluid-Bed.jpg","type":"image\/jpeg"}],"twitter_card":"summary_large_image","twitter_site":"@gkvibrating","twitter_misc":{"Gesch\u00e4tzte Lesezeit":"1 Minute"},"schema":{"@context":"https:\/\/schema.org","@graph":[{"@type":"WebPage","@id":"https:\/\/www.generalkinematics.com\/de\/produkt\/vibrations-wirbelschichttrockner\/","url":"https:\/\/www.generalkinematics.com\/de\/produkt\/vibrations-wirbelschichttrockner\/","name":"Vibrations-Wirbelschichttrockner | General Kinematics","isPartOf":{"@id":"https:\/\/www.generalkinematics.com\/de\/#website"},"primaryImageOfPage":{"@id":"https:\/\/www.generalkinematics.com\/de\/produkt\/vibrations-wirbelschichttrockner\/#primaryimage"},"image":{"@id":"https:\/\/www.generalkinematics.com\/de\/produkt\/vibrations-wirbelschichttrockner\/#primaryimage"},"thumbnailUrl":"https:\/\/media.generalkinematics.com\/wp-content\/uploads\/2017\/10\/Fluid-Bed.jpg","datePublished":"2015-07-27T05:09:28+00:00","dateModified":"2025-08-13T18:16:32+00:00","breadcrumb":{"@id":"https:\/\/www.generalkinematics.com\/de\/produkt\/vibrations-wirbelschichttrockner\/#breadcrumb"},"inLanguage":"de-DE","potentialAction":[{"@type":"ReadAction","target":["https:\/\/www.generalkinematics.com\/de\/produkt\/vibrations-wirbelschichttrockner\/"]}]},{"@type":"ImageObject","inLanguage":"de-DE","@id":"https:\/\/www.generalkinematics.com\/de\/produkt\/vibrations-wirbelschichttrockner\/#primaryimage","url":"https:\/\/media.generalkinematics.com\/wp-content\/uploads\/2017\/10\/Fluid-Bed.jpg","contentUrl":"https:\/\/media.generalkinematics.com\/wp-content\/uploads\/2017\/10\/Fluid-Bed.jpg","width":1076,"height":1004},{"@type":"BreadcrumbList","@id":"https:\/\/www.generalkinematics.com\/de\/produkt\/vibrations-wirbelschichttrockner\/#breadcrumb","itemListElement":[{"@type":"ListItem","position":1,"name":"GK Home","item":"https:\/\/www.generalkinematics.com\/de\/"},{"@type":"ListItem","position":2,"name":"Shop","item":"https:\/\/www.generalkinematics.com\/shop\/"},{"@type":"ListItem","position":3,"name":"Vibrations-Wirbelschichttrockner"}]},{"@type":"WebSite","@id":"https:\/\/www.generalkinematics.com\/de\/#website","url":"https:\/\/www.generalkinematics.com\/de\/","name":"General Kinematics","description":"","publisher":{"@id":"https:\/\/www.generalkinematics.com\/de\/#organization"},"potentialAction":[{"@type":"SearchAction","target":{"@type":"EntryPoint","urlTemplate":"https:\/\/www.generalkinematics.com\/de\/?s={search_term_string}"},"query-input":{"@type":"PropertyValueSpecification","valueRequired":true,"valueName":"search_term_string"}}],"inLanguage":"de-DE"},{"@type":"Organization","@id":"https:\/\/www.generalkinematics.com\/de\/#organization","name":"General Kinematics","url":"https:\/\/www.generalkinematics.com\/de\/","logo":{"@type":"ImageObject","inLanguage":"de-DE","@id":"https:\/\/www.generalkinematics.com\/de\/#\/schema\/logo\/image\/","url":"https:\/\/media.generalkinematics.com\/wp-content\/uploads\/2018\/03\/logo.png","contentUrl":"https:\/\/media.generalkinematics.com\/wp-content\/uploads\/2018\/03\/logo.png","width":313,"height":100,"caption":"General Kinematics"},"image":{"@id":"https:\/\/www.generalkinematics.com\/de\/#\/schema\/logo\/image\/"},"sameAs":["https:\/\/www.facebook.com\/generalkinematics","https:\/\/x.com\/gkvibrating"]}]}},"_links":{"self":[{"href":"https:\/\/www.generalkinematics.com\/de\/wp-json\/wp\/v2\/product\/39956","targetHints":{"allow":["GET"]}}],"collection":[{"href":"https:\/\/www.generalkinematics.com\/de\/wp-json\/wp\/v2\/product"}],"about":[{"href":"https:\/\/www.generalkinematics.com\/de\/wp-json\/wp\/v2\/types\/product"}],"replies":[{"embeddable":true,"href":"https:\/\/www.generalkinematics.com\/de\/wp-json\/wp\/v2\/comments?post=39956"}],"wp:featuredmedia":[{"embeddable":true,"href":"https:\/\/www.generalkinematics.com\/de\/wp-json\/wp\/v2\/media\/31853"}],"wp:attachment":[{"href":"https:\/\/www.generalkinematics.com\/de\/wp-json\/wp\/v2\/media?parent=39956"}],"wp:term":[{"taxonomy":"product_brand","embeddable":true,"href":"https:\/\/www.generalkinematics.com\/de\/wp-json\/wp\/v2\/product_brand?post=39956"},{"taxonomy":"product_cat","embeddable":true,"href":"https:\/\/www.generalkinematics.com\/de\/wp-json\/wp\/v2\/product_cat?post=39956"},{"taxonomy":"product_tag","embeddable":true,"href":"https:\/\/www.generalkinematics.com\/de\/wp-json\/wp\/v2\/product_tag?post=39956"}],"curies":[{"name":"wp","href":"https:\/\/api.w.org\/{rel}","templated":true}]}}