{"id":39966,"date":"2015-07-27T00:20:16","date_gmt":"2015-07-27T05:20:16","guid":{"rendered":"https:\/\/www.generalkinematics.com\/product\/beschickungsanlagen-und-forderer-fur-die-holzverarbeitung\/"},"modified":"2018-08-31T09:56:40","modified_gmt":"2018-08-31T14:56:40","slug":"beschickungsanlagen-und-forderer-fur-die-holzverarbeitung","status":"publish","type":"product","link":"https:\/\/www.generalkinematics.com\/de\/produkt\/beschickungsanlagen-und-forderer-fur-die-holzverarbeitung\/","title":{"rendered":"Beschickungsanlagen und F\u00f6rderer f\u00fcr die Holzverarbeitung"},"content":{"rendered":"<p>General Kinematics <strong>Vibrationsf\u00f6rderer und Beschickungsanlagen f\u00fcr die Holzverarbeitung<\/strong> bieten eine un\u00fcbertroffene Robustheit und Zuverl\u00e4ssigkeit.<\/p>\n<p>General Kinematics SYCNRO-COIL\u00ae F\u00f6rderer f\u00fcr die Holzverarbeitung sind in unendlichen L\u00e4ngen erh\u00e4ltlich und werden f\u00fcr Ihre spezifische Anwendung ma\u00dfgefertigt. Technisch fortschrittliche Vibrationsf\u00f6rderer haben bei General Kinematics Tradition. Ganz gleich, wie schwierig Ihre Anwendung ist, wir haben wahrscheinlich bereits ein \u00e4hnliches Materialflussproblem gel\u00f6st &#8211; nicht nur mit Blick auf die Materialien, die bewegt werden m\u00fcssen, sondern auch f\u00fcr eine Reihe von Prozessen wie Trennung, Sortierung, Klassifizierung, Verteilung, Sortierung, Inspektion, Metallentfernung und mehr. Mit den Holz-Vibrationsf\u00f6rderern k\u00f6nnen Sie ganz nach oben, unten oder in Ihre N\u00e4he fahren.<\/p>\n<p>General Kinematics PARA-MOUNT II\u00ae-Beschickungsanlagen f\u00fcr die Holzverarbeitung sind in Standard- oder ma\u00dfgeschneiderten Ausf\u00fchrungen f\u00fcr die Dosierung, gleichm\u00e4\u00dfige Verteilung und Metallentfernung erh\u00e4ltlich. GK-Beschickungsanlagen haben eine lange Lebensdauer.<\/p>\n<h2>Eigenschaften:<\/h2>\n<ul>\n<li>Abh\u00e4ngig von Ihrer Anwendung sind Direktantriebs- oder Zwei-Massen-Ausf\u00fchrungen erh\u00e4ltlich.<\/li>\n<li>Ma\u00dfgeschneiderte Tr\u00f6ge k\u00f6nnen sieben, nach oben f\u00f6rdern und vieles mehr.<\/li>\n<li>In unendlichen L\u00e4ngen und Breiten erh\u00e4ltlich.<\/li>\n<\/ul>\n","protected":false},"excerpt":{"rendered":"<p>General Kinematics Vibrationsf\u00f6rderer und Beschickungsanlagen f\u00fcr die Holzverarbeitung bieten eine un\u00fcbertroffene Robustheit und Zuverl\u00e4ssigkeit. General Kinematics SYCNRO-COIL\u00ae F\u00f6rderer f\u00fcr die Holzverarbeitung sind in unendlichen L\u00e4ngen erh\u00e4ltlich und werden f\u00fcr Ihre spezifische Anwendung ma\u00dfgefertigt. Technisch fortschrittliche Vibrationsf\u00f6rderer haben bei General Kinematics Tradition. Ganz gleich, wie schwierig Ihre Anwendung ist, wir haben wahrscheinlich bereits ein \u00e4hnliches Materialflussproblem [&hellip;]<\/p>\n","protected":false},"featured_media":27783,"comment_status":"closed","ping_status":"closed","template":"","meta":{"_acf_changed":false,"om_disable_all_campaigns":false,"ep_exclude_from_search":false},"product_brand":[],"product_cat":[1810,1798],"product_tag":[],"class_list":{"0":"post-39966","1":"product","2":"type-product","3":"status-publish","4":"has-post-thumbnail","6":"product_cat-ausruestung-forstwirtschaft-holz-und-biomasse","7":"product_cat-recycling-loesungen","9":"first","10":"instock","11":"taxable","12":"shipping-taxable","13":"product-type-simple"},"acf":[],"yoast_head":"<!-- This site is optimized with the Yoast SEO plugin v27.2 - https:\/\/yoast.com\/product\/yoast-seo-wordpress\/ -->\n<title>Beschickungsanlagen und F\u00f6rderer f\u00fcr die Holzverarbeitung | General Kinematics<\/title>\n<meta name=\"robots\" content=\"index, follow, max-snippet:-1, max-image-preview:large, max-video-preview:-1\" \/>\n<link rel=\"canonical\" href=\"https:\/\/www.generalkinematics.com\/de\/produkt\/beschickungsanlagen-und-forderer-fur-die-holzverarbeitung\/\" \/>\n<meta property=\"og:locale\" content=\"de_DE\" \/>\n<meta property=\"og:type\" content=\"article\" \/>\n<meta property=\"og:title\" content=\"Beschickungsanlagen und F\u00f6rderer f\u00fcr die Holzverarbeitung | General Kinematics\" \/>\n<meta property=\"og:description\" content=\"General Kinematics Vibrationsf\u00f6rderer und Beschickungsanlagen f\u00fcr die Holzverarbeitung bieten eine un\u00fcbertroffene Robustheit und Zuverl\u00e4ssigkeit. General Kinematics SYCNRO-COIL\u00ae F\u00f6rderer f\u00fcr die Holzverarbeitung sind in unendlichen L\u00e4ngen erh\u00e4ltlich und werden f\u00fcr Ihre spezifische Anwendung ma\u00dfgefertigt. Technisch fortschrittliche Vibrationsf\u00f6rderer haben bei General Kinematics Tradition. Ganz gleich, wie schwierig Ihre Anwendung ist, wir haben wahrscheinlich bereits ein \u00e4hnliches Materialflussproblem [&hellip;]\" \/>\n<meta property=\"og:url\" content=\"https:\/\/www.generalkinematics.com\/de\/produkt\/beschickungsanlagen-und-forderer-fur-die-holzverarbeitung\/\" \/>\n<meta property=\"og:site_name\" content=\"General Kinematics\" \/>\n<meta property=\"article:publisher\" content=\"https:\/\/www.facebook.com\/generalkinematics\" \/>\n<meta property=\"article:modified_time\" content=\"2018-08-31T14:56:40+00:00\" \/>\n<meta property=\"og:image\" content=\"https:\/\/media.generalkinematics.com\/wp-content\/uploads\/2015\/07\/G0021802.jpg\" \/>\n\t<meta property=\"og:image:width\" content=\"4000\" \/>\n\t<meta property=\"og:image:height\" content=\"3000\" \/>\n\t<meta property=\"og:image:type\" content=\"image\/jpeg\" \/>\n<meta name=\"twitter:card\" content=\"summary_large_image\" \/>\n<meta name=\"twitter:site\" content=\"@gkvibrating\" \/>\n<meta name=\"twitter:label1\" content=\"Gesch\u00e4tzte Lesezeit\" \/>\n\t<meta name=\"twitter:data1\" content=\"1 Minute\" \/>\n<!-- \/ Yoast SEO plugin. -->","yoast_head_json":{"title":"Beschickungsanlagen und F\u00f6rderer f\u00fcr die Holzverarbeitung | General Kinematics","robots":{"index":"index","follow":"follow","max-snippet":"max-snippet:-1","max-image-preview":"max-image-preview:large","max-video-preview":"max-video-preview:-1"},"canonical":"https:\/\/www.generalkinematics.com\/de\/produkt\/beschickungsanlagen-und-forderer-fur-die-holzverarbeitung\/","og_locale":"de_DE","og_type":"article","og_title":"Beschickungsanlagen und F\u00f6rderer f\u00fcr die Holzverarbeitung | General Kinematics","og_description":"General Kinematics Vibrationsf\u00f6rderer und Beschickungsanlagen f\u00fcr die Holzverarbeitung bieten eine un\u00fcbertroffene Robustheit und Zuverl\u00e4ssigkeit. General Kinematics SYCNRO-COIL\u00ae F\u00f6rderer f\u00fcr die Holzverarbeitung sind in unendlichen L\u00e4ngen erh\u00e4ltlich und werden f\u00fcr Ihre spezifische Anwendung ma\u00dfgefertigt. Technisch fortschrittliche Vibrationsf\u00f6rderer haben bei General Kinematics Tradition. Ganz gleich, wie schwierig Ihre Anwendung ist, wir haben wahrscheinlich bereits ein \u00e4hnliches Materialflussproblem [&hellip;]","og_url":"https:\/\/www.generalkinematics.com\/de\/produkt\/beschickungsanlagen-und-forderer-fur-die-holzverarbeitung\/","og_site_name":"General Kinematics","article_publisher":"https:\/\/www.facebook.com\/generalkinematics","article_modified_time":"2018-08-31T14:56:40+00:00","og_image":[{"width":4000,"height":3000,"url":"https:\/\/media.generalkinematics.com\/wp-content\/uploads\/2015\/07\/G0021802.jpg","type":"image\/jpeg"}],"twitter_card":"summary_large_image","twitter_site":"@gkvibrating","twitter_misc":{"Gesch\u00e4tzte Lesezeit":"1 Minute"},"schema":{"@context":"https:\/\/schema.org","@graph":[{"@type":"WebPage","@id":"https:\/\/www.generalkinematics.com\/de\/produkt\/beschickungsanlagen-und-forderer-fur-die-holzverarbeitung\/","url":"https:\/\/www.generalkinematics.com\/de\/produkt\/beschickungsanlagen-und-forderer-fur-die-holzverarbeitung\/","name":"Beschickungsanlagen und F\u00f6rderer f\u00fcr die Holzverarbeitung | General Kinematics","isPartOf":{"@id":"https:\/\/www.generalkinematics.com\/de\/#website"},"primaryImageOfPage":{"@id":"https:\/\/www.generalkinematics.com\/de\/produkt\/beschickungsanlagen-und-forderer-fur-die-holzverarbeitung\/#primaryimage"},"image":{"@id":"https:\/\/www.generalkinematics.com\/de\/produkt\/beschickungsanlagen-und-forderer-fur-die-holzverarbeitung\/#primaryimage"},"thumbnailUrl":"https:\/\/media.generalkinematics.com\/wp-content\/uploads\/2015\/07\/G0021802.jpg","datePublished":"2015-07-27T05:20:16+00:00","dateModified":"2018-08-31T14:56:40+00:00","breadcrumb":{"@id":"https:\/\/www.generalkinematics.com\/de\/produkt\/beschickungsanlagen-und-forderer-fur-die-holzverarbeitung\/#breadcrumb"},"inLanguage":"de-DE","potentialAction":[{"@type":"ReadAction","target":["https:\/\/www.generalkinematics.com\/de\/produkt\/beschickungsanlagen-und-forderer-fur-die-holzverarbeitung\/"]}]},{"@type":"ImageObject","inLanguage":"de-DE","@id":"https:\/\/www.generalkinematics.com\/de\/produkt\/beschickungsanlagen-und-forderer-fur-die-holzverarbeitung\/#primaryimage","url":"https:\/\/media.generalkinematics.com\/wp-content\/uploads\/2015\/07\/G0021802.jpg","contentUrl":"https:\/\/media.generalkinematics.com\/wp-content\/uploads\/2015\/07\/G0021802.jpg","width":4000,"height":3000,"caption":"general-kinematics-wood-screen"},{"@type":"BreadcrumbList","@id":"https:\/\/www.generalkinematics.com\/de\/produkt\/beschickungsanlagen-und-forderer-fur-die-holzverarbeitung\/#breadcrumb","itemListElement":[{"@type":"ListItem","position":1,"name":"GK Home","item":"https:\/\/www.generalkinematics.com\/de\/"},{"@type":"ListItem","position":2,"name":"Shop","item":"https:\/\/www.generalkinematics.com\/shop\/"},{"@type":"ListItem","position":3,"name":"Beschickungsanlagen und F\u00f6rderer f\u00fcr die Holzverarbeitung"}]},{"@type":"WebSite","@id":"https:\/\/www.generalkinematics.com\/de\/#website","url":"https:\/\/www.generalkinematics.com\/de\/","name":"General Kinematics","description":"","publisher":{"@id":"https:\/\/www.generalkinematics.com\/de\/#organization"},"potentialAction":[{"@type":"SearchAction","target":{"@type":"EntryPoint","urlTemplate":"https:\/\/www.generalkinematics.com\/de\/?s={search_term_string}"},"query-input":{"@type":"PropertyValueSpecification","valueRequired":true,"valueName":"search_term_string"}}],"inLanguage":"de-DE"},{"@type":"Organization","@id":"https:\/\/www.generalkinematics.com\/de\/#organization","name":"General Kinematics","url":"https:\/\/www.generalkinematics.com\/de\/","logo":{"@type":"ImageObject","inLanguage":"de-DE","@id":"https:\/\/www.generalkinematics.com\/de\/#\/schema\/logo\/image\/","url":"https:\/\/media.generalkinematics.com\/wp-content\/uploads\/2018\/03\/logo.png","contentUrl":"https:\/\/media.generalkinematics.com\/wp-content\/uploads\/2018\/03\/logo.png","width":313,"height":100,"caption":"General Kinematics"},"image":{"@id":"https:\/\/www.generalkinematics.com\/de\/#\/schema\/logo\/image\/"},"sameAs":["https:\/\/www.facebook.com\/generalkinematics","https:\/\/x.com\/gkvibrating"]}]}},"_links":{"self":[{"href":"https:\/\/www.generalkinematics.com\/de\/wp-json\/wp\/v2\/product\/39966","targetHints":{"allow":["GET"]}}],"collection":[{"href":"https:\/\/www.generalkinematics.com\/de\/wp-json\/wp\/v2\/product"}],"about":[{"href":"https:\/\/www.generalkinematics.com\/de\/wp-json\/wp\/v2\/types\/product"}],"replies":[{"embeddable":true,"href":"https:\/\/www.generalkinematics.com\/de\/wp-json\/wp\/v2\/comments?post=39966"}],"wp:featuredmedia":[{"embeddable":true,"href":"https:\/\/www.generalkinematics.com\/de\/wp-json\/wp\/v2\/media\/27783"}],"wp:attachment":[{"href":"https:\/\/www.generalkinematics.com\/de\/wp-json\/wp\/v2\/media?parent=39966"}],"wp:term":[{"taxonomy":"product_brand","embeddable":true,"href":"https:\/\/www.generalkinematics.com\/de\/wp-json\/wp\/v2\/product_brand?post=39966"},{"taxonomy":"product_cat","embeddable":true,"href":"https:\/\/www.generalkinematics.com\/de\/wp-json\/wp\/v2\/product_cat?post=39966"},{"taxonomy":"product_tag","embeddable":true,"href":"https:\/\/www.generalkinematics.com\/de\/wp-json\/wp\/v2\/product_tag?post=39966"}],"curies":[{"name":"wp","href":"https:\/\/api.w.org\/{rel}","templated":true}]}}