{"id":39975,"date":"2015-07-29T06:36:55","date_gmt":"2015-07-29T11:36:55","guid":{"rendered":"https:\/\/www.generalkinematics.com\/product\/kuhlforderer-fur-trockene-nasse-schlacke\/"},"modified":"2018-08-31T08:10:09","modified_gmt":"2018-08-31T13:10:09","slug":"kuhlforderer-fur-trockene","status":"publish","type":"product","link":"https:\/\/www.generalkinematics.com\/de\/produkt\/kuhlforderer-fur-trockene\/","title":{"rendered":"K\u00fchlf\u00f6rderer f\u00fcr trockene\/nasse Schlacke"},"content":{"rendered":"<p>General Kinematics <strong>Trockenschlacken-K\u00fchlf\u00f6rderer<\/strong> eliminieren Popkornschlacke, Schlackenpfannen und Plattenb\u00e4nder. Mit GKs Trockenschlackensystem wird Schlacke gef\u00f6rdert, indirekt gek\u00fchlt und in eine halbfeste Pfannkuchenschlacke umgewandelt. Die patentierte indirekte K\u00fchltrog-Technologie des Trockenschlacken-K\u00fchlf\u00f6rderers erm\u00f6glicht es, Schlacke sofort in Beh\u00e4lter zu verladen oder in einen Abschrecktank zu entladen. Die Einheiten sind, um zu Ihrem Prozess zu passen, in ma\u00dfgeschneiderten Breiten und L\u00e4ngen erh\u00e4ltlich.\u00a0Mit der GKs Trockenschlacke-Technologie erhalten die Kunden eine erstarrte Schlacke, die eine sinnvolle Wiederverwendung erm\u00f6glicht und das Bef\u00fcllen von Deponien \u00fcberfl\u00fcssig macht.<\/p>\n<p>General Kinematics <strong>Nassschlackenf\u00f6rderer<\/strong> wurden urspr\u00fcnglich <a href=\"http:\/\/patft.uspto.gov\/netacgi\/nph-Parser?Sect1=PTO2&amp;Sect2=HITOFF&amp;u=\/netahtml\/PTO\/search-adv.htm&amp;r=155&amp;f=G&amp;l=50&amp;d=PTXT&amp;s1=\" target=\"_blank\" rel=\"noopener\">von General Kinematics in den sp\u00e4ten 70er Jahren entwickelt und patentiert<\/a> und stellen immer noch die robusteste Maschine zum Abschrecken von Schlacke, R\u00fcckstand, Gussteilen und anderen hei\u00dfen Metall- und Metallnebenprodukten dar.\u00a0General Kinematics Vibrations-Nassschlackenf\u00f6rderer kombinieren ein Wasserreservoir in einer Vibrations-Beschickungsanlage, um Ihnen einen sauberen und effektiven Weg zum schnellen Abk\u00fchlen von Schlacke oder anderen hei\u00dfen Materialien zu bieten. GK Nassschlackenf\u00f6rderer nehmen hei\u00dfes Material direkt auf und schrecken das Material sofort ab.\u00a0Die geschmolzene Schlacke wird abgeschreckt und im Wasserbad abgek\u00fchlt, wodurch Popcornschlacke entsteht, die heraus gef\u00f6rdert wird und zur sofortigen Entsorgung bereit steht.<\/p>\n<p>F\u00fcr weitere Informationen \u00fcber Trockenschlacken- oder Nassschlackenf\u00f6rderer <a href=\"https:\/\/www.generalkinematics.com\/de\/kontakt-general-kinematics\/\">wenden Sie sich an einen GK Gie\u00dfereiexperten.<\/a><\/p>\n<h2>Eigenschaften F\u00f6rderer f\u00fcr trockene Schlacke:<\/h2>\n<ul>\n<li>Der Prozess beseitigt Popcornschlacke, die \u00fcblicherweise bei anderen Wasserabschreckverfahren beobachtet wird.<\/li>\n<li>Es entsteht ein k\u00f6rniges Material, das als Aggregat in anderen Branchen verwendet werden kann.<\/li>\n<li>Sie nutzen die von GK patentierte indirekte K\u00fchltrog-Technologie, um die Produkttemperatur konstant zu halten.<\/li>\n<li>Ma\u00dfgeschneidert f\u00fcr Ihre Verfahrens- und Platzanforderungen.<\/li>\n<\/ul>\n<p>&nbsp;<\/p>\n<h2>Eigenschaften F\u00f6rderer f\u00fcr nasse Schlacke:<\/h2>\n<ul>\n<li>Die Vibrationswirkung f\u00f6rdert abgeschrecktes Material in einen Beh\u00e4lter oder zur weiteren Verarbeitung, w\u00e4hrend das Wasserbad im Trog zur\u00fcckgehalten wird.<\/li>\n<li>Das geschlossene Wasserkreislaufsystem ist sauber und leicht zu warten. Neues Wasser wird nur hinzugef\u00fcgt, um Verluste durch Verdampfung auszugleichen.<\/li>\n<li>Der Vibrationsf\u00f6rderer ist ausbalanciert und abgetrennt, um die Schwingungs\u00fcbertragung und die Anforderungen an die Fundamente zu minimieren.<\/li>\n<li>Die Ausf\u00fchrungen sind mit ma\u00dfgeschneiderten Antrieben und Tr\u00f6gen erh\u00e4ltlich, um Ihre H\u00f6henanforderungen zu erf\u00fcllen.<\/li>\n<li>Zu den Standardmerkmalen geh\u00f6ren eine Trogkonstruktion aus Edelstahl und ein eingeschraubter Holzplankeneinlass f\u00fcr maximalen Schutz vor Korrosion und geschmolzenem Kontaktverschlei\u00df.<\/li>\n<\/ul>\n","protected":false},"excerpt":{"rendered":"<p>General Kinematics Trockenschlacken-K\u00fchlf\u00f6rderer eliminieren Popkornschlacke, Schlackenpfannen und Plattenb\u00e4nder. Mit GKs Trockenschlackensystem wird Schlacke gef\u00f6rdert, indirekt gek\u00fchlt und in eine halbfeste Pfannkuchenschlacke umgewandelt. Die patentierte indirekte K\u00fchltrog-Technologie des Trockenschlacken-K\u00fchlf\u00f6rderers erm\u00f6glicht es, Schlacke sofort in Beh\u00e4lter zu verladen oder in einen Abschrecktank zu entladen. Die Einheiten sind, um zu Ihrem Prozess zu passen, in ma\u00dfgeschneiderten Breiten und [&hellip;]<\/p>\n","protected":false},"featured_media":26883,"comment_status":"closed","ping_status":"closed","template":"","meta":{"_acf_changed":false,"om_disable_all_campaigns":false,"ep_exclude_from_search":false},"product_brand":[],"product_cat":[1791,1769,1759,1784,1776],"product_tag":[],"class_list":{"0":"post-39975","1":"product","2":"type-product","3":"status-publish","4":"has-post-thumbnail","6":"product_cat-gruensandgiesserei","7":"product_cat-lordungen-fuer-giesserei-und-metallguss","8":"product_cat-no-bake-gieserei","9":"product_cat-schlacke-und-kratzerueckgewinnung","10":"product_cat-schmelzdeck-ausruestung","12":"first","13":"instock","14":"taxable","15":"shipping-taxable","16":"product-type-simple"},"acf":[],"yoast_head":"<!-- This site is optimized with the Yoast SEO plugin v27.2 - https:\/\/yoast.com\/product\/yoast-seo-wordpress\/ -->\n<title>K\u00fchlf\u00f6rderer f\u00fcr trockene\/nasse Schlacke | General Kinematics<\/title>\n<meta name=\"robots\" content=\"index, follow, max-snippet:-1, max-image-preview:large, max-video-preview:-1\" \/>\n<link rel=\"canonical\" href=\"https:\/\/www.generalkinematics.com\/de\/produkt\/kuhlforderer-fur-trockene\/\" \/>\n<meta property=\"og:locale\" content=\"de_DE\" \/>\n<meta property=\"og:type\" content=\"article\" \/>\n<meta property=\"og:title\" content=\"K\u00fchlf\u00f6rderer f\u00fcr trockene\/nasse Schlacke | General Kinematics\" \/>\n<meta property=\"og:description\" content=\"General Kinematics Trockenschlacken-K\u00fchlf\u00f6rderer eliminieren Popkornschlacke, Schlackenpfannen und Plattenb\u00e4nder. Mit GKs Trockenschlackensystem wird Schlacke gef\u00f6rdert, indirekt gek\u00fchlt und in eine halbfeste Pfannkuchenschlacke umgewandelt. Die patentierte indirekte K\u00fchltrog-Technologie des Trockenschlacken-K\u00fchlf\u00f6rderers erm\u00f6glicht es, Schlacke sofort in Beh\u00e4lter zu verladen oder in einen Abschrecktank zu entladen. Die Einheiten sind, um zu Ihrem Prozess zu passen, in ma\u00dfgeschneiderten Breiten und [&hellip;]\" \/>\n<meta property=\"og:url\" content=\"https:\/\/www.generalkinematics.com\/de\/produkt\/kuhlforderer-fur-trockene\/\" \/>\n<meta property=\"og:site_name\" content=\"General Kinematics\" \/>\n<meta property=\"article:publisher\" content=\"https:\/\/www.facebook.com\/generalkinematics\" \/>\n<meta property=\"article:modified_time\" content=\"2018-08-31T13:10:09+00:00\" \/>\n<meta property=\"og:image\" content=\"https:\/\/www.generalkinematics.com\/wp-content\/uploads\/2016\/03\/quenching-conveyor.jpg\" \/>\n\t<meta property=\"og:image:width\" content=\"2180\" \/>\n\t<meta property=\"og:image:height\" content=\"1351\" \/>\n\t<meta property=\"og:image:type\" content=\"image\/jpeg\" \/>\n<meta name=\"twitter:card\" content=\"summary_large_image\" \/>\n<meta name=\"twitter:site\" content=\"@gkvibrating\" \/>\n<meta name=\"twitter:label1\" content=\"Gesch\u00e4tzte Lesezeit\" \/>\n\t<meta name=\"twitter:data1\" content=\"2 Minuten\" \/>\n<!-- \/ Yoast SEO plugin. -->","yoast_head_json":{"title":"K\u00fchlf\u00f6rderer f\u00fcr trockene\/nasse Schlacke | General Kinematics","robots":{"index":"index","follow":"follow","max-snippet":"max-snippet:-1","max-image-preview":"max-image-preview:large","max-video-preview":"max-video-preview:-1"},"canonical":"https:\/\/www.generalkinematics.com\/de\/produkt\/kuhlforderer-fur-trockene\/","og_locale":"de_DE","og_type":"article","og_title":"K\u00fchlf\u00f6rderer f\u00fcr trockene\/nasse Schlacke | General Kinematics","og_description":"General Kinematics Trockenschlacken-K\u00fchlf\u00f6rderer eliminieren Popkornschlacke, Schlackenpfannen und Plattenb\u00e4nder. Mit GKs Trockenschlackensystem wird Schlacke gef\u00f6rdert, indirekt gek\u00fchlt und in eine halbfeste Pfannkuchenschlacke umgewandelt. Die patentierte indirekte K\u00fchltrog-Technologie des Trockenschlacken-K\u00fchlf\u00f6rderers erm\u00f6glicht es, Schlacke sofort in Beh\u00e4lter zu verladen oder in einen Abschrecktank zu entladen. Die Einheiten sind, um zu Ihrem Prozess zu passen, in ma\u00dfgeschneiderten Breiten und [&hellip;]","og_url":"https:\/\/www.generalkinematics.com\/de\/produkt\/kuhlforderer-fur-trockene\/","og_site_name":"General Kinematics","article_publisher":"https:\/\/www.facebook.com\/generalkinematics","article_modified_time":"2018-08-31T13:10:09+00:00","og_image":[{"width":2180,"height":1351,"url":"https:\/\/www.generalkinematics.com\/wp-content\/uploads\/2016\/03\/quenching-conveyor.jpg","type":"image\/jpeg"}],"twitter_card":"summary_large_image","twitter_site":"@gkvibrating","twitter_misc":{"Gesch\u00e4tzte Lesezeit":"2 Minuten"},"schema":{"@context":"https:\/\/schema.org","@graph":[{"@type":"WebPage","@id":"https:\/\/www.generalkinematics.com\/de\/produkt\/kuhlforderer-fur-trockene\/","url":"https:\/\/www.generalkinematics.com\/de\/produkt\/kuhlforderer-fur-trockene\/","name":"K\u00fchlf\u00f6rderer f\u00fcr trockene\/nasse Schlacke | General Kinematics","isPartOf":{"@id":"https:\/\/www.generalkinematics.com\/de\/#website"},"primaryImageOfPage":{"@id":"https:\/\/www.generalkinematics.com\/de\/produkt\/kuhlforderer-fur-trockene\/#primaryimage"},"image":{"@id":"https:\/\/www.generalkinematics.com\/de\/produkt\/kuhlforderer-fur-trockene\/#primaryimage"},"thumbnailUrl":"https:\/\/media.generalkinematics.com\/wp-content\/uploads\/2016\/03\/quenching-conveyor.jpg","datePublished":"2015-07-29T11:36:55+00:00","dateModified":"2018-08-31T13:10:09+00:00","breadcrumb":{"@id":"https:\/\/www.generalkinematics.com\/de\/produkt\/kuhlforderer-fur-trockene\/#breadcrumb"},"inLanguage":"de-DE","potentialAction":[{"@type":"ReadAction","target":["https:\/\/www.generalkinematics.com\/de\/produkt\/kuhlforderer-fur-trockene\/"]}]},{"@type":"ImageObject","inLanguage":"de-DE","@id":"https:\/\/www.generalkinematics.com\/de\/produkt\/kuhlforderer-fur-trockene\/#primaryimage","url":"https:\/\/media.generalkinematics.com\/wp-content\/uploads\/2016\/03\/quenching-conveyor.jpg","contentUrl":"https:\/\/media.generalkinematics.com\/wp-content\/uploads\/2016\/03\/quenching-conveyor.jpg","width":2180,"height":1351,"caption":"general-kinematics-quenching-conveyor"},{"@type":"BreadcrumbList","@id":"https:\/\/www.generalkinematics.com\/de\/produkt\/kuhlforderer-fur-trockene\/#breadcrumb","itemListElement":[{"@type":"ListItem","position":1,"name":"GK Home","item":"https:\/\/www.generalkinematics.com\/de\/"},{"@type":"ListItem","position":2,"name":"Shop","item":"https:\/\/www.generalkinematics.com\/shop\/"},{"@type":"ListItem","position":3,"name":"K\u00fchlf\u00f6rderer f\u00fcr trockene\/nasse Schlacke"}]},{"@type":"WebSite","@id":"https:\/\/www.generalkinematics.com\/de\/#website","url":"https:\/\/www.generalkinematics.com\/de\/","name":"General Kinematics","description":"","publisher":{"@id":"https:\/\/www.generalkinematics.com\/de\/#organization"},"potentialAction":[{"@type":"SearchAction","target":{"@type":"EntryPoint","urlTemplate":"https:\/\/www.generalkinematics.com\/de\/?s={search_term_string}"},"query-input":{"@type":"PropertyValueSpecification","valueRequired":true,"valueName":"search_term_string"}}],"inLanguage":"de-DE"},{"@type":"Organization","@id":"https:\/\/www.generalkinematics.com\/de\/#organization","name":"General Kinematics","url":"https:\/\/www.generalkinematics.com\/de\/","logo":{"@type":"ImageObject","inLanguage":"de-DE","@id":"https:\/\/www.generalkinematics.com\/de\/#\/schema\/logo\/image\/","url":"https:\/\/media.generalkinematics.com\/wp-content\/uploads\/2018\/03\/logo.png","contentUrl":"https:\/\/media.generalkinematics.com\/wp-content\/uploads\/2018\/03\/logo.png","width":313,"height":100,"caption":"General Kinematics"},"image":{"@id":"https:\/\/www.generalkinematics.com\/de\/#\/schema\/logo\/image\/"},"sameAs":["https:\/\/www.facebook.com\/generalkinematics","https:\/\/x.com\/gkvibrating"]}]}},"_links":{"self":[{"href":"https:\/\/www.generalkinematics.com\/de\/wp-json\/wp\/v2\/product\/39975","targetHints":{"allow":["GET"]}}],"collection":[{"href":"https:\/\/www.generalkinematics.com\/de\/wp-json\/wp\/v2\/product"}],"about":[{"href":"https:\/\/www.generalkinematics.com\/de\/wp-json\/wp\/v2\/types\/product"}],"replies":[{"embeddable":true,"href":"https:\/\/www.generalkinematics.com\/de\/wp-json\/wp\/v2\/comments?post=39975"}],"wp:featuredmedia":[{"embeddable":true,"href":"https:\/\/www.generalkinematics.com\/de\/wp-json\/wp\/v2\/media\/26883"}],"wp:attachment":[{"href":"https:\/\/www.generalkinematics.com\/de\/wp-json\/wp\/v2\/media?parent=39975"}],"wp:term":[{"taxonomy":"product_brand","embeddable":true,"href":"https:\/\/www.generalkinematics.com\/de\/wp-json\/wp\/v2\/product_brand?post=39975"},{"taxonomy":"product_cat","embeddable":true,"href":"https:\/\/www.generalkinematics.com\/de\/wp-json\/wp\/v2\/product_cat?post=39975"},{"taxonomy":"product_tag","embeddable":true,"href":"https:\/\/www.generalkinematics.com\/de\/wp-json\/wp\/v2\/product_tag?post=39975"}],"curies":[{"name":"wp","href":"https:\/\/api.w.org\/{rel}","templated":true}]}}