{"id":39984,"date":"2015-07-29T10:37:50","date_gmt":"2015-07-29T15:37:50","guid":{"rendered":"https:\/\/www.generalkinematics.com\/product\/syncro-flex-vibrationsforderer\/"},"modified":"2018-08-30T00:24:55","modified_gmt":"2018-08-30T05:24:55","slug":"syncro-flex-vibrating-conveyors-2","status":"publish","type":"product","link":"https:\/\/www.generalkinematics.com\/de\/produkt\/syncro-flex-vibrating-conveyors-2\/","title":{"rendered":"SYNCRO-FLEX\u00ae Vibrationsf\u00f6rderer"},"content":{"rendered":"<p>SYNCRO-FLEX\u00ae-F\u00f6rderer verwenden Gummi-Scherhalterungen als St\u00fctzen und zur Steuerung der dimensionalen Bewegung, sowie als Arbeitsfedern, um Energie effizient aufzunehmen und freizusetzen. Durch ihre hocheffiziente Bauweise eignen sie sich ideal f\u00fcr Anwendungen mit geringer Bauh\u00f6he wie beispielsweise in der Lebensmittelverarbeitung. Die einfache, \u00fcbersichtliche Bauweise sorgt f\u00fcr maximale Sauberkeit in chemischen und lebensmitteltechnischen Anwendungen, sowie f\u00fcr weniger Wartungsaufwand und Verschlei\u00df in staubigen Umgebungen.<\/p>\n<p>&nbsp;<\/p>\n<h2>Eigenschaften:<\/h2>\n<ul>\n<li>Die korrosionsfreien Eigenschaften erm\u00f6glichen ein schnelles und einfaches Abspritzen.<\/li>\n<li>Die Gummi-Scherhalterungen wurden speziell entwickelt, um eine geringe Belastung und einen st\u00f6rungsfreien Betrieb zu gew\u00e4hrleisten.<\/li>\n<li>Je nach Anwendung in ma\u00dfgeschneiderten L\u00e4ngen und Breiten erh\u00e4ltlich.<\/li>\n<\/ul>\n","protected":false},"excerpt":{"rendered":"<p>SYNCRO-FLEX\u00ae-F\u00f6rderer verwenden Gummi-Scherhalterungen als St\u00fctzen und zur Steuerung der dimensionalen Bewegung, sowie als Arbeitsfedern, um Energie effizient aufzunehmen und freizusetzen. Durch ihre hocheffiziente Bauweise eignen sie sich ideal f\u00fcr Anwendungen mit geringer Bauh\u00f6he wie beispielsweise in der Lebensmittelverarbeitung. Die einfache, \u00fcbersichtliche Bauweise sorgt f\u00fcr maximale Sauberkeit in chemischen und lebensmitteltechnischen Anwendungen, sowie f\u00fcr weniger Wartungsaufwand [&hellip;]<\/p>\n","protected":false},"featured_media":22643,"comment_status":"closed","ping_status":"closed","template":"","meta":{"_acf_changed":false,"om_disable_all_campaigns":false,"ep_exclude_from_search":false},"product_brand":[],"product_cat":[1769],"product_tag":[],"class_list":{"0":"post-39984","1":"product","2":"type-product","3":"status-publish","4":"has-post-thumbnail","6":"product_cat-lordungen-fuer-giesserei-und-metallguss","8":"first","9":"instock","10":"taxable","11":"shipping-taxable","12":"product-type-simple"},"acf":[],"yoast_head":"<!-- This site is optimized with the Yoast SEO plugin v27.2 - https:\/\/yoast.com\/product\/yoast-seo-wordpress\/ -->\n<title>SYNCRO-FLEX\u00ae Vibrationsf\u00f6rderer | General Kinematics<\/title>\n<meta name=\"robots\" content=\"index, follow, max-snippet:-1, max-image-preview:large, max-video-preview:-1\" \/>\n<link rel=\"canonical\" href=\"https:\/\/www.generalkinematics.com\/de\/produkt\/syncro-flex-vibrating-conveyors-2\/\" \/>\n<meta property=\"og:locale\" content=\"de_DE\" \/>\n<meta property=\"og:type\" content=\"article\" \/>\n<meta property=\"og:title\" content=\"SYNCRO-FLEX\u00ae Vibrationsf\u00f6rderer | General Kinematics\" \/>\n<meta property=\"og:description\" content=\"SYNCRO-FLEX\u00ae-F\u00f6rderer verwenden Gummi-Scherhalterungen als St\u00fctzen und zur Steuerung der dimensionalen Bewegung, sowie als Arbeitsfedern, um Energie effizient aufzunehmen und freizusetzen. Durch ihre hocheffiziente Bauweise eignen sie sich ideal f\u00fcr Anwendungen mit geringer Bauh\u00f6he wie beispielsweise in der Lebensmittelverarbeitung. Die einfache, \u00fcbersichtliche Bauweise sorgt f\u00fcr maximale Sauberkeit in chemischen und lebensmitteltechnischen Anwendungen, sowie f\u00fcr weniger Wartungsaufwand [&hellip;]\" \/>\n<meta property=\"og:url\" content=\"https:\/\/www.generalkinematics.com\/de\/produkt\/syncro-flex-vibrating-conveyors-2\/\" \/>\n<meta property=\"og:site_name\" content=\"General Kinematics\" \/>\n<meta property=\"article:publisher\" content=\"https:\/\/www.facebook.com\/generalkinematics\" \/>\n<meta property=\"article:modified_time\" content=\"2018-08-30T05:24:55+00:00\" \/>\n<meta property=\"og:image\" content=\"https:\/\/www.generalkinematics.com\/wp-content\/uploads\/2015\/07\/syncroflex.jpg\" \/>\n\t<meta property=\"og:image:width\" content=\"600\" \/>\n\t<meta property=\"og:image:height\" content=\"300\" \/>\n\t<meta property=\"og:image:type\" content=\"image\/jpeg\" \/>\n<meta name=\"twitter:card\" content=\"summary_large_image\" \/>\n<meta name=\"twitter:site\" content=\"@gkvibrating\" \/>\n<meta name=\"twitter:label1\" content=\"Gesch\u00e4tzte Lesezeit\" \/>\n\t<meta name=\"twitter:data1\" content=\"1 Minute\" \/>\n<!-- \/ Yoast SEO plugin. -->","yoast_head_json":{"title":"SYNCRO-FLEX\u00ae Vibrationsf\u00f6rderer | General Kinematics","robots":{"index":"index","follow":"follow","max-snippet":"max-snippet:-1","max-image-preview":"max-image-preview:large","max-video-preview":"max-video-preview:-1"},"canonical":"https:\/\/www.generalkinematics.com\/de\/produkt\/syncro-flex-vibrating-conveyors-2\/","og_locale":"de_DE","og_type":"article","og_title":"SYNCRO-FLEX\u00ae Vibrationsf\u00f6rderer | General Kinematics","og_description":"SYNCRO-FLEX\u00ae-F\u00f6rderer verwenden Gummi-Scherhalterungen als St\u00fctzen und zur Steuerung der dimensionalen Bewegung, sowie als Arbeitsfedern, um Energie effizient aufzunehmen und freizusetzen. Durch ihre hocheffiziente Bauweise eignen sie sich ideal f\u00fcr Anwendungen mit geringer Bauh\u00f6he wie beispielsweise in der Lebensmittelverarbeitung. Die einfache, \u00fcbersichtliche Bauweise sorgt f\u00fcr maximale Sauberkeit in chemischen und lebensmitteltechnischen Anwendungen, sowie f\u00fcr weniger Wartungsaufwand [&hellip;]","og_url":"https:\/\/www.generalkinematics.com\/de\/produkt\/syncro-flex-vibrating-conveyors-2\/","og_site_name":"General Kinematics","article_publisher":"https:\/\/www.facebook.com\/generalkinematics","article_modified_time":"2018-08-30T05:24:55+00:00","og_image":[{"width":600,"height":300,"url":"https:\/\/www.generalkinematics.com\/wp-content\/uploads\/2015\/07\/syncroflex.jpg","type":"image\/jpeg"}],"twitter_card":"summary_large_image","twitter_site":"@gkvibrating","twitter_misc":{"Gesch\u00e4tzte Lesezeit":"1 Minute"},"schema":{"@context":"https:\/\/schema.org","@graph":[{"@type":"WebPage","@id":"https:\/\/www.generalkinematics.com\/de\/produkt\/syncro-flex-vibrating-conveyors-2\/","url":"https:\/\/www.generalkinematics.com\/de\/produkt\/syncro-flex-vibrating-conveyors-2\/","name":"SYNCRO-FLEX\u00ae Vibrationsf\u00f6rderer | General Kinematics","isPartOf":{"@id":"https:\/\/www.generalkinematics.com\/de\/#website"},"primaryImageOfPage":{"@id":"https:\/\/www.generalkinematics.com\/de\/produkt\/syncro-flex-vibrating-conveyors-2\/#primaryimage"},"image":{"@id":"https:\/\/www.generalkinematics.com\/de\/produkt\/syncro-flex-vibrating-conveyors-2\/#primaryimage"},"thumbnailUrl":"https:\/\/media.generalkinematics.com\/wp-content\/uploads\/2015\/07\/syncroflex.jpg","datePublished":"2015-07-29T15:37:50+00:00","dateModified":"2018-08-30T05:24:55+00:00","breadcrumb":{"@id":"https:\/\/www.generalkinematics.com\/de\/produkt\/syncro-flex-vibrating-conveyors-2\/#breadcrumb"},"inLanguage":"de-DE","potentialAction":[{"@type":"ReadAction","target":["https:\/\/www.generalkinematics.com\/de\/produkt\/syncro-flex-vibrating-conveyors-2\/"]}]},{"@type":"ImageObject","inLanguage":"de-DE","@id":"https:\/\/www.generalkinematics.com\/de\/produkt\/syncro-flex-vibrating-conveyors-2\/#primaryimage","url":"https:\/\/media.generalkinematics.com\/wp-content\/uploads\/2015\/07\/syncroflex.jpg","contentUrl":"https:\/\/media.generalkinematics.com\/wp-content\/uploads\/2015\/07\/syncroflex.jpg","width":600,"height":300,"caption":"general-kinematics-syncroflex"},{"@type":"BreadcrumbList","@id":"https:\/\/www.generalkinematics.com\/de\/produkt\/syncro-flex-vibrating-conveyors-2\/#breadcrumb","itemListElement":[{"@type":"ListItem","position":1,"name":"GK Home","item":"https:\/\/www.generalkinematics.com\/de\/"},{"@type":"ListItem","position":2,"name":"Shop","item":"https:\/\/www.generalkinematics.com\/shop\/"},{"@type":"ListItem","position":3,"name":"SYNCRO-FLEX\u00ae Vibrationsf\u00f6rderer"}]},{"@type":"WebSite","@id":"https:\/\/www.generalkinematics.com\/de\/#website","url":"https:\/\/www.generalkinematics.com\/de\/","name":"General Kinematics","description":"","publisher":{"@id":"https:\/\/www.generalkinematics.com\/de\/#organization"},"potentialAction":[{"@type":"SearchAction","target":{"@type":"EntryPoint","urlTemplate":"https:\/\/www.generalkinematics.com\/de\/?s={search_term_string}"},"query-input":{"@type":"PropertyValueSpecification","valueRequired":true,"valueName":"search_term_string"}}],"inLanguage":"de-DE"},{"@type":"Organization","@id":"https:\/\/www.generalkinematics.com\/de\/#organization","name":"General Kinematics","url":"https:\/\/www.generalkinematics.com\/de\/","logo":{"@type":"ImageObject","inLanguage":"de-DE","@id":"https:\/\/www.generalkinematics.com\/de\/#\/schema\/logo\/image\/","url":"https:\/\/media.generalkinematics.com\/wp-content\/uploads\/2018\/03\/logo.png","contentUrl":"https:\/\/media.generalkinematics.com\/wp-content\/uploads\/2018\/03\/logo.png","width":313,"height":100,"caption":"General Kinematics"},"image":{"@id":"https:\/\/www.generalkinematics.com\/de\/#\/schema\/logo\/image\/"},"sameAs":["https:\/\/www.facebook.com\/generalkinematics","https:\/\/x.com\/gkvibrating"]}]}},"_links":{"self":[{"href":"https:\/\/www.generalkinematics.com\/de\/wp-json\/wp\/v2\/product\/39984","targetHints":{"allow":["GET"]}}],"collection":[{"href":"https:\/\/www.generalkinematics.com\/de\/wp-json\/wp\/v2\/product"}],"about":[{"href":"https:\/\/www.generalkinematics.com\/de\/wp-json\/wp\/v2\/types\/product"}],"replies":[{"embeddable":true,"href":"https:\/\/www.generalkinematics.com\/de\/wp-json\/wp\/v2\/comments?post=39984"}],"wp:featuredmedia":[{"embeddable":true,"href":"https:\/\/www.generalkinematics.com\/de\/wp-json\/wp\/v2\/media\/22643"}],"wp:attachment":[{"href":"https:\/\/www.generalkinematics.com\/de\/wp-json\/wp\/v2\/media?parent=39984"}],"wp:term":[{"taxonomy":"product_brand","embeddable":true,"href":"https:\/\/www.generalkinematics.com\/de\/wp-json\/wp\/v2\/product_brand?post=39984"},{"taxonomy":"product_cat","embeddable":true,"href":"https:\/\/www.generalkinematics.com\/de\/wp-json\/wp\/v2\/product_cat?post=39984"},{"taxonomy":"product_tag","embeddable":true,"href":"https:\/\/www.generalkinematics.com\/de\/wp-json\/wp\/v2\/product_tag?post=39984"}],"curies":[{"name":"wp","href":"https:\/\/api.w.org\/{rel}","templated":true}]}}