{"id":39998,"date":"2015-07-29T10:41:51","date_gmt":"2015-07-29T15:41:51","guid":{"rendered":"https:\/\/www.generalkinematics.com\/product\/syncro-shear-vibrationsforderer\/"},"modified":"2018-08-30T00:24:52","modified_gmt":"2018-08-30T05:24:52","slug":"syncro-shear-vibratory-conveyors-2","status":"publish","type":"product","link":"https:\/\/www.generalkinematics.com\/de\/produkt\/syncro-shear-vibratory-conveyors-2\/","title":{"rendered":"SYNCRO-SHEAR\u00ae Vibrationsf\u00f6rderer"},"content":{"rendered":"<p>General Kinematics Unterm\u00fchlen-Oszillatoren wurden speziell f\u00fcr die harten Bedingungen unter automatischen Schreddern und anderen h\u00e4ufig eingesetzten Anlagen entwickelt. Robuste, verschlei\u00dffeste Tr\u00f6ge widerstehen den Aufschl\u00e4gen von herabfallendem Material, w\u00e4hrend General Kinematics exklusiver SYNCRO-SHEAR\u00ae-Antrieb selbst den gr\u00f6\u00dften St\u00f6\u00dfen gewachsen ist, ohne den F\u00f6rderer zu besch\u00e4digen.<\/p>\n<p>General Kinematics Super Heavy-Duty Unterm\u00fchlen-Oszillatoren sind so konzipiert, dass sie Explosionen und schweren St\u00f6\u00dfen, die unter automatischen und anderen Arten von Schreddern zu finden sind, widerstehen. Die Decks bestehen aus einer Verschlei\u00dfplatte f\u00fcr eine lange Lebensdauer und die Antriebe befinden sich f\u00fcr eine einfache Instandhaltung auf der R\u00fcckseite der Einheit.<\/p>\n<p>&nbsp;<\/p>\n<h2>Eigenschaften:<\/h2>\n<ul>\n<li>Ein energiesparender Antrieb mit geringer Antriebsleistung senkt die Betriebskosten.<\/li>\n<li>Ein robustes Sto\u00dfd\u00e4mpfersystem sch\u00fctzt den Trog vor \u00dcberlastung, Explosionen oder schweren St\u00f6\u00dfen.<\/li>\n<li>Das SYNCRO-SHEAR\u00ae Federsystem beseitigt Probleme, die bei Schraubenfedern in dieser Anwendung auftreten.<\/li>\n<li>Langlebige Trogverschlei\u00dfplatten.<\/li>\n<li>R\u00fcckseitig montierter Antrieb f\u00fcr einfachen Wartungszugang.<\/li>\n<\/ul>\n","protected":false},"excerpt":{"rendered":"<p>General Kinematics Unterm\u00fchlen-Oszillatoren wurden speziell f\u00fcr die harten Bedingungen unter automatischen Schreddern und anderen h\u00e4ufig eingesetzten Anlagen entwickelt. Robuste, verschlei\u00dffeste Tr\u00f6ge widerstehen den Aufschl\u00e4gen von herabfallendem Material, w\u00e4hrend General Kinematics exklusiver SYNCRO-SHEAR\u00ae-Antrieb selbst den gr\u00f6\u00dften St\u00f6\u00dfen gewachsen ist, ohne den F\u00f6rderer zu besch\u00e4digen. General Kinematics Super Heavy-Duty Unterm\u00fchlen-Oszillatoren sind so konzipiert, dass sie Explosionen und [&hellip;]<\/p>\n","protected":false},"featured_media":23575,"comment_status":"closed","ping_status":"closed","template":"","meta":{"_acf_changed":false,"om_disable_all_campaigns":false,"ep_exclude_from_search":false},"product_brand":[],"product_cat":[1769],"product_tag":[],"class_list":{"0":"post-39998","1":"product","2":"type-product","3":"status-publish","4":"has-post-thumbnail","6":"product_cat-lordungen-fuer-giesserei-und-metallguss","8":"first","9":"instock","10":"taxable","11":"shipping-taxable","12":"product-type-simple"},"acf":[],"yoast_head":"<!-- This site is optimized with the Yoast SEO plugin v27.2 - https:\/\/yoast.com\/product\/yoast-seo-wordpress\/ -->\n<title>SYNCRO-SHEAR\u00ae Vibrationsf\u00f6rderer | General Kinematics<\/title>\n<meta name=\"robots\" content=\"index, follow, max-snippet:-1, max-image-preview:large, max-video-preview:-1\" \/>\n<link rel=\"canonical\" href=\"https:\/\/www.generalkinematics.com\/de\/produkt\/syncro-shear-vibratory-conveyors-2\/\" \/>\n<meta property=\"og:locale\" content=\"de_DE\" \/>\n<meta property=\"og:type\" content=\"article\" \/>\n<meta property=\"og:title\" content=\"SYNCRO-SHEAR\u00ae Vibrationsf\u00f6rderer | General Kinematics\" \/>\n<meta property=\"og:description\" content=\"General Kinematics Unterm\u00fchlen-Oszillatoren wurden speziell f\u00fcr die harten Bedingungen unter automatischen Schreddern und anderen h\u00e4ufig eingesetzten Anlagen entwickelt. Robuste, verschlei\u00dffeste Tr\u00f6ge widerstehen den Aufschl\u00e4gen von herabfallendem Material, w\u00e4hrend General Kinematics exklusiver SYNCRO-SHEAR\u00ae-Antrieb selbst den gr\u00f6\u00dften St\u00f6\u00dfen gewachsen ist, ohne den F\u00f6rderer zu besch\u00e4digen. General Kinematics Super Heavy-Duty Unterm\u00fchlen-Oszillatoren sind so konzipiert, dass sie Explosionen und [&hellip;]\" \/>\n<meta property=\"og:url\" content=\"https:\/\/www.generalkinematics.com\/de\/produkt\/syncro-shear-vibratory-conveyors-2\/\" \/>\n<meta property=\"og:site_name\" content=\"General Kinematics\" \/>\n<meta property=\"article:publisher\" content=\"https:\/\/www.facebook.com\/generalkinematics\" \/>\n<meta property=\"article:modified_time\" content=\"2018-08-30T05:24:52+00:00\" \/>\n<meta property=\"og:image\" content=\"https:\/\/www.generalkinematics.com\/wp-content\/uploads\/2015\/07\/vibrating_conveyor_1.jpg\" \/>\n\t<meta property=\"og:image:width\" content=\"2296\" \/>\n\t<meta property=\"og:image:height\" content=\"633\" \/>\n\t<meta property=\"og:image:type\" content=\"image\/jpeg\" \/>\n<meta name=\"twitter:card\" content=\"summary_large_image\" \/>\n<meta name=\"twitter:site\" content=\"@gkvibrating\" \/>\n<meta name=\"twitter:label1\" content=\"Gesch\u00e4tzte Lesezeit\" \/>\n\t<meta name=\"twitter:data1\" content=\"1 Minute\" \/>\n<!-- \/ Yoast SEO plugin. -->","yoast_head_json":{"title":"SYNCRO-SHEAR\u00ae Vibrationsf\u00f6rderer | General Kinematics","robots":{"index":"index","follow":"follow","max-snippet":"max-snippet:-1","max-image-preview":"max-image-preview:large","max-video-preview":"max-video-preview:-1"},"canonical":"https:\/\/www.generalkinematics.com\/de\/produkt\/syncro-shear-vibratory-conveyors-2\/","og_locale":"de_DE","og_type":"article","og_title":"SYNCRO-SHEAR\u00ae Vibrationsf\u00f6rderer | General Kinematics","og_description":"General Kinematics Unterm\u00fchlen-Oszillatoren wurden speziell f\u00fcr die harten Bedingungen unter automatischen Schreddern und anderen h\u00e4ufig eingesetzten Anlagen entwickelt. Robuste, verschlei\u00dffeste Tr\u00f6ge widerstehen den Aufschl\u00e4gen von herabfallendem Material, w\u00e4hrend General Kinematics exklusiver SYNCRO-SHEAR\u00ae-Antrieb selbst den gr\u00f6\u00dften St\u00f6\u00dfen gewachsen ist, ohne den F\u00f6rderer zu besch\u00e4digen. General Kinematics Super Heavy-Duty Unterm\u00fchlen-Oszillatoren sind so konzipiert, dass sie Explosionen und [&hellip;]","og_url":"https:\/\/www.generalkinematics.com\/de\/produkt\/syncro-shear-vibratory-conveyors-2\/","og_site_name":"General Kinematics","article_publisher":"https:\/\/www.facebook.com\/generalkinematics","article_modified_time":"2018-08-30T05:24:52+00:00","og_image":[{"width":2296,"height":633,"url":"https:\/\/www.generalkinematics.com\/wp-content\/uploads\/2015\/07\/vibrating_conveyor_1.jpg","type":"image\/jpeg"}],"twitter_card":"summary_large_image","twitter_site":"@gkvibrating","twitter_misc":{"Gesch\u00e4tzte Lesezeit":"1 Minute"},"schema":{"@context":"https:\/\/schema.org","@graph":[{"@type":"WebPage","@id":"https:\/\/www.generalkinematics.com\/de\/produkt\/syncro-shear-vibratory-conveyors-2\/","url":"https:\/\/www.generalkinematics.com\/de\/produkt\/syncro-shear-vibratory-conveyors-2\/","name":"SYNCRO-SHEAR\u00ae Vibrationsf\u00f6rderer | General Kinematics","isPartOf":{"@id":"https:\/\/www.generalkinematics.com\/de\/#website"},"primaryImageOfPage":{"@id":"https:\/\/www.generalkinematics.com\/de\/produkt\/syncro-shear-vibratory-conveyors-2\/#primaryimage"},"image":{"@id":"https:\/\/www.generalkinematics.com\/de\/produkt\/syncro-shear-vibratory-conveyors-2\/#primaryimage"},"thumbnailUrl":"https:\/\/media.generalkinematics.com\/wp-content\/uploads\/2015\/07\/vibrating_conveyor_1.jpg","datePublished":"2015-07-29T15:41:51+00:00","dateModified":"2018-08-30T05:24:52+00:00","breadcrumb":{"@id":"https:\/\/www.generalkinematics.com\/de\/produkt\/syncro-shear-vibratory-conveyors-2\/#breadcrumb"},"inLanguage":"de-DE","potentialAction":[{"@type":"ReadAction","target":["https:\/\/www.generalkinematics.com\/de\/produkt\/syncro-shear-vibratory-conveyors-2\/"]}]},{"@type":"ImageObject","inLanguage":"de-DE","@id":"https:\/\/www.generalkinematics.com\/de\/produkt\/syncro-shear-vibratory-conveyors-2\/#primaryimage","url":"https:\/\/media.generalkinematics.com\/wp-content\/uploads\/2015\/07\/vibrating_conveyor_1.jpg","contentUrl":"https:\/\/media.generalkinematics.com\/wp-content\/uploads\/2015\/07\/vibrating_conveyor_1.jpg","width":2296,"height":633,"caption":"general-kinematics-syncro-shear-conveyor"},{"@type":"BreadcrumbList","@id":"https:\/\/www.generalkinematics.com\/de\/produkt\/syncro-shear-vibratory-conveyors-2\/#breadcrumb","itemListElement":[{"@type":"ListItem","position":1,"name":"GK Home","item":"https:\/\/www.generalkinematics.com\/de\/"},{"@type":"ListItem","position":2,"name":"Shop","item":"https:\/\/www.generalkinematics.com\/shop\/"},{"@type":"ListItem","position":3,"name":"SYNCRO-SHEAR\u00ae Vibrationsf\u00f6rderer"}]},{"@type":"WebSite","@id":"https:\/\/www.generalkinematics.com\/de\/#website","url":"https:\/\/www.generalkinematics.com\/de\/","name":"General Kinematics","description":"","publisher":{"@id":"https:\/\/www.generalkinematics.com\/de\/#organization"},"potentialAction":[{"@type":"SearchAction","target":{"@type":"EntryPoint","urlTemplate":"https:\/\/www.generalkinematics.com\/de\/?s={search_term_string}"},"query-input":{"@type":"PropertyValueSpecification","valueRequired":true,"valueName":"search_term_string"}}],"inLanguage":"de-DE"},{"@type":"Organization","@id":"https:\/\/www.generalkinematics.com\/de\/#organization","name":"General Kinematics","url":"https:\/\/www.generalkinematics.com\/de\/","logo":{"@type":"ImageObject","inLanguage":"de-DE","@id":"https:\/\/www.generalkinematics.com\/de\/#\/schema\/logo\/image\/","url":"https:\/\/media.generalkinematics.com\/wp-content\/uploads\/2018\/03\/logo.png","contentUrl":"https:\/\/media.generalkinematics.com\/wp-content\/uploads\/2018\/03\/logo.png","width":313,"height":100,"caption":"General Kinematics"},"image":{"@id":"https:\/\/www.generalkinematics.com\/de\/#\/schema\/logo\/image\/"},"sameAs":["https:\/\/www.facebook.com\/generalkinematics","https:\/\/x.com\/gkvibrating"]}]}},"_links":{"self":[{"href":"https:\/\/www.generalkinematics.com\/de\/wp-json\/wp\/v2\/product\/39998","targetHints":{"allow":["GET"]}}],"collection":[{"href":"https:\/\/www.generalkinematics.com\/de\/wp-json\/wp\/v2\/product"}],"about":[{"href":"https:\/\/www.generalkinematics.com\/de\/wp-json\/wp\/v2\/types\/product"}],"replies":[{"embeddable":true,"href":"https:\/\/www.generalkinematics.com\/de\/wp-json\/wp\/v2\/comments?post=39998"}],"wp:featuredmedia":[{"embeddable":true,"href":"https:\/\/www.generalkinematics.com\/de\/wp-json\/wp\/v2\/media\/23575"}],"wp:attachment":[{"href":"https:\/\/www.generalkinematics.com\/de\/wp-json\/wp\/v2\/media?parent=39998"}],"wp:term":[{"taxonomy":"product_brand","embeddable":true,"href":"https:\/\/www.generalkinematics.com\/de\/wp-json\/wp\/v2\/product_brand?post=39998"},{"taxonomy":"product_cat","embeddable":true,"href":"https:\/\/www.generalkinematics.com\/de\/wp-json\/wp\/v2\/product_cat?post=39998"},{"taxonomy":"product_tag","embeddable":true,"href":"https:\/\/www.generalkinematics.com\/de\/wp-json\/wp\/v2\/product_tag?post=39998"}],"curies":[{"name":"wp","href":"https:\/\/api.w.org\/{rel}","templated":true}]}}