{"id":40007,"date":"2015-07-30T02:33:36","date_gmt":"2015-07-30T07:33:36","guid":{"rendered":"https:\/\/www.generalkinematics.com\/product\/para-mount-ii-vibrations-beschickungsanlage\/"},"modified":"2019-07-12T16:57:02","modified_gmt":"2019-07-12T21:57:02","slug":"paramount-vibrations-beschickungsanlage","status":"publish","type":"product","link":"https:\/\/www.generalkinematics.com\/de\/produkt\/paramount-vibrations-beschickungsanlage\/","title":{"rendered":"PARA-MOUNT II\u00ae Vibrations-Beschickungsanlage"},"content":{"rendered":"<p>Die bew\u00e4hrte Leistung und der wartungsfreier Betrieb machen die <strong>PARA-MOUNT II\u00ae Vibrations-Beschickungsanlage<\/strong> zur ersten Wahl bei Vibrations-Beschickungsanlagen f\u00fcr anspruchsvollste Anwendungen. PARA-MOUNT II\u00ae Vibrations-Beschickungsanlagen in Konfigurationen mit fester oder variabler Kraft nutzen ein <strong><span style=\"font-weight: 400;\">Zwei-Massen<\/span><\/strong>-System ohne Eigenfrequenz. Masse A (der Erreger) erregt die Masse B (die Deckanordnung) durch pr\u00e4zisionsgefertigte Schraubenfedern. Es werden nur geringe Mengen an Energie ben\u00f6tigt, um die nat\u00fcrliche Energie zu erhalten, die durch das Federsystem gespeichert und freigesetzt wird. Was dies f\u00fcr Sie bedeutet, sind eine erh\u00f6hte Beschickungskapazit\u00e4t, niedrigere Energiekosten und au\u00dfergew\u00f6hnliche Zuverl\u00e4ssigkeit und Wartungsfreundlichkeit. PARA-MOUNT II\u00ae Vibrations-Beschickungsanlagen verbrauchen aufgrund unserer <strong><span style=\"font-weight: 400;\">Zwei-Massen<\/span><\/strong>-Eigenfrequenzbauweise weniger Energie. Ob Sie eine Beschickungsanlage beladen oder Sand oder Gussst\u00fccke dosieren, jede Vibrations-Beschickungsanlage wurde speziell zur Verbesserung Ihres Prozesses entwickelt.<\/p>\n<h2>Eigenschaften:<\/h2>\n<ul>\n<li>Der Zwei-Massen-Vibrationsantrieb kann auf Fundamenten f\u00fcr geringe Leistung oder Motoren mit Doppel-c-Flanschen montiert werden.<\/li>\n<li>Einfache, Extra-Heavy Duty Bauweise f\u00fcr jahrelangen problemlosen Betrieb.<\/li>\n<li>Die zwei-Massen-Ausf\u00fchrung ohne Eigenfrequenz ist selbstkompensierend und beh\u00e4lt automatisch eine konstante Beschickungsgeschwindigkeit f\u00fcr unterschiedliche Ladungen und bei Materialwechseln bei.<\/li>\n<li>Signifikante j\u00e4hrliche Energieeinsparungen gegen\u00fcber \u00e4u\u00dferst robusten Ausf\u00fchrungen oder Ausf\u00fchrungen f\u00fcr direkte Kr\u00e4fte.<\/li>\n<li>F\u00fcr den ununterbrochenen Betrieb mit geringer Wartung entwickelt.<\/li>\n<li>Die Extra Heavy Duty-Ausf\u00fchrung widersteht schweren Teilen und abrasiven Materialien.<\/li>\n<\/ul>\n","protected":false},"excerpt":{"rendered":"<p>Die bew\u00e4hrte Leistung und der wartungsfreier Betrieb machen die PARA-MOUNT II\u00ae Vibrations-Beschickungsanlage zur ersten Wahl bei Vibrations-Beschickungsanlagen f\u00fcr anspruchsvollste Anwendungen. PARA-MOUNT II\u00ae Vibrations-Beschickungsanlagen in Konfigurationen mit fester oder variabler Kraft nutzen ein Zwei-Massen-System ohne Eigenfrequenz. Masse A (der Erreger) erregt die Masse B (die Deckanordnung) durch pr\u00e4zisionsgefertigte Schraubenfedern. Es werden nur geringe Mengen an Energie [&hellip;]<\/p>\n","protected":false},"featured_media":35728,"comment_status":"closed","ping_status":"closed","template":"","meta":{"_acf_changed":false,"om_disable_all_campaigns":false,"ep_exclude_from_search":false},"product_brand":[],"product_cat":[1792,1797],"product_tag":[],"class_list":{"0":"post-40007","1":"product","2":"type-product","3":"status-publish","4":"has-post-thumbnail","6":"casestudytag-feeder-de","7":"product_cat-bergbau-und-mineralienloesungen","8":"product_cat-vibrierende-foerderer-bergbau-und-mineralien-loesungen","10":"first","11":"instock","12":"taxable","13":"shipping-taxable","14":"product-type-simple"},"acf":[],"yoast_head":"<!-- This site is optimized with the Yoast SEO plugin v27.5 - https:\/\/yoast.com\/product\/yoast-seo-wordpress\/ -->\n<title>PARA-MOUNT II\u00ae Vibrations-Beschickungsanlage | General Kinematics<\/title>\n<meta name=\"robots\" content=\"index, follow, max-snippet:-1, max-image-preview:large, max-video-preview:-1\" \/>\n<link rel=\"canonical\" href=\"https:\/\/www.generalkinematics.com\/de\/produkt\/paramount-vibrations-beschickungsanlage\/\" \/>\n<meta property=\"og:locale\" content=\"de_DE\" \/>\n<meta property=\"og:type\" content=\"article\" \/>\n<meta property=\"og:title\" content=\"PARA-MOUNT II\u00ae Vibrations-Beschickungsanlage | General Kinematics\" \/>\n<meta property=\"og:description\" content=\"Die bew\u00e4hrte Leistung und der wartungsfreier Betrieb machen die PARA-MOUNT II\u00ae Vibrations-Beschickungsanlage zur ersten Wahl bei Vibrations-Beschickungsanlagen f\u00fcr anspruchsvollste Anwendungen. PARA-MOUNT II\u00ae Vibrations-Beschickungsanlagen in Konfigurationen mit fester oder variabler Kraft nutzen ein Zwei-Massen-System ohne Eigenfrequenz. Masse A (der Erreger) erregt die Masse B (die Deckanordnung) durch pr\u00e4zisionsgefertigte Schraubenfedern. Es werden nur geringe Mengen an Energie [&hellip;]\" \/>\n<meta property=\"og:url\" content=\"https:\/\/www.generalkinematics.com\/de\/produkt\/paramount-vibrations-beschickungsanlage\/\" \/>\n<meta property=\"og:site_name\" content=\"General Kinematics\" \/>\n<meta property=\"article:publisher\" content=\"https:\/\/www.facebook.com\/generalkinematics\" \/>\n<meta property=\"article:modified_time\" content=\"2019-07-12T21:57:02+00:00\" \/>\n<meta property=\"og:image\" content=\"https:\/\/media.generalkinematics.com\/wp-content\/uploads\/2015\/07\/paramount-I.jpg\" \/>\n\t<meta property=\"og:image:width\" content=\"2560\" \/>\n\t<meta property=\"og:image:height\" content=\"1495\" \/>\n\t<meta property=\"og:image:type\" content=\"image\/jpeg\" \/>\n<meta name=\"twitter:card\" content=\"summary_large_image\" \/>\n<meta name=\"twitter:site\" content=\"@gkvibrating\" \/>\n<meta name=\"twitter:label1\" content=\"Gesch\u00e4tzte Lesezeit\" \/>\n\t<meta name=\"twitter:data1\" content=\"1 Minute\" \/>\n<!-- \/ Yoast SEO plugin. -->","yoast_head_json":{"title":"PARA-MOUNT II\u00ae Vibrations-Beschickungsanlage | General Kinematics","robots":{"index":"index","follow":"follow","max-snippet":"max-snippet:-1","max-image-preview":"max-image-preview:large","max-video-preview":"max-video-preview:-1"},"canonical":"https:\/\/www.generalkinematics.com\/de\/produkt\/paramount-vibrations-beschickungsanlage\/","og_locale":"de_DE","og_type":"article","og_title":"PARA-MOUNT II\u00ae Vibrations-Beschickungsanlage | General Kinematics","og_description":"Die bew\u00e4hrte Leistung und der wartungsfreier Betrieb machen die PARA-MOUNT II\u00ae Vibrations-Beschickungsanlage zur ersten Wahl bei Vibrations-Beschickungsanlagen f\u00fcr anspruchsvollste Anwendungen. PARA-MOUNT II\u00ae Vibrations-Beschickungsanlagen in Konfigurationen mit fester oder variabler Kraft nutzen ein Zwei-Massen-System ohne Eigenfrequenz. Masse A (der Erreger) erregt die Masse B (die Deckanordnung) durch pr\u00e4zisionsgefertigte Schraubenfedern. Es werden nur geringe Mengen an Energie [&hellip;]","og_url":"https:\/\/www.generalkinematics.com\/de\/produkt\/paramount-vibrations-beschickungsanlage\/","og_site_name":"General Kinematics","article_publisher":"https:\/\/www.facebook.com\/generalkinematics","article_modified_time":"2019-07-12T21:57:02+00:00","og_image":[{"width":2560,"height":1495,"url":"https:\/\/media.generalkinematics.com\/wp-content\/uploads\/2015\/07\/paramount-I.jpg","type":"image\/jpeg"}],"twitter_card":"summary_large_image","twitter_site":"@gkvibrating","twitter_misc":{"Gesch\u00e4tzte Lesezeit":"1 Minute"},"schema":{"@context":"https:\/\/schema.org","@graph":[{"@type":"WebPage","@id":"https:\/\/www.generalkinematics.com\/de\/produkt\/paramount-vibrations-beschickungsanlage\/","url":"https:\/\/www.generalkinematics.com\/de\/produkt\/paramount-vibrations-beschickungsanlage\/","name":"PARA-MOUNT II\u00ae Vibrations-Beschickungsanlage | General Kinematics","isPartOf":{"@id":"https:\/\/www.generalkinematics.com\/de\/#website"},"primaryImageOfPage":{"@id":"https:\/\/www.generalkinematics.com\/de\/produkt\/paramount-vibrations-beschickungsanlage\/#primaryimage"},"image":{"@id":"https:\/\/www.generalkinematics.com\/de\/produkt\/paramount-vibrations-beschickungsanlage\/#primaryimage"},"thumbnailUrl":"https:\/\/media.generalkinematics.com\/wp-content\/uploads\/2015\/07\/paramount-I.jpg","datePublished":"2015-07-30T07:33:36+00:00","dateModified":"2019-07-12T21:57:02+00:00","breadcrumb":{"@id":"https:\/\/www.generalkinematics.com\/de\/produkt\/paramount-vibrations-beschickungsanlage\/#breadcrumb"},"inLanguage":"de-DE","potentialAction":[{"@type":"ReadAction","target":["https:\/\/www.generalkinematics.com\/de\/produkt\/paramount-vibrations-beschickungsanlage\/"]}]},{"@type":"ImageObject","inLanguage":"de-DE","@id":"https:\/\/www.generalkinematics.com\/de\/produkt\/paramount-vibrations-beschickungsanlage\/#primaryimage","url":"https:\/\/media.generalkinematics.com\/wp-content\/uploads\/2015\/07\/paramount-I.jpg","contentUrl":"https:\/\/media.generalkinematics.com\/wp-content\/uploads\/2015\/07\/paramount-I.jpg","width":2560,"height":1495,"caption":"Paramount Feeder"},{"@type":"BreadcrumbList","@id":"https:\/\/www.generalkinematics.com\/de\/produkt\/paramount-vibrations-beschickungsanlage\/#breadcrumb","itemListElement":[{"@type":"ListItem","position":1,"name":"GK Home","item":"https:\/\/www.generalkinematics.com\/de\/"},{"@type":"ListItem","position":2,"name":"Shop","item":"https:\/\/www.generalkinematics.com\/shop\/"},{"@type":"ListItem","position":3,"name":"PARA-MOUNT II\u00ae Vibrations-Beschickungsanlage"}]},{"@type":"WebSite","@id":"https:\/\/www.generalkinematics.com\/de\/#website","url":"https:\/\/www.generalkinematics.com\/de\/","name":"General Kinematics","description":"","publisher":{"@id":"https:\/\/www.generalkinematics.com\/de\/#organization"},"potentialAction":[{"@type":"SearchAction","target":{"@type":"EntryPoint","urlTemplate":"https:\/\/www.generalkinematics.com\/de\/?s={search_term_string}"},"query-input":{"@type":"PropertyValueSpecification","valueRequired":true,"valueName":"search_term_string"}}],"inLanguage":"de-DE"},{"@type":"Organization","@id":"https:\/\/www.generalkinematics.com\/de\/#organization","name":"General Kinematics","url":"https:\/\/www.generalkinematics.com\/de\/","logo":{"@type":"ImageObject","inLanguage":"de-DE","@id":"https:\/\/www.generalkinematics.com\/de\/#\/schema\/logo\/image\/","url":"https:\/\/media.generalkinematics.com\/wp-content\/uploads\/2018\/03\/logo.png","contentUrl":"https:\/\/media.generalkinematics.com\/wp-content\/uploads\/2018\/03\/logo.png","width":313,"height":100,"caption":"General Kinematics"},"image":{"@id":"https:\/\/www.generalkinematics.com\/de\/#\/schema\/logo\/image\/"},"sameAs":["https:\/\/www.facebook.com\/generalkinematics","https:\/\/x.com\/gkvibrating"]}]}},"_links":{"self":[{"href":"https:\/\/www.generalkinematics.com\/de\/wp-json\/wp\/v2\/product\/40007","targetHints":{"allow":["GET"]}}],"collection":[{"href":"https:\/\/www.generalkinematics.com\/de\/wp-json\/wp\/v2\/product"}],"about":[{"href":"https:\/\/www.generalkinematics.com\/de\/wp-json\/wp\/v2\/types\/product"}],"replies":[{"embeddable":true,"href":"https:\/\/www.generalkinematics.com\/de\/wp-json\/wp\/v2\/comments?post=40007"}],"wp:featuredmedia":[{"embeddable":true,"href":"https:\/\/www.generalkinematics.com\/de\/wp-json\/wp\/v2\/media\/35728"}],"wp:attachment":[{"href":"https:\/\/www.generalkinematics.com\/de\/wp-json\/wp\/v2\/media?parent=40007"}],"wp:term":[{"taxonomy":"product_brand","embeddable":true,"href":"https:\/\/www.generalkinematics.com\/de\/wp-json\/wp\/v2\/product_brand?post=40007"},{"taxonomy":"product_cat","embeddable":true,"href":"https:\/\/www.generalkinematics.com\/de\/wp-json\/wp\/v2\/product_cat?post=40007"},{"taxonomy":"product_tag","embeddable":true,"href":"https:\/\/www.generalkinematics.com\/de\/wp-json\/wp\/v2\/product_tag?post=40007"}],"curies":[{"name":"wp","href":"https:\/\/api.w.org\/{rel}","templated":true}]}}