{"id":40078,"date":"2015-07-30T02:46:09","date_gmt":"2015-07-30T07:46:09","guid":{"rendered":"https:\/\/www.generalkinematics.com\/product\/vibra-mill-vibrations-batch-sandruckgwewinnungsanlage\/"},"modified":"2019-08-30T09:56:09","modified_gmt":"2019-08-30T14:56:09","slug":"vibra-mill-vibrations-batch-sandruckgwewinnungsanlage","status":"publish","type":"product","link":"https:\/\/www.generalkinematics.com\/de\/produkt\/vibra-mill-vibrations-batch-sandruckgwewinnungsanlage\/","title":{"rendered":"VIBRA-MILL\u00ae Vibrations-Batch-Sandr\u00fcckgwewinnungsanlage"},"content":{"rendered":"<p><u><strong>Sch\u00fcttelt, bewegt, vibriert, taumelt und schleift bis zu 1,2 m gro\u00dfe Klumpen auf eine Korngr\u00f6\u00dfe Minus 20 Maschen. Automatisch.<\/strong><\/u><\/p>\n<p>Die <strong>VIBRA-MILL\u00ae Wiederaufbereitungsm\u00fchle<\/strong> hat sich in zahlreichen Gie\u00dfereien sowohl als einzige Reibungsm\u00fchle als auch als Sandvorbehandlungsanlage bew\u00e4hrt. H\u00e4ufig werden gr\u00f6\u00dfere, teurere Anlagen und Systeme \u00fcberfl\u00fcssig und die Produktionsraten werden sogar noch verbessert. Durch die Effizienz der VIBRA-MILL\u00ae Sandr\u00fcckgewinnung wird der Einkauf von neuem Sand erheblich reduziert.<\/p>\n<p><u><strong>Bauweise<\/strong><\/u><\/p>\n<p>Die VIBRA-MILL\u00ae ist mit schwingungsarmen Stahlspiralfedern zur Minimierung der Bodenvibrationen ausgestattet und verf\u00fcgt \u00fcber eine offene Wannen, die Wartungs- und Betriebsprobleme bei Mehrdeckanlagen beseitigt. Bei GKs Standard-VIBRA-MILL\u00ae-Ausf\u00fchrung braucht die Wanne nicht manuell gereinigt werden.<\/p>\n<p>Das gr\u00f6\u00dfte VIBRA-MILL\u00ae-Modell ist kompakt im Design und belegt knapp 81 Quadratmeter Nutzfl\u00e4che. Es kann f\u00fcr eine verbesserte Produktion und Einsparungen einfach in die meisten bestehenden Systeme integriert werden.<\/p>\n<p><u><strong>Kapazit\u00e4t<\/strong><\/u><\/p>\n<p>Es k\u00f6nnen Produktionsraten von bis zu 20 Tonnen pro Stunde erreicht und aufrechterhalten werden, wobei eine normale Mischung aus Klumpen und Sand auf die urspr\u00fcngliche Korngr\u00f6\u00dfe reduziert werden.<\/p>\n<p><u><strong>Endg\u00fcltige Korngr\u00f6\u00dfe<\/strong><\/u><\/p>\n<p>Die Klumpen werden auf unter 20 Maschen pro Zoll mit der urspr\u00fcnglichen Korngr\u00f6\u00dfenverteilung und der entsprechenden Verringerung von L.O.I. zerkleinert. Bei richtiger Zugabe von neuem Sand ist das wiedergewonnene Material sauber und bereit f\u00fcr den Bau einer neuen Form ohne dass eine weitere Reibungsm\u00fchle erforderlich ist.<\/p>\n<p><u><strong>Trennf\u00e4higkeit<\/strong><\/u><\/p>\n<p>Um sauberen Sand zu gew\u00e4hrleisten, werden Fremdstoffe wie Metall, Keramik, Kernadern, usw. durch ein luftbet\u00e4tigtes Tor an ein Ende der Einheit gef\u00f6rdert und entladen.<\/p>\n<p>Am gegen\u00fcberliegenden Ende passiert feiner Sand einen Luftkanal, der feine organische Stoffe entfernt, und ein abschlie\u00dfendes Klassifizierungssieb zur Trennung von keramischen und metallischen Partikeln.<\/p>\n<p><u><strong>Niedriger Ger\u00e4uschpegel<\/strong><\/u><\/p>\n<p>Der leise und laufruhige Betrieb der VIBRA-MILL\u00ae erf\u00fcllt die strengsten Industrienormen hinsichtlich der Ger\u00e4uschpegel.<\/p>\n<p><u><strong>Antriebssystem<\/strong><\/u><\/p>\n<p>Das Antriebssystem ist eine Tandemeinheit von in sich geschlossenen motorisierten Antrieben von 1,5 KW bis 5,5 KW. Abh\u00e4ngig vom VIBRA-MILL\u00ae-Modell. Sie erzeugen die Vibrationswirkung, die notwendig ist, um Sandklumpen in die urspr\u00fcngliche Korngr\u00f6\u00dfe zu zerkleinern. Die Motoren sind staubdicht, vollst\u00e4ndig gekapselt und speziell f\u00fcr den Vibrationsbetrieb ausgef\u00fchrt. Die Antriebe sind f\u00fcr die Wartung und Instandhaltung leicht zug\u00e4nglich.<\/p>\n<p>Bei den Standard-VIBRA-MILL\u00ae-Modellen wird w\u00e4hrend des Abfallentladezyklus ein dritter Antrieb verwendet, der eine umgekehrte F\u00f6rderbewegung erzeugt und das erste Sieb freir\u00e4umt. Bei Hochenergie-VIBRA-MILL\u00ae-Ausf\u00fchrungen muss die Reinigung weiterhin manuell ausgef\u00fchrt werden.<\/p>\n<p>Motorunabh\u00e4ngigkeit, einfacher Antrieb und gute Zug\u00e4nglichkeit tragen zur st\u00f6rungsfreien Funktion von VIBRA-MILL\u00ae-Equipment bei.<\/p>\n<p><u><strong>Nicht nur f\u00fcr Sand<\/strong><\/u><\/p>\n<p>Die VIBRA-MILL\u00ae-Wiederaufbereitungsanlage ist ein wirklich vielseitiges Equipment. In der Tat gibt es viele Branchen, in denen VIBRA-MILL\u00ae Taumel- und Reibungsm\u00fchlen in den Verarbeitungsprozess integriert werden k\u00f6nnen, um die Produktion zu beschleunigen und die Kosten zu senken. Zum Beispiel nutzt die Metallschrottbranche VIBRA-MILL\u00ae um Metallst\u00fccke vor dem Brikettieren zu verarbeiten. Gie\u00dfereien verwenden VIBRA-MILL\u00ae auch zur R\u00fcckgewinnung von Nichteisenmetallen wie Aluminium, Bronze, Messing und Sonderlegierungen.<\/p>\n<p><a href=\"https:\/\/www.generalkinematics.com\/de\/kontakt-general-kinematics\/\" target=\"_blank\" rel=\"noopener\">Wenden Sie sich an Ihren Vertreter von General Kinematics<\/a>, um mehr dar\u00fcber zu erfahren, wie GKs VIBRA-MILL\u00ae Ihnen helfen kann, gr\u00f6\u00dfere Einsparungen in der Produktion zu erzielen.<\/p>\n<h2>Eigenschaften:<\/h2>\n<ul>\n<li>Spezielle Vibrations-Betriebsmotoren f\u00fcr erh\u00f6hte Verf\u00fcgbarkeit.<\/li>\n<li>Je nach Anwendung stehen verschiedene Beschickungsanlagen zur Verf\u00fcgung.<\/li>\n<li>Hohe R\u00fcckgewinnungsraten.<\/li>\n<li>Einfache, offene Wanne f\u00fcr einfaches Beladen.<\/li>\n<li>Ein ausfallsicheres Deck.<\/li>\n<li>Erm\u00f6glicht die Entfernung von Feinanteilen.<\/li>\n<\/ul>\n","protected":false},"excerpt":{"rendered":"<p>Sch\u00fcttelt, bewegt, vibriert, taumelt und schleift bis zu 1,2 m gro\u00dfe Klumpen auf eine Korngr\u00f6\u00dfe Minus 20 Maschen. Automatisch. Die VIBRA-MILL\u00ae Wiederaufbereitungsm\u00fchle hat sich in zahlreichen Gie\u00dfereien sowohl als einzige Reibungsm\u00fchle als auch als Sandvorbehandlungsanlage bew\u00e4hrt. H\u00e4ufig werden gr\u00f6\u00dfere, teurere Anlagen und Systeme \u00fcberfl\u00fcssig und die Produktionsraten werden sogar noch verbessert. Durch die Effizienz der [&hellip;]<\/p>\n","protected":false},"featured_media":25219,"comment_status":"closed","ping_status":"closed","template":"","meta":{"_acf_changed":false,"om_disable_all_campaigns":false,"ep_exclude_from_search":false},"product_brand":[],"product_cat":[1749],"product_tag":[],"class_list":{"0":"post-40078","1":"product","2":"type-product","3":"status-publish","4":"has-post-thumbnail","6":"product_cat-steuerung-und-ueberwachung","8":"first","9":"instock","10":"taxable","11":"shipping-taxable","12":"product-type-simple"},"acf":[],"yoast_head":"<!-- This site is optimized with the Yoast SEO plugin v27.2 - https:\/\/yoast.com\/product\/yoast-seo-wordpress\/ -->\n<title>VIBRA-MILL\u00ae Vibrations-Batch-Sandr\u00fcckgwewinnungsanlage | General Kinematics<\/title>\n<meta name=\"robots\" content=\"index, follow, max-snippet:-1, max-image-preview:large, max-video-preview:-1\" \/>\n<link rel=\"canonical\" href=\"https:\/\/www.generalkinematics.com\/de\/produkt\/vibra-mill-vibrations-batch-sandruckgwewinnungsanlage\/\" \/>\n<meta property=\"og:locale\" content=\"de_DE\" \/>\n<meta property=\"og:type\" content=\"article\" \/>\n<meta property=\"og:title\" content=\"VIBRA-MILL\u00ae Vibrations-Batch-Sandr\u00fcckgwewinnungsanlage | General Kinematics\" \/>\n<meta property=\"og:description\" content=\"Sch\u00fcttelt, bewegt, vibriert, taumelt und schleift bis zu 1,2 m gro\u00dfe Klumpen auf eine Korngr\u00f6\u00dfe Minus 20 Maschen. Automatisch. Die VIBRA-MILL\u00ae Wiederaufbereitungsm\u00fchle hat sich in zahlreichen Gie\u00dfereien sowohl als einzige Reibungsm\u00fchle als auch als Sandvorbehandlungsanlage bew\u00e4hrt. H\u00e4ufig werden gr\u00f6\u00dfere, teurere Anlagen und Systeme \u00fcberfl\u00fcssig und die Produktionsraten werden sogar noch verbessert. Durch die Effizienz der [&hellip;]\" \/>\n<meta property=\"og:url\" content=\"https:\/\/www.generalkinematics.com\/de\/produkt\/vibra-mill-vibrations-batch-sandruckgwewinnungsanlage\/\" \/>\n<meta property=\"og:site_name\" content=\"General Kinematics\" \/>\n<meta property=\"article:publisher\" content=\"https:\/\/www.facebook.com\/generalkinematics\" \/>\n<meta property=\"article:modified_time\" content=\"2019-08-30T14:56:09+00:00\" \/>\n<meta property=\"og:image\" content=\"https:\/\/media.generalkinematics.com\/wp-content\/uploads\/2015\/07\/Vibra-Mill-Reclaimer.jpg\" \/>\n\t<meta property=\"og:image:width\" content=\"2823\" \/>\n\t<meta property=\"og:image:height\" content=\"1936\" \/>\n\t<meta property=\"og:image:type\" content=\"image\/jpeg\" \/>\n<meta name=\"twitter:card\" content=\"summary_large_image\" \/>\n<meta name=\"twitter:site\" content=\"@gkvibrating\" \/>\n<meta name=\"twitter:label1\" content=\"Gesch\u00e4tzte Lesezeit\" \/>\n\t<meta name=\"twitter:data1\" content=\"3 Minuten\" \/>\n<!-- \/ Yoast SEO plugin. -->","yoast_head_json":{"title":"VIBRA-MILL\u00ae Vibrations-Batch-Sandr\u00fcckgwewinnungsanlage | General Kinematics","robots":{"index":"index","follow":"follow","max-snippet":"max-snippet:-1","max-image-preview":"max-image-preview:large","max-video-preview":"max-video-preview:-1"},"canonical":"https:\/\/www.generalkinematics.com\/de\/produkt\/vibra-mill-vibrations-batch-sandruckgwewinnungsanlage\/","og_locale":"de_DE","og_type":"article","og_title":"VIBRA-MILL\u00ae Vibrations-Batch-Sandr\u00fcckgwewinnungsanlage | General Kinematics","og_description":"Sch\u00fcttelt, bewegt, vibriert, taumelt und schleift bis zu 1,2 m gro\u00dfe Klumpen auf eine Korngr\u00f6\u00dfe Minus 20 Maschen. Automatisch. Die VIBRA-MILL\u00ae Wiederaufbereitungsm\u00fchle hat sich in zahlreichen Gie\u00dfereien sowohl als einzige Reibungsm\u00fchle als auch als Sandvorbehandlungsanlage bew\u00e4hrt. H\u00e4ufig werden gr\u00f6\u00dfere, teurere Anlagen und Systeme \u00fcberfl\u00fcssig und die Produktionsraten werden sogar noch verbessert. Durch die Effizienz der [&hellip;]","og_url":"https:\/\/www.generalkinematics.com\/de\/produkt\/vibra-mill-vibrations-batch-sandruckgwewinnungsanlage\/","og_site_name":"General Kinematics","article_publisher":"https:\/\/www.facebook.com\/generalkinematics","article_modified_time":"2019-08-30T14:56:09+00:00","og_image":[{"width":2823,"height":1936,"url":"https:\/\/media.generalkinematics.com\/wp-content\/uploads\/2015\/07\/Vibra-Mill-Reclaimer.jpg","type":"image\/jpeg"}],"twitter_card":"summary_large_image","twitter_site":"@gkvibrating","twitter_misc":{"Gesch\u00e4tzte Lesezeit":"3 Minuten"},"schema":{"@context":"https:\/\/schema.org","@graph":[{"@type":"WebPage","@id":"https:\/\/www.generalkinematics.com\/de\/produkt\/vibra-mill-vibrations-batch-sandruckgwewinnungsanlage\/","url":"https:\/\/www.generalkinematics.com\/de\/produkt\/vibra-mill-vibrations-batch-sandruckgwewinnungsanlage\/","name":"VIBRA-MILL\u00ae Vibrations-Batch-Sandr\u00fcckgwewinnungsanlage | General Kinematics","isPartOf":{"@id":"https:\/\/www.generalkinematics.com\/de\/#website"},"primaryImageOfPage":{"@id":"https:\/\/www.generalkinematics.com\/de\/produkt\/vibra-mill-vibrations-batch-sandruckgwewinnungsanlage\/#primaryimage"},"image":{"@id":"https:\/\/www.generalkinematics.com\/de\/produkt\/vibra-mill-vibrations-batch-sandruckgwewinnungsanlage\/#primaryimage"},"thumbnailUrl":"https:\/\/media.generalkinematics.com\/wp-content\/uploads\/2015\/07\/Vibra-Mill-Reclaimer.jpg","datePublished":"2015-07-30T07:46:09+00:00","dateModified":"2019-08-30T14:56:09+00:00","breadcrumb":{"@id":"https:\/\/www.generalkinematics.com\/de\/produkt\/vibra-mill-vibrations-batch-sandruckgwewinnungsanlage\/#breadcrumb"},"inLanguage":"de-DE","potentialAction":[{"@type":"ReadAction","target":["https:\/\/www.generalkinematics.com\/de\/produkt\/vibra-mill-vibrations-batch-sandruckgwewinnungsanlage\/"]}]},{"@type":"ImageObject","inLanguage":"de-DE","@id":"https:\/\/www.generalkinematics.com\/de\/produkt\/vibra-mill-vibrations-batch-sandruckgwewinnungsanlage\/#primaryimage","url":"https:\/\/media.generalkinematics.com\/wp-content\/uploads\/2015\/07\/Vibra-Mill-Reclaimer.jpg","contentUrl":"https:\/\/media.generalkinematics.com\/wp-content\/uploads\/2015\/07\/Vibra-Mill-Reclaimer.jpg","width":2823,"height":1936,"caption":"general-kinematics-vibra-mill-reclaimer"},{"@type":"BreadcrumbList","@id":"https:\/\/www.generalkinematics.com\/de\/produkt\/vibra-mill-vibrations-batch-sandruckgwewinnungsanlage\/#breadcrumb","itemListElement":[{"@type":"ListItem","position":1,"name":"GK Home","item":"https:\/\/www.generalkinematics.com\/de\/"},{"@type":"ListItem","position":2,"name":"Shop","item":"https:\/\/www.generalkinematics.com\/shop\/"},{"@type":"ListItem","position":3,"name":"VIBRA-MILL\u00ae Vibrations-Batch-Sandr\u00fcckgwewinnungsanlage"}]},{"@type":"WebSite","@id":"https:\/\/www.generalkinematics.com\/de\/#website","url":"https:\/\/www.generalkinematics.com\/de\/","name":"General Kinematics","description":"","publisher":{"@id":"https:\/\/www.generalkinematics.com\/de\/#organization"},"potentialAction":[{"@type":"SearchAction","target":{"@type":"EntryPoint","urlTemplate":"https:\/\/www.generalkinematics.com\/de\/?s={search_term_string}"},"query-input":{"@type":"PropertyValueSpecification","valueRequired":true,"valueName":"search_term_string"}}],"inLanguage":"de-DE"},{"@type":"Organization","@id":"https:\/\/www.generalkinematics.com\/de\/#organization","name":"General Kinematics","url":"https:\/\/www.generalkinematics.com\/de\/","logo":{"@type":"ImageObject","inLanguage":"de-DE","@id":"https:\/\/www.generalkinematics.com\/de\/#\/schema\/logo\/image\/","url":"https:\/\/media.generalkinematics.com\/wp-content\/uploads\/2018\/03\/logo.png","contentUrl":"https:\/\/media.generalkinematics.com\/wp-content\/uploads\/2018\/03\/logo.png","width":313,"height":100,"caption":"General Kinematics"},"image":{"@id":"https:\/\/www.generalkinematics.com\/de\/#\/schema\/logo\/image\/"},"sameAs":["https:\/\/www.facebook.com\/generalkinematics","https:\/\/x.com\/gkvibrating"]}]}},"_links":{"self":[{"href":"https:\/\/www.generalkinematics.com\/de\/wp-json\/wp\/v2\/product\/40078","targetHints":{"allow":["GET"]}}],"collection":[{"href":"https:\/\/www.generalkinematics.com\/de\/wp-json\/wp\/v2\/product"}],"about":[{"href":"https:\/\/www.generalkinematics.com\/de\/wp-json\/wp\/v2\/types\/product"}],"replies":[{"embeddable":true,"href":"https:\/\/www.generalkinematics.com\/de\/wp-json\/wp\/v2\/comments?post=40078"}],"wp:featuredmedia":[{"embeddable":true,"href":"https:\/\/www.generalkinematics.com\/de\/wp-json\/wp\/v2\/media\/25219"}],"wp:attachment":[{"href":"https:\/\/www.generalkinematics.com\/de\/wp-json\/wp\/v2\/media?parent=40078"}],"wp:term":[{"taxonomy":"product_brand","embeddable":true,"href":"https:\/\/www.generalkinematics.com\/de\/wp-json\/wp\/v2\/product_brand?post=40078"},{"taxonomy":"product_cat","embeddable":true,"href":"https:\/\/www.generalkinematics.com\/de\/wp-json\/wp\/v2\/product_cat?post=40078"},{"taxonomy":"product_tag","embeddable":true,"href":"https:\/\/www.generalkinematics.com\/de\/wp-json\/wp\/v2\/product_tag?post=40078"}],"curies":[{"name":"wp","href":"https:\/\/api.w.org\/{rel}","templated":true}]}}