{"id":40186,"date":"2015-09-24T12:17:19","date_gmt":"2015-09-24T17:17:19","guid":{"rendered":"https:\/\/www.generalkinematics.com\/product\/asr-dosier-beschickungsanlage\/"},"modified":"2018-08-31T10:03:07","modified_gmt":"2018-08-31T15:03:07","slug":"asr-dosier-beschickungsanlage","status":"publish","type":"product","link":"https:\/\/www.generalkinematics.com\/de\/produkt\/asr-dosier-beschickungsanlage\/","title":{"rendered":"ASR Dosier-Beschickungsanlage"},"content":{"rendered":"<p>Beschicken Sie Ihren nachgelagerten ASR mit einer General Kinematics <strong>ASR-Dosier-Beschickungsanlage<\/strong>. Eine extra gro\u00dfe Kapazit\u00e4t erm\u00f6glicht maximale Resonanzzeiten zwischen den Ladungen. Aufgew\u00f6lbter Trog, tiefe Seiten und eine kontrollierte Entladung erm\u00f6glichen die Nutzung von Dosierfunktionen. In Kombination mit einer R\u00fcckkopplungsschleife zu einem VFD erhalten Sie die ultimative Kontrolle \u00fcber Ihre ASR-Beschickungsgeschwindigkeit.<\/p>\n<h2>Eigenschaften:<\/h2>\n<ul>\n<li>Extra gro\u00dfe Kapazit\u00e4t.<\/li>\n<li>VFD-Steuerung f\u00fcr eine dosierte und konstante Beschickungsgeschwindigkeit.<\/li>\n<li>Zwei-Massen-Ausf\u00fchrung f\u00fcr niedrigen Energiebedarf.<\/li>\n<\/ul>\n","protected":false},"excerpt":{"rendered":"<p>Beschicken Sie Ihren nachgelagerten ASR mit einer General Kinematics ASR-Dosier-Beschickungsanlage. Eine extra gro\u00dfe Kapazit\u00e4t erm\u00f6glicht maximale Resonanzzeiten zwischen den Ladungen. Aufgew\u00f6lbter Trog, tiefe Seiten und eine kontrollierte Entladung erm\u00f6glichen die Nutzung von Dosierfunktionen. In Kombination mit einer R\u00fcckkopplungsschleife zu einem VFD erhalten Sie die ultimative Kontrolle \u00fcber Ihre ASR-Beschickungsgeschwindigkeit. Eigenschaften: Extra gro\u00dfe Kapazit\u00e4t. VFD-Steuerung f\u00fcr [&hellip;]<\/p>\n","protected":false},"featured_media":24727,"comment_status":"closed","ping_status":"closed","template":"","meta":{"_acf_changed":false,"om_disable_all_campaigns":false,"ep_exclude_from_search":false},"product_brand":[],"product_cat":[1813,1798],"product_tag":[],"class_list":{"0":"post-40186","1":"product","2":"type-product","3":"status-publish","4":"has-post-thumbnail","6":"casestudytag-asr-de","7":"product_cat-loesungen-fuer-die-schrottverarbeitung","8":"product_cat-recycling-loesungen","10":"first","11":"instock","12":"taxable","13":"shipping-taxable","14":"product-type-simple"},"acf":[],"yoast_head":"<!-- This site is optimized with the Yoast SEO plugin v27.2 - https:\/\/yoast.com\/product\/yoast-seo-wordpress\/ -->\n<title>ASR Dosier-Beschickungsanlage | General Kinematics<\/title>\n<meta name=\"robots\" content=\"index, follow, max-snippet:-1, max-image-preview:large, max-video-preview:-1\" \/>\n<link rel=\"canonical\" href=\"https:\/\/www.generalkinematics.com\/de\/produkt\/asr-dosier-beschickungsanlage\/\" \/>\n<meta property=\"og:locale\" content=\"de_DE\" \/>\n<meta property=\"og:type\" content=\"article\" \/>\n<meta property=\"og:title\" content=\"ASR Dosier-Beschickungsanlage | General Kinematics\" \/>\n<meta property=\"og:description\" content=\"Beschicken Sie Ihren nachgelagerten ASR mit einer General Kinematics ASR-Dosier-Beschickungsanlage. Eine extra gro\u00dfe Kapazit\u00e4t erm\u00f6glicht maximale Resonanzzeiten zwischen den Ladungen. Aufgew\u00f6lbter Trog, tiefe Seiten und eine kontrollierte Entladung erm\u00f6glichen die Nutzung von Dosierfunktionen. In Kombination mit einer R\u00fcckkopplungsschleife zu einem VFD erhalten Sie die ultimative Kontrolle \u00fcber Ihre ASR-Beschickungsgeschwindigkeit. Eigenschaften: Extra gro\u00dfe Kapazit\u00e4t. VFD-Steuerung f\u00fcr [&hellip;]\" \/>\n<meta property=\"og:url\" content=\"https:\/\/www.generalkinematics.com\/de\/produkt\/asr-dosier-beschickungsanlage\/\" \/>\n<meta property=\"og:site_name\" content=\"General Kinematics\" \/>\n<meta property=\"article:publisher\" content=\"https:\/\/www.facebook.com\/generalkinematics\" \/>\n<meta property=\"article:modified_time\" content=\"2018-08-31T15:03:07+00:00\" \/>\n<meta property=\"og:image\" content=\"https:\/\/media.generalkinematics.com\/wp-content\/uploads\/2015\/09\/C-9984-01-002.jpg\" \/>\n\t<meta property=\"og:image:width\" content=\"2048\" \/>\n\t<meta property=\"og:image:height\" content=\"1536\" \/>\n\t<meta property=\"og:image:type\" content=\"image\/jpeg\" \/>\n<meta name=\"twitter:card\" content=\"summary_large_image\" \/>\n<meta name=\"twitter:site\" content=\"@gkvibrating\" \/>\n<!-- \/ Yoast SEO plugin. -->","yoast_head_json":{"title":"ASR Dosier-Beschickungsanlage | General Kinematics","robots":{"index":"index","follow":"follow","max-snippet":"max-snippet:-1","max-image-preview":"max-image-preview:large","max-video-preview":"max-video-preview:-1"},"canonical":"https:\/\/www.generalkinematics.com\/de\/produkt\/asr-dosier-beschickungsanlage\/","og_locale":"de_DE","og_type":"article","og_title":"ASR Dosier-Beschickungsanlage | General Kinematics","og_description":"Beschicken Sie Ihren nachgelagerten ASR mit einer General Kinematics ASR-Dosier-Beschickungsanlage. Eine extra gro\u00dfe Kapazit\u00e4t erm\u00f6glicht maximale Resonanzzeiten zwischen den Ladungen. Aufgew\u00f6lbter Trog, tiefe Seiten und eine kontrollierte Entladung erm\u00f6glichen die Nutzung von Dosierfunktionen. In Kombination mit einer R\u00fcckkopplungsschleife zu einem VFD erhalten Sie die ultimative Kontrolle \u00fcber Ihre ASR-Beschickungsgeschwindigkeit. Eigenschaften: Extra gro\u00dfe Kapazit\u00e4t. VFD-Steuerung f\u00fcr [&hellip;]","og_url":"https:\/\/www.generalkinematics.com\/de\/produkt\/asr-dosier-beschickungsanlage\/","og_site_name":"General Kinematics","article_publisher":"https:\/\/www.facebook.com\/generalkinematics","article_modified_time":"2018-08-31T15:03:07+00:00","og_image":[{"width":2048,"height":1536,"url":"https:\/\/media.generalkinematics.com\/wp-content\/uploads\/2015\/09\/C-9984-01-002.jpg","type":"image\/jpeg"}],"twitter_card":"summary_large_image","twitter_site":"@gkvibrating","schema":{"@context":"https:\/\/schema.org","@graph":[{"@type":"WebPage","@id":"https:\/\/www.generalkinematics.com\/de\/produkt\/asr-dosier-beschickungsanlage\/","url":"https:\/\/www.generalkinematics.com\/de\/produkt\/asr-dosier-beschickungsanlage\/","name":"ASR Dosier-Beschickungsanlage | General Kinematics","isPartOf":{"@id":"https:\/\/www.generalkinematics.com\/de\/#website"},"primaryImageOfPage":{"@id":"https:\/\/www.generalkinematics.com\/de\/produkt\/asr-dosier-beschickungsanlage\/#primaryimage"},"image":{"@id":"https:\/\/www.generalkinematics.com\/de\/produkt\/asr-dosier-beschickungsanlage\/#primaryimage"},"thumbnailUrl":"https:\/\/media.generalkinematics.com\/wp-content\/uploads\/2015\/09\/C-9984-01-002.jpg","datePublished":"2015-09-24T17:17:19+00:00","dateModified":"2018-08-31T15:03:07+00:00","breadcrumb":{"@id":"https:\/\/www.generalkinematics.com\/de\/produkt\/asr-dosier-beschickungsanlage\/#breadcrumb"},"inLanguage":"de-DE","potentialAction":[{"@type":"ReadAction","target":["https:\/\/www.generalkinematics.com\/de\/produkt\/asr-dosier-beschickungsanlage\/"]}]},{"@type":"ImageObject","inLanguage":"de-DE","@id":"https:\/\/www.generalkinematics.com\/de\/produkt\/asr-dosier-beschickungsanlage\/#primaryimage","url":"https:\/\/media.generalkinematics.com\/wp-content\/uploads\/2015\/09\/C-9984-01-002.jpg","contentUrl":"https:\/\/media.generalkinematics.com\/wp-content\/uploads\/2015\/09\/C-9984-01-002.jpg","width":2048,"height":1536,"caption":"general-kinematics-asr-metering-feeder"},{"@type":"BreadcrumbList","@id":"https:\/\/www.generalkinematics.com\/de\/produkt\/asr-dosier-beschickungsanlage\/#breadcrumb","itemListElement":[{"@type":"ListItem","position":1,"name":"GK Home","item":"https:\/\/www.generalkinematics.com\/de\/"},{"@type":"ListItem","position":2,"name":"Shop","item":"https:\/\/www.generalkinematics.com\/shop\/"},{"@type":"ListItem","position":3,"name":"ASR Dosier-Beschickungsanlage"}]},{"@type":"WebSite","@id":"https:\/\/www.generalkinematics.com\/de\/#website","url":"https:\/\/www.generalkinematics.com\/de\/","name":"General Kinematics","description":"","publisher":{"@id":"https:\/\/www.generalkinematics.com\/de\/#organization"},"potentialAction":[{"@type":"SearchAction","target":{"@type":"EntryPoint","urlTemplate":"https:\/\/www.generalkinematics.com\/de\/?s={search_term_string}"},"query-input":{"@type":"PropertyValueSpecification","valueRequired":true,"valueName":"search_term_string"}}],"inLanguage":"de-DE"},{"@type":"Organization","@id":"https:\/\/www.generalkinematics.com\/de\/#organization","name":"General Kinematics","url":"https:\/\/www.generalkinematics.com\/de\/","logo":{"@type":"ImageObject","inLanguage":"de-DE","@id":"https:\/\/www.generalkinematics.com\/de\/#\/schema\/logo\/image\/","url":"https:\/\/media.generalkinematics.com\/wp-content\/uploads\/2018\/03\/logo.png","contentUrl":"https:\/\/media.generalkinematics.com\/wp-content\/uploads\/2018\/03\/logo.png","width":313,"height":100,"caption":"General Kinematics"},"image":{"@id":"https:\/\/www.generalkinematics.com\/de\/#\/schema\/logo\/image\/"},"sameAs":["https:\/\/www.facebook.com\/generalkinematics","https:\/\/x.com\/gkvibrating"]}]}},"_links":{"self":[{"href":"https:\/\/www.generalkinematics.com\/de\/wp-json\/wp\/v2\/product\/40186","targetHints":{"allow":["GET"]}}],"collection":[{"href":"https:\/\/www.generalkinematics.com\/de\/wp-json\/wp\/v2\/product"}],"about":[{"href":"https:\/\/www.generalkinematics.com\/de\/wp-json\/wp\/v2\/types\/product"}],"replies":[{"embeddable":true,"href":"https:\/\/www.generalkinematics.com\/de\/wp-json\/wp\/v2\/comments?post=40186"}],"wp:featuredmedia":[{"embeddable":true,"href":"https:\/\/www.generalkinematics.com\/de\/wp-json\/wp\/v2\/media\/24727"}],"wp:attachment":[{"href":"https:\/\/www.generalkinematics.com\/de\/wp-json\/wp\/v2\/media?parent=40186"}],"wp:term":[{"taxonomy":"product_brand","embeddable":true,"href":"https:\/\/www.generalkinematics.com\/de\/wp-json\/wp\/v2\/product_brand?post=40186"},{"taxonomy":"product_cat","embeddable":true,"href":"https:\/\/www.generalkinematics.com\/de\/wp-json\/wp\/v2\/product_cat?post=40186"},{"taxonomy":"product_tag","embeddable":true,"href":"https:\/\/www.generalkinematics.com\/de\/wp-json\/wp\/v2\/product_tag?post=40186"}],"curies":[{"name":"wp","href":"https:\/\/api.w.org\/{rel}","templated":true}]}}