{"id":40194,"date":"2015-09-28T11:11:11","date_gmt":"2015-09-28T16:11:11","guid":{"rendered":"https:\/\/www.generalkinematics.com\/product\/mischmetall-sortieranlage\/"},"modified":"2018-08-31T09:34:31","modified_gmt":"2018-08-31T14:34:31","slug":"mischmetall-sortieranlage","status":"publish","type":"product","link":"https:\/\/www.generalkinematics.com\/de\/produkt\/mischmetall-sortieranlage\/","title":{"rendered":"Mischmetall-Sortieranlage"},"content":{"rendered":"<p>General Kinematics <strong>Mischmetall-Sortieranlagen<\/strong> bestehen aus einem Sch\u00fcttler und einer Vibrations-Dosier-Beschickungsanlage, die in Verbindung mit einer Sortieranlage arbeitet. GKs patentierter Flachhub-Sortierf\u00f6rderer reduziert die Erm\u00fcdung des Personals auf Grund von Ger\u00e4uschen und Vibrationen, wie sie bei herk\u00f6mmlichen Transferf\u00f6rderern auftreten. Dieser Sortierf\u00f6rderer ist speziell f\u00fcr einen leiseren Betrieb mit minimalem vertikalen Hub ausgelegt, wobei er immer noch in mehreren Spuren f\u00f6rdert. Das Material wird in den Bunker geladen und gleichm\u00e4\u00dfig auf das Sortierband dosiert, wo die Mitarbeiter die F\u00f6rderb\u00e4nder zur Trennung der Materialtypen nutzen k\u00f6nnen. Systeme wie diese stellen eine bessere Arbeitsumgebung f\u00fcr die Mitarbeiter dar und erm\u00f6glichen eine bessere R\u00fcckgewinnung von gemischten Metallen.<\/p>\n<h2>Eigenschaften:<\/h2>\n<ul>\n<li>Ma\u00dfgeschneidert f\u00fcr Ihre aktuellen Beh\u00e4lterkonfigurationen.<\/li>\n<li>Bedienergesteuerte Dosier-Beschickungsanlage.<\/li>\n<li>PRO Anwendung sind mehrspurige Konfigurationen verf\u00fcgbar.<\/li>\n<li>Eine sanfte Mischbewegung des Materials beugt einer Erm\u00fcdung der Arbeiter vor.<\/li>\n<\/ul>\n","protected":false},"excerpt":{"rendered":"<p>General Kinematics Mischmetall-Sortieranlagen bestehen aus einem Sch\u00fcttler und einer Vibrations-Dosier-Beschickungsanlage, die in Verbindung mit einer Sortieranlage arbeitet. GKs patentierter Flachhub-Sortierf\u00f6rderer reduziert die Erm\u00fcdung des Personals auf Grund von Ger\u00e4uschen und Vibrationen, wie sie bei herk\u00f6mmlichen Transferf\u00f6rderern auftreten. Dieser Sortierf\u00f6rderer ist speziell f\u00fcr einen leiseren Betrieb mit minimalem vertikalen Hub ausgelegt, wobei er immer noch in [&hellip;]<\/p>\n","protected":false},"featured_media":24807,"comment_status":"closed","ping_status":"closed","template":"","meta":{"_acf_changed":false,"om_disable_all_campaigns":false,"ep_exclude_from_search":false},"product_brand":[],"product_cat":[1813,1799,1798],"product_tag":[],"class_list":{"0":"post-40194","1":"product","2":"type-product","3":"status-publish","4":"has-post-thumbnail","6":"product_cat-loesungen-fuer-die-schrottverarbeitung","7":"product_cat-elektroschrott","8":"product_cat-recycling-loesungen","10":"first","11":"instock","12":"taxable","13":"shipping-taxable","14":"product-type-simple"},"acf":[],"yoast_head":"<!-- This site is optimized with the Yoast SEO plugin v27.2 - https:\/\/yoast.com\/product\/yoast-seo-wordpress\/ -->\n<title>Mischmetall-Sortieranlage | General Kinematics<\/title>\n<meta name=\"robots\" content=\"index, follow, max-snippet:-1, max-image-preview:large, max-video-preview:-1\" \/>\n<link rel=\"canonical\" href=\"https:\/\/www.generalkinematics.com\/de\/produkt\/mischmetall-sortieranlage\/\" \/>\n<meta property=\"og:locale\" content=\"de_DE\" \/>\n<meta property=\"og:type\" content=\"article\" \/>\n<meta property=\"og:title\" content=\"Mischmetall-Sortieranlage | General Kinematics\" \/>\n<meta property=\"og:description\" content=\"General Kinematics Mischmetall-Sortieranlagen bestehen aus einem Sch\u00fcttler und einer Vibrations-Dosier-Beschickungsanlage, die in Verbindung mit einer Sortieranlage arbeitet. GKs patentierter Flachhub-Sortierf\u00f6rderer reduziert die Erm\u00fcdung des Personals auf Grund von Ger\u00e4uschen und Vibrationen, wie sie bei herk\u00f6mmlichen Transferf\u00f6rderern auftreten. Dieser Sortierf\u00f6rderer ist speziell f\u00fcr einen leiseren Betrieb mit minimalem vertikalen Hub ausgelegt, wobei er immer noch in [&hellip;]\" \/>\n<meta property=\"og:url\" content=\"https:\/\/www.generalkinematics.com\/de\/produkt\/mischmetall-sortieranlage\/\" \/>\n<meta property=\"og:site_name\" content=\"General Kinematics\" \/>\n<meta property=\"article:publisher\" content=\"https:\/\/www.facebook.com\/generalkinematics\" \/>\n<meta property=\"article:modified_time\" content=\"2018-08-31T14:34:31+00:00\" \/>\n<meta property=\"og:image\" content=\"https:\/\/media.generalkinematics.com\/wp-content\/uploads\/2015\/09\/End-of-lanes.jpg\" \/>\n\t<meta property=\"og:image:width\" content=\"1200\" \/>\n\t<meta property=\"og:image:height\" content=\"800\" \/>\n\t<meta property=\"og:image:type\" content=\"image\/jpeg\" \/>\n<meta name=\"twitter:card\" content=\"summary_large_image\" \/>\n<meta name=\"twitter:site\" content=\"@gkvibrating\" \/>\n<meta name=\"twitter:label1\" content=\"Gesch\u00e4tzte Lesezeit\" \/>\n\t<meta name=\"twitter:data1\" content=\"1 Minute\" \/>\n<!-- \/ Yoast SEO plugin. -->","yoast_head_json":{"title":"Mischmetall-Sortieranlage | General Kinematics","robots":{"index":"index","follow":"follow","max-snippet":"max-snippet:-1","max-image-preview":"max-image-preview:large","max-video-preview":"max-video-preview:-1"},"canonical":"https:\/\/www.generalkinematics.com\/de\/produkt\/mischmetall-sortieranlage\/","og_locale":"de_DE","og_type":"article","og_title":"Mischmetall-Sortieranlage | General Kinematics","og_description":"General Kinematics Mischmetall-Sortieranlagen bestehen aus einem Sch\u00fcttler und einer Vibrations-Dosier-Beschickungsanlage, die in Verbindung mit einer Sortieranlage arbeitet. GKs patentierter Flachhub-Sortierf\u00f6rderer reduziert die Erm\u00fcdung des Personals auf Grund von Ger\u00e4uschen und Vibrationen, wie sie bei herk\u00f6mmlichen Transferf\u00f6rderern auftreten. Dieser Sortierf\u00f6rderer ist speziell f\u00fcr einen leiseren Betrieb mit minimalem vertikalen Hub ausgelegt, wobei er immer noch in [&hellip;]","og_url":"https:\/\/www.generalkinematics.com\/de\/produkt\/mischmetall-sortieranlage\/","og_site_name":"General Kinematics","article_publisher":"https:\/\/www.facebook.com\/generalkinematics","article_modified_time":"2018-08-31T14:34:31+00:00","og_image":[{"width":1200,"height":800,"url":"https:\/\/media.generalkinematics.com\/wp-content\/uploads\/2015\/09\/End-of-lanes.jpg","type":"image\/jpeg"}],"twitter_card":"summary_large_image","twitter_site":"@gkvibrating","twitter_misc":{"Gesch\u00e4tzte Lesezeit":"1 Minute"},"schema":{"@context":"https:\/\/schema.org","@graph":[{"@type":"WebPage","@id":"https:\/\/www.generalkinematics.com\/de\/produkt\/mischmetall-sortieranlage\/","url":"https:\/\/www.generalkinematics.com\/de\/produkt\/mischmetall-sortieranlage\/","name":"Mischmetall-Sortieranlage | General Kinematics","isPartOf":{"@id":"https:\/\/www.generalkinematics.com\/de\/#website"},"primaryImageOfPage":{"@id":"https:\/\/www.generalkinematics.com\/de\/produkt\/mischmetall-sortieranlage\/#primaryimage"},"image":{"@id":"https:\/\/www.generalkinematics.com\/de\/produkt\/mischmetall-sortieranlage\/#primaryimage"},"thumbnailUrl":"https:\/\/media.generalkinematics.com\/wp-content\/uploads\/2015\/09\/End-of-lanes.jpg","datePublished":"2015-09-28T16:11:11+00:00","dateModified":"2018-08-31T14:34:31+00:00","breadcrumb":{"@id":"https:\/\/www.generalkinematics.com\/de\/produkt\/mischmetall-sortieranlage\/#breadcrumb"},"inLanguage":"de-DE","potentialAction":[{"@type":"ReadAction","target":["https:\/\/www.generalkinematics.com\/de\/produkt\/mischmetall-sortieranlage\/"]}]},{"@type":"ImageObject","inLanguage":"de-DE","@id":"https:\/\/www.generalkinematics.com\/de\/produkt\/mischmetall-sortieranlage\/#primaryimage","url":"https:\/\/media.generalkinematics.com\/wp-content\/uploads\/2015\/09\/End-of-lanes.jpg","contentUrl":"https:\/\/media.generalkinematics.com\/wp-content\/uploads\/2015\/09\/End-of-lanes.jpg","width":1200,"height":800,"caption":"general-kinematics-end-of-lanes"},{"@type":"BreadcrumbList","@id":"https:\/\/www.generalkinematics.com\/de\/produkt\/mischmetall-sortieranlage\/#breadcrumb","itemListElement":[{"@type":"ListItem","position":1,"name":"GK Home","item":"https:\/\/www.generalkinematics.com\/de\/"},{"@type":"ListItem","position":2,"name":"Shop","item":"https:\/\/www.generalkinematics.com\/shop\/"},{"@type":"ListItem","position":3,"name":"Mischmetall-Sortieranlage"}]},{"@type":"WebSite","@id":"https:\/\/www.generalkinematics.com\/de\/#website","url":"https:\/\/www.generalkinematics.com\/de\/","name":"General Kinematics","description":"","publisher":{"@id":"https:\/\/www.generalkinematics.com\/de\/#organization"},"potentialAction":[{"@type":"SearchAction","target":{"@type":"EntryPoint","urlTemplate":"https:\/\/www.generalkinematics.com\/de\/?s={search_term_string}"},"query-input":{"@type":"PropertyValueSpecification","valueRequired":true,"valueName":"search_term_string"}}],"inLanguage":"de-DE"},{"@type":"Organization","@id":"https:\/\/www.generalkinematics.com\/de\/#organization","name":"General Kinematics","url":"https:\/\/www.generalkinematics.com\/de\/","logo":{"@type":"ImageObject","inLanguage":"de-DE","@id":"https:\/\/www.generalkinematics.com\/de\/#\/schema\/logo\/image\/","url":"https:\/\/media.generalkinematics.com\/wp-content\/uploads\/2018\/03\/logo.png","contentUrl":"https:\/\/media.generalkinematics.com\/wp-content\/uploads\/2018\/03\/logo.png","width":313,"height":100,"caption":"General Kinematics"},"image":{"@id":"https:\/\/www.generalkinematics.com\/de\/#\/schema\/logo\/image\/"},"sameAs":["https:\/\/www.facebook.com\/generalkinematics","https:\/\/x.com\/gkvibrating"]}]}},"_links":{"self":[{"href":"https:\/\/www.generalkinematics.com\/de\/wp-json\/wp\/v2\/product\/40194","targetHints":{"allow":["GET"]}}],"collection":[{"href":"https:\/\/www.generalkinematics.com\/de\/wp-json\/wp\/v2\/product"}],"about":[{"href":"https:\/\/www.generalkinematics.com\/de\/wp-json\/wp\/v2\/types\/product"}],"replies":[{"embeddable":true,"href":"https:\/\/www.generalkinematics.com\/de\/wp-json\/wp\/v2\/comments?post=40194"}],"wp:featuredmedia":[{"embeddable":true,"href":"https:\/\/www.generalkinematics.com\/de\/wp-json\/wp\/v2\/media\/24807"}],"wp:attachment":[{"href":"https:\/\/www.generalkinematics.com\/de\/wp-json\/wp\/v2\/media?parent=40194"}],"wp:term":[{"taxonomy":"product_brand","embeddable":true,"href":"https:\/\/www.generalkinematics.com\/de\/wp-json\/wp\/v2\/product_brand?post=40194"},{"taxonomy":"product_cat","embeddable":true,"href":"https:\/\/www.generalkinematics.com\/de\/wp-json\/wp\/v2\/product_cat?post=40194"},{"taxonomy":"product_tag","embeddable":true,"href":"https:\/\/www.generalkinematics.com\/de\/wp-json\/wp\/v2\/product_tag?post=40194"}],"curies":[{"name":"wp","href":"https:\/\/api.w.org\/{rel}","templated":true}]}}