{"id":40204,"date":"2015-11-05T14:11:15","date_gmt":"2015-11-05T20:11:15","guid":{"rendered":"https:\/\/www.generalkinematics.com\/product\/finger-screen-fur-mullheizkraftwerke\/"},"modified":"2018-08-31T10:17:49","modified_gmt":"2018-08-31T15:17:49","slug":"finger-screen-fur-mullheizkraftwerke","status":"publish","type":"product","link":"https:\/\/www.generalkinematics.com\/de\/produkt\/finger-screen-fur-mullheizkraftwerke\/","title":{"rendered":"FINGER-SCREEN\u2122 f\u00fcr M\u00fcllheizkraftwerke"},"content":{"rendered":"<p>General Kinematics <strong>FINGER-SCREEN\u2122 f\u00fcr M\u00fcllheizkraftwerke<\/strong> ist nachweislich \u00e4u\u00dferst erfolgreich bei der Verarbeitung von nasser Bodenasche und dem Abkratzen der Ansammlungen. GKs vibrierendes FINGER-SCREEN\u2122 ist eine Zwei-Massen-Ausf\u00fchrung mit geringer Leistung und wenigen beweglichen Teilen f\u00fcr geringen Wartungsaufwand, maximale Betriebszeit und zuverl\u00e4ssige Leistung.<\/p>\n<p>Die FINGER-SCREEN\u2122-Fingerdecks zeichnen sich durch eine hervorragende Verschlei\u00dffestigkeit und Langlebigkeit aus. Konische Finger mit einzigartigen Nockenoberfl\u00e4chen und versetzten Positionen helfen dabei, eine Materialumgehung zu verhindern. Die Vibrationswirkung verteilt das Material auf das Deck, wodurch die Betttiefe f\u00fcr eine maximale Ausnutzung der Siebfl\u00e4che verringert wird. Die Trennleistung wird weiter verbessert, weil das Material frei mit weniger Anhaften, H\u00e4ngenbleiben oder Aneinanderkleben \u00fcber das Deck l\u00e4uft. Das Ergebnis ist ein kontinuierlicher, dynamischer Materialfluss f\u00fcr die Verbesserung und Optimierung von Trennung und Klassifizierung.<\/p>\n<p>Ein bew\u00e4hrtes Design f\u00fcr M\u00fcllheizkraftwerke. Es gibt Installationen von GKs FINGER-SCREEN\u2122 f\u00fcr M\u00fcllheizkraftwerke, die bereits seit \u00fcber drei\u00dfig Jahren in Betrieb sind.<\/p>\n<h2>Eigenschaften:<\/h2>\n<ul>\n<li>Die Vibrationsbewegung verteilt das Material gleichm\u00e4\u00dfig f\u00fcr eine maximale effiziente Trennung.<\/li>\n<li>Gestaffelte Finger verhindern Materialumgehung.<\/li>\n<li>Sich verj\u00fcngende Finger klassifizieren und befreien die verhedderten Materialien.<\/li>\n<li>Der kaskadenartige Materialfluss hilft, eingeschlossene Objekte zu trennen.<\/li>\n<li>Die einzigartige Nockenoberfl\u00e4che verhindert das Verfangen und Anhaften.<\/li>\n<li>Korrosionsbest\u00e4ndige Spiralarbeitsfedern aus galvanisiertem Stahl.<\/li>\n<li>Die modulare Deckkonstruktion erm\u00f6glicht einen einfachen Deckaustausch.<\/li>\n<li>Benutzerangepasste Konstruktion, um Ihre spezifischen Anforderungen zu erf\u00fcllen<\/li>\n<\/ul>\n","protected":false},"excerpt":{"rendered":"<p>General Kinematics FINGER-SCREEN\u2122 f\u00fcr M\u00fcllheizkraftwerke ist nachweislich \u00e4u\u00dferst erfolgreich bei der Verarbeitung von nasser Bodenasche und dem Abkratzen der Ansammlungen. GKs vibrierendes FINGER-SCREEN\u2122 ist eine Zwei-Massen-Ausf\u00fchrung mit geringer Leistung und wenigen beweglichen Teilen f\u00fcr geringen Wartungsaufwand, maximale Betriebszeit und zuverl\u00e4ssige Leistung. Die FINGER-SCREEN\u2122-Fingerdecks zeichnen sich durch eine hervorragende Verschlei\u00dffestigkeit und Langlebigkeit aus. Konische Finger mit [&hellip;]<\/p>\n","protected":false},"featured_media":29591,"comment_status":"closed","ping_status":"closed","template":"","meta":{"_acf_changed":false,"om_disable_all_campaigns":false,"ep_exclude_from_search":false},"product_brand":[],"product_cat":[1814,1807,1803,1798],"product_tag":[],"class_list":{"0":"post-40204","1":"product","2":"type-product","3":"status-publish","4":"has-post-thumbnail","6":"product_cat-ausruestung-zur-ernergiegewinnung-aus-abfall","7":"product_cat-finger-screen-vibrations-siebmaschinen","8":"product_cat-gk-technologie-fuer-recyclingsiebe","9":"product_cat-recycling-loesungen","11":"first","12":"instock","13":"taxable","14":"shipping-taxable","15":"product-type-simple"},"acf":[],"yoast_head":"<!-- This site is optimized with the Yoast SEO plugin v27.2 - https:\/\/yoast.com\/product\/yoast-seo-wordpress\/ -->\n<title>FINGER-SCREEN\u2122 f\u00fcr M\u00fcllheizkraftwerke | General Kinematics<\/title>\n<meta name=\"robots\" content=\"index, follow, max-snippet:-1, max-image-preview:large, max-video-preview:-1\" \/>\n<link rel=\"canonical\" href=\"https:\/\/www.generalkinematics.com\/de\/produkt\/finger-screen-fur-mullheizkraftwerke\/\" \/>\n<meta property=\"og:locale\" content=\"de_DE\" \/>\n<meta property=\"og:type\" content=\"article\" \/>\n<meta property=\"og:title\" content=\"FINGER-SCREEN\u2122 f\u00fcr M\u00fcllheizkraftwerke | General Kinematics\" \/>\n<meta property=\"og:description\" content=\"General Kinematics FINGER-SCREEN\u2122 f\u00fcr M\u00fcllheizkraftwerke ist nachweislich \u00e4u\u00dferst erfolgreich bei der Verarbeitung von nasser Bodenasche und dem Abkratzen der Ansammlungen. GKs vibrierendes FINGER-SCREEN\u2122 ist eine Zwei-Massen-Ausf\u00fchrung mit geringer Leistung und wenigen beweglichen Teilen f\u00fcr geringen Wartungsaufwand, maximale Betriebszeit und zuverl\u00e4ssige Leistung. Die FINGER-SCREEN\u2122-Fingerdecks zeichnen sich durch eine hervorragende Verschlei\u00dffestigkeit und Langlebigkeit aus. Konische Finger mit [&hellip;]\" \/>\n<meta property=\"og:url\" content=\"https:\/\/www.generalkinematics.com\/de\/produkt\/finger-screen-fur-mullheizkraftwerke\/\" \/>\n<meta property=\"og:site_name\" content=\"General Kinematics\" \/>\n<meta property=\"article:publisher\" content=\"https:\/\/www.facebook.com\/generalkinematics\" \/>\n<meta property=\"article:modified_time\" content=\"2018-08-31T15:17:49+00:00\" \/>\n<meta property=\"og:image\" content=\"https:\/\/media.generalkinematics.com\/wp-content\/uploads\/2015\/11\/IMAG0398.jpg\" \/>\n\t<meta property=\"og:image:width\" content=\"3264\" \/>\n\t<meta property=\"og:image:height\" content=\"1952\" \/>\n\t<meta property=\"og:image:type\" content=\"image\/jpeg\" \/>\n<meta name=\"twitter:card\" content=\"summary_large_image\" \/>\n<meta name=\"twitter:site\" content=\"@gkvibrating\" \/>\n<meta name=\"twitter:label1\" content=\"Gesch\u00e4tzte Lesezeit\" \/>\n\t<meta name=\"twitter:data1\" content=\"1 Minute\" \/>\n<!-- \/ Yoast SEO plugin. -->","yoast_head_json":{"title":"FINGER-SCREEN\u2122 f\u00fcr M\u00fcllheizkraftwerke | General Kinematics","robots":{"index":"index","follow":"follow","max-snippet":"max-snippet:-1","max-image-preview":"max-image-preview:large","max-video-preview":"max-video-preview:-1"},"canonical":"https:\/\/www.generalkinematics.com\/de\/produkt\/finger-screen-fur-mullheizkraftwerke\/","og_locale":"de_DE","og_type":"article","og_title":"FINGER-SCREEN\u2122 f\u00fcr M\u00fcllheizkraftwerke | General Kinematics","og_description":"General Kinematics FINGER-SCREEN\u2122 f\u00fcr M\u00fcllheizkraftwerke ist nachweislich \u00e4u\u00dferst erfolgreich bei der Verarbeitung von nasser Bodenasche und dem Abkratzen der Ansammlungen. GKs vibrierendes FINGER-SCREEN\u2122 ist eine Zwei-Massen-Ausf\u00fchrung mit geringer Leistung und wenigen beweglichen Teilen f\u00fcr geringen Wartungsaufwand, maximale Betriebszeit und zuverl\u00e4ssige Leistung. Die FINGER-SCREEN\u2122-Fingerdecks zeichnen sich durch eine hervorragende Verschlei\u00dffestigkeit und Langlebigkeit aus. Konische Finger mit [&hellip;]","og_url":"https:\/\/www.generalkinematics.com\/de\/produkt\/finger-screen-fur-mullheizkraftwerke\/","og_site_name":"General Kinematics","article_publisher":"https:\/\/www.facebook.com\/generalkinematics","article_modified_time":"2018-08-31T15:17:49+00:00","og_image":[{"width":3264,"height":1952,"url":"https:\/\/media.generalkinematics.com\/wp-content\/uploads\/2015\/11\/IMAG0398.jpg","type":"image\/jpeg"}],"twitter_card":"summary_large_image","twitter_site":"@gkvibrating","twitter_misc":{"Gesch\u00e4tzte Lesezeit":"1 Minute"},"schema":{"@context":"https:\/\/schema.org","@graph":[{"@type":"WebPage","@id":"https:\/\/www.generalkinematics.com\/de\/produkt\/finger-screen-fur-mullheizkraftwerke\/","url":"https:\/\/www.generalkinematics.com\/de\/produkt\/finger-screen-fur-mullheizkraftwerke\/","name":"FINGER-SCREEN\u2122 f\u00fcr M\u00fcllheizkraftwerke | General Kinematics","isPartOf":{"@id":"https:\/\/www.generalkinematics.com\/de\/#website"},"primaryImageOfPage":{"@id":"https:\/\/www.generalkinematics.com\/de\/produkt\/finger-screen-fur-mullheizkraftwerke\/#primaryimage"},"image":{"@id":"https:\/\/www.generalkinematics.com\/de\/produkt\/finger-screen-fur-mullheizkraftwerke\/#primaryimage"},"thumbnailUrl":"https:\/\/media.generalkinematics.com\/wp-content\/uploads\/2015\/11\/IMAG0398.jpg","datePublished":"2015-11-05T20:11:15+00:00","dateModified":"2018-08-31T15:17:49+00:00","breadcrumb":{"@id":"https:\/\/www.generalkinematics.com\/de\/produkt\/finger-screen-fur-mullheizkraftwerke\/#breadcrumb"},"inLanguage":"de-DE","potentialAction":[{"@type":"ReadAction","target":["https:\/\/www.generalkinematics.com\/de\/produkt\/finger-screen-fur-mullheizkraftwerke\/"]}]},{"@type":"ImageObject","inLanguage":"de-DE","@id":"https:\/\/www.generalkinematics.com\/de\/produkt\/finger-screen-fur-mullheizkraftwerke\/#primaryimage","url":"https:\/\/media.generalkinematics.com\/wp-content\/uploads\/2015\/11\/IMAG0398.jpg","contentUrl":"https:\/\/media.generalkinematics.com\/wp-content\/uploads\/2015\/11\/IMAG0398.jpg","width":3264,"height":1952,"caption":"general-kinematics-screen"},{"@type":"BreadcrumbList","@id":"https:\/\/www.generalkinematics.com\/de\/produkt\/finger-screen-fur-mullheizkraftwerke\/#breadcrumb","itemListElement":[{"@type":"ListItem","position":1,"name":"GK Home","item":"https:\/\/www.generalkinematics.com\/de\/"},{"@type":"ListItem","position":2,"name":"Shop","item":"https:\/\/www.generalkinematics.com\/shop\/"},{"@type":"ListItem","position":3,"name":"FINGER-SCREEN\u2122 f\u00fcr M\u00fcllheizkraftwerke"}]},{"@type":"WebSite","@id":"https:\/\/www.generalkinematics.com\/de\/#website","url":"https:\/\/www.generalkinematics.com\/de\/","name":"General Kinematics","description":"","publisher":{"@id":"https:\/\/www.generalkinematics.com\/de\/#organization"},"potentialAction":[{"@type":"SearchAction","target":{"@type":"EntryPoint","urlTemplate":"https:\/\/www.generalkinematics.com\/de\/?s={search_term_string}"},"query-input":{"@type":"PropertyValueSpecification","valueRequired":true,"valueName":"search_term_string"}}],"inLanguage":"de-DE"},{"@type":"Organization","@id":"https:\/\/www.generalkinematics.com\/de\/#organization","name":"General Kinematics","url":"https:\/\/www.generalkinematics.com\/de\/","logo":{"@type":"ImageObject","inLanguage":"de-DE","@id":"https:\/\/www.generalkinematics.com\/de\/#\/schema\/logo\/image\/","url":"https:\/\/media.generalkinematics.com\/wp-content\/uploads\/2018\/03\/logo.png","contentUrl":"https:\/\/media.generalkinematics.com\/wp-content\/uploads\/2018\/03\/logo.png","width":313,"height":100,"caption":"General Kinematics"},"image":{"@id":"https:\/\/www.generalkinematics.com\/de\/#\/schema\/logo\/image\/"},"sameAs":["https:\/\/www.facebook.com\/generalkinematics","https:\/\/x.com\/gkvibrating"]}]}},"_links":{"self":[{"href":"https:\/\/www.generalkinematics.com\/de\/wp-json\/wp\/v2\/product\/40204","targetHints":{"allow":["GET"]}}],"collection":[{"href":"https:\/\/www.generalkinematics.com\/de\/wp-json\/wp\/v2\/product"}],"about":[{"href":"https:\/\/www.generalkinematics.com\/de\/wp-json\/wp\/v2\/types\/product"}],"replies":[{"embeddable":true,"href":"https:\/\/www.generalkinematics.com\/de\/wp-json\/wp\/v2\/comments?post=40204"}],"wp:featuredmedia":[{"embeddable":true,"href":"https:\/\/www.generalkinematics.com\/de\/wp-json\/wp\/v2\/media\/29591"}],"wp:attachment":[{"href":"https:\/\/www.generalkinematics.com\/de\/wp-json\/wp\/v2\/media?parent=40204"}],"wp:term":[{"taxonomy":"product_brand","embeddable":true,"href":"https:\/\/www.generalkinematics.com\/de\/wp-json\/wp\/v2\/product_brand?post=40204"},{"taxonomy":"product_cat","embeddable":true,"href":"https:\/\/www.generalkinematics.com\/de\/wp-json\/wp\/v2\/product_cat?post=40204"},{"taxonomy":"product_tag","embeddable":true,"href":"https:\/\/www.generalkinematics.com\/de\/wp-json\/wp\/v2\/product_tag?post=40204"}],"curies":[{"name":"wp","href":"https:\/\/api.w.org\/{rel}","templated":true}]}}