{"id":40215,"date":"2015-11-13T09:12:34","date_gmt":"2015-11-13T15:12:34","guid":{"rendered":"https:\/\/www.generalkinematics.com\/product\/knuppelbeschickungsanlagen-fur-induktionssysteme\/"},"modified":"2018-08-31T08:22:44","modified_gmt":"2018-08-31T13:22:44","slug":"knuppelbeschickungsanlagen-fur-induktionssysteme","status":"publish","type":"product","link":"https:\/\/www.generalkinematics.com\/de\/produkt\/knuppelbeschickungsanlagen-fur-induktionssysteme\/","title":{"rendered":"Kn\u00fcppelbeschickungsanlagen f\u00fcr Induktionssysteme"},"content":{"rendered":"<p>General Kinematics <strong>Wendelbeschickungssysteme<\/strong> k\u00f6nnen eine Charge von Kn\u00fcppeln aufnehmen, wiegen und in einem kreisf\u00f6rmigen Ausrichtungstopf dosieren. Die Kn\u00fcppel werden ausgerichtet und in Ihr kontinuierliches Induktionsheizsystem eingespeist. Die Vibrationsbewegung erm\u00f6glicht die Ausrichtung der Kn\u00fcppel.<\/p>\n","protected":false},"excerpt":{"rendered":"<p>General Kinematics Wendelbeschickungssysteme k\u00f6nnen eine Charge von Kn\u00fcppeln aufnehmen, wiegen und in einem kreisf\u00f6rmigen Ausrichtungstopf dosieren. Die Kn\u00fcppel werden ausgerichtet und in Ihr kontinuierliches Induktionsheizsystem eingespeist. Die Vibrationsbewegung erm\u00f6glicht die Ausrichtung der Kn\u00fcppel.<\/p>\n","protected":false},"featured_media":24923,"comment_status":"closed","ping_status":"closed","template":"","meta":{"_acf_changed":false,"om_disable_all_campaigns":false,"ep_exclude_from_search":false},"product_brand":[],"product_cat":[1772,1769],"product_tag":[],"class_list":{"0":"post-40215","1":"product","2":"type-product","3":"status-publish","4":"has-post-thumbnail","6":"product_cat-andere-loesungen","7":"product_cat-lordungen-fuer-giesserei-und-metallguss","9":"first","10":"instock","11":"taxable","12":"shipping-taxable","13":"product-type-simple"},"acf":[],"yoast_head":"<!-- This site is optimized with the Yoast SEO plugin v27.2 - https:\/\/yoast.com\/product\/yoast-seo-wordpress\/ -->\n<title>Kn\u00fcppelbeschickungsanlagen f\u00fcr Induktionssysteme | General Kinematics<\/title>\n<meta name=\"robots\" content=\"index, follow, max-snippet:-1, max-image-preview:large, max-video-preview:-1\" \/>\n<link rel=\"canonical\" href=\"https:\/\/www.generalkinematics.com\/de\/produkt\/knuppelbeschickungsanlagen-fur-induktionssysteme\/\" \/>\n<meta property=\"og:locale\" content=\"de_DE\" \/>\n<meta property=\"og:type\" content=\"article\" \/>\n<meta property=\"og:title\" content=\"Kn\u00fcppelbeschickungsanlagen f\u00fcr Induktionssysteme | General Kinematics\" \/>\n<meta property=\"og:description\" content=\"General Kinematics Wendelbeschickungssysteme k\u00f6nnen eine Charge von Kn\u00fcppeln aufnehmen, wiegen und in einem kreisf\u00f6rmigen Ausrichtungstopf dosieren. Die Kn\u00fcppel werden ausgerichtet und in Ihr kontinuierliches Induktionsheizsystem eingespeist. Die Vibrationsbewegung erm\u00f6glicht die Ausrichtung der Kn\u00fcppel.\" \/>\n<meta property=\"og:url\" content=\"https:\/\/www.generalkinematics.com\/de\/produkt\/knuppelbeschickungsanlagen-fur-induktionssysteme\/\" \/>\n<meta property=\"og:site_name\" content=\"General Kinematics\" \/>\n<meta property=\"article:publisher\" content=\"https:\/\/www.facebook.com\/generalkinematics\" \/>\n<meta property=\"article:modified_time\" content=\"2018-08-31T13:22:44+00:00\" \/>\n<meta property=\"og:image\" content=\"https:\/\/media.generalkinematics.com\/wp-content\/uploads\/2015\/11\/DSC00033.jpg\" \/>\n\t<meta property=\"og:image:width\" content=\"1632\" \/>\n\t<meta property=\"og:image:height\" content=\"1224\" \/>\n\t<meta property=\"og:image:type\" content=\"image\/jpeg\" \/>\n<meta name=\"twitter:card\" content=\"summary_large_image\" \/>\n<meta name=\"twitter:site\" content=\"@gkvibrating\" \/>\n<!-- \/ Yoast SEO plugin. -->","yoast_head_json":{"title":"Kn\u00fcppelbeschickungsanlagen f\u00fcr Induktionssysteme | General Kinematics","robots":{"index":"index","follow":"follow","max-snippet":"max-snippet:-1","max-image-preview":"max-image-preview:large","max-video-preview":"max-video-preview:-1"},"canonical":"https:\/\/www.generalkinematics.com\/de\/produkt\/knuppelbeschickungsanlagen-fur-induktionssysteme\/","og_locale":"de_DE","og_type":"article","og_title":"Kn\u00fcppelbeschickungsanlagen f\u00fcr Induktionssysteme | General Kinematics","og_description":"General Kinematics Wendelbeschickungssysteme k\u00f6nnen eine Charge von Kn\u00fcppeln aufnehmen, wiegen und in einem kreisf\u00f6rmigen Ausrichtungstopf dosieren. Die Kn\u00fcppel werden ausgerichtet und in Ihr kontinuierliches Induktionsheizsystem eingespeist. Die Vibrationsbewegung erm\u00f6glicht die Ausrichtung der Kn\u00fcppel.","og_url":"https:\/\/www.generalkinematics.com\/de\/produkt\/knuppelbeschickungsanlagen-fur-induktionssysteme\/","og_site_name":"General Kinematics","article_publisher":"https:\/\/www.facebook.com\/generalkinematics","article_modified_time":"2018-08-31T13:22:44+00:00","og_image":[{"width":1632,"height":1224,"url":"https:\/\/media.generalkinematics.com\/wp-content\/uploads\/2015\/11\/DSC00033.jpg","type":"image\/jpeg"}],"twitter_card":"summary_large_image","twitter_site":"@gkvibrating","schema":{"@context":"https:\/\/schema.org","@graph":[{"@type":"WebPage","@id":"https:\/\/www.generalkinematics.com\/de\/produkt\/knuppelbeschickungsanlagen-fur-induktionssysteme\/","url":"https:\/\/www.generalkinematics.com\/de\/produkt\/knuppelbeschickungsanlagen-fur-induktionssysteme\/","name":"Kn\u00fcppelbeschickungsanlagen f\u00fcr Induktionssysteme | General Kinematics","isPartOf":{"@id":"https:\/\/www.generalkinematics.com\/de\/#website"},"primaryImageOfPage":{"@id":"https:\/\/www.generalkinematics.com\/de\/produkt\/knuppelbeschickungsanlagen-fur-induktionssysteme\/#primaryimage"},"image":{"@id":"https:\/\/www.generalkinematics.com\/de\/produkt\/knuppelbeschickungsanlagen-fur-induktionssysteme\/#primaryimage"},"thumbnailUrl":"https:\/\/media.generalkinematics.com\/wp-content\/uploads\/2015\/11\/DSC00033.jpg","datePublished":"2015-11-13T15:12:34+00:00","dateModified":"2018-08-31T13:22:44+00:00","breadcrumb":{"@id":"https:\/\/www.generalkinematics.com\/de\/produkt\/knuppelbeschickungsanlagen-fur-induktionssysteme\/#breadcrumb"},"inLanguage":"de-DE","potentialAction":[{"@type":"ReadAction","target":["https:\/\/www.generalkinematics.com\/de\/produkt\/knuppelbeschickungsanlagen-fur-induktionssysteme\/"]}]},{"@type":"ImageObject","inLanguage":"de-DE","@id":"https:\/\/www.generalkinematics.com\/de\/produkt\/knuppelbeschickungsanlagen-fur-induktionssysteme\/#primaryimage","url":"https:\/\/media.generalkinematics.com\/wp-content\/uploads\/2015\/11\/DSC00033.jpg","contentUrl":"https:\/\/media.generalkinematics.com\/wp-content\/uploads\/2015\/11\/DSC00033.jpg","width":1632,"height":1224,"caption":"general-kinematics-bowl-feeder"},{"@type":"BreadcrumbList","@id":"https:\/\/www.generalkinematics.com\/de\/produkt\/knuppelbeschickungsanlagen-fur-induktionssysteme\/#breadcrumb","itemListElement":[{"@type":"ListItem","position":1,"name":"GK Home","item":"https:\/\/www.generalkinematics.com\/de\/"},{"@type":"ListItem","position":2,"name":"Shop","item":"https:\/\/www.generalkinematics.com\/shop\/"},{"@type":"ListItem","position":3,"name":"Kn\u00fcppelbeschickungsanlagen f\u00fcr Induktionssysteme"}]},{"@type":"WebSite","@id":"https:\/\/www.generalkinematics.com\/de\/#website","url":"https:\/\/www.generalkinematics.com\/de\/","name":"General Kinematics","description":"","publisher":{"@id":"https:\/\/www.generalkinematics.com\/de\/#organization"},"potentialAction":[{"@type":"SearchAction","target":{"@type":"EntryPoint","urlTemplate":"https:\/\/www.generalkinematics.com\/de\/?s={search_term_string}"},"query-input":{"@type":"PropertyValueSpecification","valueRequired":true,"valueName":"search_term_string"}}],"inLanguage":"de-DE"},{"@type":"Organization","@id":"https:\/\/www.generalkinematics.com\/de\/#organization","name":"General Kinematics","url":"https:\/\/www.generalkinematics.com\/de\/","logo":{"@type":"ImageObject","inLanguage":"de-DE","@id":"https:\/\/www.generalkinematics.com\/de\/#\/schema\/logo\/image\/","url":"https:\/\/media.generalkinematics.com\/wp-content\/uploads\/2018\/03\/logo.png","contentUrl":"https:\/\/media.generalkinematics.com\/wp-content\/uploads\/2018\/03\/logo.png","width":313,"height":100,"caption":"General Kinematics"},"image":{"@id":"https:\/\/www.generalkinematics.com\/de\/#\/schema\/logo\/image\/"},"sameAs":["https:\/\/www.facebook.com\/generalkinematics","https:\/\/x.com\/gkvibrating"]}]}},"_links":{"self":[{"href":"https:\/\/www.generalkinematics.com\/de\/wp-json\/wp\/v2\/product\/40215","targetHints":{"allow":["GET"]}}],"collection":[{"href":"https:\/\/www.generalkinematics.com\/de\/wp-json\/wp\/v2\/product"}],"about":[{"href":"https:\/\/www.generalkinematics.com\/de\/wp-json\/wp\/v2\/types\/product"}],"replies":[{"embeddable":true,"href":"https:\/\/www.generalkinematics.com\/de\/wp-json\/wp\/v2\/comments?post=40215"}],"wp:featuredmedia":[{"embeddable":true,"href":"https:\/\/www.generalkinematics.com\/de\/wp-json\/wp\/v2\/media\/24923"}],"wp:attachment":[{"href":"https:\/\/www.generalkinematics.com\/de\/wp-json\/wp\/v2\/media?parent=40215"}],"wp:term":[{"taxonomy":"product_brand","embeddable":true,"href":"https:\/\/www.generalkinematics.com\/de\/wp-json\/wp\/v2\/product_brand?post=40215"},{"taxonomy":"product_cat","embeddable":true,"href":"https:\/\/www.generalkinematics.com\/de\/wp-json\/wp\/v2\/product_cat?post=40215"},{"taxonomy":"product_tag","embeddable":true,"href":"https:\/\/www.generalkinematics.com\/de\/wp-json\/wp\/v2\/product_tag?post=40215"}],"curies":[{"name":"wp","href":"https:\/\/api.w.org\/{rel}","templated":true}]}}