{"id":40234,"date":"2015-12-09T16:05:32","date_gmt":"2015-12-09T22:05:32","guid":{"rendered":"https:\/\/www.generalkinematics.com\/product\/para-mount-ii-modulare-vibrations-beschickungsanlage\/"},"modified":"2019-07-12T16:57:21","modified_gmt":"2019-07-12T21:57:21","slug":"para-mount-zufuhreinrichtungen","status":"publish","type":"product","link":"https:\/\/www.generalkinematics.com\/de\/produkt\/para-mount-zufuhreinrichtungen\/","title":{"rendered":"PARA-MOUNT II\u00ae-Vibrations-Beschickungsanlagen"},"content":{"rendered":"<p>Die bew\u00e4hrte Leistung und ein wartungsfreier Betrieb machen f\u00fcr anspruchsvollste Anwendungen die <strong>PARA-MOUNT II\u00ae Vibrations-Beschickungsanlage<\/strong> zur ersten Wahl bei Vibrations-Beschickungsanlagen. PARA-MOUNT II\u00ae-Vibrations-Beschickungsanlagen k\u00f6nnen entweder mit einem festen oder variablen Antrieb und mit dem bew\u00e4hrten Zwei-Massen-Vibrationsantrieb (gk two mass) von GK ausgestattet werden. Dieser Antrieb erh\u00f6ht die Zufuhrkapazit\u00e4t bei bis zu 2\/3 weniger Energieverbrauch und bietet au\u00dfergew\u00f6hnliche Zuverl\u00e4ssigkeit und Wartungsfreundlichkeit.<\/p>\n<h2><strong>Modularer Aufbau<\/strong><\/h2>\n<p>F\u00fcr spezielle Situationen im Bergbau und anderen engen R\u00e4umen, in denen die vorhandene Konstruktion die einfache Installation neuer Ger\u00e4te verhindert, kann GK Ihren PARA-MOUNT II Bergbaubetrieb in modularer Bauweise ausf\u00fchren. Bei typischen Beschickungsanlagen bedeuten Fundamente und andere Konstruktionsprobleme ein m\u00fchsames und kostspieliges Projekt. Durch die Verwendung von Teilen, die in enge R\u00e4ume von 3 Fu\u00df oder weniger passen, kann die General Kinematics PARA-MOUNT II\u00ae Modulare Vibrations-Beschickungsanlage so ausgef\u00fchrt werden, dass sie mit Hilfe von Befestigungselementen an Ort und Stelle montiert werden kann, ohne dass Schwei\u00dfarbeiten erforderlich sind.<\/p>\n<h2><strong>Vollst\u00e4ndig geschlossene Beschickungsanlagen (geschlossene zuf\u00fchrger\u00e4te)<\/strong><\/h2>\n<p><strong>F\u00fcr Anwendungen bei denen Staub eine Rolle spielt: PARA-MOUNT II\u00ae vollst\u00e4ndig gekapselte Beschickungsanlagen<\/strong>erfordern keine Bunkersch\u00fcrzen und gew\u00e4hrleisten eine staubdichte Installation. (geschlossene zuf\u00fchrger\u00e4te) Die Konstruktion beinhaltet flexible Verbindungen, eine Tiefenregulierung der Platte und Inspektionst\u00fcren f\u00fcr einfache Installation, einfachen Betrieb und einfache Wartung.<\/p>\n<p>&nbsp;<\/p>\n<h2><strong>Eigenschaften:<\/strong><\/h2>\n<ul>\n<li>Der Zwei-Massen-Vibrationsantrieb verbraucht bis zu 2\/3 weniger Energie als Direktantrieb\/Schwerstlast-Beschickungsanlagen.<\/li>\n<li>Einfache Extra-Heavy &#8211; Duty-Bauweise f\u00fcr jahrelangen problemlosen Betrieb.<\/li>\n<li>Das Zwei-Massen-Antriebssystem ist selbstkompensierend und beh\u00e4lt automatisch eine konstante Zufuhrgeschwindigkeit f\u00fcr unterschiedliche Ladungen und bei Materialwechseln bei.<\/li>\n<li>F\u00fcr den ununterbrochenen Betrieb mit geringer Wartung entwickelt.<\/li>\n<li>Vollst\u00e4ndig gekapselte Motoren und andere Antriebskomponenten (explosionsgesch\u00fctzt erh\u00e4ltlich) sind f\u00fcr eine einfache Wartung vollst\u00e4ndig zug\u00e4nglich.<\/li>\n<\/ul>\n","protected":false},"excerpt":{"rendered":"<p>Die bew\u00e4hrte Leistung und ein wartungsfreier Betrieb machen f\u00fcr anspruchsvollste Anwendungen die PARA-MOUNT II\u00ae Vibrations-Beschickungsanlage zur ersten Wahl bei Vibrations-Beschickungsanlagen. PARA-MOUNT II\u00ae-Vibrations-Beschickungsanlagen k\u00f6nnen entweder mit einem festen oder variablen Antrieb und mit dem bew\u00e4hrten Zwei-Massen-Vibrationsantrieb (gk two mass) von GK ausgestattet werden. Dieser Antrieb erh\u00f6ht die Zufuhrkapazit\u00e4t bei bis zu 2\/3 weniger Energieverbrauch und bietet [&hellip;]<\/p>\n","protected":false},"featured_media":35777,"comment_status":"closed","ping_status":"closed","template":"","meta":{"_acf_changed":false,"om_disable_all_campaigns":false,"ep_exclude_from_search":false},"product_brand":[],"product_cat":[1792,1797],"product_tag":[],"class_list":{"0":"post-40234","1":"product","2":"type-product","3":"status-publish","4":"has-post-thumbnail","6":"product_cat-bergbau-und-mineralienloesungen","7":"product_cat-vibrierende-foerderer-bergbau-und-mineralien-loesungen","9":"first","10":"instock","11":"taxable","12":"shipping-taxable","13":"product-type-simple"},"acf":[],"yoast_head":"<!-- This site is optimized with the Yoast SEO plugin v27.2 - https:\/\/yoast.com\/product\/yoast-seo-wordpress\/ -->\n<title>PARA-MOUNT II\u00ae-Vibrations-Beschickungsanlagen | General Kinematics<\/title>\n<meta name=\"robots\" content=\"index, follow, max-snippet:-1, max-image-preview:large, max-video-preview:-1\" \/>\n<link rel=\"canonical\" href=\"https:\/\/www.generalkinematics.com\/de\/produkt\/para-mount-zufuhreinrichtungen\/\" \/>\n<meta property=\"og:locale\" content=\"de_DE\" \/>\n<meta property=\"og:type\" content=\"article\" \/>\n<meta property=\"og:title\" content=\"PARA-MOUNT II\u00ae-Vibrations-Beschickungsanlagen | General Kinematics\" \/>\n<meta property=\"og:description\" content=\"Die bew\u00e4hrte Leistung und ein wartungsfreier Betrieb machen f\u00fcr anspruchsvollste Anwendungen die PARA-MOUNT II\u00ae Vibrations-Beschickungsanlage zur ersten Wahl bei Vibrations-Beschickungsanlagen. PARA-MOUNT II\u00ae-Vibrations-Beschickungsanlagen k\u00f6nnen entweder mit einem festen oder variablen Antrieb und mit dem bew\u00e4hrten Zwei-Massen-Vibrationsantrieb (gk two mass) von GK ausgestattet werden. Dieser Antrieb erh\u00f6ht die Zufuhrkapazit\u00e4t bei bis zu 2\/3 weniger Energieverbrauch und bietet [&hellip;]\" \/>\n<meta property=\"og:url\" content=\"https:\/\/www.generalkinematics.com\/de\/produkt\/para-mount-zufuhreinrichtungen\/\" \/>\n<meta property=\"og:site_name\" content=\"General Kinematics\" \/>\n<meta property=\"article:publisher\" content=\"https:\/\/www.facebook.com\/generalkinematics\" \/>\n<meta property=\"article:modified_time\" content=\"2019-07-12T21:57:21+00:00\" \/>\n<meta property=\"og:image\" content=\"https:\/\/media.generalkinematics.com\/wp-content\/uploads\/2015\/12\/twomass-feeder.jpg\" \/>\n\t<meta property=\"og:image:width\" content=\"2560\" \/>\n\t<meta property=\"og:image:height\" content=\"1495\" \/>\n\t<meta property=\"og:image:type\" content=\"image\/jpeg\" \/>\n<meta name=\"twitter:card\" content=\"summary_large_image\" \/>\n<meta name=\"twitter:site\" content=\"@gkvibrating\" \/>\n<meta name=\"twitter:label1\" content=\"Gesch\u00e4tzte Lesezeit\" \/>\n\t<meta name=\"twitter:data1\" content=\"1 Minute\" \/>\n<!-- \/ Yoast SEO plugin. -->","yoast_head_json":{"title":"PARA-MOUNT II\u00ae-Vibrations-Beschickungsanlagen | General Kinematics","robots":{"index":"index","follow":"follow","max-snippet":"max-snippet:-1","max-image-preview":"max-image-preview:large","max-video-preview":"max-video-preview:-1"},"canonical":"https:\/\/www.generalkinematics.com\/de\/produkt\/para-mount-zufuhreinrichtungen\/","og_locale":"de_DE","og_type":"article","og_title":"PARA-MOUNT II\u00ae-Vibrations-Beschickungsanlagen | General Kinematics","og_description":"Die bew\u00e4hrte Leistung und ein wartungsfreier Betrieb machen f\u00fcr anspruchsvollste Anwendungen die PARA-MOUNT II\u00ae Vibrations-Beschickungsanlage zur ersten Wahl bei Vibrations-Beschickungsanlagen. PARA-MOUNT II\u00ae-Vibrations-Beschickungsanlagen k\u00f6nnen entweder mit einem festen oder variablen Antrieb und mit dem bew\u00e4hrten Zwei-Massen-Vibrationsantrieb (gk two mass) von GK ausgestattet werden. Dieser Antrieb erh\u00f6ht die Zufuhrkapazit\u00e4t bei bis zu 2\/3 weniger Energieverbrauch und bietet [&hellip;]","og_url":"https:\/\/www.generalkinematics.com\/de\/produkt\/para-mount-zufuhreinrichtungen\/","og_site_name":"General Kinematics","article_publisher":"https:\/\/www.facebook.com\/generalkinematics","article_modified_time":"2019-07-12T21:57:21+00:00","og_image":[{"width":2560,"height":1495,"url":"https:\/\/media.generalkinematics.com\/wp-content\/uploads\/2015\/12\/twomass-feeder.jpg","type":"image\/jpeg"}],"twitter_card":"summary_large_image","twitter_site":"@gkvibrating","twitter_misc":{"Gesch\u00e4tzte Lesezeit":"1 Minute"},"schema":{"@context":"https:\/\/schema.org","@graph":[{"@type":"WebPage","@id":"https:\/\/www.generalkinematics.com\/de\/produkt\/para-mount-zufuhreinrichtungen\/","url":"https:\/\/www.generalkinematics.com\/de\/produkt\/para-mount-zufuhreinrichtungen\/","name":"PARA-MOUNT II\u00ae-Vibrations-Beschickungsanlagen | General Kinematics","isPartOf":{"@id":"https:\/\/www.generalkinematics.com\/de\/#website"},"primaryImageOfPage":{"@id":"https:\/\/www.generalkinematics.com\/de\/produkt\/para-mount-zufuhreinrichtungen\/#primaryimage"},"image":{"@id":"https:\/\/www.generalkinematics.com\/de\/produkt\/para-mount-zufuhreinrichtungen\/#primaryimage"},"thumbnailUrl":"https:\/\/media.generalkinematics.com\/wp-content\/uploads\/2015\/12\/twomass-feeder.jpg","datePublished":"2015-12-09T22:05:32+00:00","dateModified":"2019-07-12T21:57:21+00:00","breadcrumb":{"@id":"https:\/\/www.generalkinematics.com\/de\/produkt\/para-mount-zufuhreinrichtungen\/#breadcrumb"},"inLanguage":"de-DE","potentialAction":[{"@type":"ReadAction","target":["https:\/\/www.generalkinematics.com\/de\/produkt\/para-mount-zufuhreinrichtungen\/"]}]},{"@type":"ImageObject","inLanguage":"de-DE","@id":"https:\/\/www.generalkinematics.com\/de\/produkt\/para-mount-zufuhreinrichtungen\/#primaryimage","url":"https:\/\/media.generalkinematics.com\/wp-content\/uploads\/2015\/12\/twomass-feeder.jpg","contentUrl":"https:\/\/media.generalkinematics.com\/wp-content\/uploads\/2015\/12\/twomass-feeder.jpg","width":2560,"height":1495,"caption":"Para mount 2"},{"@type":"BreadcrumbList","@id":"https:\/\/www.generalkinematics.com\/de\/produkt\/para-mount-zufuhreinrichtungen\/#breadcrumb","itemListElement":[{"@type":"ListItem","position":1,"name":"GK Home","item":"https:\/\/www.generalkinematics.com\/de\/"},{"@type":"ListItem","position":2,"name":"Shop","item":"https:\/\/www.generalkinematics.com\/shop\/"},{"@type":"ListItem","position":3,"name":"PARA-MOUNT II\u00ae-Vibrations-Beschickungsanlagen"}]},{"@type":"WebSite","@id":"https:\/\/www.generalkinematics.com\/de\/#website","url":"https:\/\/www.generalkinematics.com\/de\/","name":"General Kinematics","description":"","publisher":{"@id":"https:\/\/www.generalkinematics.com\/de\/#organization"},"potentialAction":[{"@type":"SearchAction","target":{"@type":"EntryPoint","urlTemplate":"https:\/\/www.generalkinematics.com\/de\/?s={search_term_string}"},"query-input":{"@type":"PropertyValueSpecification","valueRequired":true,"valueName":"search_term_string"}}],"inLanguage":"de-DE"},{"@type":"Organization","@id":"https:\/\/www.generalkinematics.com\/de\/#organization","name":"General Kinematics","url":"https:\/\/www.generalkinematics.com\/de\/","logo":{"@type":"ImageObject","inLanguage":"de-DE","@id":"https:\/\/www.generalkinematics.com\/de\/#\/schema\/logo\/image\/","url":"https:\/\/media.generalkinematics.com\/wp-content\/uploads\/2018\/03\/logo.png","contentUrl":"https:\/\/media.generalkinematics.com\/wp-content\/uploads\/2018\/03\/logo.png","width":313,"height":100,"caption":"General Kinematics"},"image":{"@id":"https:\/\/www.generalkinematics.com\/de\/#\/schema\/logo\/image\/"},"sameAs":["https:\/\/www.facebook.com\/generalkinematics","https:\/\/x.com\/gkvibrating"]}]}},"_links":{"self":[{"href":"https:\/\/www.generalkinematics.com\/de\/wp-json\/wp\/v2\/product\/40234","targetHints":{"allow":["GET"]}}],"collection":[{"href":"https:\/\/www.generalkinematics.com\/de\/wp-json\/wp\/v2\/product"}],"about":[{"href":"https:\/\/www.generalkinematics.com\/de\/wp-json\/wp\/v2\/types\/product"}],"replies":[{"embeddable":true,"href":"https:\/\/www.generalkinematics.com\/de\/wp-json\/wp\/v2\/comments?post=40234"}],"wp:featuredmedia":[{"embeddable":true,"href":"https:\/\/www.generalkinematics.com\/de\/wp-json\/wp\/v2\/media\/35777"}],"wp:attachment":[{"href":"https:\/\/www.generalkinematics.com\/de\/wp-json\/wp\/v2\/media?parent=40234"}],"wp:term":[{"taxonomy":"product_brand","embeddable":true,"href":"https:\/\/www.generalkinematics.com\/de\/wp-json\/wp\/v2\/product_brand?post=40234"},{"taxonomy":"product_cat","embeddable":true,"href":"https:\/\/www.generalkinematics.com\/de\/wp-json\/wp\/v2\/product_cat?post=40234"},{"taxonomy":"product_tag","embeddable":true,"href":"https:\/\/www.generalkinematics.com\/de\/wp-json\/wp\/v2\/product_tag?post=40234"}],"curies":[{"name":"wp","href":"https:\/\/api.w.org\/{rel}","templated":true}]}}