{"id":40241,"date":"2015-12-09T16:13:00","date_gmt":"2015-12-09T22:13:00","guid":{"rendered":"https:\/\/www.generalkinematics.com\/product\/para-mount-ii-vormontierte-vibrations-beschickungsanlagen\/"},"modified":"2019-07-12T16:48:11","modified_gmt":"2019-07-12T21:48:11","slug":"standard-beschickungsanlagen","status":"publish","type":"product","link":"https:\/\/www.generalkinematics.com\/de\/produkt\/standard-beschickungsanlagen\/","title":{"rendered":"PARA-MOUNT II\u00ae Vormontierte Vibrations-Beschickungsanlagen"},"content":{"rendered":"<p>General Kinematics <strong>PARA-MOUNT II\u00ae Vormontierte Vibrations-Beschickungsanlagen<\/strong> wurden mit einer einfachen, robusten Konstruktion f\u00fcr jahrelangen st\u00f6rungsfreien Betrieb ausgestattet. Basierend auf den General Kinematics PARA-MOUNT II\u00ae-Vibrations-Beschickungsanlagen ist diese neue Version jetzt in vormontierten Versandgr\u00f6\u00dfen erh\u00e4ltlich.<\/p>\n<h2>Eigenschaften:<\/h2>\n<ul>\n<li>Material mit moderater Dichte (M.D.) bis max. 1,213 g\/cm\u00b3 einschlie\u00dflich Edelstahl 304 Pfanne.<\/li>\n<li>Material mit hoher Dichte (H.D.) bis max. 1,922 g\/cm\u00b3 einschlie\u00dflich AR400 Pfanne.<\/li>\n<li>*Die Kapazit\u00e4t basiert auf der um 10 Grad geneigten Einheit mit trockenem\/gut flie\u00dfendem Material.<\/li>\n<\/ul>\n<p>&nbsp;<\/p>\n<p><img decoding=\"async\" class=\" size-medium wp-image-12775 alignnone\" src=\"https:\/\/www.generalkinematics.com\/wp-content\/uploads\/2015\/12\/Standard-sizes-390x266.jpg\" alt=\"Beschickungsanlagen-Standardgr\u00f6\u00dfen\" width=\"390\" height=\"266\" srcset=\"https:\/\/www.generalkinematics.com\/wp-content\/uploads\/2015\/12\/Standard-sizes-390x266.jpg 390w, https:\/\/www.generalkinematics.com\/wp-content\/uploads\/2015\/12\/Standard-sizes-300x204.jpg 300w, https:\/\/www.generalkinematics.com\/wp-content\/uploads\/2015\/12\/Standard-sizes-768x523.jpg 768w, https:\/\/www.generalkinematics.com\/wp-content\/uploads\/2015\/12\/Standard-sizes.jpg 992w\" sizes=\"(max-width: 639px) 98vw, (max-width: 1199px) 64vw, 390px\" \/><\/p>\n","protected":false},"excerpt":{"rendered":"<p>General Kinematics PARA-MOUNT II\u00ae Vormontierte Vibrations-Beschickungsanlagen wurden mit einer einfachen, robusten Konstruktion f\u00fcr jahrelangen st\u00f6rungsfreien Betrieb ausgestattet. Basierend auf den General Kinematics PARA-MOUNT II\u00ae-Vibrations-Beschickungsanlagen ist diese neue Version jetzt in vormontierten Versandgr\u00f6\u00dfen erh\u00e4ltlich. Eigenschaften: Material mit moderater Dichte (M.D.) bis max. 1,213 g\/cm\u00b3 einschlie\u00dflich Edelstahl 304 Pfanne. Material mit hoher Dichte (H.D.) bis max. 1,922 [&hellip;]<\/p>\n","protected":false},"featured_media":35740,"comment_status":"closed","ping_status":"closed","template":"","meta":{"_acf_changed":false,"om_disable_all_campaigns":false,"ep_exclude_from_search":false},"product_brand":[],"product_cat":[1792,1797],"product_tag":[],"class_list":{"0":"post-40241","1":"product","2":"type-product","3":"status-publish","4":"has-post-thumbnail","6":"product_cat-bergbau-und-mineralienloesungen","7":"product_cat-vibrierende-foerderer-bergbau-und-mineralien-loesungen","9":"first","10":"instock","11":"taxable","12":"shipping-taxable","13":"product-type-simple"},"acf":[],"yoast_head":"<!-- This site is optimized with the Yoast SEO plugin v27.2 - https:\/\/yoast.com\/product\/yoast-seo-wordpress\/ -->\n<title>PARA-MOUNT II\u00ae Vormontierte Vibrations-Beschickungsanlagen | General Kinematics<\/title>\n<meta name=\"robots\" content=\"index, follow, max-snippet:-1, max-image-preview:large, max-video-preview:-1\" \/>\n<link rel=\"canonical\" href=\"https:\/\/www.generalkinematics.com\/de\/produkt\/standard-beschickungsanlagen\/\" \/>\n<meta property=\"og:locale\" content=\"de_DE\" \/>\n<meta property=\"og:type\" content=\"article\" \/>\n<meta property=\"og:title\" content=\"PARA-MOUNT II\u00ae Vormontierte Vibrations-Beschickungsanlagen | General Kinematics\" \/>\n<meta property=\"og:description\" content=\"General Kinematics PARA-MOUNT II\u00ae Vormontierte Vibrations-Beschickungsanlagen wurden mit einer einfachen, robusten Konstruktion f\u00fcr jahrelangen st\u00f6rungsfreien Betrieb ausgestattet. Basierend auf den General Kinematics PARA-MOUNT II\u00ae-Vibrations-Beschickungsanlagen ist diese neue Version jetzt in vormontierten Versandgr\u00f6\u00dfen erh\u00e4ltlich. Eigenschaften: Material mit moderater Dichte (M.D.) bis max. 1,213 g\/cm\u00b3 einschlie\u00dflich Edelstahl 304 Pfanne. Material mit hoher Dichte (H.D.) bis max. 1,922 [&hellip;]\" \/>\n<meta property=\"og:url\" content=\"https:\/\/www.generalkinematics.com\/de\/produkt\/standard-beschickungsanlagen\/\" \/>\n<meta property=\"og:site_name\" content=\"General Kinematics\" \/>\n<meta property=\"article:publisher\" content=\"https:\/\/www.facebook.com\/generalkinematics\" \/>\n<meta property=\"article:modified_time\" content=\"2019-07-12T21:48:11+00:00\" \/>\n<meta property=\"og:image\" content=\"https:\/\/media.generalkinematics.com\/wp-content\/uploads\/2015\/12\/standard-feeders.jpg\" \/>\n\t<meta property=\"og:image:width\" content=\"2560\" \/>\n\t<meta property=\"og:image:height\" content=\"1495\" \/>\n\t<meta property=\"og:image:type\" content=\"image\/jpeg\" \/>\n<meta name=\"twitter:card\" content=\"summary_large_image\" \/>\n<meta name=\"twitter:site\" content=\"@gkvibrating\" \/>\n<!-- \/ Yoast SEO plugin. -->","yoast_head_json":{"title":"PARA-MOUNT II\u00ae Vormontierte Vibrations-Beschickungsanlagen | General Kinematics","robots":{"index":"index","follow":"follow","max-snippet":"max-snippet:-1","max-image-preview":"max-image-preview:large","max-video-preview":"max-video-preview:-1"},"canonical":"https:\/\/www.generalkinematics.com\/de\/produkt\/standard-beschickungsanlagen\/","og_locale":"de_DE","og_type":"article","og_title":"PARA-MOUNT II\u00ae Vormontierte Vibrations-Beschickungsanlagen | General Kinematics","og_description":"General Kinematics PARA-MOUNT II\u00ae Vormontierte Vibrations-Beschickungsanlagen wurden mit einer einfachen, robusten Konstruktion f\u00fcr jahrelangen st\u00f6rungsfreien Betrieb ausgestattet. Basierend auf den General Kinematics PARA-MOUNT II\u00ae-Vibrations-Beschickungsanlagen ist diese neue Version jetzt in vormontierten Versandgr\u00f6\u00dfen erh\u00e4ltlich. Eigenschaften: Material mit moderater Dichte (M.D.) bis max. 1,213 g\/cm\u00b3 einschlie\u00dflich Edelstahl 304 Pfanne. Material mit hoher Dichte (H.D.) bis max. 1,922 [&hellip;]","og_url":"https:\/\/www.generalkinematics.com\/de\/produkt\/standard-beschickungsanlagen\/","og_site_name":"General Kinematics","article_publisher":"https:\/\/www.facebook.com\/generalkinematics","article_modified_time":"2019-07-12T21:48:11+00:00","og_image":[{"width":2560,"height":1495,"url":"https:\/\/media.generalkinematics.com\/wp-content\/uploads\/2015\/12\/standard-feeders.jpg","type":"image\/jpeg"}],"twitter_card":"summary_large_image","twitter_site":"@gkvibrating","schema":{"@context":"https:\/\/schema.org","@graph":[{"@type":"WebPage","@id":"https:\/\/www.generalkinematics.com\/de\/produkt\/standard-beschickungsanlagen\/","url":"https:\/\/www.generalkinematics.com\/de\/produkt\/standard-beschickungsanlagen\/","name":"PARA-MOUNT II\u00ae Vormontierte Vibrations-Beschickungsanlagen | General Kinematics","isPartOf":{"@id":"https:\/\/www.generalkinematics.com\/de\/#website"},"primaryImageOfPage":{"@id":"https:\/\/www.generalkinematics.com\/de\/produkt\/standard-beschickungsanlagen\/#primaryimage"},"image":{"@id":"https:\/\/www.generalkinematics.com\/de\/produkt\/standard-beschickungsanlagen\/#primaryimage"},"thumbnailUrl":"https:\/\/media.generalkinematics.com\/wp-content\/uploads\/2015\/12\/standard-feeders.jpg","datePublished":"2015-12-09T22:13:00+00:00","dateModified":"2019-07-12T21:48:11+00:00","breadcrumb":{"@id":"https:\/\/www.generalkinematics.com\/de\/produkt\/standard-beschickungsanlagen\/#breadcrumb"},"inLanguage":"de-DE","potentialAction":[{"@type":"ReadAction","target":["https:\/\/www.generalkinematics.com\/de\/produkt\/standard-beschickungsanlagen\/"]}]},{"@type":"ImageObject","inLanguage":"de-DE","@id":"https:\/\/www.generalkinematics.com\/de\/produkt\/standard-beschickungsanlagen\/#primaryimage","url":"https:\/\/media.generalkinematics.com\/wp-content\/uploads\/2015\/12\/standard-feeders.jpg","contentUrl":"https:\/\/media.generalkinematics.com\/wp-content\/uploads\/2015\/12\/standard-feeders.jpg","width":2560,"height":1495,"caption":"pre engineered feeder"},{"@type":"BreadcrumbList","@id":"https:\/\/www.generalkinematics.com\/de\/produkt\/standard-beschickungsanlagen\/#breadcrumb","itemListElement":[{"@type":"ListItem","position":1,"name":"GK Home","item":"https:\/\/www.generalkinematics.com\/de\/"},{"@type":"ListItem","position":2,"name":"Shop","item":"https:\/\/www.generalkinematics.com\/shop\/"},{"@type":"ListItem","position":3,"name":"PARA-MOUNT II\u00ae Vormontierte Vibrations-Beschickungsanlagen"}]},{"@type":"WebSite","@id":"https:\/\/www.generalkinematics.com\/de\/#website","url":"https:\/\/www.generalkinematics.com\/de\/","name":"General Kinematics","description":"","publisher":{"@id":"https:\/\/www.generalkinematics.com\/de\/#organization"},"potentialAction":[{"@type":"SearchAction","target":{"@type":"EntryPoint","urlTemplate":"https:\/\/www.generalkinematics.com\/de\/?s={search_term_string}"},"query-input":{"@type":"PropertyValueSpecification","valueRequired":true,"valueName":"search_term_string"}}],"inLanguage":"de-DE"},{"@type":"Organization","@id":"https:\/\/www.generalkinematics.com\/de\/#organization","name":"General Kinematics","url":"https:\/\/www.generalkinematics.com\/de\/","logo":{"@type":"ImageObject","inLanguage":"de-DE","@id":"https:\/\/www.generalkinematics.com\/de\/#\/schema\/logo\/image\/","url":"https:\/\/media.generalkinematics.com\/wp-content\/uploads\/2018\/03\/logo.png","contentUrl":"https:\/\/media.generalkinematics.com\/wp-content\/uploads\/2018\/03\/logo.png","width":313,"height":100,"caption":"General Kinematics"},"image":{"@id":"https:\/\/www.generalkinematics.com\/de\/#\/schema\/logo\/image\/"},"sameAs":["https:\/\/www.facebook.com\/generalkinematics","https:\/\/x.com\/gkvibrating"]}]}},"_links":{"self":[{"href":"https:\/\/www.generalkinematics.com\/de\/wp-json\/wp\/v2\/product\/40241","targetHints":{"allow":["GET"]}}],"collection":[{"href":"https:\/\/www.generalkinematics.com\/de\/wp-json\/wp\/v2\/product"}],"about":[{"href":"https:\/\/www.generalkinematics.com\/de\/wp-json\/wp\/v2\/types\/product"}],"replies":[{"embeddable":true,"href":"https:\/\/www.generalkinematics.com\/de\/wp-json\/wp\/v2\/comments?post=40241"}],"wp:featuredmedia":[{"embeddable":true,"href":"https:\/\/www.generalkinematics.com\/de\/wp-json\/wp\/v2\/media\/35740"}],"wp:attachment":[{"href":"https:\/\/www.generalkinematics.com\/de\/wp-json\/wp\/v2\/media?parent=40241"}],"wp:term":[{"taxonomy":"product_brand","embeddable":true,"href":"https:\/\/www.generalkinematics.com\/de\/wp-json\/wp\/v2\/product_brand?post=40241"},{"taxonomy":"product_cat","embeddable":true,"href":"https:\/\/www.generalkinematics.com\/de\/wp-json\/wp\/v2\/product_cat?post=40241"},{"taxonomy":"product_tag","embeddable":true,"href":"https:\/\/www.generalkinematics.com\/de\/wp-json\/wp\/v2\/product_tag?post=40241"}],"curies":[{"name":"wp","href":"https:\/\/api.w.org\/{rel}","templated":true}]}}