{"id":40259,"date":"2015-12-11T16:06:19","date_gmt":"2015-12-11T22:06:19","guid":{"rendered":"https:\/\/www.generalkinematics.com\/product\/general-kinematics-hochleistungs-duktile-stabilisatoren-kippfuse\/"},"modified":"2019-12-06T10:58:04","modified_gmt":"2019-12-06T16:58:04","slug":"general-kinematics-hochleistungs-duktile-stabilisatoren-kippfuse","status":"publish","type":"product","link":"https:\/\/www.generalkinematics.com\/de\/produkt\/general-kinematics-hochleistungs-duktile-stabilisatoren-kippfuse\/","title":{"rendered":"General Kinematics Hochleistungs-Duktile Stabilisatoren \/ Kippf\u00fc\u00dfe"},"content":{"rendered":"<p>GKs patentierte <strong>duktilen Stabilisatoren \/ Rocker Legs<\/strong> nutzen das gleiche gro\u00dfartige Designkonzept wie unsere <a href=\"https:\/\/www.generalkinematics.com\/de\/produkt\/general-kinematics-premium-aluminium-stabilisatoren\/\"><strong>hochwertigen Aluminiumstabilisatoren \/ Rocker Legs<\/strong><\/a>, werden jedoch aus abriebfestem duktilem Eisen gegossen. Alle von General Kinematics zum Patent angemeldeten neuen hochbelastbaren, duktilen St\u00fctzbeine sind die festesten auf dem Markt erh\u00e4ltlichen. Durch den Einsatz der bew\u00e4hrten I-Tr\u00e4gerbauweise eliminieren die GK duktilen St\u00fctzen die vertikale und horizontale Biegung, die bei anderen Stabilisatoren anderer Hersteller f\u00fcr maximale Festigkeit in den anspruchsvollsten Anwendungen zu finden ist.<\/p>\n<p><u><strong>Wann sollte man auf Stahlstabilisatoren umsteigen?<\/strong><\/u><\/p>\n<p>Haben Sie eine Anwendung, bei der Ihre Maschine in sandgef\u00fcllten Gruben steht und Chemikalien und anderen Umweltbedingungen ausgesetzt ist, die gelegentlich eine Herausforderung f\u00fcr Nichteisenlegierungen wie Aluminium darstellen? F\u00fcr diese seltenen F\u00e4lle bietet GK jetzt alle neuen duktilen Eisenstabilisatoren\/Rocker Legs f\u00fcr Vibrationsequipment von GK oder anderen Herstellern an. GK Parts-Spezialisten arbeiten mit Ihnen zusammen, um das optimale St\u00fctzendesign und die technischen Informationen bereitzustellen, die Ihnen bei der Installation und Neuabstimmung Ihrer Maschine helfen, um sicherzustellen, dass sie weiterhin dem urspr\u00fcnglichen Design entspricht.<\/p>\n<p><u><strong>Was m\u00fcssen Sie wissen, bevor Sie auf Stahlst\u00fctzbeine wechseln<\/strong><\/u><\/p>\n<p>Wegen des erh\u00f6hten Gewichts werden GK-St\u00fctzbeine aus duktilem Eisen nur f\u00fcr die extremsten Umgebungen und Betriebsbedingungen empfohlen. Wenn Sie zu duktilen St\u00fctzbeinen wechseln m\u00f6chten, wenden Sie sich bitte an den Kundendienst von General Kinematics, um Informationen zur Neuabstimmung und Neukalibrierung Ihres Ger\u00e4ts zu erhalten, weil diese St\u00fctzen die Leistungsmerkmale Ihrer Maschine ver\u00e4ndern. F\u00fcr alle anderen Anwendungen beachten Sie bitte unsere <a href=\"https:\/\/www.generalkinematics.com\/de\/produkt\/general-kinematics-premium-aluminium-stabilisatoren\/\"><strong>Aluminium-St\u00fctzbeine<\/strong><\/a>. <a href=\"https:\/\/www.generalkinematics.com\/de\/24-7-365-gk-parts-und-service-ist-fur-sie-da\/\">Wenden Sie sich an einen GK-Komponentenspezialisten<\/a>, um Ihre spezifische Anwendung zu besprechen.<\/p>\n<p>&nbsp;<\/p>\n<h2>GK Duktile Stabilisatoren \/ Kippf\u00fc\u00dfe:<\/h2>\n<ul>\n<li class=\"products_headline2\">Abriebfest<\/li>\n<li class=\"products_headline2\">Reduzieren Sie die Betriebskosten<\/li>\n<li class=\"products_headline2\">Reduzieren Sie die Ausfallzeiten<\/li>\n<li class=\"products_headline2\">Verwenden Sie austauschbare Muffen<\/li>\n<li class=\"products_headline2\">Pflegen Sie die Werksgarantie<\/li>\n<\/ul>\n<p><a href=\"https:\/\/www.generalkinematics.com\/de\/24-7-365-gk-parts-und-service-ist-fur-sie-da\/\" target=\"_blank\" rel=\"noopener noreferrer\"><img decoding=\"async\" class=\"alignnone\" src=\"https:\/\/www.generalkinematics.com\/wp-content\/uploads\/images\/order-now.gif\" alt=\"GK-Stabilisatoren \/ Kippf\u00fc\u00dfe bestellen\" width=\"200\" height=\"99\" border=\"0\" \/><\/a><\/p>\n<p class=\"bodytext14\"><strong>Ersatzstabilisatoren f\u00fcr Equipment anderer Hersteller<\/strong><\/p>\n<table border=\"1\" width=\"600\" cellspacing=\"0\" cellpadding=\"5\">\n<tbody>\n<tr class=\"bodytext14\">\n<td bgcolor=\"#f2f2f2\"><strong>Referenz Teilenummer<\/strong><\/td>\n<td bgcolor=\"#f2f2f2\"><strong>GK-Teilenummer<\/strong><\/td>\n<td bgcolor=\"#f2f2f2\"><strong>L\u00e4nge in der Mitte<\/strong><\/td>\n<td bgcolor=\"#f2f2f2\"><strong>Breite<\/strong><\/td>\n<\/tr>\n<tr class=\"bodytext\">\n<td>CDC-2052 \/ DS-1400<\/td>\n<td>10-01-50-9561 (duktil)<\/td>\n<td>14 Zoll<\/td>\n<td>3 1\/4 Zoll<\/td>\n<\/tr>\n<\/tbody>\n<\/table>\n","protected":false},"excerpt":{"rendered":"<p>GKs patentierte duktilen Stabilisatoren \/ Rocker Legs nutzen das gleiche gro\u00dfartige Designkonzept wie unsere hochwertigen Aluminiumstabilisatoren \/ Rocker Legs, werden jedoch aus abriebfestem duktilem Eisen gegossen. Alle von General Kinematics zum Patent angemeldeten neuen hochbelastbaren, duktilen St\u00fctzbeine sind die festesten auf dem Markt erh\u00e4ltlichen. Durch den Einsatz der bew\u00e4hrten I-Tr\u00e4gerbauweise eliminieren die GK duktilen St\u00fctzen [&hellip;]<\/p>\n","protected":false},"featured_media":26963,"comment_status":"closed","ping_status":"closed","template":"","meta":{"_acf_changed":false,"om_disable_all_campaigns":false,"ep_exclude_from_search":false},"product_brand":[],"product_cat":[1758],"product_tag":[],"class_list":{"0":"post-40259","1":"product","2":"type-product","3":"status-publish","4":"has-post-thumbnail","6":"product_cat-vibrations-maschinenbauteile","8":"first","9":"instock","10":"taxable","11":"shipping-taxable","12":"product-type-simple"},"acf":[],"yoast_head":"<!-- This site is optimized with the Yoast SEO plugin v27.2 - https:\/\/yoast.com\/product\/yoast-seo-wordpress\/ -->\n<title>General Kinematics Hochleistungs-Duktile Stabilisatoren \/ Kippf\u00fc\u00dfe | General Kinematics<\/title>\n<meta name=\"robots\" content=\"index, follow, max-snippet:-1, max-image-preview:large, max-video-preview:-1\" \/>\n<link rel=\"canonical\" href=\"https:\/\/www.generalkinematics.com\/de\/produkt\/general-kinematics-hochleistungs-duktile-stabilisatoren-kippfuse\/\" \/>\n<meta property=\"og:locale\" content=\"de_DE\" \/>\n<meta property=\"og:type\" content=\"article\" \/>\n<meta property=\"og:title\" content=\"General Kinematics Hochleistungs-Duktile Stabilisatoren \/ Kippf\u00fc\u00dfe | General Kinematics\" \/>\n<meta property=\"og:description\" content=\"GKs patentierte duktilen Stabilisatoren \/ Rocker Legs nutzen das gleiche gro\u00dfartige Designkonzept wie unsere hochwertigen Aluminiumstabilisatoren \/ Rocker Legs, werden jedoch aus abriebfestem duktilem Eisen gegossen. Alle von General Kinematics zum Patent angemeldeten neuen hochbelastbaren, duktilen St\u00fctzbeine sind die festesten auf dem Markt erh\u00e4ltlichen. Durch den Einsatz der bew\u00e4hrten I-Tr\u00e4gerbauweise eliminieren die GK duktilen St\u00fctzen [&hellip;]\" \/>\n<meta property=\"og:url\" content=\"https:\/\/www.generalkinematics.com\/de\/produkt\/general-kinematics-hochleistungs-duktile-stabilisatoren-kippfuse\/\" \/>\n<meta property=\"og:site_name\" content=\"General Kinematics\" \/>\n<meta property=\"article:publisher\" content=\"https:\/\/www.facebook.com\/generalkinematics\" \/>\n<meta property=\"article:modified_time\" content=\"2019-12-06T16:58:04+00:00\" \/>\n<meta property=\"og:image\" content=\"https:\/\/media.generalkinematics.com\/wp-content\/uploads\/2015\/12\/ductile.png\" \/>\n\t<meta property=\"og:image:width\" content=\"400\" \/>\n\t<meta property=\"og:image:height\" content=\"400\" \/>\n\t<meta property=\"og:image:type\" content=\"image\/jpeg\" \/>\n<meta name=\"twitter:card\" content=\"summary_large_image\" \/>\n<meta name=\"twitter:site\" content=\"@gkvibrating\" \/>\n<meta name=\"twitter:label1\" content=\"Gesch\u00e4tzte Lesezeit\" \/>\n\t<meta name=\"twitter:data1\" content=\"2 Minuten\" \/>\n<!-- \/ Yoast SEO plugin. -->","yoast_head_json":{"title":"General Kinematics Hochleistungs-Duktile Stabilisatoren \/ Kippf\u00fc\u00dfe | General Kinematics","robots":{"index":"index","follow":"follow","max-snippet":"max-snippet:-1","max-image-preview":"max-image-preview:large","max-video-preview":"max-video-preview:-1"},"canonical":"https:\/\/www.generalkinematics.com\/de\/produkt\/general-kinematics-hochleistungs-duktile-stabilisatoren-kippfuse\/","og_locale":"de_DE","og_type":"article","og_title":"General Kinematics Hochleistungs-Duktile Stabilisatoren \/ Kippf\u00fc\u00dfe | General Kinematics","og_description":"GKs patentierte duktilen Stabilisatoren \/ Rocker Legs nutzen das gleiche gro\u00dfartige Designkonzept wie unsere hochwertigen Aluminiumstabilisatoren \/ Rocker Legs, werden jedoch aus abriebfestem duktilem Eisen gegossen. Alle von General Kinematics zum Patent angemeldeten neuen hochbelastbaren, duktilen St\u00fctzbeine sind die festesten auf dem Markt erh\u00e4ltlichen. Durch den Einsatz der bew\u00e4hrten I-Tr\u00e4gerbauweise eliminieren die GK duktilen St\u00fctzen [&hellip;]","og_url":"https:\/\/www.generalkinematics.com\/de\/produkt\/general-kinematics-hochleistungs-duktile-stabilisatoren-kippfuse\/","og_site_name":"General Kinematics","article_publisher":"https:\/\/www.facebook.com\/generalkinematics","article_modified_time":"2019-12-06T16:58:04+00:00","og_image":[{"width":400,"height":400,"url":"https:\/\/media.generalkinematics.com\/wp-content\/uploads\/2015\/12\/ductile.png","type":"image\/jpeg"}],"twitter_card":"summary_large_image","twitter_site":"@gkvibrating","twitter_misc":{"Gesch\u00e4tzte Lesezeit":"2 Minuten"},"schema":{"@context":"https:\/\/schema.org","@graph":[{"@type":"WebPage","@id":"https:\/\/www.generalkinematics.com\/de\/produkt\/general-kinematics-hochleistungs-duktile-stabilisatoren-kippfuse\/","url":"https:\/\/www.generalkinematics.com\/de\/produkt\/general-kinematics-hochleistungs-duktile-stabilisatoren-kippfuse\/","name":"General Kinematics Hochleistungs-Duktile Stabilisatoren \/ Kippf\u00fc\u00dfe | General Kinematics","isPartOf":{"@id":"https:\/\/www.generalkinematics.com\/de\/#website"},"primaryImageOfPage":{"@id":"https:\/\/www.generalkinematics.com\/de\/produkt\/general-kinematics-hochleistungs-duktile-stabilisatoren-kippfuse\/#primaryimage"},"image":{"@id":"https:\/\/www.generalkinematics.com\/de\/produkt\/general-kinematics-hochleistungs-duktile-stabilisatoren-kippfuse\/#primaryimage"},"thumbnailUrl":"https:\/\/media.generalkinematics.com\/wp-content\/uploads\/2015\/12\/ductile.png","datePublished":"2015-12-11T22:06:19+00:00","dateModified":"2019-12-06T16:58:04+00:00","breadcrumb":{"@id":"https:\/\/www.generalkinematics.com\/de\/produkt\/general-kinematics-hochleistungs-duktile-stabilisatoren-kippfuse\/#breadcrumb"},"inLanguage":"de-DE","potentialAction":[{"@type":"ReadAction","target":["https:\/\/www.generalkinematics.com\/de\/produkt\/general-kinematics-hochleistungs-duktile-stabilisatoren-kippfuse\/"]}]},{"@type":"ImageObject","inLanguage":"de-DE","@id":"https:\/\/www.generalkinematics.com\/de\/produkt\/general-kinematics-hochleistungs-duktile-stabilisatoren-kippfuse\/#primaryimage","url":"https:\/\/media.generalkinematics.com\/wp-content\/uploads\/2015\/12\/ductile.png","contentUrl":"https:\/\/media.generalkinematics.com\/wp-content\/uploads\/2015\/12\/ductile.png","width":400,"height":400,"caption":"general-kinematics-ductile-rocker-leg"},{"@type":"BreadcrumbList","@id":"https:\/\/www.generalkinematics.com\/de\/produkt\/general-kinematics-hochleistungs-duktile-stabilisatoren-kippfuse\/#breadcrumb","itemListElement":[{"@type":"ListItem","position":1,"name":"GK Home","item":"https:\/\/www.generalkinematics.com\/de\/"},{"@type":"ListItem","position":2,"name":"Shop","item":"https:\/\/www.generalkinematics.com\/shop\/"},{"@type":"ListItem","position":3,"name":"General Kinematics Hochleistungs-Duktile Stabilisatoren \/ Kippf\u00fc\u00dfe"}]},{"@type":"WebSite","@id":"https:\/\/www.generalkinematics.com\/de\/#website","url":"https:\/\/www.generalkinematics.com\/de\/","name":"General Kinematics","description":"","publisher":{"@id":"https:\/\/www.generalkinematics.com\/de\/#organization"},"potentialAction":[{"@type":"SearchAction","target":{"@type":"EntryPoint","urlTemplate":"https:\/\/www.generalkinematics.com\/de\/?s={search_term_string}"},"query-input":{"@type":"PropertyValueSpecification","valueRequired":true,"valueName":"search_term_string"}}],"inLanguage":"de-DE"},{"@type":"Organization","@id":"https:\/\/www.generalkinematics.com\/de\/#organization","name":"General Kinematics","url":"https:\/\/www.generalkinematics.com\/de\/","logo":{"@type":"ImageObject","inLanguage":"de-DE","@id":"https:\/\/www.generalkinematics.com\/de\/#\/schema\/logo\/image\/","url":"https:\/\/media.generalkinematics.com\/wp-content\/uploads\/2018\/03\/logo.png","contentUrl":"https:\/\/media.generalkinematics.com\/wp-content\/uploads\/2018\/03\/logo.png","width":313,"height":100,"caption":"General Kinematics"},"image":{"@id":"https:\/\/www.generalkinematics.com\/de\/#\/schema\/logo\/image\/"},"sameAs":["https:\/\/www.facebook.com\/generalkinematics","https:\/\/x.com\/gkvibrating"]}]}},"_links":{"self":[{"href":"https:\/\/www.generalkinematics.com\/de\/wp-json\/wp\/v2\/product\/40259","targetHints":{"allow":["GET"]}}],"collection":[{"href":"https:\/\/www.generalkinematics.com\/de\/wp-json\/wp\/v2\/product"}],"about":[{"href":"https:\/\/www.generalkinematics.com\/de\/wp-json\/wp\/v2\/types\/product"}],"replies":[{"embeddable":true,"href":"https:\/\/www.generalkinematics.com\/de\/wp-json\/wp\/v2\/comments?post=40259"}],"wp:featuredmedia":[{"embeddable":true,"href":"https:\/\/www.generalkinematics.com\/de\/wp-json\/wp\/v2\/media\/26963"}],"wp:attachment":[{"href":"https:\/\/www.generalkinematics.com\/de\/wp-json\/wp\/v2\/media?parent=40259"}],"wp:term":[{"taxonomy":"product_brand","embeddable":true,"href":"https:\/\/www.generalkinematics.com\/de\/wp-json\/wp\/v2\/product_brand?post=40259"},{"taxonomy":"product_cat","embeddable":true,"href":"https:\/\/www.generalkinematics.com\/de\/wp-json\/wp\/v2\/product_cat?post=40259"},{"taxonomy":"product_tag","embeddable":true,"href":"https:\/\/www.generalkinematics.com\/de\/wp-json\/wp\/v2\/product_tag?post=40259"}],"curies":[{"name":"wp","href":"https:\/\/api.w.org\/{rel}","templated":true}]}}