{"id":40279,"date":"2015-12-11T16:26:05","date_gmt":"2015-12-11T22:26:05","guid":{"rendered":"https:\/\/www.generalkinematics.com\/product\/general-kinematics-premium-aluminium-stabilisatoren-rocker-leg\/"},"modified":"2019-02-06T13:22:27","modified_gmt":"2019-02-06T19:22:27","slug":"general-kinematics-premium-aluminium-stabilisatoren","status":"publish","type":"product","link":"https:\/\/www.generalkinematics.com\/de\/produkt\/general-kinematics-premium-aluminium-stabilisatoren\/","title":{"rendered":"General Kinematics Premium Aluminium-Stabilisatoren \/ Rocker Leg"},"content":{"rendered":"<p>M\u00f6chten Sie die Leistung Ihres Vibrations-Equipments verbessern? Das Ersetzen abgenutzter St\u00fctzbeine kann eine sehr effektive Ma\u00dfnahme sein, um die Leistung einer Vibrationseinheit zu erh\u00f6hen. Dadurch k\u00f6nnen die Betriebskosten gesenkt und eine positive Auswirkung auf die verf\u00fcgbare Betriebszeit genutzt werden, um die unerwarteten Ausfallzeiten Ihrer Ger\u00e4te zu reduzieren.<\/p>\n<p>General Kinematics <strong>Premium Aluminiumstabilisatoren \/ Rocker Legs<\/strong> \u00fcberstehen und \u00fcbertreffen andere Stabilisatoren. Die nat\u00fcrlichen Eigenschaften von Aluminium leiten die W\u00e4rme schnell von der Beinmuffe ab, so dass der Betrieb mit Aluminiumbeinen um 20 oder mehr Grad k\u00fchler erfolgt, als bei Stahl- oder Gussbeinen. Dies ist wichtig, da die reduzierte Temperatur des Aluminiumbeins die Lebensdauer der Muffe gegen\u00fcber denen in Stahlbeinen nachweislich deutlich erh\u00f6ht. Diese erh\u00f6hte Lebensdauer der Muffe bedeutet mehr Betriebszeit, l\u00e4ngere Lebensdauer der Komponenten und eine Reduzierung der Reparaturkosten, was wiederum mehr Gewinn f\u00fcr Ihr Unternehmen bedeutet. Falls die Muffen einmal ersetzt werden m\u00fcssen, lassen sich GK-Stabilisatormuffen leicht austauschen, wodurch die Lebensdauer verl\u00e4ngert und die Wartungskosten insgesamt reduziert werden.<\/p>\n<p>GK liefert jetzt auch Vibrationsstabilisatoren \/ Rocker Legs f\u00fcr Vibrations-Equipment anderer Marken. Beachten Sie hierzu die nachfolgenden Tabellen. Sollten Sie einen nicht aufgelisteten Stabilisator haben, kein Problem! <a href=\"https:\/\/www.generalkinematics.com\/de\/kontakt-general-kinematics\/\" target=\"_blank\" rel=\"noopener\">Wenden Sie sich an Ihren GK-Teile-Spezialisten<\/a> und wir entwickeln einen Stabilisator f\u00fcr Ihre Anwendung, der eine verbesserte Leistung und eine l\u00e4ngere Lebensdauer bietet.<\/p>\n<p><u><strong>Lassen Sie es uns beweisen!<\/strong><\/u><\/p>\n<p><strong>Warum sind GK-Stabilisatoren besser?<\/strong> <a href=\"https:\/\/www.generalkinematics.com\/blog\/live-from-the-lab-stabilizer-bushing-life-test\/\">Muffenlebensdauerpr\u00fcfung<\/a> | <a href=\"https:\/\/www.generalkinematics.com\/blog\/what-are-you-really-bolting-into-your-gk-conveyor\/\">Stabilizer-Leistungsvergleich<\/a><\/p>\n<p><u><strong>Kundenempfehlungen<\/strong><\/u><\/p>\n<p class=\"redtext12\"><strong><em>\u201eWir haben gerade die Ersatzstabilisatoren f\u00fcr <img decoding=\"async\" src=\"https:\/\/www.generalkinematics.com\/wp-content\/uploads\/images\/CP10-01-51-A.jpg\" alt=\"Ersatz-Stabilisator-Rocker Leg\" width=\"100\" height=\"75\" align=\"right\" \/>unseren Nicht-GK-Vibrationsf\u00f6rderer erhalten. Sie sehen robuster als die Originale aus und die Gr\u00f6\u00dfe passt genau.\u201c<\/em><\/strong><\/p>\n<p>&#8211; Charles Graves, VAE Nortrak<\/p>\n<p>&nbsp;<\/p>\n<h2>GK-Vibrationsstabilisatoren<\/h2>\n<ul>\n<li class=\"products_headline2\">K\u00fchler betreiben<\/li>\n<li class=\"products_headline2\">Erh\u00f6hen Sie die Lebensdauer der Muffe<\/li>\n<li class=\"products_headline2\">Einfacher zu installieren<\/li>\n<li class=\"products_headline2\">Reduzieren Sie die Betriebskosten<\/li>\n<li class=\"products_headline2\">Reduzieren Sie die Ausfallzeiten<\/li>\n<li class=\"products_headline2\">Verwenden Sie austauschbare Muffen<\/li>\n<li class=\"products_headline2\">Pflegen Sie die Werksgarantie<\/li>\n<\/ul>\n<p>&nbsp;<\/p>\n<div class=\"cb-video-frame\"><\/div>\n<h2>Finden Sie weiter unten Ihren Stabilisator:<\/h2>\n<div>\n<p class=\"bodytext14\"><strong>Ersatzstabilisatoren f\u00fcr General Kinematics-Equipment<\/strong><\/p>\n<table border=\"1\" width=\"600\" cellspacing=\"0\" cellpadding=\"5\">\n<tbody>\n<tr class=\"bodytext14\">\n<td class=\"bodytext14\" align=\"center\" bgcolor=\"#f2f2f2\" width=\"174\"><strong>GK-Teilenummer<\/strong><\/td>\n<td class=\"bodytext14\" align=\"center\" bgcolor=\"#f2f2f2\" width=\"152\"><strong>L\u00e4nge in der Mitte<\/strong><\/td>\n<td align=\"center\" bgcolor=\"#f2f2f2\" width=\"74\"><strong>Breite<\/strong><\/td>\n<td class=\"bodytext14\" align=\"center\" bgcolor=\"#f2f2f2\" width=\"150\"><\/td>\n<\/tr>\n<tr>\n<td align=\"center\"><span class=\"bodytext\">10-01-39-A<\/span><\/td>\n<td align=\"center\"><span class=\"bodytext\">11 1\/2 Zoll<\/span><\/td>\n<td align=\"center\"><span class=\"bodytext\">3 1\/4 Zoll<\/span><\/td>\n<td align=\"center\"><img decoding=\"async\" src=\"https:\/\/www.generalkinematics.com\/wp-content\/uploads\/images\/gkparts\/stabilizers\/10-01-39-A.jpg\" alt=\"10-01-39-A\" width=\"100\" height=\"75\" \/><\/td>\n<\/tr>\n<tr>\n<td align=\"center\"><span class=\"bodytext\">10-01-47-A<\/span><\/td>\n<td align=\"center\"><span class=\"bodytext\">7 1\/2 Zoll<\/span><\/td>\n<td align=\"center\"><span class=\"bodytext\">2 1\/4 Zoll<\/span><\/td>\n<td align=\"center\"><img decoding=\"async\" src=\"https:\/\/www.generalkinematics.com\/wp-content\/uploads\/images\/gkparts\/stabilizers\/10-01-47-A.jpg\" alt=\"10-01-47-A\" width=\"100\" height=\"75\" \/><\/td>\n<\/tr>\n<tr>\n<td align=\"center\"><span class=\"bodytext\">10-01-3012-A<\/span><\/td>\n<td align=\"center\"><span class=\"bodytext\">14 Zoll<\/span><\/td>\n<td align=\"center\"><span class=\"bodytext\">6 1\/2 Zoll<\/span><\/td>\n<td align=\"center\"><img decoding=\"async\" src=\"https:\/\/www.generalkinematics.com\/wp-content\/uploads\/images\/gkparts\/stabilizers\/10-01-3012-A.jpg\" alt=\"10-01-3012-A\" width=\"100\" height=\"75\" \/><\/td>\n<\/tr>\n<tr>\n<td align=\"center\"><span class=\"bodytext\">10-01-3002-A<\/span><\/td>\n<td align=\"center\"><span class=\"bodytext\">13 Zoll<\/span><\/td>\n<td align=\"center\"><span class=\"bodytext\">8 Zoll<\/span><\/td>\n<td align=\"center\"><img decoding=\"async\" src=\"https:\/\/www.generalkinematics.com\/wp-content\/uploads\/images\/gkparts\/stabilizers\/10-01-3002-A.jpg\" alt=\"10-01-3002-A\" width=\"100\" height=\"75\" \/><\/td>\n<\/tr>\n<tr>\n<td align=\"center\"><span class=\"bodytext\">10-01-42-A<\/span><\/td>\n<td align=\"center\"><span class=\"bodytext\">14 Zoll<\/span><\/td>\n<td align=\"center\"><span class=\"bodytext\">3 1\/4 Zoll<\/span><\/td>\n<td align=\"center\"><img decoding=\"async\" src=\"https:\/\/www.generalkinematics.com\/wp-content\/uploads\/images\/gkparts\/stabilizers\/10-01-42-A.jpg\" alt=\"10-01-42-A\" width=\"100\" height=\"75\" \/><\/td>\n<\/tr>\n<\/tbody>\n<\/table>\n<p>&nbsp;<\/p>\n<p class=\"bodytext14\"><strong><a id=\"comp_parts\" name=\"comp_parts\"><\/a>Ersatzstabilisatoren f\u00fcr Equipment anderer Hersteller<\/strong><\/p>\n<table border=\"1\" width=\"600\" cellspacing=\"0\" cellpadding=\"5\">\n<tbody>\n<tr class=\"bodytext14\">\n<td align=\"center\" bgcolor=\"#f2f2f2\" width=\"105\"><strong>Referenz-<\/strong><\/p>\n<p>Teilenummer<\/td>\n<td align=\"center\" bgcolor=\"#f2f2f2\" width=\"102\"><strong>GK-Teilenummer<\/strong><\/td>\n<td align=\"center\" bgcolor=\"#f2f2f2\" width=\"103\"><strong>L\u00e4nge in der Mitte<\/strong><\/td>\n<td align=\"center\" bgcolor=\"#f2f2f2\" width=\"74\"><strong>Breite<\/strong><\/td>\n<td align=\"center\" bgcolor=\"#f2f2f2\" width=\"154\"><\/td>\n<\/tr>\n<tr>\n<td align=\"center\"><span class=\"bodytext\">Carrier 110402<\/span><\/td>\n<td align=\"center\"><span class=\"bodytext\">CP10-01-51-A<\/span><\/td>\n<td align=\"center\"><span class=\"bodytext\">9 1\/2 Zoll<\/span><\/td>\n<td align=\"center\"><span class=\"bodytext\">3 1\/4 Zoll<\/span><\/td>\n<td align=\"center\"><img decoding=\"async\" src=\"https:\/\/www.generalkinematics.com\/wp-content\/uploads\/images\/gkparts\/stabilizers\/CP10-01-51-A.jpg\" alt=\"110402 Stabilisator\" width=\"100\" height=\"75\" \/><\/td>\n<\/tr>\n<tr>\n<td align=\"center\"><span class=\"bodytext\">Carrier 110406<\/span><\/td>\n<td align=\"center\"><span class=\"bodytext\">CP10-01-53-A<\/span><\/td>\n<td align=\"center\"><span class=\"bodytext\">15 3\/4 Zoll<\/span><\/td>\n<td align=\"center\"><span class=\"bodytext\">3 1\/4 Zoll<\/span><\/td>\n<td align=\"center\"><img decoding=\"async\" src=\"https:\/\/www.generalkinematics.com\/wp-content\/uploads\/images\/gkparts\/stabilizers\/CP-10-01-53-A.jpg\" alt=\"110406 St\u00fctzbein\" width=\"100\" height=\"75\" \/><\/td>\n<\/tr>\n<tr>\n<td align=\"center\"><span class=\"bodytext\">Carrier 110407<\/span><\/td>\n<td align=\"center\"><span class=\"bodytext\">CP10-01-55-A<\/span><\/td>\n<td align=\"center\"><span class=\"bodytext\">15 3\/4 Zoll<\/span><\/td>\n<td align=\"center\"><span class=\"bodytext\">5 1\/2 Zoll<\/span><\/td>\n<td align=\"center\"><img decoding=\"async\" src=\"https:\/\/www.generalkinematics.com\/wp-content\/uploads\/images\/gkparts\/stabilizers\/CP10-01-55-A.jpg\" alt=\"110407 Rocker Leg\" width=\"100\" height=\"75\" \/><\/td>\n<\/tr>\n<tr>\n<td align=\"center\"><span class=\"bodytext\">Carrier 110401<\/span><\/td>\n<td align=\"center\"><span class=\"bodytext\">CP10-01-57-A<\/span><\/td>\n<td align=\"center\"><span class=\"bodytext\">9 1\/2 Zoll<\/span><\/td>\n<td align=\"center\"><span class=\"bodytext\">5 1\/2 Zoll<\/span><\/td>\n<td align=\"center\"><img decoding=\"async\" src=\"https:\/\/www.generalkinematics.com\/wp-content\/uploads\/images\/gkparts\/stabilizers\/CP10-01-57-A.jpg\" alt=\"110401 Rocker Arm\" width=\"100\" height=\"75\" \/><\/td>\n<\/tr>\n<tr>\n<td align=\"center\"><span class=\"bodytext\">Carrier 110412<\/span><\/td>\n<td align=\"center\"><span class=\"bodytext\">CP10-01-59-A<\/span><\/td>\n<td align=\"center\"><span class=\"bodytext\">18 3\/4 Zoll<\/span><\/td>\n<td align=\"center\"><span class=\"bodytext\">5 1\/2 Zoll<\/span><\/td>\n<td align=\"center\"><img decoding=\"async\" src=\"https:\/\/www.generalkinematics.com\/wp-content\/uploads\/images\/gkparts\/stabilizers\/CP10-01-59-A.jpg\" alt=\"110412 Stabilisator-Rocker Arm\" width=\"100\" height=\"75\" \/><\/td>\n<\/tr>\n<tr class=\"bodytext\">\n<td align=\"center\">CDC-2052 \/ DS-1400<\/td>\n<td align=\"center\"><a href=\"https:\/\/www.generalkinematics.com\/de\/produkt\/general-kinematics-hochleistungs-duktile-stabilisatoren-kippfuse\/\">10-01-50-9561 (duktil)<\/a><\/td>\n<td align=\"center\">14 Zoll<\/td>\n<td align=\"center\">3 1\/4 Zoll<\/td>\n<td align=\"center\"><img decoding=\"async\" src=\"https:\/\/www.generalkinematics.com\/wp-content\/uploads\/images\/gkparts\/stabilizers\/10-01-42-A.jpg\" alt=\"10-01-42-A\" width=\"100\" height=\"75\" \/><\/td>\n<\/tr>\n<\/tbody>\n<\/table>\n<\/div>\n<p>&nbsp;<\/p>\n<div><a href=\"https:\/\/www.generalkinematics.com\/de\/kontakt-general-kinematics\/\"><img decoding=\"async\" src=\"https:\/\/www.generalkinematics.com\/wp-content\/uploads\/images\/order-now.gif\" alt=\"GK-Stabilisatoren \/ Kippf\u00fc\u00dfe bestellen\" width=\"175\" height=\"87\" border=\"0\" \/><\/a><\/div>\n","protected":false},"excerpt":{"rendered":"<p>M\u00f6chten Sie die Leistung Ihres Vibrations-Equipments verbessern? Das Ersetzen abgenutzter St\u00fctzbeine kann eine sehr effektive Ma\u00dfnahme sein, um die Leistung einer Vibrationseinheit zu erh\u00f6hen. Dadurch k\u00f6nnen die Betriebskosten gesenkt und eine positive Auswirkung auf die verf\u00fcgbare Betriebszeit genutzt werden, um die unerwarteten Ausfallzeiten Ihrer Ger\u00e4te zu reduzieren. General Kinematics Premium Aluminiumstabilisatoren \/ Rocker Legs \u00fcberstehen [&hellip;]<\/p>\n","protected":false},"featured_media":26955,"comment_status":"closed","ping_status":"closed","template":"","meta":{"_acf_changed":false,"om_disable_all_campaigns":false,"ep_exclude_from_search":false},"product_brand":[],"product_cat":[1758],"product_tag":[],"class_list":{"0":"post-40279","1":"product","2":"type-product","3":"status-publish","4":"has-post-thumbnail","6":"product_cat-vibrations-maschinenbauteile","8":"first","9":"instock","10":"taxable","11":"shipping-taxable","12":"product-type-simple"},"acf":[],"yoast_head":"<!-- This site is optimized with the Yoast SEO plugin v27.2 - https:\/\/yoast.com\/product\/yoast-seo-wordpress\/ -->\n<title>General Kinematics Premium Aluminium-Stabilisatoren \/ Rocker Leg | General Kinematics<\/title>\n<meta name=\"robots\" content=\"index, follow, max-snippet:-1, max-image-preview:large, max-video-preview:-1\" \/>\n<link rel=\"canonical\" href=\"https:\/\/www.generalkinematics.com\/de\/produkt\/general-kinematics-premium-aluminium-stabilisatoren\/\" \/>\n<meta property=\"og:locale\" content=\"de_DE\" \/>\n<meta property=\"og:type\" content=\"article\" \/>\n<meta property=\"og:title\" content=\"General Kinematics Premium Aluminium-Stabilisatoren \/ Rocker Leg | General Kinematics\" \/>\n<meta property=\"og:description\" content=\"M\u00f6chten Sie die Leistung Ihres Vibrations-Equipments verbessern? Das Ersetzen abgenutzter St\u00fctzbeine kann eine sehr effektive Ma\u00dfnahme sein, um die Leistung einer Vibrationseinheit zu erh\u00f6hen. Dadurch k\u00f6nnen die Betriebskosten gesenkt und eine positive Auswirkung auf die verf\u00fcgbare Betriebszeit genutzt werden, um die unerwarteten Ausfallzeiten Ihrer Ger\u00e4te zu reduzieren. General Kinematics Premium Aluminiumstabilisatoren \/ Rocker Legs \u00fcberstehen [&hellip;]\" \/>\n<meta property=\"og:url\" content=\"https:\/\/www.generalkinematics.com\/de\/produkt\/general-kinematics-premium-aluminium-stabilisatoren\/\" \/>\n<meta property=\"og:site_name\" content=\"General Kinematics\" \/>\n<meta property=\"article:publisher\" content=\"https:\/\/www.facebook.com\/generalkinematics\" \/>\n<meta property=\"article:modified_time\" content=\"2019-02-06T19:22:27+00:00\" \/>\n<meta property=\"og:image\" content=\"https:\/\/media.generalkinematics.com\/wp-content\/uploads\/2015\/12\/aluminum.png\" \/>\n\t<meta property=\"og:image:width\" content=\"400\" \/>\n\t<meta property=\"og:image:height\" content=\"400\" \/>\n\t<meta property=\"og:image:type\" content=\"image\/jpeg\" \/>\n<meta name=\"twitter:card\" content=\"summary_large_image\" \/>\n<meta name=\"twitter:site\" content=\"@gkvibrating\" \/>\n<meta name=\"twitter:label1\" content=\"Gesch\u00e4tzte Lesezeit\" \/>\n\t<meta name=\"twitter:data1\" content=\"2 Minuten\" \/>\n<!-- \/ Yoast SEO plugin. -->","yoast_head_json":{"title":"General Kinematics Premium Aluminium-Stabilisatoren \/ Rocker Leg | General Kinematics","robots":{"index":"index","follow":"follow","max-snippet":"max-snippet:-1","max-image-preview":"max-image-preview:large","max-video-preview":"max-video-preview:-1"},"canonical":"https:\/\/www.generalkinematics.com\/de\/produkt\/general-kinematics-premium-aluminium-stabilisatoren\/","og_locale":"de_DE","og_type":"article","og_title":"General Kinematics Premium Aluminium-Stabilisatoren \/ Rocker Leg | General Kinematics","og_description":"M\u00f6chten Sie die Leistung Ihres Vibrations-Equipments verbessern? Das Ersetzen abgenutzter St\u00fctzbeine kann eine sehr effektive Ma\u00dfnahme sein, um die Leistung einer Vibrationseinheit zu erh\u00f6hen. Dadurch k\u00f6nnen die Betriebskosten gesenkt und eine positive Auswirkung auf die verf\u00fcgbare Betriebszeit genutzt werden, um die unerwarteten Ausfallzeiten Ihrer Ger\u00e4te zu reduzieren. General Kinematics Premium Aluminiumstabilisatoren \/ Rocker Legs \u00fcberstehen [&hellip;]","og_url":"https:\/\/www.generalkinematics.com\/de\/produkt\/general-kinematics-premium-aluminium-stabilisatoren\/","og_site_name":"General Kinematics","article_publisher":"https:\/\/www.facebook.com\/generalkinematics","article_modified_time":"2019-02-06T19:22:27+00:00","og_image":[{"width":400,"height":400,"url":"https:\/\/media.generalkinematics.com\/wp-content\/uploads\/2015\/12\/aluminum.png","type":"image\/jpeg"}],"twitter_card":"summary_large_image","twitter_site":"@gkvibrating","twitter_misc":{"Gesch\u00e4tzte Lesezeit":"2 Minuten"},"schema":{"@context":"https:\/\/schema.org","@graph":[{"@type":"WebPage","@id":"https:\/\/www.generalkinematics.com\/de\/produkt\/general-kinematics-premium-aluminium-stabilisatoren\/","url":"https:\/\/www.generalkinematics.com\/de\/produkt\/general-kinematics-premium-aluminium-stabilisatoren\/","name":"General Kinematics Premium Aluminium-Stabilisatoren \/ Rocker Leg | General Kinematics","isPartOf":{"@id":"https:\/\/www.generalkinematics.com\/de\/#website"},"primaryImageOfPage":{"@id":"https:\/\/www.generalkinematics.com\/de\/produkt\/general-kinematics-premium-aluminium-stabilisatoren\/#primaryimage"},"image":{"@id":"https:\/\/www.generalkinematics.com\/de\/produkt\/general-kinematics-premium-aluminium-stabilisatoren\/#primaryimage"},"thumbnailUrl":"https:\/\/media.generalkinematics.com\/wp-content\/uploads\/2015\/12\/aluminum.png","datePublished":"2015-12-11T22:26:05+00:00","dateModified":"2019-02-06T19:22:27+00:00","breadcrumb":{"@id":"https:\/\/www.generalkinematics.com\/de\/produkt\/general-kinematics-premium-aluminium-stabilisatoren\/#breadcrumb"},"inLanguage":"de-DE","potentialAction":[{"@type":"ReadAction","target":["https:\/\/www.generalkinematics.com\/de\/produkt\/general-kinematics-premium-aluminium-stabilisatoren\/"]}]},{"@type":"ImageObject","inLanguage":"de-DE","@id":"https:\/\/www.generalkinematics.com\/de\/produkt\/general-kinematics-premium-aluminium-stabilisatoren\/#primaryimage","url":"https:\/\/media.generalkinematics.com\/wp-content\/uploads\/2015\/12\/aluminum.png","contentUrl":"https:\/\/media.generalkinematics.com\/wp-content\/uploads\/2015\/12\/aluminum.png","width":400,"height":400,"caption":"general-kinematics-rocker-leg"},{"@type":"BreadcrumbList","@id":"https:\/\/www.generalkinematics.com\/de\/produkt\/general-kinematics-premium-aluminium-stabilisatoren\/#breadcrumb","itemListElement":[{"@type":"ListItem","position":1,"name":"GK Home","item":"https:\/\/www.generalkinematics.com\/de\/"},{"@type":"ListItem","position":2,"name":"Shop","item":"https:\/\/www.generalkinematics.com\/shop\/"},{"@type":"ListItem","position":3,"name":"General Kinematics Premium Aluminium-Stabilisatoren \/ Rocker Leg"}]},{"@type":"WebSite","@id":"https:\/\/www.generalkinematics.com\/de\/#website","url":"https:\/\/www.generalkinematics.com\/de\/","name":"General Kinematics","description":"","publisher":{"@id":"https:\/\/www.generalkinematics.com\/de\/#organization"},"potentialAction":[{"@type":"SearchAction","target":{"@type":"EntryPoint","urlTemplate":"https:\/\/www.generalkinematics.com\/de\/?s={search_term_string}"},"query-input":{"@type":"PropertyValueSpecification","valueRequired":true,"valueName":"search_term_string"}}],"inLanguage":"de-DE"},{"@type":"Organization","@id":"https:\/\/www.generalkinematics.com\/de\/#organization","name":"General Kinematics","url":"https:\/\/www.generalkinematics.com\/de\/","logo":{"@type":"ImageObject","inLanguage":"de-DE","@id":"https:\/\/www.generalkinematics.com\/de\/#\/schema\/logo\/image\/","url":"https:\/\/media.generalkinematics.com\/wp-content\/uploads\/2018\/03\/logo.png","contentUrl":"https:\/\/media.generalkinematics.com\/wp-content\/uploads\/2018\/03\/logo.png","width":313,"height":100,"caption":"General Kinematics"},"image":{"@id":"https:\/\/www.generalkinematics.com\/de\/#\/schema\/logo\/image\/"},"sameAs":["https:\/\/www.facebook.com\/generalkinematics","https:\/\/x.com\/gkvibrating"]}]}},"_links":{"self":[{"href":"https:\/\/www.generalkinematics.com\/de\/wp-json\/wp\/v2\/product\/40279","targetHints":{"allow":["GET"]}}],"collection":[{"href":"https:\/\/www.generalkinematics.com\/de\/wp-json\/wp\/v2\/product"}],"about":[{"href":"https:\/\/www.generalkinematics.com\/de\/wp-json\/wp\/v2\/types\/product"}],"replies":[{"embeddable":true,"href":"https:\/\/www.generalkinematics.com\/de\/wp-json\/wp\/v2\/comments?post=40279"}],"wp:featuredmedia":[{"embeddable":true,"href":"https:\/\/www.generalkinematics.com\/de\/wp-json\/wp\/v2\/media\/26955"}],"wp:attachment":[{"href":"https:\/\/www.generalkinematics.com\/de\/wp-json\/wp\/v2\/media?parent=40279"}],"wp:term":[{"taxonomy":"product_brand","embeddable":true,"href":"https:\/\/www.generalkinematics.com\/de\/wp-json\/wp\/v2\/product_brand?post=40279"},{"taxonomy":"product_cat","embeddable":true,"href":"https:\/\/www.generalkinematics.com\/de\/wp-json\/wp\/v2\/product_cat?post=40279"},{"taxonomy":"product_tag","embeddable":true,"href":"https:\/\/www.generalkinematics.com\/de\/wp-json\/wp\/v2\/product_tag?post=40279"}],"curies":[{"name":"wp","href":"https:\/\/api.w.org\/{rel}","templated":true}]}}