{"id":40288,"date":"2015-12-11T16:42:06","date_gmt":"2015-12-11T22:42:06","guid":{"rendered":"https:\/\/www.generalkinematics.com\/product\/masgefertigter-stabilisator-rockerleg-kippfus-rfq\/"},"modified":"2018-08-31T10:42:13","modified_gmt":"2018-08-31T15:42:13","slug":"masgefertigter-stabilisator-rockerleg-rfq","status":"publish","type":"product","link":"https:\/\/www.generalkinematics.com\/de\/produkt\/masgefertigter-stabilisator-rockerleg-rfq\/","title":{"rendered":"Ma\u00dfgefertigter Stabilisator \/ Rockerleg (Kippfu\u00df) RFQ"},"content":{"rendered":"<p>Heute sind wir alle mit den stetig steigenden Energiekosten konfrontiert. Daher suchen viele Unternehmen nach M\u00f6glichkeiten, die Effizienz ihren Produktionsanlagen zu verbessern. Eine wesentliche M\u00f6glichkeit besteht darin, sicherzustellen, dass Ihr Vibrations-Equipment geradeaus l\u00e4uft, um die F\u00f6rderf\u00e4higkeit und die Verarbeitung Ihres Produkts zu maximieren.<\/p>\n<p>Das Ersetzen abgenutzter St\u00fctzbeine kann eine sehr effektive Ma\u00dfnahme sein, um die Leistung einer Vibrationseinheit zu erh\u00f6hen. Dadurch k\u00f6nnen die Betriebskosten gesenkt und eine positive Auswirkung auf die verf\u00fcgbare Betriebszeit genutzt werden, um die unerwarteten Ausfallzeiten Ihrer Ger\u00e4te zu reduzieren.<\/p>\n<p>GK liefert Ihnen die ben\u00f6tigten Stabilisatoren in Aluminium- oder Stahlbauweise.<\/p>\n","protected":false},"excerpt":{"rendered":"<p>Heute sind wir alle mit den stetig steigenden Energiekosten konfrontiert. Daher suchen viele Unternehmen nach M\u00f6glichkeiten, die Effizienz ihren Produktionsanlagen zu verbessern. Eine wesentliche M\u00f6glichkeit besteht darin, sicherzustellen, dass Ihr Vibrations-Equipment geradeaus l\u00e4uft, um die F\u00f6rderf\u00e4higkeit und die Verarbeitung Ihres Produkts zu maximieren. Das Ersetzen abgenutzter St\u00fctzbeine kann eine sehr effektive Ma\u00dfnahme sein, um die [&hellip;]<\/p>\n","protected":false},"featured_media":27335,"comment_status":"closed","ping_status":"closed","template":"","meta":{"_acf_changed":false,"om_disable_all_campaigns":false,"ep_exclude_from_search":false},"product_brand":[],"product_cat":[1756,1758],"product_tag":[],"class_list":{"0":"post-40288","1":"product","2":"type-product","3":"status-publish","4":"has-post-thumbnail","6":"product_cat-nicht-gk-ausrustung","7":"product_cat-vibrations-maschinenbauteile","9":"first","10":"instock","11":"taxable","12":"shipping-taxable","13":"product-type-simple"},"acf":[],"yoast_head":"<!-- This site is optimized with the Yoast SEO plugin v27.2 - https:\/\/yoast.com\/product\/yoast-seo-wordpress\/ -->\n<title>Ma\u00dfgefertigter Stabilisator \/ Rockerleg (Kippfu\u00df) RFQ | General Kinematics<\/title>\n<meta name=\"robots\" content=\"index, follow, max-snippet:-1, max-image-preview:large, max-video-preview:-1\" \/>\n<link rel=\"canonical\" href=\"https:\/\/www.generalkinematics.com\/de\/produkt\/masgefertigter-stabilisator-rockerleg-rfq\/\" \/>\n<meta property=\"og:locale\" content=\"de_DE\" \/>\n<meta property=\"og:type\" content=\"article\" \/>\n<meta property=\"og:title\" content=\"Ma\u00dfgefertigter Stabilisator \/ Rockerleg (Kippfu\u00df) RFQ | General Kinematics\" \/>\n<meta property=\"og:description\" content=\"Heute sind wir alle mit den stetig steigenden Energiekosten konfrontiert. Daher suchen viele Unternehmen nach M\u00f6glichkeiten, die Effizienz ihren Produktionsanlagen zu verbessern. Eine wesentliche M\u00f6glichkeit besteht darin, sicherzustellen, dass Ihr Vibrations-Equipment geradeaus l\u00e4uft, um die F\u00f6rderf\u00e4higkeit und die Verarbeitung Ihres Produkts zu maximieren. Das Ersetzen abgenutzter St\u00fctzbeine kann eine sehr effektive Ma\u00dfnahme sein, um die [&hellip;]\" \/>\n<meta property=\"og:url\" content=\"https:\/\/www.generalkinematics.com\/de\/produkt\/masgefertigter-stabilisator-rockerleg-rfq\/\" \/>\n<meta property=\"og:site_name\" content=\"General Kinematics\" \/>\n<meta property=\"article:publisher\" content=\"https:\/\/www.facebook.com\/generalkinematics\" \/>\n<meta property=\"article:modified_time\" content=\"2018-08-31T15:42:13+00:00\" \/>\n<meta property=\"og:image\" content=\"https:\/\/media.generalkinematics.com\/wp-content\/uploads\/2015\/07\/stabilizers-11.jpg\" \/>\n\t<meta property=\"og:image:width\" content=\"800\" \/>\n\t<meta property=\"og:image:height\" content=\"360\" \/>\n\t<meta property=\"og:image:type\" content=\"image\/jpeg\" \/>\n<meta name=\"twitter:card\" content=\"summary_large_image\" \/>\n<meta name=\"twitter:site\" content=\"@gkvibrating\" \/>\n<meta name=\"twitter:label1\" content=\"Gesch\u00e4tzte Lesezeit\" \/>\n\t<meta name=\"twitter:data1\" content=\"1 Minute\" \/>\n<!-- \/ Yoast SEO plugin. -->","yoast_head_json":{"title":"Ma\u00dfgefertigter Stabilisator \/ Rockerleg (Kippfu\u00df) RFQ | General Kinematics","robots":{"index":"index","follow":"follow","max-snippet":"max-snippet:-1","max-image-preview":"max-image-preview:large","max-video-preview":"max-video-preview:-1"},"canonical":"https:\/\/www.generalkinematics.com\/de\/produkt\/masgefertigter-stabilisator-rockerleg-rfq\/","og_locale":"de_DE","og_type":"article","og_title":"Ma\u00dfgefertigter Stabilisator \/ Rockerleg (Kippfu\u00df) RFQ | General Kinematics","og_description":"Heute sind wir alle mit den stetig steigenden Energiekosten konfrontiert. Daher suchen viele Unternehmen nach M\u00f6glichkeiten, die Effizienz ihren Produktionsanlagen zu verbessern. Eine wesentliche M\u00f6glichkeit besteht darin, sicherzustellen, dass Ihr Vibrations-Equipment geradeaus l\u00e4uft, um die F\u00f6rderf\u00e4higkeit und die Verarbeitung Ihres Produkts zu maximieren. Das Ersetzen abgenutzter St\u00fctzbeine kann eine sehr effektive Ma\u00dfnahme sein, um die [&hellip;]","og_url":"https:\/\/www.generalkinematics.com\/de\/produkt\/masgefertigter-stabilisator-rockerleg-rfq\/","og_site_name":"General Kinematics","article_publisher":"https:\/\/www.facebook.com\/generalkinematics","article_modified_time":"2018-08-31T15:42:13+00:00","og_image":[{"width":800,"height":360,"type":"image\/jpeg","url":"https:\/\/media.generalkinematics.com\/wp-content\/uploads\/2015\/07\/stabilizers-11.jpg"}],"twitter_card":"summary_large_image","twitter_site":"@gkvibrating","twitter_misc":{"Gesch\u00e4tzte Lesezeit":"1 Minute"},"schema":{"@context":"https:\/\/schema.org","@graph":[{"@type":"WebPage","@id":"https:\/\/www.generalkinematics.com\/de\/produkt\/masgefertigter-stabilisator-rockerleg-rfq\/","url":"https:\/\/www.generalkinematics.com\/de\/produkt\/masgefertigter-stabilisator-rockerleg-rfq\/","name":"Ma\u00dfgefertigter Stabilisator \/ Rockerleg (Kippfu\u00df) RFQ | General Kinematics","isPartOf":{"@id":"https:\/\/www.generalkinematics.com\/de\/#website"},"primaryImageOfPage":{"@id":"https:\/\/www.generalkinematics.com\/de\/produkt\/masgefertigter-stabilisator-rockerleg-rfq\/#primaryimage"},"image":{"@id":"https:\/\/www.generalkinematics.com\/de\/produkt\/masgefertigter-stabilisator-rockerleg-rfq\/#primaryimage"},"thumbnailUrl":"https:\/\/media.generalkinematics.com\/wp-content\/uploads\/2015\/07\/stabilizers-11.jpg","datePublished":"2015-12-11T22:42:06+00:00","dateModified":"2018-08-31T15:42:13+00:00","breadcrumb":{"@id":"https:\/\/www.generalkinematics.com\/de\/produkt\/masgefertigter-stabilisator-rockerleg-rfq\/#breadcrumb"},"inLanguage":"de-DE","potentialAction":[{"@type":"ReadAction","target":["https:\/\/www.generalkinematics.com\/de\/produkt\/masgefertigter-stabilisator-rockerleg-rfq\/"]}]},{"@type":"ImageObject","inLanguage":"de-DE","@id":"https:\/\/www.generalkinematics.com\/de\/produkt\/masgefertigter-stabilisator-rockerleg-rfq\/#primaryimage","url":"https:\/\/media.generalkinematics.com\/wp-content\/uploads\/2015\/07\/stabilizers-11.jpg","contentUrl":"https:\/\/media.generalkinematics.com\/wp-content\/uploads\/2015\/07\/stabilizers-11.jpg","width":800,"height":360},{"@type":"BreadcrumbList","@id":"https:\/\/www.generalkinematics.com\/de\/produkt\/masgefertigter-stabilisator-rockerleg-rfq\/#breadcrumb","itemListElement":[{"@type":"ListItem","position":1,"name":"GK Home","item":"https:\/\/www.generalkinematics.com\/de\/"},{"@type":"ListItem","position":2,"name":"Shop","item":"https:\/\/www.generalkinematics.com\/shop\/"},{"@type":"ListItem","position":3,"name":"Ma\u00dfgefertigter Stabilisator \/ Rockerleg (Kippfu\u00df) RFQ"}]},{"@type":"WebSite","@id":"https:\/\/www.generalkinematics.com\/de\/#website","url":"https:\/\/www.generalkinematics.com\/de\/","name":"General Kinematics","description":"","publisher":{"@id":"https:\/\/www.generalkinematics.com\/de\/#organization"},"potentialAction":[{"@type":"SearchAction","target":{"@type":"EntryPoint","urlTemplate":"https:\/\/www.generalkinematics.com\/de\/?s={search_term_string}"},"query-input":{"@type":"PropertyValueSpecification","valueRequired":true,"valueName":"search_term_string"}}],"inLanguage":"de-DE"},{"@type":"Organization","@id":"https:\/\/www.generalkinematics.com\/de\/#organization","name":"General Kinematics","url":"https:\/\/www.generalkinematics.com\/de\/","logo":{"@type":"ImageObject","inLanguage":"de-DE","@id":"https:\/\/www.generalkinematics.com\/de\/#\/schema\/logo\/image\/","url":"https:\/\/media.generalkinematics.com\/wp-content\/uploads\/2018\/03\/logo.png","contentUrl":"https:\/\/media.generalkinematics.com\/wp-content\/uploads\/2018\/03\/logo.png","width":313,"height":100,"caption":"General Kinematics"},"image":{"@id":"https:\/\/www.generalkinematics.com\/de\/#\/schema\/logo\/image\/"},"sameAs":["https:\/\/www.facebook.com\/generalkinematics","https:\/\/x.com\/gkvibrating"]}]}},"_links":{"self":[{"href":"https:\/\/www.generalkinematics.com\/de\/wp-json\/wp\/v2\/product\/40288","targetHints":{"allow":["GET"]}}],"collection":[{"href":"https:\/\/www.generalkinematics.com\/de\/wp-json\/wp\/v2\/product"}],"about":[{"href":"https:\/\/www.generalkinematics.com\/de\/wp-json\/wp\/v2\/types\/product"}],"replies":[{"embeddable":true,"href":"https:\/\/www.generalkinematics.com\/de\/wp-json\/wp\/v2\/comments?post=40288"}],"wp:featuredmedia":[{"embeddable":true,"href":"https:\/\/www.generalkinematics.com\/de\/wp-json\/wp\/v2\/media\/27335"}],"wp:attachment":[{"href":"https:\/\/www.generalkinematics.com\/de\/wp-json\/wp\/v2\/media?parent=40288"}],"wp:term":[{"taxonomy":"product_brand","embeddable":true,"href":"https:\/\/www.generalkinematics.com\/de\/wp-json\/wp\/v2\/product_brand?post=40288"},{"taxonomy":"product_cat","embeddable":true,"href":"https:\/\/www.generalkinematics.com\/de\/wp-json\/wp\/v2\/product_cat?post=40288"},{"taxonomy":"product_tag","embeddable":true,"href":"https:\/\/www.generalkinematics.com\/de\/wp-json\/wp\/v2\/product_tag?post=40288"}],"curies":[{"name":"wp","href":"https:\/\/api.w.org\/{rel}","templated":true}]}}