{"id":40298,"date":"2015-12-14T08:40:02","date_gmt":"2015-12-14T14:40:02","guid":{"rendered":"https:\/\/www.generalkinematics.com\/product\/gk-vsr-doppel-c-oberflachen-schuttlermotoren\/"},"modified":"2019-12-16T20:12:06","modified_gmt":"2019-12-17T02:12:06","slug":"gk-vsr-doppel-c-oberflachen-schuttlermotoren","status":"publish","type":"product","link":"https:\/\/www.generalkinematics.com\/de\/produkt\/gk-vsr-doppel-c-oberflachen-schuttlermotoren\/","title":{"rendered":"GK-VSR Doppel-C-Oberfl\u00e4chen-Sch\u00fcttlermotoren"},"content":{"rendered":"<p>General Kinematics <strong>Vibration Service Rated (VSR) (Vibrations-Nennbetrieb) Doppel-C-Oberfl\u00e4chen-Sch\u00fcttlermotoren<\/strong> wurden entworfen, um den erheblichen G-Kr\u00e4ften von Zwei-Masse-Vibrations-Equipment, die wesentlich h\u00f6her sind als die bei typischen Schwerstlast-Vibrationsanwendungen auftretenden, zu widerstehen.<\/p>\n<p>Diese neueste Generation der VSR-Vibrations-Sch\u00fcttlermotoren von GK stellt eine Weiterentwicklung auf Grundlage von 50 Jahren Erfahrung in der Konstruktion von Vibrations-Equipment und -komponenten dar, die auch bei den schwierigsten Anwendungen bestehen k\u00f6nnen. Signifikante Fortschritte in den Bereichen Konstruktion, Werkzeugbau, Lebensdauerpr\u00fcfung und Technologie haben zur Entwicklung des zuverl\u00e4ssigsten Sch\u00fcttlermotors f\u00fcr Vibrationsanwendungen gef\u00fchrt.<\/p>\n<p>&nbsp;<\/p>\n<h2>Eigenschaften:<\/h2>\n<ul>\n<li class=\"bodytext\">Korrosionsbest\u00e4ndige Epoxidbeschichtung Innen \/ Au\u00dfen f\u00fcr den harten Einsatz in den schwierigsten Vibrationsumgebungen.<\/li>\n<li class=\"bodytext\">Speziallegierungen f\u00fcr extreme G-Kr\u00e4fte, die in Zwei-Massen-Vibrations-Equipment entstehen<\/li>\n<li class=\"bodytext\">Schnelle Aufw\u00e4rtsdrehzahlrampe f\u00fcr einen zuverl\u00e4ssigen und konsistenten Anlauf.<\/li>\n<\/ul>\n<p><a href=\"https:\/\/www.generalkinematics.com\/de\/kontakt-general-kinematics\/\">Kontaktieren Sie GKs Komponentenspezialisten<\/a> f\u00fcr weitere Informationen zu diesen Motoren, Reparaturen und Instandhaltungsarbeiten.<\/p>\n","protected":false},"excerpt":{"rendered":"<p>General Kinematics Vibration Service Rated (VSR) (Vibrations-Nennbetrieb) Doppel-C-Oberfl\u00e4chen-Sch\u00fcttlermotoren wurden entworfen, um den erheblichen G-Kr\u00e4ften von Zwei-Masse-Vibrations-Equipment, die wesentlich h\u00f6her sind als die bei typischen Schwerstlast-Vibrationsanwendungen auftretenden, zu widerstehen. Diese neueste Generation der VSR-Vibrations-Sch\u00fcttlermotoren von GK stellt eine Weiterentwicklung auf Grundlage von 50 Jahren Erfahrung in der Konstruktion von Vibrations-Equipment und -komponenten dar, die auch bei [&hellip;]<\/p>\n","protected":false},"featured_media":27007,"comment_status":"closed","ping_status":"closed","template":"","meta":{"_acf_changed":false,"om_disable_all_campaigns":false,"ep_exclude_from_search":false},"product_brand":[],"product_cat":[1751],"product_tag":[],"class_list":{"0":"post-40298","1":"product","2":"type-product","3":"status-publish","4":"has-post-thumbnail","6":"product_cat-gk-vibrationsmotoren","8":"first","9":"instock","10":"taxable","11":"shipping-taxable","12":"product-type-simple"},"acf":[],"yoast_head":"<!-- This site is optimized with the Yoast SEO plugin v27.2 - https:\/\/yoast.com\/product\/yoast-seo-wordpress\/ -->\n<title>GK-VSR Doppel-C-Oberfl\u00e4chen-Sch\u00fcttlermotoren | General Kinematics<\/title>\n<meta name=\"robots\" content=\"index, follow, max-snippet:-1, max-image-preview:large, max-video-preview:-1\" \/>\n<link rel=\"canonical\" href=\"https:\/\/www.generalkinematics.com\/de\/produkt\/gk-vsr-doppel-c-oberflachen-schuttlermotoren\/\" \/>\n<meta property=\"og:locale\" content=\"de_DE\" \/>\n<meta property=\"og:type\" content=\"article\" \/>\n<meta property=\"og:title\" content=\"GK-VSR Doppel-C-Oberfl\u00e4chen-Sch\u00fcttlermotoren | General Kinematics\" \/>\n<meta property=\"og:description\" content=\"General Kinematics Vibration Service Rated (VSR) (Vibrations-Nennbetrieb) Doppel-C-Oberfl\u00e4chen-Sch\u00fcttlermotoren wurden entworfen, um den erheblichen G-Kr\u00e4ften von Zwei-Masse-Vibrations-Equipment, die wesentlich h\u00f6her sind als die bei typischen Schwerstlast-Vibrationsanwendungen auftretenden, zu widerstehen. Diese neueste Generation der VSR-Vibrations-Sch\u00fcttlermotoren von GK stellt eine Weiterentwicklung auf Grundlage von 50 Jahren Erfahrung in der Konstruktion von Vibrations-Equipment und -komponenten dar, die auch bei [&hellip;]\" \/>\n<meta property=\"og:url\" content=\"https:\/\/www.generalkinematics.com\/de\/produkt\/gk-vsr-doppel-c-oberflachen-schuttlermotoren\/\" \/>\n<meta property=\"og:site_name\" content=\"General Kinematics\" \/>\n<meta property=\"article:publisher\" content=\"https:\/\/www.facebook.com\/generalkinematics\" \/>\n<meta property=\"article:modified_time\" content=\"2019-12-17T02:12:06+00:00\" \/>\n<meta property=\"og:image\" content=\"https:\/\/media.generalkinematics.com\/wp-content\/uploads\/2015\/12\/c-faced.png\" \/>\n\t<meta property=\"og:image:width\" content=\"400\" \/>\n\t<meta property=\"og:image:height\" content=\"400\" \/>\n\t<meta property=\"og:image:type\" content=\"image\/jpeg\" \/>\n<meta name=\"twitter:card\" content=\"summary_large_image\" \/>\n<meta name=\"twitter:site\" content=\"@gkvibrating\" \/>\n<meta name=\"twitter:label1\" content=\"Gesch\u00e4tzte Lesezeit\" \/>\n\t<meta name=\"twitter:data1\" content=\"1 Minute\" \/>\n<!-- \/ Yoast SEO plugin. -->","yoast_head_json":{"title":"GK-VSR Doppel-C-Oberfl\u00e4chen-Sch\u00fcttlermotoren | General Kinematics","robots":{"index":"index","follow":"follow","max-snippet":"max-snippet:-1","max-image-preview":"max-image-preview:large","max-video-preview":"max-video-preview:-1"},"canonical":"https:\/\/www.generalkinematics.com\/de\/produkt\/gk-vsr-doppel-c-oberflachen-schuttlermotoren\/","og_locale":"de_DE","og_type":"article","og_title":"GK-VSR Doppel-C-Oberfl\u00e4chen-Sch\u00fcttlermotoren | General Kinematics","og_description":"General Kinematics Vibration Service Rated (VSR) (Vibrations-Nennbetrieb) Doppel-C-Oberfl\u00e4chen-Sch\u00fcttlermotoren wurden entworfen, um den erheblichen G-Kr\u00e4ften von Zwei-Masse-Vibrations-Equipment, die wesentlich h\u00f6her sind als die bei typischen Schwerstlast-Vibrationsanwendungen auftretenden, zu widerstehen. Diese neueste Generation der VSR-Vibrations-Sch\u00fcttlermotoren von GK stellt eine Weiterentwicklung auf Grundlage von 50 Jahren Erfahrung in der Konstruktion von Vibrations-Equipment und -komponenten dar, die auch bei [&hellip;]","og_url":"https:\/\/www.generalkinematics.com\/de\/produkt\/gk-vsr-doppel-c-oberflachen-schuttlermotoren\/","og_site_name":"General Kinematics","article_publisher":"https:\/\/www.facebook.com\/generalkinematics","article_modified_time":"2019-12-17T02:12:06+00:00","og_image":[{"width":400,"height":400,"url":"https:\/\/media.generalkinematics.com\/wp-content\/uploads\/2015\/12\/c-faced.png","type":"image\/jpeg"}],"twitter_card":"summary_large_image","twitter_site":"@gkvibrating","twitter_misc":{"Gesch\u00e4tzte Lesezeit":"1 Minute"},"schema":{"@context":"https:\/\/schema.org","@graph":[{"@type":"WebPage","@id":"https:\/\/www.generalkinematics.com\/de\/produkt\/gk-vsr-doppel-c-oberflachen-schuttlermotoren\/","url":"https:\/\/www.generalkinematics.com\/de\/produkt\/gk-vsr-doppel-c-oberflachen-schuttlermotoren\/","name":"GK-VSR Doppel-C-Oberfl\u00e4chen-Sch\u00fcttlermotoren | General Kinematics","isPartOf":{"@id":"https:\/\/www.generalkinematics.com\/de\/#website"},"primaryImageOfPage":{"@id":"https:\/\/www.generalkinematics.com\/de\/produkt\/gk-vsr-doppel-c-oberflachen-schuttlermotoren\/#primaryimage"},"image":{"@id":"https:\/\/www.generalkinematics.com\/de\/produkt\/gk-vsr-doppel-c-oberflachen-schuttlermotoren\/#primaryimage"},"thumbnailUrl":"https:\/\/media.generalkinematics.com\/wp-content\/uploads\/2015\/12\/c-faced.png","datePublished":"2015-12-14T14:40:02+00:00","dateModified":"2019-12-17T02:12:06+00:00","breadcrumb":{"@id":"https:\/\/www.generalkinematics.com\/de\/produkt\/gk-vsr-doppel-c-oberflachen-schuttlermotoren\/#breadcrumb"},"inLanguage":"de-DE","potentialAction":[{"@type":"ReadAction","target":["https:\/\/www.generalkinematics.com\/de\/produkt\/gk-vsr-doppel-c-oberflachen-schuttlermotoren\/"]}]},{"@type":"ImageObject","inLanguage":"de-DE","@id":"https:\/\/www.generalkinematics.com\/de\/produkt\/gk-vsr-doppel-c-oberflachen-schuttlermotoren\/#primaryimage","url":"https:\/\/media.generalkinematics.com\/wp-content\/uploads\/2015\/12\/c-faced.png","contentUrl":"https:\/\/media.generalkinematics.com\/wp-content\/uploads\/2015\/12\/c-faced.png","width":400,"height":400,"caption":"general-kinematics-c-faced-motor"},{"@type":"BreadcrumbList","@id":"https:\/\/www.generalkinematics.com\/de\/produkt\/gk-vsr-doppel-c-oberflachen-schuttlermotoren\/#breadcrumb","itemListElement":[{"@type":"ListItem","position":1,"name":"GK Home","item":"https:\/\/www.generalkinematics.com\/de\/"},{"@type":"ListItem","position":2,"name":"Shop","item":"https:\/\/www.generalkinematics.com\/shop\/"},{"@type":"ListItem","position":3,"name":"GK-VSR Doppel-C-Oberfl\u00e4chen-Sch\u00fcttlermotoren"}]},{"@type":"WebSite","@id":"https:\/\/www.generalkinematics.com\/de\/#website","url":"https:\/\/www.generalkinematics.com\/de\/","name":"General Kinematics","description":"","publisher":{"@id":"https:\/\/www.generalkinematics.com\/de\/#organization"},"potentialAction":[{"@type":"SearchAction","target":{"@type":"EntryPoint","urlTemplate":"https:\/\/www.generalkinematics.com\/de\/?s={search_term_string}"},"query-input":{"@type":"PropertyValueSpecification","valueRequired":true,"valueName":"search_term_string"}}],"inLanguage":"de-DE"},{"@type":"Organization","@id":"https:\/\/www.generalkinematics.com\/de\/#organization","name":"General Kinematics","url":"https:\/\/www.generalkinematics.com\/de\/","logo":{"@type":"ImageObject","inLanguage":"de-DE","@id":"https:\/\/www.generalkinematics.com\/de\/#\/schema\/logo\/image\/","url":"https:\/\/media.generalkinematics.com\/wp-content\/uploads\/2018\/03\/logo.png","contentUrl":"https:\/\/media.generalkinematics.com\/wp-content\/uploads\/2018\/03\/logo.png","width":313,"height":100,"caption":"General Kinematics"},"image":{"@id":"https:\/\/www.generalkinematics.com\/de\/#\/schema\/logo\/image\/"},"sameAs":["https:\/\/www.facebook.com\/generalkinematics","https:\/\/x.com\/gkvibrating"]}]}},"_links":{"self":[{"href":"https:\/\/www.generalkinematics.com\/de\/wp-json\/wp\/v2\/product\/40298","targetHints":{"allow":["GET"]}}],"collection":[{"href":"https:\/\/www.generalkinematics.com\/de\/wp-json\/wp\/v2\/product"}],"about":[{"href":"https:\/\/www.generalkinematics.com\/de\/wp-json\/wp\/v2\/types\/product"}],"replies":[{"embeddable":true,"href":"https:\/\/www.generalkinematics.com\/de\/wp-json\/wp\/v2\/comments?post=40298"}],"wp:featuredmedia":[{"embeddable":true,"href":"https:\/\/www.generalkinematics.com\/de\/wp-json\/wp\/v2\/media\/27007"}],"wp:attachment":[{"href":"https:\/\/www.generalkinematics.com\/de\/wp-json\/wp\/v2\/media?parent=40298"}],"wp:term":[{"taxonomy":"product_brand","embeddable":true,"href":"https:\/\/www.generalkinematics.com\/de\/wp-json\/wp\/v2\/product_brand?post=40298"},{"taxonomy":"product_cat","embeddable":true,"href":"https:\/\/www.generalkinematics.com\/de\/wp-json\/wp\/v2\/product_cat?post=40298"},{"taxonomy":"product_tag","embeddable":true,"href":"https:\/\/www.generalkinematics.com\/de\/wp-json\/wp\/v2\/product_tag?post=40298"}],"curies":[{"name":"wp","href":"https:\/\/api.w.org\/{rel}","templated":true}]}}