{"id":40337,"date":"2015-12-14T09:41:26","date_gmt":"2015-12-14T15:41:26","guid":{"rendered":"https:\/\/www.generalkinematics.com\/product\/einfache-kanaluberwachung\/"},"modified":"2018-08-31T10:48:23","modified_gmt":"2018-08-31T15:48:23","slug":"einfache-kanaluberwachung","status":"publish","type":"product","link":"https:\/\/www.generalkinematics.com\/de\/produkt\/einfache-kanaluberwachung\/","title":{"rendered":"Einfache Kanal\u00fcberwachung"},"content":{"rendered":"<p>Der <strong>Einkanal-Hubmonitor<\/strong> empf\u00e4ngt das analoge Signal von einem Vibrationsmessumformer, zeigt dann den Hub kontinuierlich an und \u00fcberwacht den Hub auf \u00dcber- oder Untergrenzen. Wenn einer der Grenzwerte f\u00fcr einen einstellbaren Zeitraum \u00fcberschritten wird, gibt der Hubmonitor einen Alarm aus. Die Alarme k\u00f6nnen an vorhandene Steuerger\u00e4te gesendet werden und k\u00f6nnen lokal oder durch Fernsignale zur\u00fcckgesetzt werden.<\/p>\n","protected":false},"excerpt":{"rendered":"<p>Der Einkanal-Hubmonitor empf\u00e4ngt das analoge Signal von einem Vibrationsmessumformer, zeigt dann den Hub kontinuierlich an und \u00fcberwacht den Hub auf \u00dcber- oder Untergrenzen. Wenn einer der Grenzwerte f\u00fcr einen einstellbaren Zeitraum \u00fcberschritten wird, gibt der Hubmonitor einen Alarm aus. Die Alarme k\u00f6nnen an vorhandene Steuerger\u00e4te gesendet werden und k\u00f6nnen lokal oder durch Fernsignale zur\u00fcckgesetzt werden.<\/p>\n","protected":false},"featured_media":27227,"comment_status":"closed","ping_status":"closed","template":"","meta":{"_acf_changed":false,"om_disable_all_campaigns":false,"ep_exclude_from_search":false},"product_brand":[],"product_cat":[1749],"product_tag":[],"class_list":{"0":"post-40337","1":"product","2":"type-product","3":"status-publish","4":"has-post-thumbnail","6":"product_cat-steuerung-und-ueberwachung","8":"first","9":"instock","10":"taxable","11":"shipping-taxable","12":"product-type-simple"},"acf":[],"yoast_head":"<!-- This site is optimized with the Yoast SEO plugin v27.2 - https:\/\/yoast.com\/product\/yoast-seo-wordpress\/ -->\n<title>Einfache Kanal\u00fcberwachung | General Kinematics<\/title>\n<meta name=\"robots\" content=\"index, follow, max-snippet:-1, max-image-preview:large, max-video-preview:-1\" \/>\n<link rel=\"canonical\" href=\"https:\/\/www.generalkinematics.com\/de\/produkt\/einfache-kanaluberwachung\/\" \/>\n<meta property=\"og:locale\" content=\"de_DE\" \/>\n<meta property=\"og:type\" content=\"article\" \/>\n<meta property=\"og:title\" content=\"Einfache Kanal\u00fcberwachung | General Kinematics\" \/>\n<meta property=\"og:description\" content=\"Der Einkanal-Hubmonitor empf\u00e4ngt das analoge Signal von einem Vibrationsmessumformer, zeigt dann den Hub kontinuierlich an und \u00fcberwacht den Hub auf \u00dcber- oder Untergrenzen. Wenn einer der Grenzwerte f\u00fcr einen einstellbaren Zeitraum \u00fcberschritten wird, gibt der Hubmonitor einen Alarm aus. Die Alarme k\u00f6nnen an vorhandene Steuerger\u00e4te gesendet werden und k\u00f6nnen lokal oder durch Fernsignale zur\u00fcckgesetzt werden.\" \/>\n<meta property=\"og:url\" content=\"https:\/\/www.generalkinematics.com\/de\/produkt\/einfache-kanaluberwachung\/\" \/>\n<meta property=\"og:site_name\" content=\"General Kinematics\" \/>\n<meta property=\"article:publisher\" content=\"https:\/\/www.facebook.com\/generalkinematics\" \/>\n<meta property=\"article:modified_time\" content=\"2018-08-31T15:48:23+00:00\" \/>\n<meta property=\"og:image\" content=\"https:\/\/media.generalkinematics.com\/wp-content\/uploads\/2015\/12\/stroke-monitor1.png\" \/>\n\t<meta property=\"og:image:width\" content=\"400\" \/>\n\t<meta property=\"og:image:height\" content=\"400\" \/>\n\t<meta property=\"og:image:type\" content=\"image\/jpeg\" \/>\n<meta name=\"twitter:card\" content=\"summary_large_image\" \/>\n<meta name=\"twitter:site\" content=\"@gkvibrating\" \/>\n<!-- \/ Yoast SEO plugin. -->","yoast_head_json":{"title":"Einfache Kanal\u00fcberwachung | General Kinematics","robots":{"index":"index","follow":"follow","max-snippet":"max-snippet:-1","max-image-preview":"max-image-preview:large","max-video-preview":"max-video-preview:-1"},"canonical":"https:\/\/www.generalkinematics.com\/de\/produkt\/einfache-kanaluberwachung\/","og_locale":"de_DE","og_type":"article","og_title":"Einfache Kanal\u00fcberwachung | General Kinematics","og_description":"Der Einkanal-Hubmonitor empf\u00e4ngt das analoge Signal von einem Vibrationsmessumformer, zeigt dann den Hub kontinuierlich an und \u00fcberwacht den Hub auf \u00dcber- oder Untergrenzen. Wenn einer der Grenzwerte f\u00fcr einen einstellbaren Zeitraum \u00fcberschritten wird, gibt der Hubmonitor einen Alarm aus. Die Alarme k\u00f6nnen an vorhandene Steuerger\u00e4te gesendet werden und k\u00f6nnen lokal oder durch Fernsignale zur\u00fcckgesetzt werden.","og_url":"https:\/\/www.generalkinematics.com\/de\/produkt\/einfache-kanaluberwachung\/","og_site_name":"General Kinematics","article_publisher":"https:\/\/www.facebook.com\/generalkinematics","article_modified_time":"2018-08-31T15:48:23+00:00","og_image":[{"width":400,"height":400,"url":"https:\/\/media.generalkinematics.com\/wp-content\/uploads\/2015\/12\/stroke-monitor1.png","type":"image\/jpeg"}],"twitter_card":"summary_large_image","twitter_site":"@gkvibrating","schema":{"@context":"https:\/\/schema.org","@graph":[{"@type":"WebPage","@id":"https:\/\/www.generalkinematics.com\/de\/produkt\/einfache-kanaluberwachung\/","url":"https:\/\/www.generalkinematics.com\/de\/produkt\/einfache-kanaluberwachung\/","name":"Einfache Kanal\u00fcberwachung | General Kinematics","isPartOf":{"@id":"https:\/\/www.generalkinematics.com\/de\/#website"},"primaryImageOfPage":{"@id":"https:\/\/www.generalkinematics.com\/de\/produkt\/einfache-kanaluberwachung\/#primaryimage"},"image":{"@id":"https:\/\/www.generalkinematics.com\/de\/produkt\/einfache-kanaluberwachung\/#primaryimage"},"thumbnailUrl":"https:\/\/media.generalkinematics.com\/wp-content\/uploads\/2015\/12\/stroke-monitor1.png","datePublished":"2015-12-14T15:41:26+00:00","dateModified":"2018-08-31T15:48:23+00:00","breadcrumb":{"@id":"https:\/\/www.generalkinematics.com\/de\/produkt\/einfache-kanaluberwachung\/#breadcrumb"},"inLanguage":"de-DE","potentialAction":[{"@type":"ReadAction","target":["https:\/\/www.generalkinematics.com\/de\/produkt\/einfache-kanaluberwachung\/"]}]},{"@type":"ImageObject","inLanguage":"de-DE","@id":"https:\/\/www.generalkinematics.com\/de\/produkt\/einfache-kanaluberwachung\/#primaryimage","url":"https:\/\/media.generalkinematics.com\/wp-content\/uploads\/2015\/12\/stroke-monitor1.png","contentUrl":"https:\/\/media.generalkinematics.com\/wp-content\/uploads\/2015\/12\/stroke-monitor1.png","width":400,"height":400,"caption":"general-kinematics-stroke-monitor"},{"@type":"BreadcrumbList","@id":"https:\/\/www.generalkinematics.com\/de\/produkt\/einfache-kanaluberwachung\/#breadcrumb","itemListElement":[{"@type":"ListItem","position":1,"name":"GK Home","item":"https:\/\/www.generalkinematics.com\/de\/"},{"@type":"ListItem","position":2,"name":"Shop","item":"https:\/\/www.generalkinematics.com\/shop\/"},{"@type":"ListItem","position":3,"name":"Einfache Kanal\u00fcberwachung"}]},{"@type":"WebSite","@id":"https:\/\/www.generalkinematics.com\/de\/#website","url":"https:\/\/www.generalkinematics.com\/de\/","name":"General Kinematics","description":"","publisher":{"@id":"https:\/\/www.generalkinematics.com\/de\/#organization"},"potentialAction":[{"@type":"SearchAction","target":{"@type":"EntryPoint","urlTemplate":"https:\/\/www.generalkinematics.com\/de\/?s={search_term_string}"},"query-input":{"@type":"PropertyValueSpecification","valueRequired":true,"valueName":"search_term_string"}}],"inLanguage":"de-DE"},{"@type":"Organization","@id":"https:\/\/www.generalkinematics.com\/de\/#organization","name":"General Kinematics","url":"https:\/\/www.generalkinematics.com\/de\/","logo":{"@type":"ImageObject","inLanguage":"de-DE","@id":"https:\/\/www.generalkinematics.com\/de\/#\/schema\/logo\/image\/","url":"https:\/\/media.generalkinematics.com\/wp-content\/uploads\/2018\/03\/logo.png","contentUrl":"https:\/\/media.generalkinematics.com\/wp-content\/uploads\/2018\/03\/logo.png","width":313,"height":100,"caption":"General Kinematics"},"image":{"@id":"https:\/\/www.generalkinematics.com\/de\/#\/schema\/logo\/image\/"},"sameAs":["https:\/\/www.facebook.com\/generalkinematics","https:\/\/x.com\/gkvibrating"]}]}},"_links":{"self":[{"href":"https:\/\/www.generalkinematics.com\/de\/wp-json\/wp\/v2\/product\/40337","targetHints":{"allow":["GET"]}}],"collection":[{"href":"https:\/\/www.generalkinematics.com\/de\/wp-json\/wp\/v2\/product"}],"about":[{"href":"https:\/\/www.generalkinematics.com\/de\/wp-json\/wp\/v2\/types\/product"}],"replies":[{"embeddable":true,"href":"https:\/\/www.generalkinematics.com\/de\/wp-json\/wp\/v2\/comments?post=40337"}],"wp:featuredmedia":[{"embeddable":true,"href":"https:\/\/www.generalkinematics.com\/de\/wp-json\/wp\/v2\/media\/27227"}],"wp:attachment":[{"href":"https:\/\/www.generalkinematics.com\/de\/wp-json\/wp\/v2\/media?parent=40337"}],"wp:term":[{"taxonomy":"product_brand","embeddable":true,"href":"https:\/\/www.generalkinematics.com\/de\/wp-json\/wp\/v2\/product_brand?post=40337"},{"taxonomy":"product_cat","embeddable":true,"href":"https:\/\/www.generalkinematics.com\/de\/wp-json\/wp\/v2\/product_cat?post=40337"},{"taxonomy":"product_tag","embeddable":true,"href":"https:\/\/www.generalkinematics.com\/de\/wp-json\/wp\/v2\/product_tag?post=40337"}],"curies":[{"name":"wp","href":"https:\/\/api.w.org\/{rel}","templated":true}]}}