{"id":40365,"date":"2015-12-14T09:59:00","date_gmt":"2015-12-14T15:59:00","guid":{"rendered":"https:\/\/www.generalkinematics.com\/product\/vf-rader\/"},"modified":"2018-08-31T10:51:29","modified_gmt":"2018-08-31T15:51:29","slug":"vf-rader","status":"publish","type":"product","link":"https:\/\/www.generalkinematics.com\/de\/produkt\/vf-rader\/","title":{"rendered":"VF-R\u00e4der"},"content":{"rendered":"<p>General Kinematics <strong>VF-R\u00e4der (Variable Force)<\/strong> erm\u00f6glichen stufenlose Vorschubgeschwindigkeiten und ein Herunterfahren von bis zu 100 %. Dies ist m\u00f6glich, weil die Antriebskraft durch unverz\u00fcgliches \u00c4ndern der pneumatisch gesteuerten Gegengewichte im Inneren variiert wird.\u00a0Die VF-Steuerung erm\u00f6glicht eine \u201eStopp und Wiederanfahr\u201c-Beschickung auch bei minimalen Mengen. Sie reagieren pr\u00e4zise auf Bandwaagen, W\u00e4gezellen oder andere R\u00fcckmeldesignale f\u00fcr eine pr\u00e4zise proportionale Beschickungssteuerung.<\/p>\n<p>General Kinematics V-F-R\u00e4der auf unseren speziellen Vibrationsmotoren werden mit einer doppelt verl\u00e4ngerten Welle montiert. Unsere V-F-R\u00e4der ben\u00f6tigen f\u00fcr ihre Steuerung eine Druckluftversorgung von 80 PSI. Da sie ein geschlossenes System nutzen, verbrauchen sie keine Luft. Sie k\u00f6nnen die Luftversorgungsanforderung pro Aktivierungs-\/Beschickungsanlage mit 1 CFM annehmen.<\/p>\n<p>V-F-R\u00e4der k\u00f6nnen entweder pneumatisch oder hydraulisch gesteuert werden. Beide Systeme werden entweder gesteuert mit unserem manuell bedienten pneumatischen Schaltkasten oder \u00fcber eine Hydraulikpumpe mit unserem automatischen elektropneumatischen oder hydraulischen Steuerungssystem angeboten. Unsere automatischen Systeme sind so ausgelegt, dass sie ein 4-20-MADC-Signal von einem entfernten Standort empfangen und in eine 0 bis 80 PSI Luft- oder Hydraulikversorgung zu den V-F-R\u00e4dern \u00fcber die Kunden-SPS in Verbindung mit einer Bandwaage nach unten konvertieren.<\/p>\n","protected":false},"excerpt":{"rendered":"<p>General Kinematics VF-R\u00e4der (Variable Force) erm\u00f6glichen stufenlose Vorschubgeschwindigkeiten und ein Herunterfahren von bis zu 100 %. Dies ist m\u00f6glich, weil die Antriebskraft durch unverz\u00fcgliches \u00c4ndern der pneumatisch gesteuerten Gegengewichte im Inneren variiert wird.\u00a0Die VF-Steuerung erm\u00f6glicht eine \u201eStopp und Wiederanfahr\u201c-Beschickung auch bei minimalen Mengen. Sie reagieren pr\u00e4zise auf Bandwaagen, W\u00e4gezellen oder andere R\u00fcckmeldesignale f\u00fcr eine pr\u00e4zise [&hellip;]<\/p>\n","protected":false},"featured_media":26163,"comment_status":"closed","ping_status":"closed","template":"","meta":{"_acf_changed":false,"om_disable_all_campaigns":false,"ep_exclude_from_search":false},"product_brand":[],"product_cat":[1749],"product_tag":[],"class_list":{"0":"post-40365","1":"product","2":"type-product","3":"status-publish","4":"has-post-thumbnail","6":"product_cat-steuerung-und-ueberwachung","8":"first","9":"instock","10":"taxable","11":"shipping-taxable","12":"product-type-simple"},"acf":[],"yoast_head":"<!-- This site is optimized with the Yoast SEO plugin v27.2 - https:\/\/yoast.com\/product\/yoast-seo-wordpress\/ -->\n<title>VF-R\u00e4der | General Kinematics<\/title>\n<meta name=\"robots\" content=\"index, follow, max-snippet:-1, max-image-preview:large, max-video-preview:-1\" \/>\n<link rel=\"canonical\" href=\"https:\/\/www.generalkinematics.com\/de\/produkt\/vf-rader\/\" \/>\n<meta property=\"og:locale\" content=\"de_DE\" \/>\n<meta property=\"og:type\" content=\"article\" \/>\n<meta property=\"og:title\" content=\"VF-R\u00e4der | General Kinematics\" \/>\n<meta property=\"og:description\" content=\"General Kinematics VF-R\u00e4der (Variable Force) erm\u00f6glichen stufenlose Vorschubgeschwindigkeiten und ein Herunterfahren von bis zu 100 %. Dies ist m\u00f6glich, weil die Antriebskraft durch unverz\u00fcgliches \u00c4ndern der pneumatisch gesteuerten Gegengewichte im Inneren variiert wird.\u00a0Die VF-Steuerung erm\u00f6glicht eine \u201eStopp und Wiederanfahr\u201c-Beschickung auch bei minimalen Mengen. Sie reagieren pr\u00e4zise auf Bandwaagen, W\u00e4gezellen oder andere R\u00fcckmeldesignale f\u00fcr eine pr\u00e4zise [&hellip;]\" \/>\n<meta property=\"og:url\" content=\"https:\/\/www.generalkinematics.com\/de\/produkt\/vf-rader\/\" \/>\n<meta property=\"og:site_name\" content=\"General Kinematics\" \/>\n<meta property=\"article:publisher\" content=\"https:\/\/www.facebook.com\/generalkinematics\" \/>\n<meta property=\"article:modified_time\" content=\"2018-08-31T15:51:29+00:00\" \/>\n<meta property=\"og:image\" content=\"https:\/\/media.generalkinematics.com\/wp-content\/uploads\/2015\/10\/variable-force-feeder1.jpg\" \/>\n\t<meta property=\"og:image:width\" content=\"2500\" \/>\n\t<meta property=\"og:image:height\" content=\"1875\" \/>\n\t<meta property=\"og:image:type\" content=\"image\/jpeg\" \/>\n<meta name=\"twitter:card\" content=\"summary_large_image\" \/>\n<meta name=\"twitter:site\" content=\"@gkvibrating\" \/>\n<meta name=\"twitter:label1\" content=\"Gesch\u00e4tzte Lesezeit\" \/>\n\t<meta name=\"twitter:data1\" content=\"1 Minute\" \/>\n<!-- \/ Yoast SEO plugin. -->","yoast_head_json":{"title":"VF-R\u00e4der | General Kinematics","robots":{"index":"index","follow":"follow","max-snippet":"max-snippet:-1","max-image-preview":"max-image-preview:large","max-video-preview":"max-video-preview:-1"},"canonical":"https:\/\/www.generalkinematics.com\/de\/produkt\/vf-rader\/","og_locale":"de_DE","og_type":"article","og_title":"VF-R\u00e4der | General Kinematics","og_description":"General Kinematics VF-R\u00e4der (Variable Force) erm\u00f6glichen stufenlose Vorschubgeschwindigkeiten und ein Herunterfahren von bis zu 100 %. Dies ist m\u00f6glich, weil die Antriebskraft durch unverz\u00fcgliches \u00c4ndern der pneumatisch gesteuerten Gegengewichte im Inneren variiert wird.\u00a0Die VF-Steuerung erm\u00f6glicht eine \u201eStopp und Wiederanfahr\u201c-Beschickung auch bei minimalen Mengen. Sie reagieren pr\u00e4zise auf Bandwaagen, W\u00e4gezellen oder andere R\u00fcckmeldesignale f\u00fcr eine pr\u00e4zise [&hellip;]","og_url":"https:\/\/www.generalkinematics.com\/de\/produkt\/vf-rader\/","og_site_name":"General Kinematics","article_publisher":"https:\/\/www.facebook.com\/generalkinematics","article_modified_time":"2018-08-31T15:51:29+00:00","og_image":[{"width":2500,"height":1875,"url":"https:\/\/media.generalkinematics.com\/wp-content\/uploads\/2015\/10\/variable-force-feeder1.jpg","type":"image\/jpeg"}],"twitter_card":"summary_large_image","twitter_site":"@gkvibrating","twitter_misc":{"Gesch\u00e4tzte Lesezeit":"1 Minute"},"schema":{"@context":"https:\/\/schema.org","@graph":[{"@type":"WebPage","@id":"https:\/\/www.generalkinematics.com\/de\/produkt\/vf-rader\/","url":"https:\/\/www.generalkinematics.com\/de\/produkt\/vf-rader\/","name":"VF-R\u00e4der | General Kinematics","isPartOf":{"@id":"https:\/\/www.generalkinematics.com\/de\/#website"},"primaryImageOfPage":{"@id":"https:\/\/www.generalkinematics.com\/de\/produkt\/vf-rader\/#primaryimage"},"image":{"@id":"https:\/\/www.generalkinematics.com\/de\/produkt\/vf-rader\/#primaryimage"},"thumbnailUrl":"https:\/\/media.generalkinematics.com\/wp-content\/uploads\/2015\/10\/variable-force-feeder1.jpg","datePublished":"2015-12-14T15:59:00+00:00","dateModified":"2018-08-31T15:51:29+00:00","breadcrumb":{"@id":"https:\/\/www.generalkinematics.com\/de\/produkt\/vf-rader\/#breadcrumb"},"inLanguage":"de-DE","potentialAction":[{"@type":"ReadAction","target":["https:\/\/www.generalkinematics.com\/de\/produkt\/vf-rader\/"]}]},{"@type":"ImageObject","inLanguage":"de-DE","@id":"https:\/\/www.generalkinematics.com\/de\/produkt\/vf-rader\/#primaryimage","url":"https:\/\/media.generalkinematics.com\/wp-content\/uploads\/2015\/10\/variable-force-feeder1.jpg","contentUrl":"https:\/\/media.generalkinematics.com\/wp-content\/uploads\/2015\/10\/variable-force-feeder1.jpg","width":2500,"height":1875,"caption":"general-kinematics-variable-force-feeder"},{"@type":"BreadcrumbList","@id":"https:\/\/www.generalkinematics.com\/de\/produkt\/vf-rader\/#breadcrumb","itemListElement":[{"@type":"ListItem","position":1,"name":"GK Home","item":"https:\/\/www.generalkinematics.com\/de\/"},{"@type":"ListItem","position":2,"name":"Shop","item":"https:\/\/www.generalkinematics.com\/shop\/"},{"@type":"ListItem","position":3,"name":"VF-R\u00e4der"}]},{"@type":"WebSite","@id":"https:\/\/www.generalkinematics.com\/de\/#website","url":"https:\/\/www.generalkinematics.com\/de\/","name":"General Kinematics","description":"","publisher":{"@id":"https:\/\/www.generalkinematics.com\/de\/#organization"},"potentialAction":[{"@type":"SearchAction","target":{"@type":"EntryPoint","urlTemplate":"https:\/\/www.generalkinematics.com\/de\/?s={search_term_string}"},"query-input":{"@type":"PropertyValueSpecification","valueRequired":true,"valueName":"search_term_string"}}],"inLanguage":"de-DE"},{"@type":"Organization","@id":"https:\/\/www.generalkinematics.com\/de\/#organization","name":"General Kinematics","url":"https:\/\/www.generalkinematics.com\/de\/","logo":{"@type":"ImageObject","inLanguage":"de-DE","@id":"https:\/\/www.generalkinematics.com\/de\/#\/schema\/logo\/image\/","url":"https:\/\/media.generalkinematics.com\/wp-content\/uploads\/2018\/03\/logo.png","contentUrl":"https:\/\/media.generalkinematics.com\/wp-content\/uploads\/2018\/03\/logo.png","width":313,"height":100,"caption":"General Kinematics"},"image":{"@id":"https:\/\/www.generalkinematics.com\/de\/#\/schema\/logo\/image\/"},"sameAs":["https:\/\/www.facebook.com\/generalkinematics","https:\/\/x.com\/gkvibrating"]}]}},"_links":{"self":[{"href":"https:\/\/www.generalkinematics.com\/de\/wp-json\/wp\/v2\/product\/40365","targetHints":{"allow":["GET"]}}],"collection":[{"href":"https:\/\/www.generalkinematics.com\/de\/wp-json\/wp\/v2\/product"}],"about":[{"href":"https:\/\/www.generalkinematics.com\/de\/wp-json\/wp\/v2\/types\/product"}],"replies":[{"embeddable":true,"href":"https:\/\/www.generalkinematics.com\/de\/wp-json\/wp\/v2\/comments?post=40365"}],"wp:featuredmedia":[{"embeddable":true,"href":"https:\/\/www.generalkinematics.com\/de\/wp-json\/wp\/v2\/media\/26163"}],"wp:attachment":[{"href":"https:\/\/www.generalkinematics.com\/de\/wp-json\/wp\/v2\/media?parent=40365"}],"wp:term":[{"taxonomy":"product_brand","embeddable":true,"href":"https:\/\/www.generalkinematics.com\/de\/wp-json\/wp\/v2\/product_brand?post=40365"},{"taxonomy":"product_cat","embeddable":true,"href":"https:\/\/www.generalkinematics.com\/de\/wp-json\/wp\/v2\/product_cat?post=40365"},{"taxonomy":"product_tag","embeddable":true,"href":"https:\/\/www.generalkinematics.com\/de\/wp-json\/wp\/v2\/product_tag?post=40365"}],"curies":[{"name":"wp","href":"https:\/\/api.w.org\/{rel}","templated":true}]}}