{"id":40372,"date":"2015-12-14T10:02:33","date_gmt":"2015-12-14T16:02:33","guid":{"rendered":"https:\/\/www.generalkinematics.com\/product\/elektro-pneumatische-steuereinheit\/"},"modified":"2018-08-31T10:48:49","modified_gmt":"2018-08-31T15:48:49","slug":"elektro-pneumatische-steuereinheit","status":"publish","type":"product","link":"https:\/\/www.generalkinematics.com\/de\/produkt\/elektro-pneumatische-steuereinheit\/","title":{"rendered":"Elektro-Pneumatische Steuereinheit"},"content":{"rendered":"<p>GKs <strong>elektropneumatische Steuereinheiten<\/strong> wurden mit den neuesten technologischen Fortschritten zur Steuerung von GKs variablen Kraft (VF) -Radsystemen modernisiert.<\/p>\n<p>&nbsp;<\/p>\n<h2>Enthaltene Optionen:<\/h2>\n<ul>\n<li>Handbetrieb.<\/li>\n<li>Automatikbetrieb.<\/li>\n<li>Ausg\u00e4nge f\u00fcr die Integration in bestehende Steuerungssysteme.<\/li>\n<li>Variabler Ausgang zur pr\u00e4zisen Einstellung von Vorschubgeschwindigkeit und Hub.<\/li>\n<\/ul>\n","protected":false},"excerpt":{"rendered":"<p>GKs elektropneumatische Steuereinheiten wurden mit den neuesten technologischen Fortschritten zur Steuerung von GKs variablen Kraft (VF) -Radsystemen modernisiert. &nbsp; Enthaltene Optionen: Handbetrieb. Automatikbetrieb. Ausg\u00e4nge f\u00fcr die Integration in bestehende Steuerungssysteme. Variabler Ausgang zur pr\u00e4zisen Einstellung von Vorschubgeschwindigkeit und Hub.<\/p>\n","protected":false},"featured_media":27011,"comment_status":"closed","ping_status":"closed","template":"","meta":{"_acf_changed":false,"om_disable_all_campaigns":false,"ep_exclude_from_search":false},"product_brand":[],"product_cat":[1749],"product_tag":[],"class_list":{"0":"post-40372","1":"product","2":"type-product","3":"status-publish","4":"has-post-thumbnail","6":"product_cat-steuerung-und-ueberwachung","8":"first","9":"instock","10":"taxable","11":"shipping-taxable","12":"product-type-simple"},"acf":[],"yoast_head":"<!-- This site is optimized with the Yoast SEO plugin v27.2 - https:\/\/yoast.com\/product\/yoast-seo-wordpress\/ -->\n<title>Elektro-Pneumatische Steuereinheit | General Kinematics<\/title>\n<meta name=\"robots\" content=\"index, follow, max-snippet:-1, max-image-preview:large, max-video-preview:-1\" \/>\n<link rel=\"canonical\" href=\"https:\/\/www.generalkinematics.com\/de\/produkt\/elektro-pneumatische-steuereinheit\/\" \/>\n<meta property=\"og:locale\" content=\"de_DE\" \/>\n<meta property=\"og:type\" content=\"article\" \/>\n<meta property=\"og:title\" content=\"Elektro-Pneumatische Steuereinheit | General Kinematics\" \/>\n<meta property=\"og:description\" content=\"GKs elektropneumatische Steuereinheiten wurden mit den neuesten technologischen Fortschritten zur Steuerung von GKs variablen Kraft (VF) -Radsystemen modernisiert. &nbsp; Enthaltene Optionen: Handbetrieb. Automatikbetrieb. Ausg\u00e4nge f\u00fcr die Integration in bestehende Steuerungssysteme. Variabler Ausgang zur pr\u00e4zisen Einstellung von Vorschubgeschwindigkeit und Hub.\" \/>\n<meta property=\"og:url\" content=\"https:\/\/www.generalkinematics.com\/de\/produkt\/elektro-pneumatische-steuereinheit\/\" \/>\n<meta property=\"og:site_name\" content=\"General Kinematics\" \/>\n<meta property=\"article:publisher\" content=\"https:\/\/www.facebook.com\/generalkinematics\" \/>\n<meta property=\"article:modified_time\" content=\"2018-08-31T15:48:49+00:00\" \/>\n<meta property=\"og:image\" content=\"https:\/\/media.generalkinematics.com\/wp-content\/uploads\/2015\/12\/airbox1.png\" \/>\n\t<meta property=\"og:image:width\" content=\"400\" \/>\n\t<meta property=\"og:image:height\" content=\"400\" \/>\n\t<meta property=\"og:image:type\" content=\"image\/jpeg\" \/>\n<meta name=\"twitter:card\" content=\"summary_large_image\" \/>\n<meta name=\"twitter:site\" content=\"@gkvibrating\" \/>\n<!-- \/ Yoast SEO plugin. -->","yoast_head_json":{"title":"Elektro-Pneumatische Steuereinheit | General Kinematics","robots":{"index":"index","follow":"follow","max-snippet":"max-snippet:-1","max-image-preview":"max-image-preview:large","max-video-preview":"max-video-preview:-1"},"canonical":"https:\/\/www.generalkinematics.com\/de\/produkt\/elektro-pneumatische-steuereinheit\/","og_locale":"de_DE","og_type":"article","og_title":"Elektro-Pneumatische Steuereinheit | General Kinematics","og_description":"GKs elektropneumatische Steuereinheiten wurden mit den neuesten technologischen Fortschritten zur Steuerung von GKs variablen Kraft (VF) -Radsystemen modernisiert. &nbsp; Enthaltene Optionen: Handbetrieb. Automatikbetrieb. Ausg\u00e4nge f\u00fcr die Integration in bestehende Steuerungssysteme. Variabler Ausgang zur pr\u00e4zisen Einstellung von Vorschubgeschwindigkeit und Hub.","og_url":"https:\/\/www.generalkinematics.com\/de\/produkt\/elektro-pneumatische-steuereinheit\/","og_site_name":"General Kinematics","article_publisher":"https:\/\/www.facebook.com\/generalkinematics","article_modified_time":"2018-08-31T15:48:49+00:00","og_image":[{"width":400,"height":400,"url":"https:\/\/media.generalkinematics.com\/wp-content\/uploads\/2015\/12\/airbox1.png","type":"image\/jpeg"}],"twitter_card":"summary_large_image","twitter_site":"@gkvibrating","schema":{"@context":"https:\/\/schema.org","@graph":[{"@type":"WebPage","@id":"https:\/\/www.generalkinematics.com\/de\/produkt\/elektro-pneumatische-steuereinheit\/","url":"https:\/\/www.generalkinematics.com\/de\/produkt\/elektro-pneumatische-steuereinheit\/","name":"Elektro-Pneumatische Steuereinheit | General Kinematics","isPartOf":{"@id":"https:\/\/www.generalkinematics.com\/de\/#website"},"primaryImageOfPage":{"@id":"https:\/\/www.generalkinematics.com\/de\/produkt\/elektro-pneumatische-steuereinheit\/#primaryimage"},"image":{"@id":"https:\/\/www.generalkinematics.com\/de\/produkt\/elektro-pneumatische-steuereinheit\/#primaryimage"},"thumbnailUrl":"https:\/\/media.generalkinematics.com\/wp-content\/uploads\/2015\/12\/airbox1.png","datePublished":"2015-12-14T16:02:33+00:00","dateModified":"2018-08-31T15:48:49+00:00","breadcrumb":{"@id":"https:\/\/www.generalkinematics.com\/de\/produkt\/elektro-pneumatische-steuereinheit\/#breadcrumb"},"inLanguage":"de-DE","potentialAction":[{"@type":"ReadAction","target":["https:\/\/www.generalkinematics.com\/de\/produkt\/elektro-pneumatische-steuereinheit\/"]}]},{"@type":"ImageObject","inLanguage":"de-DE","@id":"https:\/\/www.generalkinematics.com\/de\/produkt\/elektro-pneumatische-steuereinheit\/#primaryimage","url":"https:\/\/media.generalkinematics.com\/wp-content\/uploads\/2015\/12\/airbox1.png","contentUrl":"https:\/\/media.generalkinematics.com\/wp-content\/uploads\/2015\/12\/airbox1.png","width":400,"height":400,"caption":"general-kinematics-control-box"},{"@type":"BreadcrumbList","@id":"https:\/\/www.generalkinematics.com\/de\/produkt\/elektro-pneumatische-steuereinheit\/#breadcrumb","itemListElement":[{"@type":"ListItem","position":1,"name":"GK Home","item":"https:\/\/www.generalkinematics.com\/de\/"},{"@type":"ListItem","position":2,"name":"Shop","item":"https:\/\/www.generalkinematics.com\/shop\/"},{"@type":"ListItem","position":3,"name":"Elektro-Pneumatische Steuereinheit"}]},{"@type":"WebSite","@id":"https:\/\/www.generalkinematics.com\/de\/#website","url":"https:\/\/www.generalkinematics.com\/de\/","name":"General Kinematics","description":"","publisher":{"@id":"https:\/\/www.generalkinematics.com\/de\/#organization"},"potentialAction":[{"@type":"SearchAction","target":{"@type":"EntryPoint","urlTemplate":"https:\/\/www.generalkinematics.com\/de\/?s={search_term_string}"},"query-input":{"@type":"PropertyValueSpecification","valueRequired":true,"valueName":"search_term_string"}}],"inLanguage":"de-DE"},{"@type":"Organization","@id":"https:\/\/www.generalkinematics.com\/de\/#organization","name":"General Kinematics","url":"https:\/\/www.generalkinematics.com\/de\/","logo":{"@type":"ImageObject","inLanguage":"de-DE","@id":"https:\/\/www.generalkinematics.com\/de\/#\/schema\/logo\/image\/","url":"https:\/\/media.generalkinematics.com\/wp-content\/uploads\/2018\/03\/logo.png","contentUrl":"https:\/\/media.generalkinematics.com\/wp-content\/uploads\/2018\/03\/logo.png","width":313,"height":100,"caption":"General Kinematics"},"image":{"@id":"https:\/\/www.generalkinematics.com\/de\/#\/schema\/logo\/image\/"},"sameAs":["https:\/\/www.facebook.com\/generalkinematics","https:\/\/x.com\/gkvibrating"]}]}},"_links":{"self":[{"href":"https:\/\/www.generalkinematics.com\/de\/wp-json\/wp\/v2\/product\/40372","targetHints":{"allow":["GET"]}}],"collection":[{"href":"https:\/\/www.generalkinematics.com\/de\/wp-json\/wp\/v2\/product"}],"about":[{"href":"https:\/\/www.generalkinematics.com\/de\/wp-json\/wp\/v2\/types\/product"}],"replies":[{"embeddable":true,"href":"https:\/\/www.generalkinematics.com\/de\/wp-json\/wp\/v2\/comments?post=40372"}],"wp:featuredmedia":[{"embeddable":true,"href":"https:\/\/www.generalkinematics.com\/de\/wp-json\/wp\/v2\/media\/27011"}],"wp:attachment":[{"href":"https:\/\/www.generalkinematics.com\/de\/wp-json\/wp\/v2\/media?parent=40372"}],"wp:term":[{"taxonomy":"product_brand","embeddable":true,"href":"https:\/\/www.generalkinematics.com\/de\/wp-json\/wp\/v2\/product_brand?post=40372"},{"taxonomy":"product_cat","embeddable":true,"href":"https:\/\/www.generalkinematics.com\/de\/wp-json\/wp\/v2\/product_cat?post=40372"},{"taxonomy":"product_tag","embeddable":true,"href":"https:\/\/www.generalkinematics.com\/de\/wp-json\/wp\/v2\/product_tag?post=40372"}],"curies":[{"name":"wp","href":"https:\/\/api.w.org\/{rel}","templated":true}]}}