{"id":40386,"date":"2015-12-14T10:17:07","date_gmt":"2015-12-14T16:17:07","guid":{"rendered":"https:\/\/www.generalkinematics.com\/product\/ersatzteilfertigung\/"},"modified":"2025-06-19T14:27:04","modified_gmt":"2025-06-19T19:27:04","slug":"ersatzteilfertigung","status":"publish","type":"product","link":"https:\/\/www.generalkinematics.com\/de\/produkt\/ersatzteilfertigung\/","title":{"rendered":"Ersatzteilfertigung"},"content":{"rendered":"<p>Von einzelnen Halterungen bis zu kompletten Maschinen sind <strong>GKs Teile und Anlagen<\/strong> un\u00fcbertroffen in Qualit\u00e4t, Passform und Leistung. Modernste Entwicklungs-, Konstruktions- und Fertigungstechnologie hat General Kinematics zu einer anerkannten Weltmarktf\u00fchrer in der Herstellung von Legierungs-, Kohlenstoff- und Edelstahlprozessen gemacht. Unser Engagement f\u00fcr erstklassigen Service, unterst\u00fctzt von kompetenten Technikern und erfahrenen Schlossern, garantiert h\u00f6chste Qualit\u00e4t der Komponenten.<\/p>\n<p>&nbsp;<\/p>\n<h2>F\u00e4higkeiten:<\/h2>\n<ul>\n<li class=\"bodytext14\">Komponentenanpassung und Schwei\u00dfen durch unsere A.W.S. Zertifizierte Fertigungstechniker.<\/li>\n<li class=\"bodytext14\">1000 Tonnen Abkantpresse f\u00fcr schwere Materialumformung.<\/li>\n<li class=\"bodytext14\">Nass- oder Trockenplasmatische zum pr\u00e4zisen Schneiden von Materialien.<\/li>\n<li class=\"bodytext14\">Maschinenmontage, Lackierung, elektrische, hydraulische Rohrleitungen und andere Montagearbeiten.<\/li>\n<\/ul>\n<p>&nbsp;<\/p>\n<h2>Andere angebotene Dienstleistungen:<\/h2>\n<ul>\n<li class=\"bodytext14\">Zuschnittarbeiten<\/li>\n<li class=\"bodytext14\">Blechzuschnitt<\/li>\n<li class=\"bodytext14\">Stanzen und Bohren<\/li>\n<li class=\"bodytext14\">Maschinen\u00fcberholung<\/li>\n<\/ul>\n","protected":false},"excerpt":{"rendered":"<p>Von einzelnen Halterungen bis zu kompletten Maschinen sind GKs Teile und Anlagen un\u00fcbertroffen in Qualit\u00e4t, Passform und Leistung. Modernste Entwicklungs-, Konstruktions- und Fertigungstechnologie hat General Kinematics zu einer anerkannten Weltmarktf\u00fchrer in der Herstellung von Legierungs-, Kohlenstoff- und Edelstahlprozessen gemacht. Unser Engagement f\u00fcr erstklassigen Service, unterst\u00fctzt von kompetenten Technikern und erfahrenen Schlossern, garantiert h\u00f6chste Qualit\u00e4t der [&hellip;]<\/p>\n","protected":false},"featured_media":25527,"comment_status":"closed","ping_status":"closed","template":"","meta":{"_acf_changed":false,"om_disable_all_campaigns":false,"ep_exclude_from_search":false},"product_brand":[],"product_cat":[1750],"product_tag":[],"class_list":{"0":"post-40386","1":"product","2":"type-product","3":"status-publish","4":"has-post-thumbnail","6":"product_cat-fabrikationen","8":"first","9":"instock","10":"taxable","11":"shipping-taxable","12":"product-type-simple"},"acf":[],"yoast_head":"<!-- This site is optimized with the Yoast SEO plugin v27.2 - https:\/\/yoast.com\/product\/yoast-seo-wordpress\/ -->\n<title>Ersatzteilfertigung | General Kinematics<\/title>\n<meta name=\"robots\" content=\"index, follow, max-snippet:-1, max-image-preview:large, max-video-preview:-1\" \/>\n<link rel=\"canonical\" href=\"https:\/\/www.generalkinematics.com\/de\/produkt\/ersatzteilfertigung\/\" \/>\n<meta property=\"og:locale\" content=\"de_DE\" \/>\n<meta property=\"og:type\" content=\"article\" \/>\n<meta property=\"og:title\" content=\"Ersatzteilfertigung | General Kinematics\" \/>\n<meta property=\"og:description\" content=\"Von einzelnen Halterungen bis zu kompletten Maschinen sind GKs Teile und Anlagen un\u00fcbertroffen in Qualit\u00e4t, Passform und Leistung. Modernste Entwicklungs-, Konstruktions- und Fertigungstechnologie hat General Kinematics zu einer anerkannten Weltmarktf\u00fchrer in der Herstellung von Legierungs-, Kohlenstoff- und Edelstahlprozessen gemacht. Unser Engagement f\u00fcr erstklassigen Service, unterst\u00fctzt von kompetenten Technikern und erfahrenen Schlossern, garantiert h\u00f6chste Qualit\u00e4t der [&hellip;]\" \/>\n<meta property=\"og:url\" content=\"https:\/\/www.generalkinematics.com\/de\/produkt\/ersatzteilfertigung\/\" \/>\n<meta property=\"og:site_name\" content=\"General Kinematics\" \/>\n<meta property=\"article:publisher\" content=\"https:\/\/www.facebook.com\/generalkinematics\" \/>\n<meta property=\"article:modified_time\" content=\"2025-06-19T19:27:04+00:00\" \/>\n<meta property=\"og:image\" content=\"https:\/\/media.generalkinematics.com\/wp-content\/uploads\/2015\/12\/1477435_10151703163316782_1560888878_n.jpg\" \/>\n\t<meta property=\"og:image:width\" content=\"960\" \/>\n\t<meta property=\"og:image:height\" content=\"960\" \/>\n\t<meta property=\"og:image:type\" content=\"image\/jpeg\" \/>\n<meta name=\"twitter:card\" content=\"summary_large_image\" \/>\n<meta name=\"twitter:site\" content=\"@gkvibrating\" \/>\n<meta name=\"twitter:label1\" content=\"Gesch\u00e4tzte Lesezeit\" \/>\n\t<meta name=\"twitter:data1\" content=\"1 Minute\" \/>\n<!-- \/ Yoast SEO plugin. -->","yoast_head_json":{"title":"Ersatzteilfertigung | General Kinematics","robots":{"index":"index","follow":"follow","max-snippet":"max-snippet:-1","max-image-preview":"max-image-preview:large","max-video-preview":"max-video-preview:-1"},"canonical":"https:\/\/www.generalkinematics.com\/de\/produkt\/ersatzteilfertigung\/","og_locale":"de_DE","og_type":"article","og_title":"Ersatzteilfertigung | General Kinematics","og_description":"Von einzelnen Halterungen bis zu kompletten Maschinen sind GKs Teile und Anlagen un\u00fcbertroffen in Qualit\u00e4t, Passform und Leistung. Modernste Entwicklungs-, Konstruktions- und Fertigungstechnologie hat General Kinematics zu einer anerkannten Weltmarktf\u00fchrer in der Herstellung von Legierungs-, Kohlenstoff- und Edelstahlprozessen gemacht. Unser Engagement f\u00fcr erstklassigen Service, unterst\u00fctzt von kompetenten Technikern und erfahrenen Schlossern, garantiert h\u00f6chste Qualit\u00e4t der [&hellip;]","og_url":"https:\/\/www.generalkinematics.com\/de\/produkt\/ersatzteilfertigung\/","og_site_name":"General Kinematics","article_publisher":"https:\/\/www.facebook.com\/generalkinematics","article_modified_time":"2025-06-19T19:27:04+00:00","og_image":[{"width":960,"height":960,"url":"https:\/\/media.generalkinematics.com\/wp-content\/uploads\/2015\/12\/1477435_10151703163316782_1560888878_n.jpg","type":"image\/jpeg"}],"twitter_card":"summary_large_image","twitter_site":"@gkvibrating","twitter_misc":{"Gesch\u00e4tzte Lesezeit":"1 Minute"},"schema":{"@context":"https:\/\/schema.org","@graph":[{"@type":"WebPage","@id":"https:\/\/www.generalkinematics.com\/de\/produkt\/ersatzteilfertigung\/","url":"https:\/\/www.generalkinematics.com\/de\/produkt\/ersatzteilfertigung\/","name":"Ersatzteilfertigung | General Kinematics","isPartOf":{"@id":"https:\/\/www.generalkinematics.com\/de\/#website"},"primaryImageOfPage":{"@id":"https:\/\/www.generalkinematics.com\/de\/produkt\/ersatzteilfertigung\/#primaryimage"},"image":{"@id":"https:\/\/www.generalkinematics.com\/de\/produkt\/ersatzteilfertigung\/#primaryimage"},"thumbnailUrl":"https:\/\/media.generalkinematics.com\/wp-content\/uploads\/2015\/12\/1477435_10151703163316782_1560888878_n.jpg","datePublished":"2015-12-14T16:17:07+00:00","dateModified":"2025-06-19T19:27:04+00:00","breadcrumb":{"@id":"https:\/\/www.generalkinematics.com\/de\/produkt\/ersatzteilfertigung\/#breadcrumb"},"inLanguage":"de-DE","potentialAction":[{"@type":"ReadAction","target":["https:\/\/www.generalkinematics.com\/de\/produkt\/ersatzteilfertigung\/"]}]},{"@type":"ImageObject","inLanguage":"de-DE","@id":"https:\/\/www.generalkinematics.com\/de\/produkt\/ersatzteilfertigung\/#primaryimage","url":"https:\/\/media.generalkinematics.com\/wp-content\/uploads\/2015\/12\/1477435_10151703163316782_1560888878_n.jpg","contentUrl":"https:\/\/media.generalkinematics.com\/wp-content\/uploads\/2015\/12\/1477435_10151703163316782_1560888878_n.jpg","width":960,"height":960,"caption":"general-kinematics-fabrication"},{"@type":"BreadcrumbList","@id":"https:\/\/www.generalkinematics.com\/de\/produkt\/ersatzteilfertigung\/#breadcrumb","itemListElement":[{"@type":"ListItem","position":1,"name":"GK Home","item":"https:\/\/www.generalkinematics.com\/de\/"},{"@type":"ListItem","position":2,"name":"Shop","item":"https:\/\/www.generalkinematics.com\/shop\/"},{"@type":"ListItem","position":3,"name":"Ersatzteilfertigung"}]},{"@type":"WebSite","@id":"https:\/\/www.generalkinematics.com\/de\/#website","url":"https:\/\/www.generalkinematics.com\/de\/","name":"General Kinematics","description":"","publisher":{"@id":"https:\/\/www.generalkinematics.com\/de\/#organization"},"potentialAction":[{"@type":"SearchAction","target":{"@type":"EntryPoint","urlTemplate":"https:\/\/www.generalkinematics.com\/de\/?s={search_term_string}"},"query-input":{"@type":"PropertyValueSpecification","valueRequired":true,"valueName":"search_term_string"}}],"inLanguage":"de-DE"},{"@type":"Organization","@id":"https:\/\/www.generalkinematics.com\/de\/#organization","name":"General Kinematics","url":"https:\/\/www.generalkinematics.com\/de\/","logo":{"@type":"ImageObject","inLanguage":"de-DE","@id":"https:\/\/www.generalkinematics.com\/de\/#\/schema\/logo\/image\/","url":"https:\/\/media.generalkinematics.com\/wp-content\/uploads\/2018\/03\/logo.png","contentUrl":"https:\/\/media.generalkinematics.com\/wp-content\/uploads\/2018\/03\/logo.png","width":313,"height":100,"caption":"General Kinematics"},"image":{"@id":"https:\/\/www.generalkinematics.com\/de\/#\/schema\/logo\/image\/"},"sameAs":["https:\/\/www.facebook.com\/generalkinematics","https:\/\/x.com\/gkvibrating"]}]}},"_links":{"self":[{"href":"https:\/\/www.generalkinematics.com\/de\/wp-json\/wp\/v2\/product\/40386","targetHints":{"allow":["GET"]}}],"collection":[{"href":"https:\/\/www.generalkinematics.com\/de\/wp-json\/wp\/v2\/product"}],"about":[{"href":"https:\/\/www.generalkinematics.com\/de\/wp-json\/wp\/v2\/types\/product"}],"replies":[{"embeddable":true,"href":"https:\/\/www.generalkinematics.com\/de\/wp-json\/wp\/v2\/comments?post=40386"}],"wp:featuredmedia":[{"embeddable":true,"href":"https:\/\/www.generalkinematics.com\/de\/wp-json\/wp\/v2\/media\/25527"}],"wp:attachment":[{"href":"https:\/\/www.generalkinematics.com\/de\/wp-json\/wp\/v2\/media?parent=40386"}],"wp:term":[{"taxonomy":"product_brand","embeddable":true,"href":"https:\/\/www.generalkinematics.com\/de\/wp-json\/wp\/v2\/product_brand?post=40386"},{"taxonomy":"product_cat","embeddable":true,"href":"https:\/\/www.generalkinematics.com\/de\/wp-json\/wp\/v2\/product_cat?post=40386"},{"taxonomy":"product_tag","embeddable":true,"href":"https:\/\/www.generalkinematics.com\/de\/wp-json\/wp\/v2\/product_tag?post=40386"}],"curies":[{"name":"wp","href":"https:\/\/api.w.org\/{rel}","templated":true}]}}