{"id":40393,"date":"2015-12-14T10:26:07","date_gmt":"2015-12-14T16:26:07","guid":{"rendered":"https:\/\/www.generalkinematics.com\/product\/herstellung-einrichtung-fahigkeiten\/"},"modified":"2019-12-16T19:59:50","modified_gmt":"2019-12-17T01:59:50","slug":"herstellung-einrichtung-fahigkeiten","status":"publish","type":"product","link":"https:\/\/www.generalkinematics.com\/de\/produkt\/herstellung-einrichtung-fahigkeiten\/","title":{"rendered":"Herstellung Einrichtung F\u00e4higkeiten"},"content":{"rendered":"<p><strong>General Kinematics<\/strong> bedeutet Kompetenz, Gr\u00f6\u00dfe und bew\u00e4hrte Exzellenz f\u00fcr alle Kundenanforderungen. Modernste Entwicklungs-, Konstruktions- und Fertigungsf\u00e4higkeiten haben General Kinematics zu einen anerkannten Weltmarktf\u00fchrer bei Legierungs-, Kohlenstoff- und Edelstahlschwei\u00dfverfahren gemacht.<\/p>\n<p>Eine Serviceverpflichtung, unterst\u00fctzt von kompetenten Technikern und erfahrenen Schlossern, garantiert Ihnen h\u00f6chste Qualit\u00e4t bei den Komponenten. Unsere Erfahrung auf internationalen M\u00e4rkten bietet unseren Kunden die Flexibilit\u00e4t, Ressourcen und das Wissen, um weltweit wettbewerbsf\u00e4hig zu sein.<\/p>\n<p>GK bietet komplette Entwicklungs-, Montage-, Aufr\u00fcstungs- und Schwei\u00dff\u00e4higkeiten durch A.W.S. zertifizierte Monteure und Schwei\u00dfer. Unsere erfahrenen Monteure bieten eine breite Palette von F\u00e4higkeiten von schweren Montagearbeiten komplett f\u00fcr Lackier-, Elektro-, Druckluft- und Hydraulikleitungen. Wir k\u00f6nnen Ihnen helfen, Ihr Produkt lokal oder international zu transportieren.<\/p>\n<p>Um weitere Informationen oder ein Angebot anzufordern, <a href=\"https:\/\/www.generalkinematics.com\/de\/kontakt-general-kinematics\/\">kontaktieren Sie uns hier<\/a>.<\/p>\n","protected":false},"excerpt":{"rendered":"<p>General Kinematics bedeutet Kompetenz, Gr\u00f6\u00dfe und bew\u00e4hrte Exzellenz f\u00fcr alle Kundenanforderungen. Modernste Entwicklungs-, Konstruktions- und Fertigungsf\u00e4higkeiten haben General Kinematics zu einen anerkannten Weltmarktf\u00fchrer bei Legierungs-, Kohlenstoff- und Edelstahlschwei\u00dfverfahren gemacht. Eine Serviceverpflichtung, unterst\u00fctzt von kompetenten Technikern und erfahrenen Schlossern, garantiert Ihnen h\u00f6chste Qualit\u00e4t bei den Komponenten. Unsere Erfahrung auf internationalen M\u00e4rkten bietet unseren Kunden die Flexibilit\u00e4t, [&hellip;]<\/p>\n","protected":false},"featured_media":27311,"comment_status":"closed","ping_status":"closed","template":"","meta":{"_acf_changed":false,"om_disable_all_campaigns":false,"ep_exclude_from_search":false},"product_brand":[],"product_cat":[1750],"product_tag":[],"class_list":{"0":"post-40393","1":"product","2":"type-product","3":"status-publish","4":"has-post-thumbnail","6":"product_cat-fabrikationen","8":"first","9":"instock","10":"taxable","11":"shipping-taxable","12":"product-type-simple"},"acf":[],"yoast_head":"<!-- This site is optimized with the Yoast SEO plugin v27.5 - https:\/\/yoast.com\/product\/yoast-seo-wordpress\/ -->\n<title>Herstellung Einrichtung F\u00e4higkeiten | General Kinematics<\/title>\n<meta name=\"robots\" content=\"index, follow, max-snippet:-1, max-image-preview:large, max-video-preview:-1\" \/>\n<link rel=\"canonical\" href=\"https:\/\/www.generalkinematics.com\/de\/produkt\/herstellung-einrichtung-fahigkeiten\/\" \/>\n<meta property=\"og:locale\" content=\"de_DE\" \/>\n<meta property=\"og:type\" content=\"article\" \/>\n<meta property=\"og:title\" content=\"Herstellung Einrichtung F\u00e4higkeiten | General Kinematics\" \/>\n<meta property=\"og:description\" content=\"General Kinematics bedeutet Kompetenz, Gr\u00f6\u00dfe und bew\u00e4hrte Exzellenz f\u00fcr alle Kundenanforderungen. Modernste Entwicklungs-, Konstruktions- und Fertigungsf\u00e4higkeiten haben General Kinematics zu einen anerkannten Weltmarktf\u00fchrer bei Legierungs-, Kohlenstoff- und Edelstahlschwei\u00dfverfahren gemacht. Eine Serviceverpflichtung, unterst\u00fctzt von kompetenten Technikern und erfahrenen Schlossern, garantiert Ihnen h\u00f6chste Qualit\u00e4t bei den Komponenten. Unsere Erfahrung auf internationalen M\u00e4rkten bietet unseren Kunden die Flexibilit\u00e4t, [&hellip;]\" \/>\n<meta property=\"og:url\" content=\"https:\/\/www.generalkinematics.com\/de\/produkt\/herstellung-einrichtung-fahigkeiten\/\" \/>\n<meta property=\"og:site_name\" content=\"General Kinematics\" \/>\n<meta property=\"article:publisher\" content=\"https:\/\/www.facebook.com\/generalkinematics\" \/>\n<meta property=\"article:modified_time\" content=\"2019-12-17T01:59:50+00:00\" \/>\n<meta property=\"og:image\" content=\"https:\/\/media.generalkinematics.com\/wp-content\/uploads\/2015\/12\/fab-capabilities.png\" \/>\n\t<meta property=\"og:image:width\" content=\"400\" \/>\n\t<meta property=\"og:image:height\" content=\"400\" \/>\n\t<meta property=\"og:image:type\" content=\"image\/jpeg\" \/>\n<meta name=\"twitter:card\" content=\"summary_large_image\" \/>\n<meta name=\"twitter:site\" content=\"@gkvibrating\" \/>\n<meta name=\"twitter:label1\" content=\"Gesch\u00e4tzte Lesezeit\" \/>\n\t<meta name=\"twitter:data1\" content=\"1 Minute\" \/>\n<!-- \/ Yoast SEO plugin. -->","yoast_head_json":{"title":"Herstellung Einrichtung F\u00e4higkeiten | General Kinematics","robots":{"index":"index","follow":"follow","max-snippet":"max-snippet:-1","max-image-preview":"max-image-preview:large","max-video-preview":"max-video-preview:-1"},"canonical":"https:\/\/www.generalkinematics.com\/de\/produkt\/herstellung-einrichtung-fahigkeiten\/","og_locale":"de_DE","og_type":"article","og_title":"Herstellung Einrichtung F\u00e4higkeiten | General Kinematics","og_description":"General Kinematics bedeutet Kompetenz, Gr\u00f6\u00dfe und bew\u00e4hrte Exzellenz f\u00fcr alle Kundenanforderungen. Modernste Entwicklungs-, Konstruktions- und Fertigungsf\u00e4higkeiten haben General Kinematics zu einen anerkannten Weltmarktf\u00fchrer bei Legierungs-, Kohlenstoff- und Edelstahlschwei\u00dfverfahren gemacht. Eine Serviceverpflichtung, unterst\u00fctzt von kompetenten Technikern und erfahrenen Schlossern, garantiert Ihnen h\u00f6chste Qualit\u00e4t bei den Komponenten. Unsere Erfahrung auf internationalen M\u00e4rkten bietet unseren Kunden die Flexibilit\u00e4t, [&hellip;]","og_url":"https:\/\/www.generalkinematics.com\/de\/produkt\/herstellung-einrichtung-fahigkeiten\/","og_site_name":"General Kinematics","article_publisher":"https:\/\/www.facebook.com\/generalkinematics","article_modified_time":"2019-12-17T01:59:50+00:00","og_image":[{"width":400,"height":400,"url":"https:\/\/media.generalkinematics.com\/wp-content\/uploads\/2015\/12\/fab-capabilities.png","type":"image\/jpeg"}],"twitter_card":"summary_large_image","twitter_site":"@gkvibrating","twitter_misc":{"Gesch\u00e4tzte Lesezeit":"1 Minute"},"schema":{"@context":"https:\/\/schema.org","@graph":[{"@type":"WebPage","@id":"https:\/\/www.generalkinematics.com\/de\/produkt\/herstellung-einrichtung-fahigkeiten\/","url":"https:\/\/www.generalkinematics.com\/de\/produkt\/herstellung-einrichtung-fahigkeiten\/","name":"Herstellung Einrichtung F\u00e4higkeiten | General Kinematics","isPartOf":{"@id":"https:\/\/www.generalkinematics.com\/de\/#website"},"primaryImageOfPage":{"@id":"https:\/\/www.generalkinematics.com\/de\/produkt\/herstellung-einrichtung-fahigkeiten\/#primaryimage"},"image":{"@id":"https:\/\/www.generalkinematics.com\/de\/produkt\/herstellung-einrichtung-fahigkeiten\/#primaryimage"},"thumbnailUrl":"https:\/\/media.generalkinematics.com\/wp-content\/uploads\/2015\/12\/fab-capabilities.png","datePublished":"2015-12-14T16:26:07+00:00","dateModified":"2019-12-17T01:59:50+00:00","breadcrumb":{"@id":"https:\/\/www.generalkinematics.com\/de\/produkt\/herstellung-einrichtung-fahigkeiten\/#breadcrumb"},"inLanguage":"de-DE","potentialAction":[{"@type":"ReadAction","target":["https:\/\/www.generalkinematics.com\/de\/produkt\/herstellung-einrichtung-fahigkeiten\/"]}]},{"@type":"ImageObject","inLanguage":"de-DE","@id":"https:\/\/www.generalkinematics.com\/de\/produkt\/herstellung-einrichtung-fahigkeiten\/#primaryimage","url":"https:\/\/media.generalkinematics.com\/wp-content\/uploads\/2015\/12\/fab-capabilities.png","contentUrl":"https:\/\/media.generalkinematics.com\/wp-content\/uploads\/2015\/12\/fab-capabilities.png","width":400,"height":400,"caption":"general-kinematics-fabrication"},{"@type":"BreadcrumbList","@id":"https:\/\/www.generalkinematics.com\/de\/produkt\/herstellung-einrichtung-fahigkeiten\/#breadcrumb","itemListElement":[{"@type":"ListItem","position":1,"name":"GK Home","item":"https:\/\/www.generalkinematics.com\/de\/"},{"@type":"ListItem","position":2,"name":"Shop","item":"https:\/\/www.generalkinematics.com\/shop\/"},{"@type":"ListItem","position":3,"name":"Herstellung Einrichtung F\u00e4higkeiten"}]},{"@type":"WebSite","@id":"https:\/\/www.generalkinematics.com\/de\/#website","url":"https:\/\/www.generalkinematics.com\/de\/","name":"General Kinematics","description":"","publisher":{"@id":"https:\/\/www.generalkinematics.com\/de\/#organization"},"potentialAction":[{"@type":"SearchAction","target":{"@type":"EntryPoint","urlTemplate":"https:\/\/www.generalkinematics.com\/de\/?s={search_term_string}"},"query-input":{"@type":"PropertyValueSpecification","valueRequired":true,"valueName":"search_term_string"}}],"inLanguage":"de-DE"},{"@type":"Organization","@id":"https:\/\/www.generalkinematics.com\/de\/#organization","name":"General Kinematics","url":"https:\/\/www.generalkinematics.com\/de\/","logo":{"@type":"ImageObject","inLanguage":"de-DE","@id":"https:\/\/www.generalkinematics.com\/de\/#\/schema\/logo\/image\/","url":"https:\/\/media.generalkinematics.com\/wp-content\/uploads\/2018\/03\/logo.png","contentUrl":"https:\/\/media.generalkinematics.com\/wp-content\/uploads\/2018\/03\/logo.png","width":313,"height":100,"caption":"General Kinematics"},"image":{"@id":"https:\/\/www.generalkinematics.com\/de\/#\/schema\/logo\/image\/"},"sameAs":["https:\/\/www.facebook.com\/generalkinematics","https:\/\/x.com\/gkvibrating"]}]}},"_links":{"self":[{"href":"https:\/\/www.generalkinematics.com\/de\/wp-json\/wp\/v2\/product\/40393","targetHints":{"allow":["GET"]}}],"collection":[{"href":"https:\/\/www.generalkinematics.com\/de\/wp-json\/wp\/v2\/product"}],"about":[{"href":"https:\/\/www.generalkinematics.com\/de\/wp-json\/wp\/v2\/types\/product"}],"replies":[{"embeddable":true,"href":"https:\/\/www.generalkinematics.com\/de\/wp-json\/wp\/v2\/comments?post=40393"}],"wp:featuredmedia":[{"embeddable":true,"href":"https:\/\/www.generalkinematics.com\/de\/wp-json\/wp\/v2\/media\/27311"}],"wp:attachment":[{"href":"https:\/\/www.generalkinematics.com\/de\/wp-json\/wp\/v2\/media?parent=40393"}],"wp:term":[{"taxonomy":"product_brand","embeddable":true,"href":"https:\/\/www.generalkinematics.com\/de\/wp-json\/wp\/v2\/product_brand?post=40393"},{"taxonomy":"product_cat","embeddable":true,"href":"https:\/\/www.generalkinematics.com\/de\/wp-json\/wp\/v2\/product_cat?post=40393"},{"taxonomy":"product_tag","embeddable":true,"href":"https:\/\/www.generalkinematics.com\/de\/wp-json\/wp\/v2\/product_tag?post=40393"}],"curies":[{"name":"wp","href":"https:\/\/api.w.org\/{rel}","templated":true}]}}