{"id":40400,"date":"2015-12-14T10:31:03","date_gmt":"2015-12-14T16:31:03","guid":{"rendered":"https:\/\/www.generalkinematics.com\/product\/kettenrader-kettenrad-u-v-m\/"},"modified":"2020-05-18T15:07:36","modified_gmt":"2020-05-18T20:07:36","slug":"kettenrader-kettenrad-u-v-m","status":"publish","type":"product","link":"https:\/\/www.generalkinematics.com\/de\/produkt\/kettenrader-kettenrad-u-v-m\/","title":{"rendered":"Kettenr\u00e4der, Kettenrad, u.v.m."},"content":{"rendered":"<p><u><strong>LOCK-TITE\u2122-Trommelgeh\u00e4use \/ Auskleidungen<\/strong><\/u><\/p>\n<p>R\u00fcsten Sie Ihre bestehende Drehtrommel mit dem <strong>LOCK-TITE\u2122-Auskleidungssystem<\/strong> von GK auf. Unser einfaches Design ist leicht zu warten und noch einfacher auszutauschen. F\u00fcr ihre vorhandene Antriebsstruktur sind passende komplette Trommelaufbauten mit unserem innovativen Auskleidungsystem verf\u00fcgbar. <a href=\"https:\/\/www.generalkinematics.com\/de\/produkt\/lock-tite-drehtrommel-auskleidungen-und-gehause\/\">Klicken Sie hier, um mehr zu erfahren.<\/a><\/p>\n<p><u><strong>Zapfenr\u00e4der<\/strong><\/u><\/p>\n<p>GKs Zapfenr\u00e4der wurden f\u00fcr eine lange Lebensdauer ausgelegt und werden aus hochfestem Stahl geschmiedet. Von klein bis gro\u00df, GK liefert kundenspezifische R\u00e4der f\u00fcr die meisten Rotationsanwendungen.<\/p>\n<p><u><strong>Kettenr\u00e4der und Ketten<\/strong><\/u><\/p>\n<p>General Kinematics arbeitet mit f\u00fchrenden Kettenlieferanten zusammen, um die Branche mit verf\u00fcgbaren Drehtrommelketten und Kettenrads\u00e4tzen von h\u00f6chster Qualit\u00e4t zu beliefern.<\/p>\n<p><u><strong>Lagerbaugruppen<\/strong><\/u><\/p>\n<p>General Kinematics verwendet auf unserem Equipment die besten verf\u00fcgbaren Lager! Rufen Sie uns an und teilen Sie uns Ihre Lagerteilenummer mit, um herauszufinden, wie Sie auf GK-Premium-Lager aufr\u00fcsten k\u00f6nnen.<\/p>\n<p><u><strong>General\u00fcberholung<\/strong><\/u><\/p>\n<p>Schicken Sie uns Ihre Trommel und lassen Sie sie von uns general\u00fcberholen! GK wird Ihre bestehende Maschine modernisieren und sie mit dem <strong>GK-LOCK-TITE\u2122-Auskleidungssystem<\/strong> und den GK-Antriebskomponenten f\u00fcr eine hervorragende Instandhaltung und Lebensdauer aufr\u00fcsten.<\/p>\n","protected":false},"excerpt":{"rendered":"<p>LOCK-TITE\u2122-Trommelgeh\u00e4use \/ Auskleidungen R\u00fcsten Sie Ihre bestehende Drehtrommel mit dem LOCK-TITE\u2122-Auskleidungssystem von GK auf. Unser einfaches Design ist leicht zu warten und noch einfacher auszutauschen. F\u00fcr ihre vorhandene Antriebsstruktur sind passende komplette Trommelaufbauten mit unserem innovativen Auskleidungsystem verf\u00fcgbar. Klicken Sie hier, um mehr zu erfahren. Zapfenr\u00e4der GKs Zapfenr\u00e4der wurden f\u00fcr eine lange Lebensdauer ausgelegt und [&hellip;]<\/p>\n","protected":false},"featured_media":27063,"comment_status":"closed","ping_status":"closed","template":"","meta":{"_acf_changed":false,"om_disable_all_campaigns":false,"ep_exclude_from_search":false},"product_brand":[],"product_cat":[1757],"product_tag":[],"class_list":{"0":"post-40400","1":"product","2":"type-product","3":"status-publish","4":"has-post-thumbnail","6":"product_cat-rotationsteile-und-komponenten","8":"first","9":"instock","10":"taxable","11":"shipping-taxable","12":"product-type-simple"},"acf":[],"yoast_head":"<!-- This site is optimized with the Yoast SEO plugin v27.2 - https:\/\/yoast.com\/product\/yoast-seo-wordpress\/ -->\n<title>Kettenr\u00e4der, Kettenrad, u.v.m. | General Kinematics<\/title>\n<meta name=\"robots\" content=\"index, follow, max-snippet:-1, max-image-preview:large, max-video-preview:-1\" \/>\n<link rel=\"canonical\" href=\"https:\/\/www.generalkinematics.com\/de\/produkt\/kettenrader-kettenrad-u-v-m\/\" \/>\n<meta property=\"og:locale\" content=\"de_DE\" \/>\n<meta property=\"og:type\" content=\"article\" \/>\n<meta property=\"og:title\" content=\"Kettenr\u00e4der, Kettenrad, u.v.m. | General Kinematics\" \/>\n<meta property=\"og:description\" content=\"LOCK-TITE\u2122-Trommelgeh\u00e4use \/ Auskleidungen R\u00fcsten Sie Ihre bestehende Drehtrommel mit dem LOCK-TITE\u2122-Auskleidungssystem von GK auf. Unser einfaches Design ist leicht zu warten und noch einfacher auszutauschen. F\u00fcr ihre vorhandene Antriebsstruktur sind passende komplette Trommelaufbauten mit unserem innovativen Auskleidungsystem verf\u00fcgbar. Klicken Sie hier, um mehr zu erfahren. Zapfenr\u00e4der GKs Zapfenr\u00e4der wurden f\u00fcr eine lange Lebensdauer ausgelegt und [&hellip;]\" \/>\n<meta property=\"og:url\" content=\"https:\/\/www.generalkinematics.com\/de\/produkt\/kettenrader-kettenrad-u-v-m\/\" \/>\n<meta property=\"og:site_name\" content=\"General Kinematics\" \/>\n<meta property=\"article:publisher\" content=\"https:\/\/www.facebook.com\/generalkinematics\" \/>\n<meta property=\"article:modified_time\" content=\"2020-05-18T20:07:36+00:00\" \/>\n<meta property=\"og:image\" content=\"https:\/\/media.generalkinematics.com\/wp-content\/uploads\/2015\/12\/drive-components.png\" \/>\n\t<meta property=\"og:image:width\" content=\"400\" \/>\n\t<meta property=\"og:image:height\" content=\"400\" \/>\n\t<meta property=\"og:image:type\" content=\"image\/jpeg\" \/>\n<meta name=\"twitter:card\" content=\"summary_large_image\" \/>\n<meta name=\"twitter:site\" content=\"@gkvibrating\" \/>\n<meta name=\"twitter:label1\" content=\"Gesch\u00e4tzte Lesezeit\" \/>\n\t<meta name=\"twitter:data1\" content=\"1 Minute\" \/>\n<!-- \/ Yoast SEO plugin. -->","yoast_head_json":{"title":"Kettenr\u00e4der, Kettenrad, u.v.m. | General Kinematics","robots":{"index":"index","follow":"follow","max-snippet":"max-snippet:-1","max-image-preview":"max-image-preview:large","max-video-preview":"max-video-preview:-1"},"canonical":"https:\/\/www.generalkinematics.com\/de\/produkt\/kettenrader-kettenrad-u-v-m\/","og_locale":"de_DE","og_type":"article","og_title":"Kettenr\u00e4der, Kettenrad, u.v.m. | General Kinematics","og_description":"LOCK-TITE\u2122-Trommelgeh\u00e4use \/ Auskleidungen R\u00fcsten Sie Ihre bestehende Drehtrommel mit dem LOCK-TITE\u2122-Auskleidungssystem von GK auf. Unser einfaches Design ist leicht zu warten und noch einfacher auszutauschen. F\u00fcr ihre vorhandene Antriebsstruktur sind passende komplette Trommelaufbauten mit unserem innovativen Auskleidungsystem verf\u00fcgbar. Klicken Sie hier, um mehr zu erfahren. Zapfenr\u00e4der GKs Zapfenr\u00e4der wurden f\u00fcr eine lange Lebensdauer ausgelegt und [&hellip;]","og_url":"https:\/\/www.generalkinematics.com\/de\/produkt\/kettenrader-kettenrad-u-v-m\/","og_site_name":"General Kinematics","article_publisher":"https:\/\/www.facebook.com\/generalkinematics","article_modified_time":"2020-05-18T20:07:36+00:00","og_image":[{"width":400,"height":400,"url":"https:\/\/media.generalkinematics.com\/wp-content\/uploads\/2015\/12\/drive-components.png","type":"image\/jpeg"}],"twitter_card":"summary_large_image","twitter_site":"@gkvibrating","twitter_misc":{"Gesch\u00e4tzte Lesezeit":"1 Minute"},"schema":{"@context":"https:\/\/schema.org","@graph":[{"@type":"WebPage","@id":"https:\/\/www.generalkinematics.com\/de\/produkt\/kettenrader-kettenrad-u-v-m\/","url":"https:\/\/www.generalkinematics.com\/de\/produkt\/kettenrader-kettenrad-u-v-m\/","name":"Kettenr\u00e4der, Kettenrad, u.v.m. | General Kinematics","isPartOf":{"@id":"https:\/\/www.generalkinematics.com\/de\/#website"},"primaryImageOfPage":{"@id":"https:\/\/www.generalkinematics.com\/de\/produkt\/kettenrader-kettenrad-u-v-m\/#primaryimage"},"image":{"@id":"https:\/\/www.generalkinematics.com\/de\/produkt\/kettenrader-kettenrad-u-v-m\/#primaryimage"},"thumbnailUrl":"https:\/\/media.generalkinematics.com\/wp-content\/uploads\/2015\/12\/drive-components.png","datePublished":"2015-12-14T16:31:03+00:00","dateModified":"2020-05-18T20:07:36+00:00","breadcrumb":{"@id":"https:\/\/www.generalkinematics.com\/de\/produkt\/kettenrader-kettenrad-u-v-m\/#breadcrumb"},"inLanguage":"de-DE","potentialAction":[{"@type":"ReadAction","target":["https:\/\/www.generalkinematics.com\/de\/produkt\/kettenrader-kettenrad-u-v-m\/"]}]},{"@type":"ImageObject","inLanguage":"de-DE","@id":"https:\/\/www.generalkinematics.com\/de\/produkt\/kettenrader-kettenrad-u-v-m\/#primaryimage","url":"https:\/\/media.generalkinematics.com\/wp-content\/uploads\/2015\/12\/drive-components.png","contentUrl":"https:\/\/media.generalkinematics.com\/wp-content\/uploads\/2015\/12\/drive-components.png","width":400,"height":400,"caption":"general-kinematics-drive-components"},{"@type":"BreadcrumbList","@id":"https:\/\/www.generalkinematics.com\/de\/produkt\/kettenrader-kettenrad-u-v-m\/#breadcrumb","itemListElement":[{"@type":"ListItem","position":1,"name":"GK Home","item":"https:\/\/www.generalkinematics.com\/de\/"},{"@type":"ListItem","position":2,"name":"Shop","item":"https:\/\/www.generalkinematics.com\/shop\/"},{"@type":"ListItem","position":3,"name":"Kettenr\u00e4der, Kettenrad, u.v.m."}]},{"@type":"WebSite","@id":"https:\/\/www.generalkinematics.com\/de\/#website","url":"https:\/\/www.generalkinematics.com\/de\/","name":"General Kinematics","description":"","publisher":{"@id":"https:\/\/www.generalkinematics.com\/de\/#organization"},"potentialAction":[{"@type":"SearchAction","target":{"@type":"EntryPoint","urlTemplate":"https:\/\/www.generalkinematics.com\/de\/?s={search_term_string}"},"query-input":{"@type":"PropertyValueSpecification","valueRequired":true,"valueName":"search_term_string"}}],"inLanguage":"de-DE"},{"@type":"Organization","@id":"https:\/\/www.generalkinematics.com\/de\/#organization","name":"General Kinematics","url":"https:\/\/www.generalkinematics.com\/de\/","logo":{"@type":"ImageObject","inLanguage":"de-DE","@id":"https:\/\/www.generalkinematics.com\/de\/#\/schema\/logo\/image\/","url":"https:\/\/media.generalkinematics.com\/wp-content\/uploads\/2018\/03\/logo.png","contentUrl":"https:\/\/media.generalkinematics.com\/wp-content\/uploads\/2018\/03\/logo.png","width":313,"height":100,"caption":"General Kinematics"},"image":{"@id":"https:\/\/www.generalkinematics.com\/de\/#\/schema\/logo\/image\/"},"sameAs":["https:\/\/www.facebook.com\/generalkinematics","https:\/\/x.com\/gkvibrating"]}]}},"_links":{"self":[{"href":"https:\/\/www.generalkinematics.com\/de\/wp-json\/wp\/v2\/product\/40400","targetHints":{"allow":["GET"]}}],"collection":[{"href":"https:\/\/www.generalkinematics.com\/de\/wp-json\/wp\/v2\/product"}],"about":[{"href":"https:\/\/www.generalkinematics.com\/de\/wp-json\/wp\/v2\/types\/product"}],"replies":[{"embeddable":true,"href":"https:\/\/www.generalkinematics.com\/de\/wp-json\/wp\/v2\/comments?post=40400"}],"wp:featuredmedia":[{"embeddable":true,"href":"https:\/\/www.generalkinematics.com\/de\/wp-json\/wp\/v2\/media\/27063"}],"wp:attachment":[{"href":"https:\/\/www.generalkinematics.com\/de\/wp-json\/wp\/v2\/media?parent=40400"}],"wp:term":[{"taxonomy":"product_brand","embeddable":true,"href":"https:\/\/www.generalkinematics.com\/de\/wp-json\/wp\/v2\/product_brand?post=40400"},{"taxonomy":"product_cat","embeddable":true,"href":"https:\/\/www.generalkinematics.com\/de\/wp-json\/wp\/v2\/product_cat?post=40400"},{"taxonomy":"product_tag","embeddable":true,"href":"https:\/\/www.generalkinematics.com\/de\/wp-json\/wp\/v2\/product_tag?post=40400"}],"curies":[{"name":"wp","href":"https:\/\/api.w.org\/{rel}","templated":true}]}}