{"id":40411,"date":"2015-12-14T11:18:19","date_gmt":"2015-12-14T17:18:19","guid":{"rendered":"https:\/\/www.generalkinematics.com\/product\/aluminium-stutzbeine-fur-gk-fremdes-equipment\/"},"modified":"2022-12-07T14:49:01","modified_gmt":"2022-12-07T20:49:01","slug":"aluminium-stutzbeine-fur-gk-fremdes-equipment","status":"publish","type":"product","link":"https:\/\/www.generalkinematics.com\/de\/produkt\/aluminium-stutzbeine-fur-gk-fremdes-equipment\/","title":{"rendered":"Aluminium-St\u00fctzbeine f\u00fcr GK-fremdes Equipment"},"content":{"rendered":"<p><u><strong>Aluminium-St\u00fctzbeine<\/strong><\/u><\/p>\n<p>General Kinematics St\u00fctzbeine sind branchenweit f\u00fcr ihre au\u00dfergew\u00f6hnliche Leistung und Zuverl\u00e4ssigkeit bekannt. Bringen Sie diese Leistung mit der neuen GK-Produktlinie aus Aluminiumguss, duktilen und gefertigten Stahlst\u00fctzbeinen zu Ihrem anderen Vibrations-Equipment.<\/p>\n<p>Falls Ihr Stabilisator fehlt? <a href=\"https:\/\/www.generalkinematics.com\/de\/produkt\/masgefertigter-stabilisator-rockerleg-rfq\/\">Bestellen Sie einen ma\u00dfgeschneiderten Stabilisator hier.<\/a><\/p>\n<p>&nbsp;<\/p>\n<h2>Ersatzstabilisatoren f\u00fcr Equipment anderer Hersteller<\/h2>\n<table border=\"1\" width=\"600\" cellspacing=\"0\" cellpadding=\"5\">\n<tbody>\n<tr class=\"bodytext14\">\n<td align=\"center\" bgcolor=\"#f2f2f2\" width=\"80\"><strong>Referenz Teilenummer<\/strong><\/td>\n<td align=\"center\" bgcolor=\"#f2f2f2\" width=\"127\"><strong>GK-Teilenummer<\/strong><\/td>\n<td align=\"center\" bgcolor=\"#f2f2f2\" width=\"103\"><strong>L\u00e4nge in der Mitte<\/strong><\/td>\n<td align=\"center\" bgcolor=\"#f2f2f2\" width=\"74\"><strong>Breite<\/strong><\/td>\n<td align=\"center\" bgcolor=\"#f2f2f2\" width=\"154\"><\/td>\n<\/tr>\n<tr>\n<td align=\"center\"><span class=\"bodytext\">110402<\/span><\/td>\n<td align=\"center\"><span class=\"bodytext\">CP10-01-51-A<\/span><\/td>\n<td align=\"center\"><span class=\"bodytext\">9 1\/2 Zoll<\/span><\/td>\n<td align=\"center\"><span class=\"bodytext\">3 1\/4 Zoll<\/span><\/td>\n<td align=\"center\"><img decoding=\"async\" src=\"https:\/\/www.generalkinematics.com\/wp-content\/uploads\/images\/gkparts\/stabilizers\/CP10-01-51-A.jpg\" alt=\"110402 Stabilisator\" width=\"100\" height=\"75\" \/><\/td>\n<\/tr>\n<tr>\n<td align=\"center\"><span class=\"bodytext\">110406<\/span><\/td>\n<td align=\"center\"><span class=\"bodytext\">CP10-01-53-A<\/span><\/td>\n<td align=\"center\"><span class=\"bodytext\">15 3\/4 Zoll<\/span><\/td>\n<td align=\"center\"><span class=\"bodytext\">3 1\/4 Zoll<\/span><\/td>\n<td align=\"center\"><img decoding=\"async\" src=\"https:\/\/www.generalkinematics.com\/wp-content\/uploads\/images\/gkparts\/stabilizers\/CP-10-01-53-A.jpg\" alt=\"110406 St\u00fctzbein\" width=\"100\" height=\"75\" \/><\/td>\n<\/tr>\n<tr>\n<td align=\"center\"><span class=\"bodytext\">110407<\/span><\/td>\n<td align=\"center\"><span class=\"bodytext\">CP10-01-55-A<\/span><\/td>\n<td align=\"center\"><span class=\"bodytext\">15 3\/4 Zoll<\/span><\/td>\n<td align=\"center\"><span class=\"bodytext\">5 1\/2 Zoll<\/span><\/td>\n<td align=\"center\"><img decoding=\"async\" src=\"https:\/\/www.generalkinematics.com\/wp-content\/uploads\/images\/gkparts\/stabilizers\/CP10-01-55-A.jpg\" alt=\"110407 Rocker Leg\" width=\"100\" height=\"75\" \/><\/td>\n<\/tr>\n<tr>\n<td align=\"center\"><span class=\"bodytext\">110401<\/span><\/td>\n<td align=\"center\"><span class=\"bodytext\">CP10-01-57-A<\/span><\/td>\n<td align=\"center\"><span class=\"bodytext\">9 1\/2 Zoll<\/span><\/td>\n<td align=\"center\"><span class=\"bodytext\">5 1\/2 Zoll<\/span><\/td>\n<td align=\"center\"><img decoding=\"async\" src=\"https:\/\/www.generalkinematics.com\/wp-content\/uploads\/images\/gkparts\/stabilizers\/CP10-01-57-A.jpg\" alt=\"110401 Rocker Arm\" width=\"100\" height=\"75\" \/><\/td>\n<\/tr>\n<tr>\n<td align=\"center\"><span class=\"bodytext\">110412<\/span><\/td>\n<td align=\"center\"><span class=\"bodytext\">CP10-01-59-A<\/span><\/td>\n<td align=\"center\"><span class=\"bodytext\">18 3\/4 Zoll<\/span><\/td>\n<td align=\"center\"><span class=\"bodytext\">5 1\/2 Zoll<\/span><\/td>\n<td align=\"center\"><img decoding=\"async\" src=\"https:\/\/www.generalkinematics.com\/wp-content\/uploads\/images\/gkparts\/stabilizers\/CP10-01-59-A.jpg\" alt=\"110412 Stabilisator-Rocker Arm\" width=\"100\" height=\"75\" \/><\/td>\n<\/tr>\n<tr class=\"bodytext\">\n<td align=\"center\">CDC-2052 \/ DS-1400<\/td>\n<td align=\"center\"><a href=\"https:\/\/www.generalkinematics.com\/de\/produkt\/general-kinematics-hochleistungs-duktile-stabilisatoren-kippfuse\/\">10-01-50-9561 (duktil)<\/a><\/td>\n<td align=\"center\">14 Zoll<\/td>\n<td align=\"center\">3 1\/4 Zoll<\/td>\n<td align=\"center\"><img decoding=\"async\" src=\"https:\/\/www.generalkinematics.com\/wp-content\/uploads\/images\/gkparts\/stabilizers\/10-01-42-A.jpg\" alt=\"10-01-42-A\" width=\"100\" height=\"75\" \/><\/td>\n<\/tr>\n<\/tbody>\n<\/table>\n","protected":false},"excerpt":{"rendered":"<p>Aluminium-St\u00fctzbeine General Kinematics St\u00fctzbeine sind branchenweit f\u00fcr ihre au\u00dfergew\u00f6hnliche Leistung und Zuverl\u00e4ssigkeit bekannt. Bringen Sie diese Leistung mit der neuen GK-Produktlinie aus Aluminiumguss, duktilen und gefertigten Stahlst\u00fctzbeinen zu Ihrem anderen Vibrations-Equipment. Falls Ihr Stabilisator fehlt? Bestellen Sie einen ma\u00dfgeschneiderten Stabilisator hier. &nbsp; Ersatzstabilisatoren f\u00fcr Equipment anderer Hersteller Referenz Teilenummer GK-Teilenummer L\u00e4nge in der Mitte Breite [&hellip;]<\/p>\n","protected":false},"featured_media":27331,"comment_status":"closed","ping_status":"closed","template":"","meta":{"_acf_changed":false,"om_disable_all_campaigns":false,"ep_exclude_from_search":false},"product_brand":[],"product_cat":[1756],"product_tag":[],"class_list":{"0":"post-40411","1":"product","2":"type-product","3":"status-publish","4":"has-post-thumbnail","6":"product_cat-nicht-gk-ausrustung","8":"first","9":"instock","10":"taxable","11":"shipping-taxable","12":"product-type-simple"},"acf":[],"yoast_head":"<!-- This site is optimized with the Yoast SEO plugin v27.2 - https:\/\/yoast.com\/product\/yoast-seo-wordpress\/ -->\n<title>Aluminium-St\u00fctzbeine f\u00fcr GK-fremdes Equipment | General Kinematics<\/title>\n<meta name=\"robots\" content=\"index, follow, max-snippet:-1, max-image-preview:large, max-video-preview:-1\" \/>\n<link rel=\"canonical\" href=\"https:\/\/www.generalkinematics.com\/de\/produkt\/aluminium-stutzbeine-fur-gk-fremdes-equipment\/\" \/>\n<meta property=\"og:locale\" content=\"de_DE\" \/>\n<meta property=\"og:type\" content=\"article\" \/>\n<meta property=\"og:title\" content=\"Aluminium-St\u00fctzbeine f\u00fcr GK-fremdes Equipment | General Kinematics\" \/>\n<meta property=\"og:description\" content=\"Aluminium-St\u00fctzbeine General Kinematics St\u00fctzbeine sind branchenweit f\u00fcr ihre au\u00dfergew\u00f6hnliche Leistung und Zuverl\u00e4ssigkeit bekannt. Bringen Sie diese Leistung mit der neuen GK-Produktlinie aus Aluminiumguss, duktilen und gefertigten Stahlst\u00fctzbeinen zu Ihrem anderen Vibrations-Equipment. Falls Ihr Stabilisator fehlt? Bestellen Sie einen ma\u00dfgeschneiderten Stabilisator hier. &nbsp; Ersatzstabilisatoren f\u00fcr Equipment anderer Hersteller Referenz Teilenummer GK-Teilenummer L\u00e4nge in der Mitte Breite [&hellip;]\" \/>\n<meta property=\"og:url\" content=\"https:\/\/www.generalkinematics.com\/de\/produkt\/aluminium-stutzbeine-fur-gk-fremdes-equipment\/\" \/>\n<meta property=\"og:site_name\" content=\"General Kinematics\" \/>\n<meta property=\"article:publisher\" content=\"https:\/\/www.facebook.com\/generalkinematics\" \/>\n<meta property=\"article:modified_time\" content=\"2022-12-07T20:49:01+00:00\" \/>\n<meta property=\"og:image\" content=\"https:\/\/media.generalkinematics.com\/wp-content\/uploads\/2015\/12\/stabilizer-btn.png\" \/>\n\t<meta property=\"og:image:width\" content=\"400\" \/>\n\t<meta property=\"og:image:height\" content=\"400\" \/>\n\t<meta property=\"og:image:type\" content=\"image\/jpeg\" \/>\n<meta name=\"twitter:card\" content=\"summary_large_image\" \/>\n<meta name=\"twitter:site\" content=\"@gkvibrating\" \/>\n<meta name=\"twitter:label1\" content=\"Gesch\u00e4tzte Lesezeit\" \/>\n\t<meta name=\"twitter:data1\" content=\"1 Minute\" \/>\n<!-- \/ Yoast SEO plugin. -->","yoast_head_json":{"title":"Aluminium-St\u00fctzbeine f\u00fcr GK-fremdes Equipment | General Kinematics","robots":{"index":"index","follow":"follow","max-snippet":"max-snippet:-1","max-image-preview":"max-image-preview:large","max-video-preview":"max-video-preview:-1"},"canonical":"https:\/\/www.generalkinematics.com\/de\/produkt\/aluminium-stutzbeine-fur-gk-fremdes-equipment\/","og_locale":"de_DE","og_type":"article","og_title":"Aluminium-St\u00fctzbeine f\u00fcr GK-fremdes Equipment | General Kinematics","og_description":"Aluminium-St\u00fctzbeine General Kinematics St\u00fctzbeine sind branchenweit f\u00fcr ihre au\u00dfergew\u00f6hnliche Leistung und Zuverl\u00e4ssigkeit bekannt. Bringen Sie diese Leistung mit der neuen GK-Produktlinie aus Aluminiumguss, duktilen und gefertigten Stahlst\u00fctzbeinen zu Ihrem anderen Vibrations-Equipment. Falls Ihr Stabilisator fehlt? Bestellen Sie einen ma\u00dfgeschneiderten Stabilisator hier. &nbsp; Ersatzstabilisatoren f\u00fcr Equipment anderer Hersteller Referenz Teilenummer GK-Teilenummer L\u00e4nge in der Mitte Breite [&hellip;]","og_url":"https:\/\/www.generalkinematics.com\/de\/produkt\/aluminium-stutzbeine-fur-gk-fremdes-equipment\/","og_site_name":"General Kinematics","article_publisher":"https:\/\/www.facebook.com\/generalkinematics","article_modified_time":"2022-12-07T20:49:01+00:00","og_image":[{"width":400,"height":400,"url":"https:\/\/media.generalkinematics.com\/wp-content\/uploads\/2015\/12\/stabilizer-btn.png","type":"image\/jpeg"}],"twitter_card":"summary_large_image","twitter_site":"@gkvibrating","twitter_misc":{"Gesch\u00e4tzte Lesezeit":"1 Minute"},"schema":{"@context":"https:\/\/schema.org","@graph":[{"@type":"WebPage","@id":"https:\/\/www.generalkinematics.com\/de\/produkt\/aluminium-stutzbeine-fur-gk-fremdes-equipment\/","url":"https:\/\/www.generalkinematics.com\/de\/produkt\/aluminium-stutzbeine-fur-gk-fremdes-equipment\/","name":"Aluminium-St\u00fctzbeine f\u00fcr GK-fremdes Equipment | General Kinematics","isPartOf":{"@id":"https:\/\/www.generalkinematics.com\/de\/#website"},"primaryImageOfPage":{"@id":"https:\/\/www.generalkinematics.com\/de\/produkt\/aluminium-stutzbeine-fur-gk-fremdes-equipment\/#primaryimage"},"image":{"@id":"https:\/\/www.generalkinematics.com\/de\/produkt\/aluminium-stutzbeine-fur-gk-fremdes-equipment\/#primaryimage"},"thumbnailUrl":"https:\/\/media.generalkinematics.com\/wp-content\/uploads\/2015\/12\/stabilizer-btn.png","datePublished":"2015-12-14T17:18:19+00:00","dateModified":"2022-12-07T20:49:01+00:00","breadcrumb":{"@id":"https:\/\/www.generalkinematics.com\/de\/produkt\/aluminium-stutzbeine-fur-gk-fremdes-equipment\/#breadcrumb"},"inLanguage":"de-DE","potentialAction":[{"@type":"ReadAction","target":["https:\/\/www.generalkinematics.com\/de\/produkt\/aluminium-stutzbeine-fur-gk-fremdes-equipment\/"]}]},{"@type":"ImageObject","inLanguage":"de-DE","@id":"https:\/\/www.generalkinematics.com\/de\/produkt\/aluminium-stutzbeine-fur-gk-fremdes-equipment\/#primaryimage","url":"https:\/\/media.generalkinematics.com\/wp-content\/uploads\/2015\/12\/stabilizer-btn.png","contentUrl":"https:\/\/media.generalkinematics.com\/wp-content\/uploads\/2015\/12\/stabilizer-btn.png","width":400,"height":400,"caption":"general-kinematics-stabilizers"},{"@type":"BreadcrumbList","@id":"https:\/\/www.generalkinematics.com\/de\/produkt\/aluminium-stutzbeine-fur-gk-fremdes-equipment\/#breadcrumb","itemListElement":[{"@type":"ListItem","position":1,"name":"GK Home","item":"https:\/\/www.generalkinematics.com\/de\/"},{"@type":"ListItem","position":2,"name":"Shop","item":"https:\/\/www.generalkinematics.com\/shop\/"},{"@type":"ListItem","position":3,"name":"Aluminium-St\u00fctzbeine f\u00fcr GK-fremdes Equipment"}]},{"@type":"WebSite","@id":"https:\/\/www.generalkinematics.com\/de\/#website","url":"https:\/\/www.generalkinematics.com\/de\/","name":"General Kinematics","description":"","publisher":{"@id":"https:\/\/www.generalkinematics.com\/de\/#organization"},"potentialAction":[{"@type":"SearchAction","target":{"@type":"EntryPoint","urlTemplate":"https:\/\/www.generalkinematics.com\/de\/?s={search_term_string}"},"query-input":{"@type":"PropertyValueSpecification","valueRequired":true,"valueName":"search_term_string"}}],"inLanguage":"de-DE"},{"@type":"Organization","@id":"https:\/\/www.generalkinematics.com\/de\/#organization","name":"General Kinematics","url":"https:\/\/www.generalkinematics.com\/de\/","logo":{"@type":"ImageObject","inLanguage":"de-DE","@id":"https:\/\/www.generalkinematics.com\/de\/#\/schema\/logo\/image\/","url":"https:\/\/media.generalkinematics.com\/wp-content\/uploads\/2018\/03\/logo.png","contentUrl":"https:\/\/media.generalkinematics.com\/wp-content\/uploads\/2018\/03\/logo.png","width":313,"height":100,"caption":"General Kinematics"},"image":{"@id":"https:\/\/www.generalkinematics.com\/de\/#\/schema\/logo\/image\/"},"sameAs":["https:\/\/www.facebook.com\/generalkinematics","https:\/\/x.com\/gkvibrating"]}]}},"_links":{"self":[{"href":"https:\/\/www.generalkinematics.com\/de\/wp-json\/wp\/v2\/product\/40411","targetHints":{"allow":["GET"]}}],"collection":[{"href":"https:\/\/www.generalkinematics.com\/de\/wp-json\/wp\/v2\/product"}],"about":[{"href":"https:\/\/www.generalkinematics.com\/de\/wp-json\/wp\/v2\/types\/product"}],"replies":[{"embeddable":true,"href":"https:\/\/www.generalkinematics.com\/de\/wp-json\/wp\/v2\/comments?post=40411"}],"wp:featuredmedia":[{"embeddable":true,"href":"https:\/\/www.generalkinematics.com\/de\/wp-json\/wp\/v2\/media\/27331"}],"wp:attachment":[{"href":"https:\/\/www.generalkinematics.com\/de\/wp-json\/wp\/v2\/media?parent=40411"}],"wp:term":[{"taxonomy":"product_brand","embeddable":true,"href":"https:\/\/www.generalkinematics.com\/de\/wp-json\/wp\/v2\/product_brand?post=40411"},{"taxonomy":"product_cat","embeddable":true,"href":"https:\/\/www.generalkinematics.com\/de\/wp-json\/wp\/v2\/product_cat?post=40411"},{"taxonomy":"product_tag","embeddable":true,"href":"https:\/\/www.generalkinematics.com\/de\/wp-json\/wp\/v2\/product_tag?post=40411"}],"curies":[{"name":"wp","href":"https:\/\/api.w.org\/{rel}","templated":true}]}}