{"id":40418,"date":"2015-12-14T11:50:18","date_gmt":"2015-12-14T17:50:18","guid":{"rendered":"https:\/\/www.generalkinematics.com\/product\/fiberglaslamellen-federn-fur-nicht-gk-equipment\/"},"modified":"2018-08-31T10:59:30","modified_gmt":"2018-08-31T15:59:30","slug":"fiberglaslamellen-federn-fur-nicht-gk-equipment","status":"publish","type":"product","link":"https:\/\/www.generalkinematics.com\/de\/produkt\/fiberglaslamellen-federn-fur-nicht-gk-equipment\/","title":{"rendered":"Fiberglaslamellen \/Federn f\u00fcr Nicht-GK-Equipment"},"content":{"rendered":"<p>GK kann Glasfaserlamellen f\u00fcr das meiste Vibrations-Equipment herstellen. Die Kits enthalten Lamellen, Abstandhalter und Befestigungsteile. Kontaktieren Sie uns f\u00fcr ein <a href=\"https:\/\/www.generalkinematics.com\/de\/24-7-365-gk-parts-und-service-ist-fur-sie-da\/\">Angebot<\/a> mit spezifischen Abmessungen und Mengen.<\/p>\n<p>&nbsp;<\/p>\n<h2>Referenz-Teilenummern f\u00fcr Nicht-GK-Equipment:<\/h2>\n<p>Im Folgenden sind nur einige Gr\u00f6\u00dfen von Vibrationslamellen aufgef\u00fchrt, die wir liefern k\u00f6nnen, um Ihre bestehende Nicht-GK-Maschine zu reparieren. Wenn Sie keine Lamelle finden, die Ihren Abmessungen entspricht? Rufen Sie uns an, und wir k\u00f6nnen eine Lamelle nach Ihren W\u00fcnschen zuschneiden.<\/p>\n<table border=\"1\" cellspacing=\"0\" cellpadding=\"0\">\n<colgroup>\n<col width=\"152\" \/>\n<col width=\"125\" \/>\n<col width=\"123\" \/>\n<col span=\"2\" width=\"109\" \/><\/colgroup>\n<tbody>\n<tr>\n<td align=\"center\" bgcolor=\"#ffff00\" width=\"152\"><strong>Unternehmen<\/strong><\/td>\n<td align=\"center\" bgcolor=\"#ffff00\" width=\"125\"><strong>Teilenummer<\/strong><\/td>\n<td align=\"center\" bgcolor=\"#ffff00\" width=\"123\"><strong>L\u00e4nge<\/strong><\/td>\n<td align=\"center\" bgcolor=\"#ffff00\" width=\"109\"><strong>Dicke<\/strong><\/td>\n<td align=\"center\" bgcolor=\"#ffff00\" width=\"109\"><strong>Breite<\/strong><\/td>\n<\/tr>\n<tr>\n<td align=\"center\">Allen Machinery<\/td>\n<td align=\"center\">D2986113<\/td>\n<td align=\"center\">9 Zoll<\/td>\n<td align=\"center\">1\/4 Zoll<\/td>\n<td align=\"center\">3 Zoll<\/td>\n<\/tr>\n<tr>\n<td align=\"center\">Carrier<\/td>\n<td align=\"center\">20022<\/td>\n<td align=\"center\">10 1\/2 Zoll<\/td>\n<td align=\"center\">1\/4 Zoll<\/td>\n<td align=\"center\">5 1\/2 Zoll<\/td>\n<\/tr>\n<tr>\n<td align=\"center\">Carrier<\/td>\n<td align=\"center\">20044<\/td>\n<td align=\"center\">10 1\/2 Zoll<\/td>\n<td align=\"center\">1\/4 Zoll<\/td>\n<td align=\"center\">5 1\/2 Zoll<\/td>\n<\/tr>\n<tr>\n<td align=\"center\">Carrier<\/td>\n<td align=\"center\">20521<\/td>\n<td align=\"center\">10 1\/2 Zoll<\/td>\n<td align=\"center\">0,17 Zoll<\/td>\n<td align=\"center\">5 1\/2 Zoll<\/td>\n<\/tr>\n<tr>\n<td align=\"center\">Carrier<\/td>\n<td align=\"center\">20521-A<\/td>\n<td align=\"center\">10 1\/2 Zoll<\/td>\n<td align=\"center\">0,16 Zoll<\/td>\n<td align=\"center\">5 1\/2 Zoll<\/td>\n<\/tr>\n<tr>\n<td align=\"center\">Carrier<\/td>\n<td align=\"center\">20521-AG<\/td>\n<td align=\"center\">Wie 20521-A mit SYNTHANE-Dichtungen<\/td>\n<td align=\"center\"><\/td>\n<td align=\"center\"><\/td>\n<\/tr>\n<tr>\n<td align=\"center\">Carrier<\/td>\n<td align=\"center\">20621-G<\/td>\n<td align=\"center\">Wie 20521 mit SYNTHANE-Dichtungen<\/td>\n<td align=\"center\"><\/td>\n<td align=\"center\"><\/td>\n<\/tr>\n<tr>\n<td align=\"center\">Carrier<\/td>\n<td align=\"center\">21013<\/td>\n<td align=\"center\">19 Zoll<\/td>\n<td align=\"center\">5\/16 Zoll<\/td>\n<td align=\"center\">5 1\/2 Zoll<\/td>\n<\/tr>\n<tr>\n<td align=\"center\">Carrier<\/td>\n<td align=\"center\">21019<\/td>\n<td align=\"center\">19 Zoll<\/td>\n<td align=\"center\">43 Zoll<\/td>\n<td align=\"center\">5 1\/2 Zoll<\/td>\n<\/tr>\n<tr>\n<td align=\"center\">Carrier<\/td>\n<td align=\"center\">21020<\/td>\n<td align=\"center\">19 Zoll<\/td>\n<td align=\"center\">43 Zoll<\/td>\n<td align=\"center\">5 1\/2 Zoll<\/td>\n<\/tr>\n<tr>\n<td align=\"center\">Carrier<\/td>\n<td align=\"center\">22050<\/td>\n<td align=\"center\">19 Zoll<\/td>\n<td align=\"center\">5\/16 Zoll<\/td>\n<td align=\"center\">2 Zoll<\/td>\n<\/tr>\n<tr>\n<td align=\"center\">Carrier<\/td>\n<td align=\"center\">22065<\/td>\n<td align=\"center\">Wie 22050, jedoch f\u00fcr hohe Temperaturen<\/td>\n<td align=\"center\"><\/td>\n<td align=\"center\"><\/td>\n<\/tr>\n<tr>\n<td align=\"center\">Carrier<\/td>\n<td align=\"center\">22194<\/td>\n<td align=\"center\">19 Zoll<\/td>\n<td align=\"center\">5\/16 Zoll<\/td>\n<td align=\"center\">3 Zoll<\/td>\n<\/tr>\n<tr>\n<td align=\"center\">Carrier<\/td>\n<td align=\"center\">22195<\/td>\n<td align=\"center\">Wie 22194, jedoch f\u00fcr hohe Temperaturen<\/td>\n<td align=\"center\"><\/td>\n<td align=\"center\"><\/td>\n<\/tr>\n<tr>\n<td align=\"center\">Carrier<\/td>\n<td align=\"center\">22196<\/td>\n<td align=\"center\">19 Zoll<\/td>\n<td align=\"center\">43 Zoll<\/td>\n<td align=\"center\">2 Zoll<\/td>\n<\/tr>\n<tr>\n<td align=\"center\">Carrier<\/td>\n<td align=\"center\">22051<\/td>\n<td align=\"center\">19 Zoll<\/td>\n<td align=\"center\">1\/8 Zoll<\/td>\n<td align=\"center\">2 Zoll<\/td>\n<\/tr>\n<tr>\n<td align=\"center\">Carrier<\/td>\n<td align=\"center\">22051-A<\/td>\n<td align=\"center\">Wie 22051, aber mit Dichtungen<\/td>\n<td align=\"center\"><\/td>\n<td align=\"center\"><\/td>\n<\/tr>\n<tr>\n<td align=\"center\">Carrier<\/td>\n<td align=\"center\">22051-B<\/td>\n<td align=\"center\">19 Zoll<\/td>\n<td align=\"center\">1\/8 Zoll<\/td>\n<td align=\"center\">2 Zoll<\/td>\n<\/tr>\n<tr>\n<td align=\"center\">Carrier<\/td>\n<td align=\"center\">22051-C<\/td>\n<td align=\"center\">Wie 22051-B, aber mit Dichtungen<\/td>\n<td align=\"center\"><\/td>\n<td align=\"center\"><\/td>\n<\/tr>\n<tr>\n<td align=\"center\">Carrier<\/td>\n<td align=\"center\">22094<\/td>\n<td align=\"center\">19 Zoll<\/td>\n<td align=\"center\">1\/8 Zoll<\/td>\n<td align=\"center\">3 Zoll<\/td>\n<\/tr>\n<tr>\n<td align=\"center\">Carrier<\/td>\n<td align=\"center\">22094-A<\/td>\n<td align=\"center\">Wie oben, aber mit Dichtungen<\/td>\n<td align=\"center\"><\/td>\n<td align=\"center\"><\/td>\n<\/tr>\n<tr>\n<td align=\"center\">Carrier<\/td>\n<td align=\"center\"><\/td>\n<td align=\"center\">19 1\/2 Zoll<\/td>\n<td align=\"center\">0,435<\/td>\n<td align=\"center\">5 1\/2 Zoll<\/td>\n<\/tr>\n<tr>\n<td align=\"center\">FMC<\/td>\n<td align=\"center\">298-145-1<\/td>\n<td align=\"center\"><\/td>\n<td align=\"center\"><\/td>\n<td align=\"center\"><\/td>\n<\/tr>\n<tr>\n<td align=\"center\">FMC<\/td>\n<td align=\"center\">700178<\/td>\n<td align=\"center\">13 3\/4 Zoll<\/td>\n<td align=\"center\">1\/4 Zoll<\/td>\n<td align=\"center\">6 Zoll<\/td>\n<\/tr>\n<tr>\n<td align=\"center\">Jeffrey<\/td>\n<td align=\"center\">608551 (LMV)<\/td>\n<td align=\"center\">9 1\/2 Zoll<\/td>\n<td align=\"center\">0,22<\/td>\n<td align=\"center\">5 Zoll<\/td>\n<\/tr>\n<tr>\n<td align=\"center\">Jeffrey<\/td>\n<td align=\"center\">609220 (mmv)<\/td>\n<td align=\"center\">17 1\/2 Zoll<\/td>\n<td align=\"center\">7\/16 Zoll<\/td>\n<td align=\"center\">5 1\/2 Zoll<\/td>\n<\/tr>\n<tr>\n<td align=\"center\">Jeffrey<\/td>\n<td align=\"center\">609226 (hmv)<\/td>\n<td align=\"center\">22 Zoll<\/td>\n<td align=\"center\">0,72 Zoll<\/td>\n<td align=\"center\">5 1\/2 Zoll<\/td>\n<\/tr>\n<tr>\n<td align=\"center\">Machine &amp; Conveyor<\/td>\n<td align=\"center\"><\/td>\n<td align=\"center\">13 Zoll<\/td>\n<td align=\"center\">0,27 Zoll<\/td>\n<td align=\"center\">3 Zoll<\/td>\n<\/tr>\n<tr>\n<td align=\"center\">Machine &amp; Conveyor<\/td>\n<td align=\"center\"><\/td>\n<td align=\"center\">13 Zoll<\/td>\n<td align=\"center\">0,27 Zoll<\/td>\n<td align=\"center\">2 Zoll<\/td>\n<\/tr>\n<tr>\n<td align=\"center\">Machine &amp; Conveyor<\/td>\n<td align=\"center\"><\/td>\n<td align=\"center\">7 3\/4 Zoll<\/td>\n<td align=\"center\">1\/4 Zoll<\/td>\n<td align=\"center\">2 Zoll<\/td>\n<\/tr>\n<\/tbody>\n<\/table>\n","protected":false},"excerpt":{"rendered":"<p>GK kann Glasfaserlamellen f\u00fcr das meiste Vibrations-Equipment herstellen. Die Kits enthalten Lamellen, Abstandhalter und Befestigungsteile. Kontaktieren Sie uns f\u00fcr ein Angebot mit spezifischen Abmessungen und Mengen. &nbsp; Referenz-Teilenummern f\u00fcr Nicht-GK-Equipment: Im Folgenden sind nur einige Gr\u00f6\u00dfen von Vibrationslamellen aufgef\u00fchrt, die wir liefern k\u00f6nnen, um Ihre bestehende Nicht-GK-Maschine zu reparieren. Wenn Sie keine Lamelle finden, die [&hellip;]<\/p>\n","protected":false},"featured_media":27327,"comment_status":"closed","ping_status":"closed","template":"","meta":{"_acf_changed":false,"om_disable_all_campaigns":false,"ep_exclude_from_search":false},"product_brand":[],"product_cat":[1756],"product_tag":[],"class_list":{"0":"post-40418","1":"product","2":"type-product","3":"status-publish","4":"has-post-thumbnail","6":"product_cat-nicht-gk-ausrustung","8":"first","9":"instock","10":"taxable","11":"shipping-taxable","12":"product-type-simple"},"acf":[],"yoast_head":"<!-- This site is optimized with the Yoast SEO plugin v27.2 - https:\/\/yoast.com\/product\/yoast-seo-wordpress\/ -->\n<title>Fiberglaslamellen \/Federn f\u00fcr Nicht-GK-Equipment | General Kinematics<\/title>\n<meta name=\"robots\" content=\"index, follow, max-snippet:-1, max-image-preview:large, max-video-preview:-1\" \/>\n<link rel=\"canonical\" href=\"https:\/\/www.generalkinematics.com\/de\/produkt\/fiberglaslamellen-federn-fur-nicht-gk-equipment\/\" \/>\n<meta property=\"og:locale\" content=\"de_DE\" \/>\n<meta property=\"og:type\" content=\"article\" \/>\n<meta property=\"og:title\" content=\"Fiberglaslamellen \/Federn f\u00fcr Nicht-GK-Equipment | General Kinematics\" \/>\n<meta property=\"og:description\" content=\"GK kann Glasfaserlamellen f\u00fcr das meiste Vibrations-Equipment herstellen. Die Kits enthalten Lamellen, Abstandhalter und Befestigungsteile. Kontaktieren Sie uns f\u00fcr ein Angebot mit spezifischen Abmessungen und Mengen. &nbsp; Referenz-Teilenummern f\u00fcr Nicht-GK-Equipment: Im Folgenden sind nur einige Gr\u00f6\u00dfen von Vibrationslamellen aufgef\u00fchrt, die wir liefern k\u00f6nnen, um Ihre bestehende Nicht-GK-Maschine zu reparieren. Wenn Sie keine Lamelle finden, die [&hellip;]\" \/>\n<meta property=\"og:url\" content=\"https:\/\/www.generalkinematics.com\/de\/produkt\/fiberglaslamellen-federn-fur-nicht-gk-equipment\/\" \/>\n<meta property=\"og:site_name\" content=\"General Kinematics\" \/>\n<meta property=\"article:publisher\" content=\"https:\/\/www.facebook.com\/generalkinematics\" \/>\n<meta property=\"article:modified_time\" content=\"2018-08-31T15:59:30+00:00\" \/>\n<meta property=\"og:image\" content=\"https:\/\/media.generalkinematics.com\/wp-content\/uploads\/2015\/12\/slats1.png\" \/>\n\t<meta property=\"og:image:width\" content=\"400\" \/>\n\t<meta property=\"og:image:height\" content=\"400\" \/>\n\t<meta property=\"og:image:type\" content=\"image\/jpeg\" \/>\n<meta name=\"twitter:card\" content=\"summary_large_image\" \/>\n<meta name=\"twitter:site\" content=\"@gkvibrating\" \/>\n<meta name=\"twitter:label1\" content=\"Gesch\u00e4tzte Lesezeit\" \/>\n\t<meta name=\"twitter:data1\" content=\"1 Minute\" \/>\n<!-- \/ Yoast SEO plugin. -->","yoast_head_json":{"title":"Fiberglaslamellen \/Federn f\u00fcr Nicht-GK-Equipment | General Kinematics","robots":{"index":"index","follow":"follow","max-snippet":"max-snippet:-1","max-image-preview":"max-image-preview:large","max-video-preview":"max-video-preview:-1"},"canonical":"https:\/\/www.generalkinematics.com\/de\/produkt\/fiberglaslamellen-federn-fur-nicht-gk-equipment\/","og_locale":"de_DE","og_type":"article","og_title":"Fiberglaslamellen \/Federn f\u00fcr Nicht-GK-Equipment | General Kinematics","og_description":"GK kann Glasfaserlamellen f\u00fcr das meiste Vibrations-Equipment herstellen. Die Kits enthalten Lamellen, Abstandhalter und Befestigungsteile. Kontaktieren Sie uns f\u00fcr ein Angebot mit spezifischen Abmessungen und Mengen. &nbsp; Referenz-Teilenummern f\u00fcr Nicht-GK-Equipment: Im Folgenden sind nur einige Gr\u00f6\u00dfen von Vibrationslamellen aufgef\u00fchrt, die wir liefern k\u00f6nnen, um Ihre bestehende Nicht-GK-Maschine zu reparieren. Wenn Sie keine Lamelle finden, die [&hellip;]","og_url":"https:\/\/www.generalkinematics.com\/de\/produkt\/fiberglaslamellen-federn-fur-nicht-gk-equipment\/","og_site_name":"General Kinematics","article_publisher":"https:\/\/www.facebook.com\/generalkinematics","article_modified_time":"2018-08-31T15:59:30+00:00","og_image":[{"width":400,"height":400,"url":"https:\/\/media.generalkinematics.com\/wp-content\/uploads\/2015\/12\/slats1.png","type":"image\/jpeg"}],"twitter_card":"summary_large_image","twitter_site":"@gkvibrating","twitter_misc":{"Gesch\u00e4tzte Lesezeit":"1 Minute"},"schema":{"@context":"https:\/\/schema.org","@graph":[{"@type":"WebPage","@id":"https:\/\/www.generalkinematics.com\/de\/produkt\/fiberglaslamellen-federn-fur-nicht-gk-equipment\/","url":"https:\/\/www.generalkinematics.com\/de\/produkt\/fiberglaslamellen-federn-fur-nicht-gk-equipment\/","name":"Fiberglaslamellen \/Federn f\u00fcr Nicht-GK-Equipment | General Kinematics","isPartOf":{"@id":"https:\/\/www.generalkinematics.com\/de\/#website"},"primaryImageOfPage":{"@id":"https:\/\/www.generalkinematics.com\/de\/produkt\/fiberglaslamellen-federn-fur-nicht-gk-equipment\/#primaryimage"},"image":{"@id":"https:\/\/www.generalkinematics.com\/de\/produkt\/fiberglaslamellen-federn-fur-nicht-gk-equipment\/#primaryimage"},"thumbnailUrl":"https:\/\/media.generalkinematics.com\/wp-content\/uploads\/2015\/12\/slats1.png","datePublished":"2015-12-14T17:50:18+00:00","dateModified":"2018-08-31T15:59:30+00:00","breadcrumb":{"@id":"https:\/\/www.generalkinematics.com\/de\/produkt\/fiberglaslamellen-federn-fur-nicht-gk-equipment\/#breadcrumb"},"inLanguage":"de-DE","potentialAction":[{"@type":"ReadAction","target":["https:\/\/www.generalkinematics.com\/de\/produkt\/fiberglaslamellen-federn-fur-nicht-gk-equipment\/"]}]},{"@type":"ImageObject","inLanguage":"de-DE","@id":"https:\/\/www.generalkinematics.com\/de\/produkt\/fiberglaslamellen-federn-fur-nicht-gk-equipment\/#primaryimage","url":"https:\/\/media.generalkinematics.com\/wp-content\/uploads\/2015\/12\/slats1.png","contentUrl":"https:\/\/media.generalkinematics.com\/wp-content\/uploads\/2015\/12\/slats1.png","width":400,"height":400,"caption":"general-kinematics-slats"},{"@type":"BreadcrumbList","@id":"https:\/\/www.generalkinematics.com\/de\/produkt\/fiberglaslamellen-federn-fur-nicht-gk-equipment\/#breadcrumb","itemListElement":[{"@type":"ListItem","position":1,"name":"GK Home","item":"https:\/\/www.generalkinematics.com\/de\/"},{"@type":"ListItem","position":2,"name":"Shop","item":"https:\/\/www.generalkinematics.com\/shop\/"},{"@type":"ListItem","position":3,"name":"Fiberglaslamellen \/Federn f\u00fcr Nicht-GK-Equipment"}]},{"@type":"WebSite","@id":"https:\/\/www.generalkinematics.com\/de\/#website","url":"https:\/\/www.generalkinematics.com\/de\/","name":"General Kinematics","description":"","publisher":{"@id":"https:\/\/www.generalkinematics.com\/de\/#organization"},"potentialAction":[{"@type":"SearchAction","target":{"@type":"EntryPoint","urlTemplate":"https:\/\/www.generalkinematics.com\/de\/?s={search_term_string}"},"query-input":{"@type":"PropertyValueSpecification","valueRequired":true,"valueName":"search_term_string"}}],"inLanguage":"de-DE"},{"@type":"Organization","@id":"https:\/\/www.generalkinematics.com\/de\/#organization","name":"General Kinematics","url":"https:\/\/www.generalkinematics.com\/de\/","logo":{"@type":"ImageObject","inLanguage":"de-DE","@id":"https:\/\/www.generalkinematics.com\/de\/#\/schema\/logo\/image\/","url":"https:\/\/media.generalkinematics.com\/wp-content\/uploads\/2018\/03\/logo.png","contentUrl":"https:\/\/media.generalkinematics.com\/wp-content\/uploads\/2018\/03\/logo.png","width":313,"height":100,"caption":"General Kinematics"},"image":{"@id":"https:\/\/www.generalkinematics.com\/de\/#\/schema\/logo\/image\/"},"sameAs":["https:\/\/www.facebook.com\/generalkinematics","https:\/\/x.com\/gkvibrating"]}]}},"_links":{"self":[{"href":"https:\/\/www.generalkinematics.com\/de\/wp-json\/wp\/v2\/product\/40418","targetHints":{"allow":["GET"]}}],"collection":[{"href":"https:\/\/www.generalkinematics.com\/de\/wp-json\/wp\/v2\/product"}],"about":[{"href":"https:\/\/www.generalkinematics.com\/de\/wp-json\/wp\/v2\/types\/product"}],"replies":[{"embeddable":true,"href":"https:\/\/www.generalkinematics.com\/de\/wp-json\/wp\/v2\/comments?post=40418"}],"wp:featuredmedia":[{"embeddable":true,"href":"https:\/\/www.generalkinematics.com\/de\/wp-json\/wp\/v2\/media\/27327"}],"wp:attachment":[{"href":"https:\/\/www.generalkinematics.com\/de\/wp-json\/wp\/v2\/media?parent=40418"}],"wp:term":[{"taxonomy":"product_brand","embeddable":true,"href":"https:\/\/www.generalkinematics.com\/de\/wp-json\/wp\/v2\/product_brand?post=40418"},{"taxonomy":"product_cat","embeddable":true,"href":"https:\/\/www.generalkinematics.com\/de\/wp-json\/wp\/v2\/product_cat?post=40418"},{"taxonomy":"product_tag","embeddable":true,"href":"https:\/\/www.generalkinematics.com\/de\/wp-json\/wp\/v2\/product_tag?post=40418"}],"curies":[{"name":"wp","href":"https:\/\/api.w.org\/{rel}","templated":true}]}}