{"id":40425,"date":"2015-12-14T11:52:08","date_gmt":"2015-12-14T17:52:08","guid":{"rendered":"https:\/\/www.generalkinematics.com\/product\/isolationsfedern-und-arbeitsfedern-fur-nicht-gk-equipment\/"},"modified":"2018-08-31T10:59:57","modified_gmt":"2018-08-31T15:59:57","slug":"isolationsfedern-und-arbeitsfedern-fur-nicht-gk-equipment","status":"publish","type":"product","link":"https:\/\/www.generalkinematics.com\/de\/produkt\/isolationsfedern-und-arbeitsfedern-fur-nicht-gk-equipment\/","title":{"rendered":"Isolationsfedern und Arbeitsfedern f\u00fcr Nicht-GK-Equipment"},"content":{"rendered":"<p>GK bietet viele verschiedene Arten von Arbeitsfedern und Isolationsfedern f\u00fcr Ihr Vibrations-Equipment. Im Folgenden finden Sie eine Beschreibung der verschiedenen, bei General Kinematics erh\u00e4ltlichen Federtypen. F\u00fcr spezifische Ersatzfederinformationen zu Ihrer Vibrationseinheit halten Sie bitte, wenn Sie GK kontaktieren, den Hersteller, die Modellnummer, die Federabmessungen und die Federrate bereit.<\/p>\n<p>Kontaktieren Sie uns f\u00fcr ein <a href=\"https:\/\/www.generalkinematics.com\/de\/24-7-365-gk-parts-und-service-ist-fur-sie-da\/\">Angebot<\/a> mit spezifischen Abmessungen und Mengen.<\/p>\n<table border=\"1\" width=\"700\" cellspacing=\"0\" cellpadding=\"0\" align=\"center\">\n<tbody>\n<tr>\n<td class=\"bodytext14\" align=\"left\" valign=\"top\" bgcolor=\"#d6d6d6\" width=\"138\"><strong>Typ<\/strong><\/td>\n<td class=\"bodytext14\" align=\"left\" valign=\"top\" bgcolor=\"#d6d6d6\" width=\"140\"><strong>Beschreibung<\/strong><\/td>\n<td class=\"bodytext14\" align=\"left\" valign=\"top\" bgcolor=\"#d6d6d6\" width=\"115\"><\/td>\n<\/tr>\n<tr class=\"bodytext\">\n<td align=\"left\" valign=\"top\">Spiral-Arbeitsfedern<\/td>\n<td align=\"left\" valign=\"top\">Mit Doppelschrauben\u00f6se montierte Spiralfeder, die zwischen Erreger und Maschinengeh\u00e4use am Vibrations-Equipment verwendet wird.<\/td>\n<td align=\"center\" valign=\"top\"><img decoding=\"async\" src=\"https:\/\/www.generalkinematics.com\/wp-content\/uploads\/images\/gkparts\/coil_reactor_spring.jpg\" alt=\"Schrauben-Arbeitsfeder f\u00fcr Vibrations-Equipment\" width=\"80\" height=\"111\" \/><\/td>\n<\/tr>\n<tr class=\"bodytext\">\n<td align=\"left\" valign=\"top\">Schrauben-Andruckfedern<\/td>\n<td align=\"left\" valign=\"top\">Mit Doppelschrauben\u00f6se montierte Spiralfeder, die verwendet zwischen Antriebshalterung und Exenterarm auf Vibrations-Equipmentantriebe wird.<\/td>\n<td align=\"center\" valign=\"top\"><img decoding=\"async\" src=\"https:\/\/www.generalkinematics.com\/wp-content\/uploads\/images\/gkparts\/coil_drive_spring.jpg\" alt=\"Schraubenantriebsfeder f\u00fcr Vibrations-Equipment\" width=\"80\" height=\"111\" \/><\/td>\n<\/tr>\n<tr class=\"bodytext\">\n<td align=\"left\" valign=\"top\">Spiraldruckfedern<\/td>\n<td align=\"left\" valign=\"top\">Spiralfeder, die zwischen Halterung und Vibrations-Equipment verwendet wird, um die \u00dcbertragung von Vibrationen auf den Boden zu vermeiden. Je nach Maschine und Anwendung in Doppelschrauben\u00f6se oder Standard-Flachmontage erh\u00e4ltlich.<\/td>\n<td align=\"center\" valign=\"top\"><img decoding=\"async\" src=\"https:\/\/www.generalkinematics.com\/wp-content\/uploads\/images\/gkparts\/coil_isolation_spring.jpg\" alt=\"Schraubendruckfeder f\u00fcr Vibrations-Equipment\" width=\"80\" height=\"111\" \/><\/td>\n<\/tr>\n<tr class=\"bodytext\">\n<td align=\"left\" valign=\"top\">Gummi-Schwingmetalle<\/td>\n<td align=\"left\" valign=\"top\">Gummifedern, die zwischen Halterung und Vibrations-Equipment verwendet wird, um die \u00dcbertragung von Vibrationen auf den Boden zu vermeiden. Je nach Anwendung in verschiedenen Gr\u00f6\u00dfen und Federraten erh\u00e4ltlich.<\/td>\n<td align=\"center\" valign=\"top\"><img decoding=\"async\" src=\"https:\/\/www.generalkinematics.com\/wp-content\/uploads\/images\/gkparts\/rubber_isolation_spring.jpg\" alt=\"Gummidruckfeder f\u00fcr Vibrations-Equipment\" width=\"80\" height=\"111\" \/><\/td>\n<\/tr>\n<\/tbody>\n<\/table>\n","protected":false},"excerpt":{"rendered":"<p>GK bietet viele verschiedene Arten von Arbeitsfedern und Isolationsfedern f\u00fcr Ihr Vibrations-Equipment. Im Folgenden finden Sie eine Beschreibung der verschiedenen, bei General Kinematics erh\u00e4ltlichen Federtypen. F\u00fcr spezifische Ersatzfederinformationen zu Ihrer Vibrationseinheit halten Sie bitte, wenn Sie GK kontaktieren, den Hersteller, die Modellnummer, die Federabmessungen und die Federrate bereit. Kontaktieren Sie uns f\u00fcr ein Angebot mit [&hellip;]<\/p>\n","protected":false},"featured_media":27339,"comment_status":"closed","ping_status":"closed","template":"","meta":{"_acf_changed":false,"om_disable_all_campaigns":false,"ep_exclude_from_search":false},"product_brand":[],"product_cat":[1756],"product_tag":[],"class_list":{"0":"post-40425","1":"product","2":"type-product","3":"status-publish","4":"has-post-thumbnail","6":"product_cat-nicht-gk-ausrustung","8":"first","9":"instock","10":"taxable","11":"shipping-taxable","12":"product-type-simple"},"acf":[],"yoast_head":"<!-- This site is optimized with the Yoast SEO plugin v27.2 - https:\/\/yoast.com\/product\/yoast-seo-wordpress\/ -->\n<title>Isolationsfedern und Arbeitsfedern f\u00fcr Nicht-GK-Equipment | General Kinematics<\/title>\n<meta name=\"robots\" content=\"index, follow, max-snippet:-1, max-image-preview:large, max-video-preview:-1\" \/>\n<link rel=\"canonical\" href=\"https:\/\/www.generalkinematics.com\/de\/produkt\/isolationsfedern-und-arbeitsfedern-fur-nicht-gk-equipment\/\" \/>\n<meta property=\"og:locale\" content=\"de_DE\" \/>\n<meta property=\"og:type\" content=\"article\" \/>\n<meta property=\"og:title\" content=\"Isolationsfedern und Arbeitsfedern f\u00fcr Nicht-GK-Equipment | General Kinematics\" \/>\n<meta property=\"og:description\" content=\"GK bietet viele verschiedene Arten von Arbeitsfedern und Isolationsfedern f\u00fcr Ihr Vibrations-Equipment. Im Folgenden finden Sie eine Beschreibung der verschiedenen, bei General Kinematics erh\u00e4ltlichen Federtypen. F\u00fcr spezifische Ersatzfederinformationen zu Ihrer Vibrationseinheit halten Sie bitte, wenn Sie GK kontaktieren, den Hersteller, die Modellnummer, die Federabmessungen und die Federrate bereit. Kontaktieren Sie uns f\u00fcr ein Angebot mit [&hellip;]\" \/>\n<meta property=\"og:url\" content=\"https:\/\/www.generalkinematics.com\/de\/produkt\/isolationsfedern-und-arbeitsfedern-fur-nicht-gk-equipment\/\" \/>\n<meta property=\"og:site_name\" content=\"General Kinematics\" \/>\n<meta property=\"article:publisher\" content=\"https:\/\/www.facebook.com\/generalkinematics\" \/>\n<meta property=\"article:modified_time\" content=\"2018-08-31T15:59:57+00:00\" \/>\n<meta property=\"og:image\" content=\"https:\/\/www.generalkinematics.com\/wp-content\/uploads\/2015\/12\/springs.png\" \/>\n\t<meta property=\"og:image:width\" content=\"400\" \/>\n\t<meta property=\"og:image:height\" content=\"400\" \/>\n\t<meta property=\"og:image:type\" content=\"image\/jpeg\" \/>\n<meta name=\"twitter:card\" content=\"summary_large_image\" \/>\n<meta name=\"twitter:site\" content=\"@gkvibrating\" \/>\n<meta name=\"twitter:label1\" content=\"Gesch\u00e4tzte Lesezeit\" \/>\n\t<meta name=\"twitter:data1\" content=\"1 Minute\" \/>\n<!-- \/ Yoast SEO plugin. -->","yoast_head_json":{"title":"Isolationsfedern und Arbeitsfedern f\u00fcr Nicht-GK-Equipment | General Kinematics","robots":{"index":"index","follow":"follow","max-snippet":"max-snippet:-1","max-image-preview":"max-image-preview:large","max-video-preview":"max-video-preview:-1"},"canonical":"https:\/\/www.generalkinematics.com\/de\/produkt\/isolationsfedern-und-arbeitsfedern-fur-nicht-gk-equipment\/","og_locale":"de_DE","og_type":"article","og_title":"Isolationsfedern und Arbeitsfedern f\u00fcr Nicht-GK-Equipment | General Kinematics","og_description":"GK bietet viele verschiedene Arten von Arbeitsfedern und Isolationsfedern f\u00fcr Ihr Vibrations-Equipment. Im Folgenden finden Sie eine Beschreibung der verschiedenen, bei General Kinematics erh\u00e4ltlichen Federtypen. F\u00fcr spezifische Ersatzfederinformationen zu Ihrer Vibrationseinheit halten Sie bitte, wenn Sie GK kontaktieren, den Hersteller, die Modellnummer, die Federabmessungen und die Federrate bereit. Kontaktieren Sie uns f\u00fcr ein Angebot mit [&hellip;]","og_url":"https:\/\/www.generalkinematics.com\/de\/produkt\/isolationsfedern-und-arbeitsfedern-fur-nicht-gk-equipment\/","og_site_name":"General Kinematics","article_publisher":"https:\/\/www.facebook.com\/generalkinematics","article_modified_time":"2018-08-31T15:59:57+00:00","og_image":[{"width":400,"height":400,"url":"https:\/\/www.generalkinematics.com\/wp-content\/uploads\/2015\/12\/springs.png","type":"image\/jpeg"}],"twitter_card":"summary_large_image","twitter_site":"@gkvibrating","twitter_misc":{"Gesch\u00e4tzte Lesezeit":"1 Minute"},"schema":{"@context":"https:\/\/schema.org","@graph":[{"@type":"WebPage","@id":"https:\/\/www.generalkinematics.com\/de\/produkt\/isolationsfedern-und-arbeitsfedern-fur-nicht-gk-equipment\/","url":"https:\/\/www.generalkinematics.com\/de\/produkt\/isolationsfedern-und-arbeitsfedern-fur-nicht-gk-equipment\/","name":"Isolationsfedern und Arbeitsfedern f\u00fcr Nicht-GK-Equipment | General Kinematics","isPartOf":{"@id":"https:\/\/www.generalkinematics.com\/de\/#website"},"primaryImageOfPage":{"@id":"https:\/\/www.generalkinematics.com\/de\/produkt\/isolationsfedern-und-arbeitsfedern-fur-nicht-gk-equipment\/#primaryimage"},"image":{"@id":"https:\/\/www.generalkinematics.com\/de\/produkt\/isolationsfedern-und-arbeitsfedern-fur-nicht-gk-equipment\/#primaryimage"},"thumbnailUrl":"https:\/\/media.generalkinematics.com\/wp-content\/uploads\/2015\/12\/springs.png","datePublished":"2015-12-14T17:52:08+00:00","dateModified":"2018-08-31T15:59:57+00:00","breadcrumb":{"@id":"https:\/\/www.generalkinematics.com\/de\/produkt\/isolationsfedern-und-arbeitsfedern-fur-nicht-gk-equipment\/#breadcrumb"},"inLanguage":"de-DE","potentialAction":[{"@type":"ReadAction","target":["https:\/\/www.generalkinematics.com\/de\/produkt\/isolationsfedern-und-arbeitsfedern-fur-nicht-gk-equipment\/"]}]},{"@type":"ImageObject","inLanguage":"de-DE","@id":"https:\/\/www.generalkinematics.com\/de\/produkt\/isolationsfedern-und-arbeitsfedern-fur-nicht-gk-equipment\/#primaryimage","url":"https:\/\/media.generalkinematics.com\/wp-content\/uploads\/2015\/12\/springs.png","contentUrl":"https:\/\/media.generalkinematics.com\/wp-content\/uploads\/2015\/12\/springs.png","width":400,"height":400,"caption":"general-kinematics-spring"},{"@type":"BreadcrumbList","@id":"https:\/\/www.generalkinematics.com\/de\/produkt\/isolationsfedern-und-arbeitsfedern-fur-nicht-gk-equipment\/#breadcrumb","itemListElement":[{"@type":"ListItem","position":1,"name":"GK Home","item":"https:\/\/www.generalkinematics.com\/de\/"},{"@type":"ListItem","position":2,"name":"Shop","item":"https:\/\/www.generalkinematics.com\/shop\/"},{"@type":"ListItem","position":3,"name":"Isolationsfedern und Arbeitsfedern f\u00fcr Nicht-GK-Equipment"}]},{"@type":"WebSite","@id":"https:\/\/www.generalkinematics.com\/de\/#website","url":"https:\/\/www.generalkinematics.com\/de\/","name":"General Kinematics","description":"","publisher":{"@id":"https:\/\/www.generalkinematics.com\/de\/#organization"},"potentialAction":[{"@type":"SearchAction","target":{"@type":"EntryPoint","urlTemplate":"https:\/\/www.generalkinematics.com\/de\/?s={search_term_string}"},"query-input":{"@type":"PropertyValueSpecification","valueRequired":true,"valueName":"search_term_string"}}],"inLanguage":"de-DE"},{"@type":"Organization","@id":"https:\/\/www.generalkinematics.com\/de\/#organization","name":"General Kinematics","url":"https:\/\/www.generalkinematics.com\/de\/","logo":{"@type":"ImageObject","inLanguage":"de-DE","@id":"https:\/\/www.generalkinematics.com\/de\/#\/schema\/logo\/image\/","url":"https:\/\/media.generalkinematics.com\/wp-content\/uploads\/2018\/03\/logo.png","contentUrl":"https:\/\/media.generalkinematics.com\/wp-content\/uploads\/2018\/03\/logo.png","width":313,"height":100,"caption":"General Kinematics"},"image":{"@id":"https:\/\/www.generalkinematics.com\/de\/#\/schema\/logo\/image\/"},"sameAs":["https:\/\/www.facebook.com\/generalkinematics","https:\/\/x.com\/gkvibrating"]}]}},"_links":{"self":[{"href":"https:\/\/www.generalkinematics.com\/de\/wp-json\/wp\/v2\/product\/40425","targetHints":{"allow":["GET"]}}],"collection":[{"href":"https:\/\/www.generalkinematics.com\/de\/wp-json\/wp\/v2\/product"}],"about":[{"href":"https:\/\/www.generalkinematics.com\/de\/wp-json\/wp\/v2\/types\/product"}],"replies":[{"embeddable":true,"href":"https:\/\/www.generalkinematics.com\/de\/wp-json\/wp\/v2\/comments?post=40425"}],"wp:featuredmedia":[{"embeddable":true,"href":"https:\/\/www.generalkinematics.com\/de\/wp-json\/wp\/v2\/media\/27339"}],"wp:attachment":[{"href":"https:\/\/www.generalkinematics.com\/de\/wp-json\/wp\/v2\/media?parent=40425"}],"wp:term":[{"taxonomy":"product_brand","embeddable":true,"href":"https:\/\/www.generalkinematics.com\/de\/wp-json\/wp\/v2\/product_brand?post=40425"},{"taxonomy":"product_cat","embeddable":true,"href":"https:\/\/www.generalkinematics.com\/de\/wp-json\/wp\/v2\/product_cat?post=40425"},{"taxonomy":"product_tag","embeddable":true,"href":"https:\/\/www.generalkinematics.com\/de\/wp-json\/wp\/v2\/product_tag?post=40425"}],"curies":[{"name":"wp","href":"https:\/\/api.w.org\/{rel}","templated":true}]}}