{"id":40432,"date":"2015-12-14T11:56:45","date_gmt":"2015-12-14T17:56:45","guid":{"rendered":"https:\/\/www.generalkinematics.com\/product\/vibrationsflansch-und-stehlager-fur-nicht-gk-equipment\/"},"modified":"2019-01-31T14:25:44","modified_gmt":"2019-01-31T20:25:44","slug":"vibrationsflansch-und-stehlager","status":"publish","type":"product","link":"https:\/\/www.generalkinematics.com\/de\/produkt\/vibrationsflansch-und-stehlager\/","title":{"rendered":"Vibrationsflansch- und Stehlager"},"content":{"rendered":"<p><strong>General Kinematics<\/strong> Ersatzlager wurden speziell entwickelt, um den dynamischen Belastungen durch Vibrationsbewegungen standzuhalten. Spezielle Dichtungen und Kegelrollen mit hoher Kapazit\u00e4t sorgen f\u00fcr eine lange Lebensdauer. Viele Lagergr\u00f6\u00dfen sind f\u00fcr den sofortigen Versand verf\u00fcgbar, oder es k\u00f6nnen Umr\u00fcstungspakete angepasst werden, um die Betriebszeit und Leistung Ihres Nicht-GK-Vibrations-Equipments zu erh\u00f6hen.<\/p>\n","protected":false},"excerpt":{"rendered":"<p>General Kinematics Ersatzlager wurden speziell entwickelt, um den dynamischen Belastungen durch Vibrationsbewegungen standzuhalten. Spezielle Dichtungen und Kegelrollen mit hoher Kapazit\u00e4t sorgen f\u00fcr eine lange Lebensdauer. Viele Lagergr\u00f6\u00dfen sind f\u00fcr den sofortigen Versand verf\u00fcgbar, oder es k\u00f6nnen Umr\u00fcstungspakete angepasst werden, um die Betriebszeit und Leistung Ihres Nicht-GK-Vibrations-Equipments zu erh\u00f6hen.<\/p>\n","protected":false},"featured_media":27359,"comment_status":"closed","ping_status":"closed","template":"","meta":{"_acf_changed":false,"om_disable_all_campaigns":false,"ep_exclude_from_search":false},"product_brand":[],"product_cat":[1756,1758],"product_tag":[],"class_list":{"0":"post-40432","1":"product","2":"type-product","3":"status-publish","4":"has-post-thumbnail","6":"product_cat-nicht-gk-ausrustung","7":"product_cat-vibrations-maschinenbauteile","9":"first","10":"instock","11":"taxable","12":"shipping-taxable","13":"product-type-simple"},"acf":[],"yoast_head":"<!-- This site is optimized with the Yoast SEO plugin v27.2 - https:\/\/yoast.com\/product\/yoast-seo-wordpress\/ -->\n<title>Vibrationsflansch- und Stehlager | General Kinematics<\/title>\n<meta name=\"robots\" content=\"index, follow, max-snippet:-1, max-image-preview:large, max-video-preview:-1\" \/>\n<link rel=\"canonical\" href=\"https:\/\/www.generalkinematics.com\/de\/produkt\/vibrationsflansch-und-stehlager\/\" \/>\n<meta property=\"og:locale\" content=\"de_DE\" \/>\n<meta property=\"og:type\" content=\"article\" \/>\n<meta property=\"og:title\" content=\"Vibrationsflansch- und Stehlager | General Kinematics\" \/>\n<meta property=\"og:description\" content=\"General Kinematics Ersatzlager wurden speziell entwickelt, um den dynamischen Belastungen durch Vibrationsbewegungen standzuhalten. Spezielle Dichtungen und Kegelrollen mit hoher Kapazit\u00e4t sorgen f\u00fcr eine lange Lebensdauer. Viele Lagergr\u00f6\u00dfen sind f\u00fcr den sofortigen Versand verf\u00fcgbar, oder es k\u00f6nnen Umr\u00fcstungspakete angepasst werden, um die Betriebszeit und Leistung Ihres Nicht-GK-Vibrations-Equipments zu erh\u00f6hen.\" \/>\n<meta property=\"og:url\" content=\"https:\/\/www.generalkinematics.com\/de\/produkt\/vibrationsflansch-und-stehlager\/\" \/>\n<meta property=\"og:site_name\" content=\"General Kinematics\" \/>\n<meta property=\"article:publisher\" content=\"https:\/\/www.facebook.com\/generalkinematics\" \/>\n<meta property=\"article:modified_time\" content=\"2019-01-31T20:25:44+00:00\" \/>\n<meta property=\"og:image\" content=\"https:\/\/media.generalkinematics.com\/wp-content\/uploads\/2015\/12\/bearings2.png\" \/>\n\t<meta property=\"og:image:width\" content=\"400\" \/>\n\t<meta property=\"og:image:height\" content=\"400\" \/>\n\t<meta property=\"og:image:type\" content=\"image\/jpeg\" \/>\n<meta name=\"twitter:card\" content=\"summary_large_image\" \/>\n<meta name=\"twitter:site\" content=\"@gkvibrating\" \/>\n<!-- \/ Yoast SEO plugin. -->","yoast_head_json":{"title":"Vibrationsflansch- und Stehlager | General Kinematics","robots":{"index":"index","follow":"follow","max-snippet":"max-snippet:-1","max-image-preview":"max-image-preview:large","max-video-preview":"max-video-preview:-1"},"canonical":"https:\/\/www.generalkinematics.com\/de\/produkt\/vibrationsflansch-und-stehlager\/","og_locale":"de_DE","og_type":"article","og_title":"Vibrationsflansch- und Stehlager | General Kinematics","og_description":"General Kinematics Ersatzlager wurden speziell entwickelt, um den dynamischen Belastungen durch Vibrationsbewegungen standzuhalten. Spezielle Dichtungen und Kegelrollen mit hoher Kapazit\u00e4t sorgen f\u00fcr eine lange Lebensdauer. Viele Lagergr\u00f6\u00dfen sind f\u00fcr den sofortigen Versand verf\u00fcgbar, oder es k\u00f6nnen Umr\u00fcstungspakete angepasst werden, um die Betriebszeit und Leistung Ihres Nicht-GK-Vibrations-Equipments zu erh\u00f6hen.","og_url":"https:\/\/www.generalkinematics.com\/de\/produkt\/vibrationsflansch-und-stehlager\/","og_site_name":"General Kinematics","article_publisher":"https:\/\/www.facebook.com\/generalkinematics","article_modified_time":"2019-01-31T20:25:44+00:00","og_image":[{"width":400,"height":400,"url":"https:\/\/media.generalkinematics.com\/wp-content\/uploads\/2015\/12\/bearings2.png","type":"image\/jpeg"}],"twitter_card":"summary_large_image","twitter_site":"@gkvibrating","schema":{"@context":"https:\/\/schema.org","@graph":[{"@type":"WebPage","@id":"https:\/\/www.generalkinematics.com\/de\/produkt\/vibrationsflansch-und-stehlager\/","url":"https:\/\/www.generalkinematics.com\/de\/produkt\/vibrationsflansch-und-stehlager\/","name":"Vibrationsflansch- und Stehlager | General Kinematics","isPartOf":{"@id":"https:\/\/www.generalkinematics.com\/de\/#website"},"primaryImageOfPage":{"@id":"https:\/\/www.generalkinematics.com\/de\/produkt\/vibrationsflansch-und-stehlager\/#primaryimage"},"image":{"@id":"https:\/\/www.generalkinematics.com\/de\/produkt\/vibrationsflansch-und-stehlager\/#primaryimage"},"thumbnailUrl":"https:\/\/media.generalkinematics.com\/wp-content\/uploads\/2015\/12\/bearings2.png","datePublished":"2015-12-14T17:56:45+00:00","dateModified":"2019-01-31T20:25:44+00:00","breadcrumb":{"@id":"https:\/\/www.generalkinematics.com\/de\/produkt\/vibrationsflansch-und-stehlager\/#breadcrumb"},"inLanguage":"de-DE","potentialAction":[{"@type":"ReadAction","target":["https:\/\/www.generalkinematics.com\/de\/produkt\/vibrationsflansch-und-stehlager\/"]}]},{"@type":"ImageObject","inLanguage":"de-DE","@id":"https:\/\/www.generalkinematics.com\/de\/produkt\/vibrationsflansch-und-stehlager\/#primaryimage","url":"https:\/\/media.generalkinematics.com\/wp-content\/uploads\/2015\/12\/bearings2.png","contentUrl":"https:\/\/media.generalkinematics.com\/wp-content\/uploads\/2015\/12\/bearings2.png","width":400,"height":400,"caption":"general-kinematics-bearings"},{"@type":"BreadcrumbList","@id":"https:\/\/www.generalkinematics.com\/de\/produkt\/vibrationsflansch-und-stehlager\/#breadcrumb","itemListElement":[{"@type":"ListItem","position":1,"name":"GK Home","item":"https:\/\/www.generalkinematics.com\/de\/"},{"@type":"ListItem","position":2,"name":"Shop","item":"https:\/\/www.generalkinematics.com\/shop\/"},{"@type":"ListItem","position":3,"name":"Vibrationsflansch- und Stehlager"}]},{"@type":"WebSite","@id":"https:\/\/www.generalkinematics.com\/de\/#website","url":"https:\/\/www.generalkinematics.com\/de\/","name":"General Kinematics","description":"","publisher":{"@id":"https:\/\/www.generalkinematics.com\/de\/#organization"},"potentialAction":[{"@type":"SearchAction","target":{"@type":"EntryPoint","urlTemplate":"https:\/\/www.generalkinematics.com\/de\/?s={search_term_string}"},"query-input":{"@type":"PropertyValueSpecification","valueRequired":true,"valueName":"search_term_string"}}],"inLanguage":"de-DE"},{"@type":"Organization","@id":"https:\/\/www.generalkinematics.com\/de\/#organization","name":"General Kinematics","url":"https:\/\/www.generalkinematics.com\/de\/","logo":{"@type":"ImageObject","inLanguage":"de-DE","@id":"https:\/\/www.generalkinematics.com\/de\/#\/schema\/logo\/image\/","url":"https:\/\/media.generalkinematics.com\/wp-content\/uploads\/2018\/03\/logo.png","contentUrl":"https:\/\/media.generalkinematics.com\/wp-content\/uploads\/2018\/03\/logo.png","width":313,"height":100,"caption":"General Kinematics"},"image":{"@id":"https:\/\/www.generalkinematics.com\/de\/#\/schema\/logo\/image\/"},"sameAs":["https:\/\/www.facebook.com\/generalkinematics","https:\/\/x.com\/gkvibrating"]}]}},"_links":{"self":[{"href":"https:\/\/www.generalkinematics.com\/de\/wp-json\/wp\/v2\/product\/40432","targetHints":{"allow":["GET"]}}],"collection":[{"href":"https:\/\/www.generalkinematics.com\/de\/wp-json\/wp\/v2\/product"}],"about":[{"href":"https:\/\/www.generalkinematics.com\/de\/wp-json\/wp\/v2\/types\/product"}],"replies":[{"embeddable":true,"href":"https:\/\/www.generalkinematics.com\/de\/wp-json\/wp\/v2\/comments?post=40432"}],"wp:featuredmedia":[{"embeddable":true,"href":"https:\/\/www.generalkinematics.com\/de\/wp-json\/wp\/v2\/media\/27359"}],"wp:attachment":[{"href":"https:\/\/www.generalkinematics.com\/de\/wp-json\/wp\/v2\/media?parent=40432"}],"wp:term":[{"taxonomy":"product_brand","embeddable":true,"href":"https:\/\/www.generalkinematics.com\/de\/wp-json\/wp\/v2\/product_brand?post=40432"},{"taxonomy":"product_cat","embeddable":true,"href":"https:\/\/www.generalkinematics.com\/de\/wp-json\/wp\/v2\/product_cat?post=40432"},{"taxonomy":"product_tag","embeddable":true,"href":"https:\/\/www.generalkinematics.com\/de\/wp-json\/wp\/v2\/product_tag?post=40432"}],"curies":[{"name":"wp","href":"https:\/\/api.w.org\/{rel}","templated":true}]}}