{"id":40439,"date":"2015-12-14T12:04:59","date_gmt":"2015-12-14T18:04:59","guid":{"rendered":"https:\/\/www.generalkinematics.com\/product\/vibratory-101-instandhaltungsseminare\/"},"modified":"2019-10-01T15:43:10","modified_gmt":"2019-10-01T20:43:10","slug":"vibratory-101-instandhaltungsseminare","status":"publish","type":"product","link":"https:\/\/www.generalkinematics.com\/de\/produkt\/vibratory-101-instandhaltungsseminare\/","title":{"rendered":"VIBRATORY 101\u2122-Instandhaltungsseminare"},"content":{"rendered":"<div id=\"wrapperHeader\">\u00a0General Kinematics Engagement f\u00fcr den Erfolg unserer Kunden reicht auch \u00fcber den Verkauf von Equipment hinaus. GK bietet unseren Kunden eine breite Palette von auf Ihre Bed\u00fcrfnisse ma\u00dfgeschneiderte Schulungen an. Mit jahrzehntelanger Erfahrung in der Branche und im Au\u00dfendienst geh\u00f6ren unsere Ausbilder zu den erfahrensten Vibrationsexperten der Welt. Beginnen Sie Ihre Schulungen mit unserem <strong>KOSTENLOSEN VIBRATORY 101\u2122<\/strong>-Seminar, um Ihnen und Ihren Mitarbeitern eine Einf\u00fchrung in die Vibrationstechnologie zu geben. In dieser Schulung erhalten Sie ein fundiertes Wissen \u00fcber die Grundlagen von Vibrations-Equipment, dass Sie verwenden werden, um Ihren Betrieb zu verbessern.<\/div>\n","protected":false},"excerpt":{"rendered":"<p>\u00a0General Kinematics Engagement f\u00fcr den Erfolg unserer Kunden reicht auch \u00fcber den Verkauf von Equipment hinaus. GK bietet unseren Kunden eine breite Palette von auf Ihre Bed\u00fcrfnisse ma\u00dfgeschneiderte Schulungen an. Mit jahrzehntelanger Erfahrung in der Branche und im Au\u00dfendienst geh\u00f6ren unsere Ausbilder zu den erfahrensten Vibrationsexperten der Welt. Beginnen Sie Ihre Schulungen mit unserem KOSTENLOSEN [&hellip;]<\/p>\n","protected":false},"featured_media":28147,"comment_status":"closed","ping_status":"closed","template":"","meta":{"_acf_changed":false,"om_disable_all_campaigns":false,"ep_exclude_from_search":false},"product_brand":[],"product_cat":[1753,1754],"product_tag":[],"class_list":{"0":"post-40439","1":"product","2":"type-product","3":"status-publish","4":"has-post-thumbnail","6":"product_cat-kostenlose-seminare","7":"product_cat-vibrationsschulung","9":"first","10":"instock","11":"taxable","12":"shipping-taxable","13":"product-type-simple"},"acf":[],"yoast_head":"<!-- This site is optimized with the Yoast SEO plugin v27.2 - https:\/\/yoast.com\/product\/yoast-seo-wordpress\/ -->\n<title>VIBRATORY 101\u2122-Instandhaltungsseminare | General Kinematics<\/title>\n<meta name=\"robots\" content=\"index, follow, max-snippet:-1, max-image-preview:large, max-video-preview:-1\" \/>\n<link rel=\"canonical\" href=\"https:\/\/www.generalkinematics.com\/de\/produkt\/vibratory-101-instandhaltungsseminare\/\" \/>\n<meta property=\"og:locale\" content=\"de_DE\" \/>\n<meta property=\"og:type\" content=\"article\" \/>\n<meta property=\"og:title\" content=\"VIBRATORY 101\u2122-Instandhaltungsseminare | General Kinematics\" \/>\n<meta property=\"og:description\" content=\"\u00a0General Kinematics Engagement f\u00fcr den Erfolg unserer Kunden reicht auch \u00fcber den Verkauf von Equipment hinaus. GK bietet unseren Kunden eine breite Palette von auf Ihre Bed\u00fcrfnisse ma\u00dfgeschneiderte Schulungen an. Mit jahrzehntelanger Erfahrung in der Branche und im Au\u00dfendienst geh\u00f6ren unsere Ausbilder zu den erfahrensten Vibrationsexperten der Welt. Beginnen Sie Ihre Schulungen mit unserem KOSTENLOSEN [&hellip;]\" \/>\n<meta property=\"og:url\" content=\"https:\/\/www.generalkinematics.com\/de\/produkt\/vibratory-101-instandhaltungsseminare\/\" \/>\n<meta property=\"og:site_name\" content=\"General Kinematics\" \/>\n<meta property=\"article:publisher\" content=\"https:\/\/www.facebook.com\/generalkinematics\" \/>\n<meta property=\"article:modified_time\" content=\"2019-10-01T20:43:10+00:00\" \/>\n<meta property=\"og:image\" content=\"https:\/\/media.generalkinematics.com\/wp-content\/uploads\/2015\/12\/spring-square.png\" \/>\n\t<meta property=\"og:image:width\" content=\"680\" \/>\n\t<meta property=\"og:image:height\" content=\"680\" \/>\n\t<meta property=\"og:image:type\" content=\"image\/jpeg\" \/>\n<meta name=\"twitter:card\" content=\"summary_large_image\" \/>\n<meta name=\"twitter:site\" content=\"@gkvibrating\" \/>\n<!-- \/ Yoast SEO plugin. -->","yoast_head_json":{"title":"VIBRATORY 101\u2122-Instandhaltungsseminare | General Kinematics","robots":{"index":"index","follow":"follow","max-snippet":"max-snippet:-1","max-image-preview":"max-image-preview:large","max-video-preview":"max-video-preview:-1"},"canonical":"https:\/\/www.generalkinematics.com\/de\/produkt\/vibratory-101-instandhaltungsseminare\/","og_locale":"de_DE","og_type":"article","og_title":"VIBRATORY 101\u2122-Instandhaltungsseminare | General Kinematics","og_description":"\u00a0General Kinematics Engagement f\u00fcr den Erfolg unserer Kunden reicht auch \u00fcber den Verkauf von Equipment hinaus. GK bietet unseren Kunden eine breite Palette von auf Ihre Bed\u00fcrfnisse ma\u00dfgeschneiderte Schulungen an. Mit jahrzehntelanger Erfahrung in der Branche und im Au\u00dfendienst geh\u00f6ren unsere Ausbilder zu den erfahrensten Vibrationsexperten der Welt. Beginnen Sie Ihre Schulungen mit unserem KOSTENLOSEN [&hellip;]","og_url":"https:\/\/www.generalkinematics.com\/de\/produkt\/vibratory-101-instandhaltungsseminare\/","og_site_name":"General Kinematics","article_publisher":"https:\/\/www.facebook.com\/generalkinematics","article_modified_time":"2019-10-01T20:43:10+00:00","og_image":[{"width":680,"height":680,"url":"https:\/\/media.generalkinematics.com\/wp-content\/uploads\/2015\/12\/spring-square.png","type":"image\/jpeg"}],"twitter_card":"summary_large_image","twitter_site":"@gkvibrating","schema":{"@context":"https:\/\/schema.org","@graph":[{"@type":"WebPage","@id":"https:\/\/www.generalkinematics.com\/de\/produkt\/vibratory-101-instandhaltungsseminare\/","url":"https:\/\/www.generalkinematics.com\/de\/produkt\/vibratory-101-instandhaltungsseminare\/","name":"VIBRATORY 101\u2122-Instandhaltungsseminare | General Kinematics","isPartOf":{"@id":"https:\/\/www.generalkinematics.com\/de\/#website"},"primaryImageOfPage":{"@id":"https:\/\/www.generalkinematics.com\/de\/produkt\/vibratory-101-instandhaltungsseminare\/#primaryimage"},"image":{"@id":"https:\/\/www.generalkinematics.com\/de\/produkt\/vibratory-101-instandhaltungsseminare\/#primaryimage"},"thumbnailUrl":"https:\/\/media.generalkinematics.com\/wp-content\/uploads\/2015\/07\/IMG_8058small.jpg","datePublished":"2015-12-14T18:04:59+00:00","dateModified":"2019-10-01T20:43:10+00:00","breadcrumb":{"@id":"https:\/\/www.generalkinematics.com\/de\/produkt\/vibratory-101-instandhaltungsseminare\/#breadcrumb"},"inLanguage":"de-DE","potentialAction":[{"@type":"ReadAction","target":["https:\/\/www.generalkinematics.com\/de\/produkt\/vibratory-101-instandhaltungsseminare\/"]}]},{"@type":"ImageObject","inLanguage":"de-DE","@id":"https:\/\/www.generalkinematics.com\/de\/produkt\/vibratory-101-instandhaltungsseminare\/#primaryimage","url":"https:\/\/media.generalkinematics.com\/wp-content\/uploads\/2015\/07\/IMG_8058small.jpg","contentUrl":"https:\/\/media.generalkinematics.com\/wp-content\/uploads\/2015\/07\/IMG_8058small.jpg","width":1200,"height":800},{"@type":"BreadcrumbList","@id":"https:\/\/www.generalkinematics.com\/de\/produkt\/vibratory-101-instandhaltungsseminare\/#breadcrumb","itemListElement":[{"@type":"ListItem","position":1,"name":"GK Home","item":"https:\/\/www.generalkinematics.com\/de\/"},{"@type":"ListItem","position":2,"name":"Shop","item":"https:\/\/www.generalkinematics.com\/shop\/"},{"@type":"ListItem","position":3,"name":"VIBRATORY 101\u2122-Instandhaltungsseminare"}]},{"@type":"WebSite","@id":"https:\/\/www.generalkinematics.com\/de\/#website","url":"https:\/\/www.generalkinematics.com\/de\/","name":"General Kinematics","description":"","publisher":{"@id":"https:\/\/www.generalkinematics.com\/de\/#organization"},"potentialAction":[{"@type":"SearchAction","target":{"@type":"EntryPoint","urlTemplate":"https:\/\/www.generalkinematics.com\/de\/?s={search_term_string}"},"query-input":{"@type":"PropertyValueSpecification","valueRequired":true,"valueName":"search_term_string"}}],"inLanguage":"de-DE"},{"@type":"Organization","@id":"https:\/\/www.generalkinematics.com\/de\/#organization","name":"General Kinematics","url":"https:\/\/www.generalkinematics.com\/de\/","logo":{"@type":"ImageObject","inLanguage":"de-DE","@id":"https:\/\/www.generalkinematics.com\/de\/#\/schema\/logo\/image\/","url":"https:\/\/media.generalkinematics.com\/wp-content\/uploads\/2018\/03\/logo.png","contentUrl":"https:\/\/media.generalkinematics.com\/wp-content\/uploads\/2018\/03\/logo.png","width":313,"height":100,"caption":"General Kinematics"},"image":{"@id":"https:\/\/www.generalkinematics.com\/de\/#\/schema\/logo\/image\/"},"sameAs":["https:\/\/www.facebook.com\/generalkinematics","https:\/\/x.com\/gkvibrating"]}]}},"_links":{"self":[{"href":"https:\/\/www.generalkinematics.com\/de\/wp-json\/wp\/v2\/product\/40439","targetHints":{"allow":["GET"]}}],"collection":[{"href":"https:\/\/www.generalkinematics.com\/de\/wp-json\/wp\/v2\/product"}],"about":[{"href":"https:\/\/www.generalkinematics.com\/de\/wp-json\/wp\/v2\/types\/product"}],"replies":[{"embeddable":true,"href":"https:\/\/www.generalkinematics.com\/de\/wp-json\/wp\/v2\/comments?post=40439"}],"wp:featuredmedia":[{"embeddable":true,"href":"https:\/\/www.generalkinematics.com\/de\/wp-json\/wp\/v2\/media\/28147"}],"wp:attachment":[{"href":"https:\/\/www.generalkinematics.com\/de\/wp-json\/wp\/v2\/media?parent=40439"}],"wp:term":[{"taxonomy":"product_brand","embeddable":true,"href":"https:\/\/www.generalkinematics.com\/de\/wp-json\/wp\/v2\/product_brand?post=40439"},{"taxonomy":"product_cat","embeddable":true,"href":"https:\/\/www.generalkinematics.com\/de\/wp-json\/wp\/v2\/product_cat?post=40439"},{"taxonomy":"product_tag","embeddable":true,"href":"https:\/\/www.generalkinematics.com\/de\/wp-json\/wp\/v2\/product_tag?post=40439"}],"curies":[{"name":"wp","href":"https:\/\/api.w.org\/{rel}","templated":true}]}}