{"id":40446,"date":"2015-12-14T12:07:32","date_gmt":"2015-12-14T18:07:32","guid":{"rendered":"https:\/\/www.generalkinematics.com\/product\/equipment-instandhaltungsseminare\/"},"modified":"2018-08-31T11:02:04","modified_gmt":"2018-08-31T16:02:04","slug":"equipment-instandhaltungsseminare","status":"publish","type":"product","link":"https:\/\/www.generalkinematics.com\/de\/produkt\/equipment-instandhaltungsseminare\/","title":{"rendered":"Equipment-Instandhaltungsseminare"},"content":{"rendered":"<p>Wenn Sie aus erster Hand erfahren m\u00f6chten, wie Ihr Vibrations-Equipment am besten Instand gehalten werden kann, dann ist ein General Kinematics Seminar zum Thema Instandhaltung von Vibrations-Equipment genau das Richtige f\u00fcr Sie. Diese Schulung vor Ort zeigt Ihrem Instandhaltungspersonal den richtigen Weg zur Instandhaltung von Vibrations-Equipment. Zu den behandelten Themen geh\u00f6ren normalerweise:<\/p>\n<ul>\n<li>Schulung bei Ihnen vor Ort (kann auch mit einer kostenpflichtigen Inspektion kombiniert werden)<\/li>\n<li>Passende Instandhaltungsanweisungen\/-verfahren<\/li>\n<li>Erkennung und Reparatur von Problemen bei Ihrem Equipment<\/li>\n<li>Bedienerschulung<\/li>\n<li>Inspektion\/Fehlerbehebung von Nicht-GK-Vibrations-Equipment<\/li>\n<li>Grundlegende Vibrationstheorie und wie sie sich auf das Vibrations-Equipment in Ihrem Betrieb bezieht<\/li>\n<\/ul>\n<p>Jede Vor-Ort-Schulung wird auf die Bed\u00fcrfnisse Ihrer Einrichtung zugeschnitten. Im Rahmen unseres Besuchs und zur Anpassung unserer Schulung \u00fcberpr\u00fcfen wir Ihr installiertes Equipment, aktuelle und vergangene Inspektionsberichte und gehen auf Ihre spezifischen Bedenken ein.<\/p>\n<p><em><span style=\"text-decoration: underline\">Die besten Techniker in der Industrie<\/span><\/em><\/p>\n<p>General Kinematics oberste Priorit\u00e4t besteht darin sicherzustellen, dass unsere Maschinen die Erwartungen unserer Kunden erf\u00fcllen. Alle unsere Kundendienstmitarbeiter im Au\u00dfendienst sind in einzigartiger Weise qualifiziert, um technische Unterst\u00fctzung f\u00fcr Ihr Vibrations- und Rotationsequipment zu leisten. Das gesamte GK-Wartungsteam wird fortlaufend speziell geschult in:<\/p>\n<ul>\n<li>Vibrationstheorie<\/li>\n<li>Maschinenfeineinstellung<\/li>\n<li>Fehleranalyse<\/li>\n<li>Arbeitssicherheit<\/li>\n<li>Unterst\u00fctzung bei Modifizierung von Vibrations-Equipment<\/li>\n<li>Vibrationsinspektion und Analyse<\/li>\n<\/ul>\n","protected":false},"excerpt":{"rendered":"<p>Wenn Sie aus erster Hand erfahren m\u00f6chten, wie Ihr Vibrations-Equipment am besten Instand gehalten werden kann, dann ist ein General Kinematics Seminar zum Thema Instandhaltung von Vibrations-Equipment genau das Richtige f\u00fcr Sie. Diese Schulung vor Ort zeigt Ihrem Instandhaltungspersonal den richtigen Weg zur Instandhaltung von Vibrations-Equipment. Zu den behandelten Themen geh\u00f6ren normalerweise: Schulung bei Ihnen [&hellip;]<\/p>\n","protected":false},"featured_media":28183,"comment_status":"closed","ping_status":"closed","template":"","meta":{"_acf_changed":false,"om_disable_all_campaigns":false,"ep_exclude_from_search":false},"product_brand":[],"product_cat":[1754],"product_tag":[],"class_list":{"0":"post-40446","1":"product","2":"type-product","3":"status-publish","4":"has-post-thumbnail","6":"product_cat-vibrationsschulung","8":"first","9":"instock","10":"taxable","11":"shipping-taxable","12":"product-type-simple"},"acf":[],"yoast_head":"<!-- This site is optimized with the Yoast SEO plugin v27.2 - https:\/\/yoast.com\/product\/yoast-seo-wordpress\/ -->\n<title>Equipment-Instandhaltungsseminare | General Kinematics<\/title>\n<meta name=\"robots\" content=\"index, follow, max-snippet:-1, max-image-preview:large, max-video-preview:-1\" \/>\n<link rel=\"canonical\" href=\"https:\/\/www.generalkinematics.com\/de\/produkt\/equipment-instandhaltungsseminare\/\" \/>\n<meta property=\"og:locale\" content=\"de_DE\" \/>\n<meta property=\"og:type\" content=\"article\" \/>\n<meta property=\"og:title\" content=\"Equipment-Instandhaltungsseminare | General Kinematics\" \/>\n<meta property=\"og:description\" content=\"Wenn Sie aus erster Hand erfahren m\u00f6chten, wie Ihr Vibrations-Equipment am besten Instand gehalten werden kann, dann ist ein General Kinematics Seminar zum Thema Instandhaltung von Vibrations-Equipment genau das Richtige f\u00fcr Sie. Diese Schulung vor Ort zeigt Ihrem Instandhaltungspersonal den richtigen Weg zur Instandhaltung von Vibrations-Equipment. Zu den behandelten Themen geh\u00f6ren normalerweise: Schulung bei Ihnen [&hellip;]\" \/>\n<meta property=\"og:url\" content=\"https:\/\/www.generalkinematics.com\/de\/produkt\/equipment-instandhaltungsseminare\/\" \/>\n<meta property=\"og:site_name\" content=\"General Kinematics\" \/>\n<meta property=\"article:publisher\" content=\"https:\/\/www.facebook.com\/generalkinematics\" \/>\n<meta property=\"article:modified_time\" content=\"2018-08-31T16:02:04+00:00\" \/>\n<meta property=\"og:image\" content=\"https:\/\/media.generalkinematics.com\/wp-content\/uploads\/2015\/07\/Jeff-Simpson-instructs-in-2012-003.jpg\" \/>\n\t<meta property=\"og:image:width\" content=\"3264\" \/>\n\t<meta property=\"og:image:height\" content=\"2448\" \/>\n\t<meta property=\"og:image:type\" content=\"image\/jpeg\" \/>\n<meta name=\"twitter:card\" content=\"summary_large_image\" \/>\n<meta name=\"twitter:site\" content=\"@gkvibrating\" \/>\n<meta name=\"twitter:label1\" content=\"Gesch\u00e4tzte Lesezeit\" \/>\n\t<meta name=\"twitter:data1\" content=\"1 Minute\" \/>\n<!-- \/ Yoast SEO plugin. -->","yoast_head_json":{"title":"Equipment-Instandhaltungsseminare | General Kinematics","robots":{"index":"index","follow":"follow","max-snippet":"max-snippet:-1","max-image-preview":"max-image-preview:large","max-video-preview":"max-video-preview:-1"},"canonical":"https:\/\/www.generalkinematics.com\/de\/produkt\/equipment-instandhaltungsseminare\/","og_locale":"de_DE","og_type":"article","og_title":"Equipment-Instandhaltungsseminare | General Kinematics","og_description":"Wenn Sie aus erster Hand erfahren m\u00f6chten, wie Ihr Vibrations-Equipment am besten Instand gehalten werden kann, dann ist ein General Kinematics Seminar zum Thema Instandhaltung von Vibrations-Equipment genau das Richtige f\u00fcr Sie. Diese Schulung vor Ort zeigt Ihrem Instandhaltungspersonal den richtigen Weg zur Instandhaltung von Vibrations-Equipment. Zu den behandelten Themen geh\u00f6ren normalerweise: Schulung bei Ihnen [&hellip;]","og_url":"https:\/\/www.generalkinematics.com\/de\/produkt\/equipment-instandhaltungsseminare\/","og_site_name":"General Kinematics","article_publisher":"https:\/\/www.facebook.com\/generalkinematics","article_modified_time":"2018-08-31T16:02:04+00:00","og_image":[{"width":3264,"height":2448,"url":"https:\/\/media.generalkinematics.com\/wp-content\/uploads\/2015\/07\/Jeff-Simpson-instructs-in-2012-003.jpg","type":"image\/jpeg"}],"twitter_card":"summary_large_image","twitter_site":"@gkvibrating","twitter_misc":{"Gesch\u00e4tzte Lesezeit":"1 Minute"},"schema":{"@context":"https:\/\/schema.org","@graph":[{"@type":"WebPage","@id":"https:\/\/www.generalkinematics.com\/de\/produkt\/equipment-instandhaltungsseminare\/","url":"https:\/\/www.generalkinematics.com\/de\/produkt\/equipment-instandhaltungsseminare\/","name":"Equipment-Instandhaltungsseminare | General Kinematics","isPartOf":{"@id":"https:\/\/www.generalkinematics.com\/de\/#website"},"primaryImageOfPage":{"@id":"https:\/\/www.generalkinematics.com\/de\/produkt\/equipment-instandhaltungsseminare\/#primaryimage"},"image":{"@id":"https:\/\/www.generalkinematics.com\/de\/produkt\/equipment-instandhaltungsseminare\/#primaryimage"},"thumbnailUrl":"https:\/\/media.generalkinematics.com\/wp-content\/uploads\/2015\/07\/Jeff-Simpson-instructs-in-2012-003.jpg","datePublished":"2015-12-14T18:07:32+00:00","dateModified":"2018-08-31T16:02:04+00:00","breadcrumb":{"@id":"https:\/\/www.generalkinematics.com\/de\/produkt\/equipment-instandhaltungsseminare\/#breadcrumb"},"inLanguage":"de-DE","potentialAction":[{"@type":"ReadAction","target":["https:\/\/www.generalkinematics.com\/de\/produkt\/equipment-instandhaltungsseminare\/"]}]},{"@type":"ImageObject","inLanguage":"de-DE","@id":"https:\/\/www.generalkinematics.com\/de\/produkt\/equipment-instandhaltungsseminare\/#primaryimage","url":"https:\/\/media.generalkinematics.com\/wp-content\/uploads\/2015\/07\/Jeff-Simpson-instructs-in-2012-003.jpg","contentUrl":"https:\/\/media.generalkinematics.com\/wp-content\/uploads\/2015\/07\/Jeff-Simpson-instructs-in-2012-003.jpg","width":3264,"height":2448,"caption":"general-kinematics-vib-101"},{"@type":"BreadcrumbList","@id":"https:\/\/www.generalkinematics.com\/de\/produkt\/equipment-instandhaltungsseminare\/#breadcrumb","itemListElement":[{"@type":"ListItem","position":1,"name":"GK Home","item":"https:\/\/www.generalkinematics.com\/de\/"},{"@type":"ListItem","position":2,"name":"Shop","item":"https:\/\/www.generalkinematics.com\/shop\/"},{"@type":"ListItem","position":3,"name":"Equipment-Instandhaltungsseminare"}]},{"@type":"WebSite","@id":"https:\/\/www.generalkinematics.com\/de\/#website","url":"https:\/\/www.generalkinematics.com\/de\/","name":"General Kinematics","description":"","publisher":{"@id":"https:\/\/www.generalkinematics.com\/de\/#organization"},"potentialAction":[{"@type":"SearchAction","target":{"@type":"EntryPoint","urlTemplate":"https:\/\/www.generalkinematics.com\/de\/?s={search_term_string}"},"query-input":{"@type":"PropertyValueSpecification","valueRequired":true,"valueName":"search_term_string"}}],"inLanguage":"de-DE"},{"@type":"Organization","@id":"https:\/\/www.generalkinematics.com\/de\/#organization","name":"General Kinematics","url":"https:\/\/www.generalkinematics.com\/de\/","logo":{"@type":"ImageObject","inLanguage":"de-DE","@id":"https:\/\/www.generalkinematics.com\/de\/#\/schema\/logo\/image\/","url":"https:\/\/media.generalkinematics.com\/wp-content\/uploads\/2018\/03\/logo.png","contentUrl":"https:\/\/media.generalkinematics.com\/wp-content\/uploads\/2018\/03\/logo.png","width":313,"height":100,"caption":"General Kinematics"},"image":{"@id":"https:\/\/www.generalkinematics.com\/de\/#\/schema\/logo\/image\/"},"sameAs":["https:\/\/www.facebook.com\/generalkinematics","https:\/\/x.com\/gkvibrating"]}]}},"_links":{"self":[{"href":"https:\/\/www.generalkinematics.com\/de\/wp-json\/wp\/v2\/product\/40446","targetHints":{"allow":["GET"]}}],"collection":[{"href":"https:\/\/www.generalkinematics.com\/de\/wp-json\/wp\/v2\/product"}],"about":[{"href":"https:\/\/www.generalkinematics.com\/de\/wp-json\/wp\/v2\/types\/product"}],"replies":[{"embeddable":true,"href":"https:\/\/www.generalkinematics.com\/de\/wp-json\/wp\/v2\/comments?post=40446"}],"wp:featuredmedia":[{"embeddable":true,"href":"https:\/\/www.generalkinematics.com\/de\/wp-json\/wp\/v2\/media\/28183"}],"wp:attachment":[{"href":"https:\/\/www.generalkinematics.com\/de\/wp-json\/wp\/v2\/media?parent=40446"}],"wp:term":[{"taxonomy":"product_brand","embeddable":true,"href":"https:\/\/www.generalkinematics.com\/de\/wp-json\/wp\/v2\/product_brand?post=40446"},{"taxonomy":"product_cat","embeddable":true,"href":"https:\/\/www.generalkinematics.com\/de\/wp-json\/wp\/v2\/product_cat?post=40446"},{"taxonomy":"product_tag","embeddable":true,"href":"https:\/\/www.generalkinematics.com\/de\/wp-json\/wp\/v2\/product_tag?post=40446"}],"curies":[{"name":"wp","href":"https:\/\/api.w.org\/{rel}","templated":true}]}}