{"id":40478,"date":"2016-05-17T09:18:43","date_gmt":"2016-05-17T14:18:43","guid":{"rendered":"https:\/\/www.generalkinematics.com\/product\/verteilerforderer\/"},"modified":"2020-10-26T14:11:00","modified_gmt":"2020-10-26T19:11:00","slug":"verteilerforderer","status":"publish","type":"product","link":"https:\/\/www.generalkinematics.com\/de\/produkt\/verteilerforderer\/","title":{"rendered":"Verteilerf\u00f6rderer"},"content":{"rendered":"<p>Speziell entwickelt, um Material gleichm\u00e4\u00dfig auf verschiedene Entladestellen zu verteilen. Dieser <strong>F\u00f6rderer<\/strong> kann mehrere Farbsortierer f\u00fcr eine optimale Glasr\u00fcckgewinnung beschicken. Der Trog der Ausf\u00fchrung mit Ausgleichsvorrichtung wurde komplett mit Chromkarbid ausgekleidet, um der abrasiven Natur von Altglas standzuhalten.<\/p>\n","protected":false},"excerpt":{"rendered":"<p>Speziell entwickelt, um Material gleichm\u00e4\u00dfig auf verschiedene Entladestellen zu verteilen. Dieser F\u00f6rderer kann mehrere Farbsortierer f\u00fcr eine optimale Glasr\u00fcckgewinnung beschicken. Der Trog der Ausf\u00fchrung mit Ausgleichsvorrichtung wurde komplett mit Chromkarbid ausgekleidet, um der abrasiven Natur von Altglas standzuhalten.<\/p>\n","protected":false},"featured_media":27631,"comment_status":"closed","ping_status":"closed","template":"","meta":{"_acf_changed":false,"om_disable_all_campaigns":false,"ep_exclude_from_search":false},"product_brand":[],"product_cat":[2148,1798],"product_tag":[],"class_list":{"0":"post-40478","1":"product","2":"type-product","3":"status-publish","4":"has-post-thumbnail","6":"product_cat-glas-fiberglas","7":"product_cat-recycling-loesungen","9":"first","10":"instock","11":"taxable","12":"shipping-taxable","13":"product-type-simple"},"acf":[],"yoast_head":"<!-- This site is optimized with the Yoast SEO plugin v27.2 - https:\/\/yoast.com\/product\/yoast-seo-wordpress\/ -->\n<title>Verteilerf\u00f6rderer | General Kinematics<\/title>\n<meta name=\"robots\" content=\"index, follow, max-snippet:-1, max-image-preview:large, max-video-preview:-1\" \/>\n<link rel=\"canonical\" href=\"https:\/\/www.generalkinematics.com\/de\/produkt\/verteilerforderer\/\" \/>\n<meta property=\"og:locale\" content=\"de_DE\" \/>\n<meta property=\"og:type\" content=\"article\" \/>\n<meta property=\"og:title\" content=\"Verteilerf\u00f6rderer | General Kinematics\" \/>\n<meta property=\"og:description\" content=\"Speziell entwickelt, um Material gleichm\u00e4\u00dfig auf verschiedene Entladestellen zu verteilen. Dieser F\u00f6rderer kann mehrere Farbsortierer f\u00fcr eine optimale Glasr\u00fcckgewinnung beschicken. Der Trog der Ausf\u00fchrung mit Ausgleichsvorrichtung wurde komplett mit Chromkarbid ausgekleidet, um der abrasiven Natur von Altglas standzuhalten.\" \/>\n<meta property=\"og:url\" content=\"https:\/\/www.generalkinematics.com\/de\/produkt\/verteilerforderer\/\" \/>\n<meta property=\"og:site_name\" content=\"General Kinematics\" \/>\n<meta property=\"article:publisher\" content=\"https:\/\/www.facebook.com\/generalkinematics\" \/>\n<meta property=\"article:modified_time\" content=\"2020-10-26T19:11:00+00:00\" \/>\n<meta property=\"og:image\" content=\"https:\/\/www.generalkinematics.com\/wp-content\/uploads\/2016\/05\/IMGA0014.jpg\" \/>\n\t<meta property=\"og:image:width\" content=\"3264\" \/>\n\t<meta property=\"og:image:height\" content=\"2448\" \/>\n\t<meta property=\"og:image:type\" content=\"image\/jpeg\" \/>\n<meta name=\"twitter:card\" content=\"summary_large_image\" \/>\n<meta name=\"twitter:site\" content=\"@gkvibrating\" \/>\n<!-- \/ Yoast SEO plugin. -->","yoast_head_json":{"title":"Verteilerf\u00f6rderer | General Kinematics","robots":{"index":"index","follow":"follow","max-snippet":"max-snippet:-1","max-image-preview":"max-image-preview:large","max-video-preview":"max-video-preview:-1"},"canonical":"https:\/\/www.generalkinematics.com\/de\/produkt\/verteilerforderer\/","og_locale":"de_DE","og_type":"article","og_title":"Verteilerf\u00f6rderer | General Kinematics","og_description":"Speziell entwickelt, um Material gleichm\u00e4\u00dfig auf verschiedene Entladestellen zu verteilen. Dieser F\u00f6rderer kann mehrere Farbsortierer f\u00fcr eine optimale Glasr\u00fcckgewinnung beschicken. Der Trog der Ausf\u00fchrung mit Ausgleichsvorrichtung wurde komplett mit Chromkarbid ausgekleidet, um der abrasiven Natur von Altglas standzuhalten.","og_url":"https:\/\/www.generalkinematics.com\/de\/produkt\/verteilerforderer\/","og_site_name":"General Kinematics","article_publisher":"https:\/\/www.facebook.com\/generalkinematics","article_modified_time":"2020-10-26T19:11:00+00:00","og_image":[{"width":3264,"height":2448,"url":"https:\/\/www.generalkinematics.com\/wp-content\/uploads\/2016\/05\/IMGA0014.jpg","type":"image\/jpeg"}],"twitter_card":"summary_large_image","twitter_site":"@gkvibrating","schema":{"@context":"https:\/\/schema.org","@graph":[{"@type":"WebPage","@id":"https:\/\/www.generalkinematics.com\/de\/produkt\/verteilerforderer\/","url":"https:\/\/www.generalkinematics.com\/de\/produkt\/verteilerforderer\/","name":"Verteilerf\u00f6rderer | General Kinematics","isPartOf":{"@id":"https:\/\/www.generalkinematics.com\/de\/#website"},"primaryImageOfPage":{"@id":"https:\/\/www.generalkinematics.com\/de\/produkt\/verteilerforderer\/#primaryimage"},"image":{"@id":"https:\/\/www.generalkinematics.com\/de\/produkt\/verteilerforderer\/#primaryimage"},"thumbnailUrl":"https:\/\/media.generalkinematics.com\/wp-content\/uploads\/2016\/05\/IMGA0014.jpg","datePublished":"2016-05-17T14:18:43+00:00","dateModified":"2020-10-26T19:11:00+00:00","breadcrumb":{"@id":"https:\/\/www.generalkinematics.com\/de\/produkt\/verteilerforderer\/#breadcrumb"},"inLanguage":"de-DE","potentialAction":[{"@type":"ReadAction","target":["https:\/\/www.generalkinematics.com\/de\/produkt\/verteilerforderer\/"]}]},{"@type":"ImageObject","inLanguage":"de-DE","@id":"https:\/\/www.generalkinematics.com\/de\/produkt\/verteilerforderer\/#primaryimage","url":"https:\/\/media.generalkinematics.com\/wp-content\/uploads\/2016\/05\/IMGA0014.jpg","contentUrl":"https:\/\/media.generalkinematics.com\/wp-content\/uploads\/2016\/05\/IMGA0014.jpg","width":3264,"height":2448,"caption":"general-kinematics-distribution-conveyor"},{"@type":"BreadcrumbList","@id":"https:\/\/www.generalkinematics.com\/de\/produkt\/verteilerforderer\/#breadcrumb","itemListElement":[{"@type":"ListItem","position":1,"name":"GK Home","item":"https:\/\/www.generalkinematics.com\/de\/"},{"@type":"ListItem","position":2,"name":"Shop","item":"https:\/\/www.generalkinematics.com\/shop\/"},{"@type":"ListItem","position":3,"name":"Verteilerf\u00f6rderer"}]},{"@type":"WebSite","@id":"https:\/\/www.generalkinematics.com\/de\/#website","url":"https:\/\/www.generalkinematics.com\/de\/","name":"General Kinematics","description":"","publisher":{"@id":"https:\/\/www.generalkinematics.com\/de\/#organization"},"potentialAction":[{"@type":"SearchAction","target":{"@type":"EntryPoint","urlTemplate":"https:\/\/www.generalkinematics.com\/de\/?s={search_term_string}"},"query-input":{"@type":"PropertyValueSpecification","valueRequired":true,"valueName":"search_term_string"}}],"inLanguage":"de-DE"},{"@type":"Organization","@id":"https:\/\/www.generalkinematics.com\/de\/#organization","name":"General Kinematics","url":"https:\/\/www.generalkinematics.com\/de\/","logo":{"@type":"ImageObject","inLanguage":"de-DE","@id":"https:\/\/www.generalkinematics.com\/de\/#\/schema\/logo\/image\/","url":"https:\/\/media.generalkinematics.com\/wp-content\/uploads\/2018\/03\/logo.png","contentUrl":"https:\/\/media.generalkinematics.com\/wp-content\/uploads\/2018\/03\/logo.png","width":313,"height":100,"caption":"General Kinematics"},"image":{"@id":"https:\/\/www.generalkinematics.com\/de\/#\/schema\/logo\/image\/"},"sameAs":["https:\/\/www.facebook.com\/generalkinematics","https:\/\/x.com\/gkvibrating"]}]}},"_links":{"self":[{"href":"https:\/\/www.generalkinematics.com\/de\/wp-json\/wp\/v2\/product\/40478","targetHints":{"allow":["GET"]}}],"collection":[{"href":"https:\/\/www.generalkinematics.com\/de\/wp-json\/wp\/v2\/product"}],"about":[{"href":"https:\/\/www.generalkinematics.com\/de\/wp-json\/wp\/v2\/types\/product"}],"replies":[{"embeddable":true,"href":"https:\/\/www.generalkinematics.com\/de\/wp-json\/wp\/v2\/comments?post=40478"}],"wp:featuredmedia":[{"embeddable":true,"href":"https:\/\/www.generalkinematics.com\/de\/wp-json\/wp\/v2\/media\/27631"}],"wp:attachment":[{"href":"https:\/\/www.generalkinematics.com\/de\/wp-json\/wp\/v2\/media?parent=40478"}],"wp:term":[{"taxonomy":"product_brand","embeddable":true,"href":"https:\/\/www.generalkinematics.com\/de\/wp-json\/wp\/v2\/product_brand?post=40478"},{"taxonomy":"product_cat","embeddable":true,"href":"https:\/\/www.generalkinematics.com\/de\/wp-json\/wp\/v2\/product_cat?post=40478"},{"taxonomy":"product_tag","embeddable":true,"href":"https:\/\/www.generalkinematics.com\/de\/wp-json\/wp\/v2\/product_tag?post=40478"}],"curies":[{"name":"wp","href":"https:\/\/api.w.org\/{rel}","templated":true}]}}