{"id":40497,"date":"2016-05-17T13:22:52","date_gmt":"2016-05-17T18:22:52","guid":{"rendered":"https:\/\/www.generalkinematics.com\/product\/gk-stabdecksieb-fur-einzelfluss\/"},"modified":"2018-08-31T09:41:50","modified_gmt":"2018-08-31T14:41:50","slug":"gk-stabdecksieb-fur-einzelfluss","status":"publish","type":"product","link":"https:\/\/www.generalkinematics.com\/de\/produkt\/gk-stabdecksieb-fur-einzelfluss\/","title":{"rendered":"GK-Stabdecksieb f\u00fcr Einzelfluss"},"content":{"rendered":"<p>General Kinematics <strong>Stabdecksieb f\u00fcr Einzelfluss<\/strong> wurde speziell f\u00fcr die Trennung von schwierigem Material entwickelt, das bei herk\u00f6mmlichen Siebanwendungen anf\u00e4llig f\u00fcr Verklebungen oder Verstopfungen ist. Das Geheimnis hinter der Leistungsf\u00e4higkeit der Stabdecks liegt in der Flexibilit\u00e4t und Vergr\u00f6\u00dferung der Siebfl\u00e4che innerhalb des Deckabschnittes, wobei die geplante Siebtoleranz beibehalten wird. Die GK-Stabdecksiebe bieten eine gr\u00f6\u00dfere offene Fl\u00e4che, weniger Erblindung und erfordern weniger Aufh\u00e4ngungen. Dadurch k\u00f6nnen Sie abrasives, schweres, nasses oder anderweitig schweres Material problemlos sieben.<\/p>\n<p>Die Langhub-F\u00e4higkeiten von GKs Vibrationssiebmaschinen in Kombination mit der Flexibilit\u00e4t der Stabdeck-Abschnitte ergeben eine vielseitige und leistungsstarke Siebl\u00f6sung zur Maximierung der Sortierung in Ihrer Prozessanwendung.<\/p>\n<h2>Eigenschaften:<\/h2>\n<ul>\n<li>Trennt Material, das auf herk\u00f6mmlichen Siebfl\u00e4chen erblindet.<\/li>\n<li>Mit GKs Stabdeckskann abrasives, schweres, nasses oder anderweitig schwierig handzuhabendes Material leicht gesiebt werden.<\/li>\n<li>Vergr\u00f6\u00dferte Sieboberfl\u00e4che.<\/li>\n<li>Einfach zu reinigen und zu warten.<\/li>\n<\/ul>\n","protected":false},"excerpt":{"rendered":"<p>General Kinematics Stabdecksieb f\u00fcr Einzelfluss wurde speziell f\u00fcr die Trennung von schwierigem Material entwickelt, das bei herk\u00f6mmlichen Siebanwendungen anf\u00e4llig f\u00fcr Verklebungen oder Verstopfungen ist. Das Geheimnis hinter der Leistungsf\u00e4higkeit der Stabdecks liegt in der Flexibilit\u00e4t und Vergr\u00f6\u00dferung der Siebfl\u00e4che innerhalb des Deckabschnittes, wobei die geplante Siebtoleranz beibehalten wird. Die GK-Stabdecksiebe bieten eine gr\u00f6\u00dfere offene Fl\u00e4che, [&hellip;]<\/p>\n","protected":false},"featured_media":23799,"comment_status":"closed","ping_status":"closed","template":"","meta":{"_acf_changed":false,"om_disable_all_campaigns":false,"ep_exclude_from_search":false},"product_brand":[],"product_cat":[1801,1807,1803,1798],"product_tag":[],"class_list":{"0":"post-40497","1":"product","2":"type-product","3":"status-publish","4":"has-post-thumbnail","6":"casestudytag-rod-deck-de","7":"product_cat-einzelmaterialfluss-ici","8":"product_cat-finger-screen-vibrations-siebmaschinen","9":"product_cat-gk-technologie-fuer-recyclingsiebe","10":"product_cat-recycling-loesungen","12":"first","13":"instock","14":"taxable","15":"shipping-taxable","16":"product-type-simple"},"acf":[],"yoast_head":"<!-- This site is optimized with the Yoast SEO plugin v27.2 - https:\/\/yoast.com\/product\/yoast-seo-wordpress\/ -->\n<title>GK-Stabdecksieb f\u00fcr Einzelfluss | General Kinematics<\/title>\n<meta name=\"robots\" content=\"index, follow, max-snippet:-1, max-image-preview:large, max-video-preview:-1\" \/>\n<link rel=\"canonical\" href=\"https:\/\/www.generalkinematics.com\/de\/produkt\/gk-stabdecksieb-fur-einzelfluss\/\" \/>\n<meta property=\"og:locale\" content=\"de_DE\" \/>\n<meta property=\"og:type\" content=\"article\" \/>\n<meta property=\"og:title\" content=\"GK-Stabdecksieb f\u00fcr Einzelfluss | General Kinematics\" \/>\n<meta property=\"og:description\" content=\"General Kinematics Stabdecksieb f\u00fcr Einzelfluss wurde speziell f\u00fcr die Trennung von schwierigem Material entwickelt, das bei herk\u00f6mmlichen Siebanwendungen anf\u00e4llig f\u00fcr Verklebungen oder Verstopfungen ist. Das Geheimnis hinter der Leistungsf\u00e4higkeit der Stabdecks liegt in der Flexibilit\u00e4t und Vergr\u00f6\u00dferung der Siebfl\u00e4che innerhalb des Deckabschnittes, wobei die geplante Siebtoleranz beibehalten wird. Die GK-Stabdecksiebe bieten eine gr\u00f6\u00dfere offene Fl\u00e4che, [&hellip;]\" \/>\n<meta property=\"og:url\" content=\"https:\/\/www.generalkinematics.com\/de\/produkt\/gk-stabdecksieb-fur-einzelfluss\/\" \/>\n<meta property=\"og:site_name\" content=\"General Kinematics\" \/>\n<meta property=\"article:publisher\" content=\"https:\/\/www.facebook.com\/generalkinematics\" \/>\n<meta property=\"article:modified_time\" content=\"2018-08-31T14:41:50+00:00\" \/>\n<meta property=\"og:image\" content=\"https:\/\/www.generalkinematics.com\/wp-content\/uploads\/2015\/07\/Marpan.jpg\" \/>\n\t<meta property=\"og:image:width\" content=\"3264\" \/>\n\t<meta property=\"og:image:height\" content=\"2448\" \/>\n\t<meta property=\"og:image:type\" content=\"image\/jpeg\" \/>\n<meta name=\"twitter:card\" content=\"summary_large_image\" \/>\n<meta name=\"twitter:site\" content=\"@gkvibrating\" \/>\n<meta name=\"twitter:label1\" content=\"Gesch\u00e4tzte Lesezeit\" \/>\n\t<meta name=\"twitter:data1\" content=\"1 Minute\" \/>\n<!-- \/ Yoast SEO plugin. -->","yoast_head_json":{"title":"GK-Stabdecksieb f\u00fcr Einzelfluss | General Kinematics","robots":{"index":"index","follow":"follow","max-snippet":"max-snippet:-1","max-image-preview":"max-image-preview:large","max-video-preview":"max-video-preview:-1"},"canonical":"https:\/\/www.generalkinematics.com\/de\/produkt\/gk-stabdecksieb-fur-einzelfluss\/","og_locale":"de_DE","og_type":"article","og_title":"GK-Stabdecksieb f\u00fcr Einzelfluss | General Kinematics","og_description":"General Kinematics Stabdecksieb f\u00fcr Einzelfluss wurde speziell f\u00fcr die Trennung von schwierigem Material entwickelt, das bei herk\u00f6mmlichen Siebanwendungen anf\u00e4llig f\u00fcr Verklebungen oder Verstopfungen ist. Das Geheimnis hinter der Leistungsf\u00e4higkeit der Stabdecks liegt in der Flexibilit\u00e4t und Vergr\u00f6\u00dferung der Siebfl\u00e4che innerhalb des Deckabschnittes, wobei die geplante Siebtoleranz beibehalten wird. Die GK-Stabdecksiebe bieten eine gr\u00f6\u00dfere offene Fl\u00e4che, [&hellip;]","og_url":"https:\/\/www.generalkinematics.com\/de\/produkt\/gk-stabdecksieb-fur-einzelfluss\/","og_site_name":"General Kinematics","article_publisher":"https:\/\/www.facebook.com\/generalkinematics","article_modified_time":"2018-08-31T14:41:50+00:00","og_image":[{"width":3264,"height":2448,"url":"https:\/\/www.generalkinematics.com\/wp-content\/uploads\/2015\/07\/Marpan.jpg","type":"image\/jpeg"}],"twitter_card":"summary_large_image","twitter_site":"@gkvibrating","twitter_misc":{"Gesch\u00e4tzte Lesezeit":"1 Minute"},"schema":{"@context":"https:\/\/schema.org","@graph":[{"@type":"WebPage","@id":"https:\/\/www.generalkinematics.com\/de\/produkt\/gk-stabdecksieb-fur-einzelfluss\/","url":"https:\/\/www.generalkinematics.com\/de\/produkt\/gk-stabdecksieb-fur-einzelfluss\/","name":"GK-Stabdecksieb f\u00fcr Einzelfluss | General Kinematics","isPartOf":{"@id":"https:\/\/www.generalkinematics.com\/de\/#website"},"primaryImageOfPage":{"@id":"https:\/\/www.generalkinematics.com\/de\/produkt\/gk-stabdecksieb-fur-einzelfluss\/#primaryimage"},"image":{"@id":"https:\/\/www.generalkinematics.com\/de\/produkt\/gk-stabdecksieb-fur-einzelfluss\/#primaryimage"},"thumbnailUrl":"https:\/\/media.generalkinematics.com\/wp-content\/uploads\/2015\/07\/Marpan.jpg","datePublished":"2016-05-17T18:22:52+00:00","dateModified":"2018-08-31T14:41:50+00:00","breadcrumb":{"@id":"https:\/\/www.generalkinematics.com\/de\/produkt\/gk-stabdecksieb-fur-einzelfluss\/#breadcrumb"},"inLanguage":"de-DE","potentialAction":[{"@type":"ReadAction","target":["https:\/\/www.generalkinematics.com\/de\/produkt\/gk-stabdecksieb-fur-einzelfluss\/"]}]},{"@type":"ImageObject","inLanguage":"de-DE","@id":"https:\/\/www.generalkinematics.com\/de\/produkt\/gk-stabdecksieb-fur-einzelfluss\/#primaryimage","url":"https:\/\/media.generalkinematics.com\/wp-content\/uploads\/2015\/07\/Marpan.jpg","contentUrl":"https:\/\/media.generalkinematics.com\/wp-content\/uploads\/2015\/07\/Marpan.jpg","width":3264,"height":2448,"caption":"general-kinematics-screening-solutions"},{"@type":"BreadcrumbList","@id":"https:\/\/www.generalkinematics.com\/de\/produkt\/gk-stabdecksieb-fur-einzelfluss\/#breadcrumb","itemListElement":[{"@type":"ListItem","position":1,"name":"GK Home","item":"https:\/\/www.generalkinematics.com\/de\/"},{"@type":"ListItem","position":2,"name":"Shop","item":"https:\/\/www.generalkinematics.com\/shop\/"},{"@type":"ListItem","position":3,"name":"GK-Stabdecksieb f\u00fcr Einzelfluss"}]},{"@type":"WebSite","@id":"https:\/\/www.generalkinematics.com\/de\/#website","url":"https:\/\/www.generalkinematics.com\/de\/","name":"General Kinematics","description":"","publisher":{"@id":"https:\/\/www.generalkinematics.com\/de\/#organization"},"potentialAction":[{"@type":"SearchAction","target":{"@type":"EntryPoint","urlTemplate":"https:\/\/www.generalkinematics.com\/de\/?s={search_term_string}"},"query-input":{"@type":"PropertyValueSpecification","valueRequired":true,"valueName":"search_term_string"}}],"inLanguage":"de-DE"},{"@type":"Organization","@id":"https:\/\/www.generalkinematics.com\/de\/#organization","name":"General Kinematics","url":"https:\/\/www.generalkinematics.com\/de\/","logo":{"@type":"ImageObject","inLanguage":"de-DE","@id":"https:\/\/www.generalkinematics.com\/de\/#\/schema\/logo\/image\/","url":"https:\/\/media.generalkinematics.com\/wp-content\/uploads\/2018\/03\/logo.png","contentUrl":"https:\/\/media.generalkinematics.com\/wp-content\/uploads\/2018\/03\/logo.png","width":313,"height":100,"caption":"General Kinematics"},"image":{"@id":"https:\/\/www.generalkinematics.com\/de\/#\/schema\/logo\/image\/"},"sameAs":["https:\/\/www.facebook.com\/generalkinematics","https:\/\/x.com\/gkvibrating"]}]}},"_links":{"self":[{"href":"https:\/\/www.generalkinematics.com\/de\/wp-json\/wp\/v2\/product\/40497","targetHints":{"allow":["GET"]}}],"collection":[{"href":"https:\/\/www.generalkinematics.com\/de\/wp-json\/wp\/v2\/product"}],"about":[{"href":"https:\/\/www.generalkinematics.com\/de\/wp-json\/wp\/v2\/types\/product"}],"replies":[{"embeddable":true,"href":"https:\/\/www.generalkinematics.com\/de\/wp-json\/wp\/v2\/comments?post=40497"}],"wp:featuredmedia":[{"embeddable":true,"href":"https:\/\/www.generalkinematics.com\/de\/wp-json\/wp\/v2\/media\/23799"}],"wp:attachment":[{"href":"https:\/\/www.generalkinematics.com\/de\/wp-json\/wp\/v2\/media?parent=40497"}],"wp:term":[{"taxonomy":"product_brand","embeddable":true,"href":"https:\/\/www.generalkinematics.com\/de\/wp-json\/wp\/v2\/product_brand?post=40497"},{"taxonomy":"product_cat","embeddable":true,"href":"https:\/\/www.generalkinematics.com\/de\/wp-json\/wp\/v2\/product_cat?post=40497"},{"taxonomy":"product_tag","embeddable":true,"href":"https:\/\/www.generalkinematics.com\/de\/wp-json\/wp\/v2\/product_tag?post=40497"}],"curies":[{"name":"wp","href":"https:\/\/api.w.org\/{rel}","templated":true}]}}