{"id":40508,"date":"2016-05-25T14:47:00","date_gmt":"2016-05-25T19:47:00","guid":{"rendered":"https:\/\/www.generalkinematics.com\/product\/vorbeugende-instandhaltungsinspektionen\/"},"modified":"2018-08-31T11:06:15","modified_gmt":"2018-08-31T16:06:15","slug":"vorbeugende-instandhaltungsinspektionen","status":"publish","type":"product","link":"https:\/\/www.generalkinematics.com\/de\/produkt\/vorbeugende-instandhaltungsinspektionen\/","title":{"rendered":"Vorbeugende Instandhaltungsinspektionen"},"content":{"rendered":"<p>Sind Sie an der Planung Ihrer n\u00e4chsten Inspektion f\u00fcr vorbeugende Wartung interessiert? GK bietet die besten, zu Ihrem Zeitplan passenden Programme. Zu den behandelten Themen geh\u00f6ren normalerweise:<\/p>\n<ul>\n<li>Inspektionen, die im Zusammenhang mit Ihren Ausf\u00e4llen oder geplanten Abschaltaktivit\u00e4ten geplant sind<\/li>\n<li>Aktivit\u00e4ten zur Minimierung von Ausfallzeiten<\/li>\n<li>Anlageninspektion des gesamten GK-Vibrations-Equipments<\/li>\n<li>Ultraschalldickenpr\u00fcfung von Auskleidungen<\/li>\n<li>Detaillierter Bericht nach der Inspektion f\u00fcr jede Maschine<\/li>\n<li>Unterst\u00fctzung bei der Entwicklung der Instandhaltungsplanung<\/li>\n<li>Die Inspektions-\/Beobachtungsdienstleistungen sind w\u00e4hrend der Produktion, aber auch, wenn das Equipment ausgeschaltet ist, m\u00f6glich.<\/li>\n<\/ul>\n","protected":false},"excerpt":{"rendered":"<p>Sind Sie an der Planung Ihrer n\u00e4chsten Inspektion f\u00fcr vorbeugende Wartung interessiert? GK bietet die besten, zu Ihrem Zeitplan passenden Programme. Zu den behandelten Themen geh\u00f6ren normalerweise: Inspektionen, die im Zusammenhang mit Ihren Ausf\u00e4llen oder geplanten Abschaltaktivit\u00e4ten geplant sind Aktivit\u00e4ten zur Minimierung von Ausfallzeiten Anlageninspektion des gesamten GK-Vibrations-Equipments Ultraschalldickenpr\u00fcfung von Auskleidungen Detaillierter Bericht nach der [&hellip;]<\/p>\n","protected":false},"featured_media":28151,"comment_status":"closed","ping_status":"closed","template":"","meta":{"_acf_changed":false,"om_disable_all_campaigns":false,"ep_exclude_from_search":false},"product_brand":[],"product_cat":[1754],"product_tag":[],"class_list":{"0":"post-40508","1":"product","2":"type-product","3":"status-publish","4":"has-post-thumbnail","6":"casestudytag-field-service-de","7":"product_cat-vibrationsschulung","9":"first","10":"instock","11":"taxable","12":"shipping-taxable","13":"product-type-simple"},"acf":[],"yoast_head":"<!-- This site is optimized with the Yoast SEO plugin v27.2 - https:\/\/yoast.com\/product\/yoast-seo-wordpress\/ -->\n<title>Vorbeugende Instandhaltungsinspektionen | General Kinematics<\/title>\n<meta name=\"robots\" content=\"index, follow, max-snippet:-1, max-image-preview:large, max-video-preview:-1\" \/>\n<link rel=\"canonical\" href=\"https:\/\/www.generalkinematics.com\/de\/produkt\/vorbeugende-instandhaltungsinspektionen\/\" \/>\n<meta property=\"og:locale\" content=\"de_DE\" \/>\n<meta property=\"og:type\" content=\"article\" \/>\n<meta property=\"og:title\" content=\"Vorbeugende Instandhaltungsinspektionen | General Kinematics\" \/>\n<meta property=\"og:description\" content=\"Sind Sie an der Planung Ihrer n\u00e4chsten Inspektion f\u00fcr vorbeugende Wartung interessiert? GK bietet die besten, zu Ihrem Zeitplan passenden Programme. Zu den behandelten Themen geh\u00f6ren normalerweise: Inspektionen, die im Zusammenhang mit Ihren Ausf\u00e4llen oder geplanten Abschaltaktivit\u00e4ten geplant sind Aktivit\u00e4ten zur Minimierung von Ausfallzeiten Anlageninspektion des gesamten GK-Vibrations-Equipments Ultraschalldickenpr\u00fcfung von Auskleidungen Detaillierter Bericht nach der [&hellip;]\" \/>\n<meta property=\"og:url\" content=\"https:\/\/www.generalkinematics.com\/de\/produkt\/vorbeugende-instandhaltungsinspektionen\/\" \/>\n<meta property=\"og:site_name\" content=\"General Kinematics\" \/>\n<meta property=\"article:publisher\" content=\"https:\/\/www.facebook.com\/generalkinematics\" \/>\n<meta property=\"article:modified_time\" content=\"2018-08-31T16:06:15+00:00\" \/>\n<meta property=\"og:image\" content=\"https:\/\/media.generalkinematics.com\/wp-content\/uploads\/2016\/05\/Conbraco-VM-64-4-23-2009-rjs-046.jpg\" \/>\n\t<meta property=\"og:image:width\" content=\"2816\" \/>\n\t<meta property=\"og:image:height\" content=\"2112\" \/>\n\t<meta property=\"og:image:type\" content=\"image\/jpeg\" \/>\n<meta name=\"twitter:card\" content=\"summary_large_image\" \/>\n<meta name=\"twitter:site\" content=\"@gkvibrating\" \/>\n<!-- \/ Yoast SEO plugin. -->","yoast_head_json":{"title":"Vorbeugende Instandhaltungsinspektionen | General Kinematics","robots":{"index":"index","follow":"follow","max-snippet":"max-snippet:-1","max-image-preview":"max-image-preview:large","max-video-preview":"max-video-preview:-1"},"canonical":"https:\/\/www.generalkinematics.com\/de\/produkt\/vorbeugende-instandhaltungsinspektionen\/","og_locale":"de_DE","og_type":"article","og_title":"Vorbeugende Instandhaltungsinspektionen | General Kinematics","og_description":"Sind Sie an der Planung Ihrer n\u00e4chsten Inspektion f\u00fcr vorbeugende Wartung interessiert? GK bietet die besten, zu Ihrem Zeitplan passenden Programme. Zu den behandelten Themen geh\u00f6ren normalerweise: Inspektionen, die im Zusammenhang mit Ihren Ausf\u00e4llen oder geplanten Abschaltaktivit\u00e4ten geplant sind Aktivit\u00e4ten zur Minimierung von Ausfallzeiten Anlageninspektion des gesamten GK-Vibrations-Equipments Ultraschalldickenpr\u00fcfung von Auskleidungen Detaillierter Bericht nach der [&hellip;]","og_url":"https:\/\/www.generalkinematics.com\/de\/produkt\/vorbeugende-instandhaltungsinspektionen\/","og_site_name":"General Kinematics","article_publisher":"https:\/\/www.facebook.com\/generalkinematics","article_modified_time":"2018-08-31T16:06:15+00:00","og_image":[{"width":2816,"height":2112,"url":"https:\/\/media.generalkinematics.com\/wp-content\/uploads\/2016\/05\/Conbraco-VM-64-4-23-2009-rjs-046.jpg","type":"image\/jpeg"}],"twitter_card":"summary_large_image","twitter_site":"@gkvibrating","schema":{"@context":"https:\/\/schema.org","@graph":[{"@type":"WebPage","@id":"https:\/\/www.generalkinematics.com\/de\/produkt\/vorbeugende-instandhaltungsinspektionen\/","url":"https:\/\/www.generalkinematics.com\/de\/produkt\/vorbeugende-instandhaltungsinspektionen\/","name":"Vorbeugende Instandhaltungsinspektionen | General Kinematics","isPartOf":{"@id":"https:\/\/www.generalkinematics.com\/de\/#website"},"primaryImageOfPage":{"@id":"https:\/\/www.generalkinematics.com\/de\/produkt\/vorbeugende-instandhaltungsinspektionen\/#primaryimage"},"image":{"@id":"https:\/\/www.generalkinematics.com\/de\/produkt\/vorbeugende-instandhaltungsinspektionen\/#primaryimage"},"thumbnailUrl":"https:\/\/media.generalkinematics.com\/wp-content\/uploads\/2016\/05\/Conbraco-VM-64-4-23-2009-rjs-046.jpg","datePublished":"2016-05-25T19:47:00+00:00","dateModified":"2018-08-31T16:06:15+00:00","breadcrumb":{"@id":"https:\/\/www.generalkinematics.com\/de\/produkt\/vorbeugende-instandhaltungsinspektionen\/#breadcrumb"},"inLanguage":"de-DE","potentialAction":[{"@type":"ReadAction","target":["https:\/\/www.generalkinematics.com\/de\/produkt\/vorbeugende-instandhaltungsinspektionen\/"]}]},{"@type":"ImageObject","inLanguage":"de-DE","@id":"https:\/\/www.generalkinematics.com\/de\/produkt\/vorbeugende-instandhaltungsinspektionen\/#primaryimage","url":"https:\/\/media.generalkinematics.com\/wp-content\/uploads\/2016\/05\/Conbraco-VM-64-4-23-2009-rjs-046.jpg","contentUrl":"https:\/\/media.generalkinematics.com\/wp-content\/uploads\/2016\/05\/Conbraco-VM-64-4-23-2009-rjs-046.jpg","width":2816,"height":2112,"caption":"general-kinematics-maintenance"},{"@type":"BreadcrumbList","@id":"https:\/\/www.generalkinematics.com\/de\/produkt\/vorbeugende-instandhaltungsinspektionen\/#breadcrumb","itemListElement":[{"@type":"ListItem","position":1,"name":"GK Home","item":"https:\/\/www.generalkinematics.com\/de\/"},{"@type":"ListItem","position":2,"name":"Shop","item":"https:\/\/www.generalkinematics.com\/shop\/"},{"@type":"ListItem","position":3,"name":"Vorbeugende Instandhaltungsinspektionen"}]},{"@type":"WebSite","@id":"https:\/\/www.generalkinematics.com\/de\/#website","url":"https:\/\/www.generalkinematics.com\/de\/","name":"General Kinematics","description":"","publisher":{"@id":"https:\/\/www.generalkinematics.com\/de\/#organization"},"potentialAction":[{"@type":"SearchAction","target":{"@type":"EntryPoint","urlTemplate":"https:\/\/www.generalkinematics.com\/de\/?s={search_term_string}"},"query-input":{"@type":"PropertyValueSpecification","valueRequired":true,"valueName":"search_term_string"}}],"inLanguage":"de-DE"},{"@type":"Organization","@id":"https:\/\/www.generalkinematics.com\/de\/#organization","name":"General Kinematics","url":"https:\/\/www.generalkinematics.com\/de\/","logo":{"@type":"ImageObject","inLanguage":"de-DE","@id":"https:\/\/www.generalkinematics.com\/de\/#\/schema\/logo\/image\/","url":"https:\/\/media.generalkinematics.com\/wp-content\/uploads\/2018\/03\/logo.png","contentUrl":"https:\/\/media.generalkinematics.com\/wp-content\/uploads\/2018\/03\/logo.png","width":313,"height":100,"caption":"General Kinematics"},"image":{"@id":"https:\/\/www.generalkinematics.com\/de\/#\/schema\/logo\/image\/"},"sameAs":["https:\/\/www.facebook.com\/generalkinematics","https:\/\/x.com\/gkvibrating"]}]}},"_links":{"self":[{"href":"https:\/\/www.generalkinematics.com\/de\/wp-json\/wp\/v2\/product\/40508","targetHints":{"allow":["GET"]}}],"collection":[{"href":"https:\/\/www.generalkinematics.com\/de\/wp-json\/wp\/v2\/product"}],"about":[{"href":"https:\/\/www.generalkinematics.com\/de\/wp-json\/wp\/v2\/types\/product"}],"replies":[{"embeddable":true,"href":"https:\/\/www.generalkinematics.com\/de\/wp-json\/wp\/v2\/comments?post=40508"}],"wp:featuredmedia":[{"embeddable":true,"href":"https:\/\/www.generalkinematics.com\/de\/wp-json\/wp\/v2\/media\/28151"}],"wp:attachment":[{"href":"https:\/\/www.generalkinematics.com\/de\/wp-json\/wp\/v2\/media?parent=40508"}],"wp:term":[{"taxonomy":"product_brand","embeddable":true,"href":"https:\/\/www.generalkinematics.com\/de\/wp-json\/wp\/v2\/product_brand?post=40508"},{"taxonomy":"product_cat","embeddable":true,"href":"https:\/\/www.generalkinematics.com\/de\/wp-json\/wp\/v2\/product_cat?post=40508"},{"taxonomy":"product_tag","embeddable":true,"href":"https:\/\/www.generalkinematics.com\/de\/wp-json\/wp\/v2\/product_tag?post=40508"}],"curies":[{"name":"wp","href":"https:\/\/api.w.org\/{rel}","templated":true}]}}