{"id":40515,"date":"2016-05-25T14:49:57","date_gmt":"2016-05-25T19:49:57","guid":{"rendered":"https:\/\/www.generalkinematics.com\/product\/inspektionsprogrammvertrag\/"},"modified":"2019-02-05T21:31:13","modified_gmt":"2019-02-06T03:31:13","slug":"inspektionsprogrammvertrag","status":"publish","type":"product","link":"https:\/\/www.generalkinematics.com\/de\/produkt\/inspektionsprogrammvertrag\/","title":{"rendered":"Inspektionsprogrammvertrag"},"content":{"rendered":"<p>Lassen Sie GK Ihr Instandhaltungsteam durch ein geplantes und ma\u00dfgeschneidertes Inspektionsprogramm unterst\u00fctzen. Regelm\u00e4\u00dfige beauftragte Inspektionen helfen Ihnen, Ihre Maschinen in optimalem Zustand f\u00fcr maximale Verf\u00fcgbarkeit zu halten. Inspektionen beinhalten:<\/p>\n<ul>\n<li>Anlageninspektion allen GK-Equipments<\/li>\n<li>Regelm\u00e4\u00dfig geplante Inspektionen<\/li>\n<li>Detaillierter Ergebnisbericht nach dem Besuch<\/li>\n<li>Zerst\u00f6rungsfreie Pr\u00fcfung der Auskleidungsdicke<\/li>\n<li>Instandhaltungsplanung<\/li>\n<\/ul>\n<p>Bitte wenden Sie sich noch heute an den General Kinematics Kundendienst, um Ihr individuelles Inspektionsprogramm zu vereinbaren. Wie \u00fcblich stehen wir Ihnen immer f\u00fcr Fragen zu unseren Inspektions- und Schulungsprogrammen oder zu unseren Kundendiensteins\u00e4tzen zur Verf\u00fcgung. Wenn Sie feststellen, dass unsere Inspektionsprogrammvertr\u00e4ge nicht f\u00fcr Sie geeignet sind, bieten wir Ihnen andere Service-Vereinbarungen, wie z. B. <a href=\"https:\/\/www.generalkinematics.com\/de\/produkt\/equipment-instandhaltungsseminare\/\">Instandhaltungsseminare f\u00fcr Equipment<\/a>und\/oder <a href=\"https:\/\/www.generalkinematics.com\/de\/produkt\/vorbeugende-instandhaltungsinspektionen\/\">Inspektionen zur vorbeugenden Instandhaltung<\/a> zur Abrechnung pro Besuch an.<\/p>\n","protected":false},"excerpt":{"rendered":"<p>Lassen Sie GK Ihr Instandhaltungsteam durch ein geplantes und ma\u00dfgeschneidertes Inspektionsprogramm unterst\u00fctzen. Regelm\u00e4\u00dfige beauftragte Inspektionen helfen Ihnen, Ihre Maschinen in optimalem Zustand f\u00fcr maximale Verf\u00fcgbarkeit zu halten. Inspektionen beinhalten: Anlageninspektion allen GK-Equipments Regelm\u00e4\u00dfig geplante Inspektionen Detaillierter Ergebnisbericht nach dem Besuch Zerst\u00f6rungsfreie Pr\u00fcfung der Auskleidungsdicke Instandhaltungsplanung Bitte wenden Sie sich noch heute an den General Kinematics [&hellip;]<\/p>\n","protected":false},"featured_media":28159,"comment_status":"closed","ping_status":"closed","template":"","meta":{"_acf_changed":false,"om_disable_all_campaigns":false,"ep_exclude_from_search":false},"product_brand":[],"product_cat":[1754],"product_tag":[],"class_list":{"0":"post-40515","1":"product","2":"type-product","3":"status-publish","4":"has-post-thumbnail","6":"product_cat-vibrationsschulung","8":"first","9":"instock","10":"taxable","11":"shipping-taxable","12":"product-type-simple"},"acf":[],"yoast_head":"<!-- This site is optimized with the Yoast SEO plugin v27.2 - https:\/\/yoast.com\/product\/yoast-seo-wordpress\/ -->\n<title>Inspektionsprogrammvertrag | General Kinematics<\/title>\n<meta name=\"robots\" content=\"index, follow, max-snippet:-1, max-image-preview:large, max-video-preview:-1\" \/>\n<link rel=\"canonical\" href=\"https:\/\/www.generalkinematics.com\/de\/produkt\/inspektionsprogrammvertrag\/\" \/>\n<meta property=\"og:locale\" content=\"de_DE\" \/>\n<meta property=\"og:type\" content=\"article\" \/>\n<meta property=\"og:title\" content=\"Inspektionsprogrammvertrag | General Kinematics\" \/>\n<meta property=\"og:description\" content=\"Lassen Sie GK Ihr Instandhaltungsteam durch ein geplantes und ma\u00dfgeschneidertes Inspektionsprogramm unterst\u00fctzen. Regelm\u00e4\u00dfige beauftragte Inspektionen helfen Ihnen, Ihre Maschinen in optimalem Zustand f\u00fcr maximale Verf\u00fcgbarkeit zu halten. Inspektionen beinhalten: Anlageninspektion allen GK-Equipments Regelm\u00e4\u00dfig geplante Inspektionen Detaillierter Ergebnisbericht nach dem Besuch Zerst\u00f6rungsfreie Pr\u00fcfung der Auskleidungsdicke Instandhaltungsplanung Bitte wenden Sie sich noch heute an den General Kinematics [&hellip;]\" \/>\n<meta property=\"og:url\" content=\"https:\/\/www.generalkinematics.com\/de\/produkt\/inspektionsprogrammvertrag\/\" \/>\n<meta property=\"og:site_name\" content=\"General Kinematics\" \/>\n<meta property=\"article:publisher\" content=\"https:\/\/www.facebook.com\/generalkinematics\" \/>\n<meta property=\"article:modified_time\" content=\"2019-02-06T03:31:13+00:00\" \/>\n<meta property=\"og:image\" content=\"https:\/\/media.generalkinematics.com\/wp-content\/uploads\/2015\/07\/IMG_8023small.jpg\" \/>\n\t<meta property=\"og:image:width\" content=\"1200\" \/>\n\t<meta property=\"og:image:height\" content=\"800\" \/>\n\t<meta property=\"og:image:type\" content=\"image\/jpeg\" \/>\n<meta name=\"twitter:card\" content=\"summary_large_image\" \/>\n<meta name=\"twitter:site\" content=\"@gkvibrating\" \/>\n<meta name=\"twitter:label1\" content=\"Gesch\u00e4tzte Lesezeit\" \/>\n\t<meta name=\"twitter:data1\" content=\"1 Minute\" \/>\n<!-- \/ Yoast SEO plugin. -->","yoast_head_json":{"title":"Inspektionsprogrammvertrag | General Kinematics","robots":{"index":"index","follow":"follow","max-snippet":"max-snippet:-1","max-image-preview":"max-image-preview:large","max-video-preview":"max-video-preview:-1"},"canonical":"https:\/\/www.generalkinematics.com\/de\/produkt\/inspektionsprogrammvertrag\/","og_locale":"de_DE","og_type":"article","og_title":"Inspektionsprogrammvertrag | General Kinematics","og_description":"Lassen Sie GK Ihr Instandhaltungsteam durch ein geplantes und ma\u00dfgeschneidertes Inspektionsprogramm unterst\u00fctzen. Regelm\u00e4\u00dfige beauftragte Inspektionen helfen Ihnen, Ihre Maschinen in optimalem Zustand f\u00fcr maximale Verf\u00fcgbarkeit zu halten. Inspektionen beinhalten: Anlageninspektion allen GK-Equipments Regelm\u00e4\u00dfig geplante Inspektionen Detaillierter Ergebnisbericht nach dem Besuch Zerst\u00f6rungsfreie Pr\u00fcfung der Auskleidungsdicke Instandhaltungsplanung Bitte wenden Sie sich noch heute an den General Kinematics [&hellip;]","og_url":"https:\/\/www.generalkinematics.com\/de\/produkt\/inspektionsprogrammvertrag\/","og_site_name":"General Kinematics","article_publisher":"https:\/\/www.facebook.com\/generalkinematics","article_modified_time":"2019-02-06T03:31:13+00:00","og_image":[{"width":1200,"height":800,"url":"https:\/\/media.generalkinematics.com\/wp-content\/uploads\/2015\/07\/IMG_8023small.jpg","type":"image\/jpeg"}],"twitter_card":"summary_large_image","twitter_site":"@gkvibrating","twitter_misc":{"Gesch\u00e4tzte Lesezeit":"1 Minute"},"schema":{"@context":"https:\/\/schema.org","@graph":[{"@type":"WebPage","@id":"https:\/\/www.generalkinematics.com\/de\/produkt\/inspektionsprogrammvertrag\/","url":"https:\/\/www.generalkinematics.com\/de\/produkt\/inspektionsprogrammvertrag\/","name":"Inspektionsprogrammvertrag | General Kinematics","isPartOf":{"@id":"https:\/\/www.generalkinematics.com\/de\/#website"},"primaryImageOfPage":{"@id":"https:\/\/www.generalkinematics.com\/de\/produkt\/inspektionsprogrammvertrag\/#primaryimage"},"image":{"@id":"https:\/\/www.generalkinematics.com\/de\/produkt\/inspektionsprogrammvertrag\/#primaryimage"},"thumbnailUrl":"https:\/\/media.generalkinematics.com\/wp-content\/uploads\/2015\/07\/IMG_8023small.jpg","datePublished":"2016-05-25T19:49:57+00:00","dateModified":"2019-02-06T03:31:13+00:00","breadcrumb":{"@id":"https:\/\/www.generalkinematics.com\/de\/produkt\/inspektionsprogrammvertrag\/#breadcrumb"},"inLanguage":"de-DE","potentialAction":[{"@type":"ReadAction","target":["https:\/\/www.generalkinematics.com\/de\/produkt\/inspektionsprogrammvertrag\/"]}]},{"@type":"ImageObject","inLanguage":"de-DE","@id":"https:\/\/www.generalkinematics.com\/de\/produkt\/inspektionsprogrammvertrag\/#primaryimage","url":"https:\/\/media.generalkinematics.com\/wp-content\/uploads\/2015\/07\/IMG_8023small.jpg","contentUrl":"https:\/\/media.generalkinematics.com\/wp-content\/uploads\/2015\/07\/IMG_8023small.jpg","width":1200,"height":800,"caption":"general-kinematics-contract-inspection-program"},{"@type":"BreadcrumbList","@id":"https:\/\/www.generalkinematics.com\/de\/produkt\/inspektionsprogrammvertrag\/#breadcrumb","itemListElement":[{"@type":"ListItem","position":1,"name":"GK Home","item":"https:\/\/www.generalkinematics.com\/de\/"},{"@type":"ListItem","position":2,"name":"Shop","item":"https:\/\/www.generalkinematics.com\/shop\/"},{"@type":"ListItem","position":3,"name":"Inspektionsprogrammvertrag"}]},{"@type":"WebSite","@id":"https:\/\/www.generalkinematics.com\/de\/#website","url":"https:\/\/www.generalkinematics.com\/de\/","name":"General Kinematics","description":"","publisher":{"@id":"https:\/\/www.generalkinematics.com\/de\/#organization"},"potentialAction":[{"@type":"SearchAction","target":{"@type":"EntryPoint","urlTemplate":"https:\/\/www.generalkinematics.com\/de\/?s={search_term_string}"},"query-input":{"@type":"PropertyValueSpecification","valueRequired":true,"valueName":"search_term_string"}}],"inLanguage":"de-DE"},{"@type":"Organization","@id":"https:\/\/www.generalkinematics.com\/de\/#organization","name":"General Kinematics","url":"https:\/\/www.generalkinematics.com\/de\/","logo":{"@type":"ImageObject","inLanguage":"de-DE","@id":"https:\/\/www.generalkinematics.com\/de\/#\/schema\/logo\/image\/","url":"https:\/\/media.generalkinematics.com\/wp-content\/uploads\/2018\/03\/logo.png","contentUrl":"https:\/\/media.generalkinematics.com\/wp-content\/uploads\/2018\/03\/logo.png","width":313,"height":100,"caption":"General Kinematics"},"image":{"@id":"https:\/\/www.generalkinematics.com\/de\/#\/schema\/logo\/image\/"},"sameAs":["https:\/\/www.facebook.com\/generalkinematics","https:\/\/x.com\/gkvibrating"]}]}},"_links":{"self":[{"href":"https:\/\/www.generalkinematics.com\/de\/wp-json\/wp\/v2\/product\/40515","targetHints":{"allow":["GET"]}}],"collection":[{"href":"https:\/\/www.generalkinematics.com\/de\/wp-json\/wp\/v2\/product"}],"about":[{"href":"https:\/\/www.generalkinematics.com\/de\/wp-json\/wp\/v2\/types\/product"}],"replies":[{"embeddable":true,"href":"https:\/\/www.generalkinematics.com\/de\/wp-json\/wp\/v2\/comments?post=40515"}],"wp:featuredmedia":[{"embeddable":true,"href":"https:\/\/www.generalkinematics.com\/de\/wp-json\/wp\/v2\/media\/28159"}],"wp:attachment":[{"href":"https:\/\/www.generalkinematics.com\/de\/wp-json\/wp\/v2\/media?parent=40515"}],"wp:term":[{"taxonomy":"product_brand","embeddable":true,"href":"https:\/\/www.generalkinematics.com\/de\/wp-json\/wp\/v2\/product_brand?post=40515"},{"taxonomy":"product_cat","embeddable":true,"href":"https:\/\/www.generalkinematics.com\/de\/wp-json\/wp\/v2\/product_cat?post=40515"},{"taxonomy":"product_tag","embeddable":true,"href":"https:\/\/www.generalkinematics.com\/de\/wp-json\/wp\/v2\/product_tag?post=40515"}],"curies":[{"name":"wp","href":"https:\/\/api.w.org\/{rel}","templated":true}]}}