{"id":40524,"date":"2016-06-01T14:09:59","date_gmt":"2016-06-01T19:09:59","guid":{"rendered":"https:\/\/www.generalkinematics.com\/product\/vibrationsanalyse\/"},"modified":"2018-08-31T11:05:45","modified_gmt":"2018-08-31T16:05:45","slug":"vibrationsanalyse","status":"publish","type":"product","link":"https:\/\/www.generalkinematics.com\/de\/produkt\/vibrationsanalyse\/","title":{"rendered":"Vibrationsanalyse"},"content":{"rendered":"<p>Haben Sie \u00fcberm\u00e4\u00dfige Vibrationen, die in den umgebenden Boden oder die Struktur \u00fcbertragen werden? Unabh\u00e4ngig vom Vibrationstyp oder der Marke k\u00f6nnen die technischen Experten von GK zu Ihnen kommen, um Ihnen bei der Bestimmung der Ursache des Vibrationsproblems zu helfen. GK-Techniker analysieren Ihr Vibrations-Equipment und die Umgebung, um festzustellen, welche Maschine das Problem verursacht, und unterbreiten Vorschl\u00e4ge zur Minderung Ihrer Vibrationsprobleme.<\/p>\n","protected":false},"excerpt":{"rendered":"<p>Haben Sie \u00fcberm\u00e4\u00dfige Vibrationen, die in den umgebenden Boden oder die Struktur \u00fcbertragen werden? Unabh\u00e4ngig vom Vibrationstyp oder der Marke k\u00f6nnen die technischen Experten von GK zu Ihnen kommen, um Ihnen bei der Bestimmung der Ursache des Vibrationsproblems zu helfen. GK-Techniker analysieren Ihr Vibrations-Equipment und die Umgebung, um festzustellen, welche Maschine das Problem verursacht, und [&hellip;]<\/p>\n","protected":false},"featured_media":28139,"comment_status":"closed","ping_status":"closed","template":"","meta":{"_acf_changed":false,"om_disable_all_campaigns":false,"ep_exclude_from_search":false},"product_brand":[],"product_cat":[1752,1754],"product_tag":[],"class_list":{"0":"post-40524","1":"product","2":"type-product","3":"status-publish","4":"has-post-thumbnail","6":"product_cat-gks-premium-ausendienst","7":"product_cat-vibrationsschulung","9":"first","10":"instock","11":"taxable","12":"shipping-taxable","13":"product-type-simple"},"acf":[],"yoast_head":"<!-- This site is optimized with the Yoast SEO plugin v27.2 - https:\/\/yoast.com\/product\/yoast-seo-wordpress\/ -->\n<title>Vibrationsanalyse | General Kinematics<\/title>\n<meta name=\"robots\" content=\"index, follow, max-snippet:-1, max-image-preview:large, max-video-preview:-1\" \/>\n<link rel=\"canonical\" href=\"https:\/\/www.generalkinematics.com\/de\/produkt\/vibrationsanalyse\/\" \/>\n<meta property=\"og:locale\" content=\"de_DE\" \/>\n<meta property=\"og:type\" content=\"article\" \/>\n<meta property=\"og:title\" content=\"Vibrationsanalyse | General Kinematics\" \/>\n<meta property=\"og:description\" content=\"Haben Sie \u00fcberm\u00e4\u00dfige Vibrationen, die in den umgebenden Boden oder die Struktur \u00fcbertragen werden? Unabh\u00e4ngig vom Vibrationstyp oder der Marke k\u00f6nnen die technischen Experten von GK zu Ihnen kommen, um Ihnen bei der Bestimmung der Ursache des Vibrationsproblems zu helfen. GK-Techniker analysieren Ihr Vibrations-Equipment und die Umgebung, um festzustellen, welche Maschine das Problem verursacht, und [&hellip;]\" \/>\n<meta property=\"og:url\" content=\"https:\/\/www.generalkinematics.com\/de\/produkt\/vibrationsanalyse\/\" \/>\n<meta property=\"og:site_name\" content=\"General Kinematics\" \/>\n<meta property=\"article:publisher\" content=\"https:\/\/www.facebook.com\/generalkinematics\" \/>\n<meta property=\"article:modified_time\" content=\"2018-08-31T16:05:45+00:00\" \/>\n<meta property=\"og:image\" content=\"https:\/\/media.generalkinematics.com\/wp-content\/uploads\/2015\/07\/IMG_8040small.jpg\" \/>\n\t<meta property=\"og:image:width\" content=\"1200\" \/>\n\t<meta property=\"og:image:height\" content=\"800\" \/>\n\t<meta property=\"og:image:type\" content=\"image\/jpeg\" \/>\n<meta name=\"twitter:card\" content=\"summary_large_image\" \/>\n<meta name=\"twitter:site\" content=\"@gkvibrating\" \/>\n<!-- \/ Yoast SEO plugin. -->","yoast_head_json":{"title":"Vibrationsanalyse | General Kinematics","robots":{"index":"index","follow":"follow","max-snippet":"max-snippet:-1","max-image-preview":"max-image-preview:large","max-video-preview":"max-video-preview:-1"},"canonical":"https:\/\/www.generalkinematics.com\/de\/produkt\/vibrationsanalyse\/","og_locale":"de_DE","og_type":"article","og_title":"Vibrationsanalyse | General Kinematics","og_description":"Haben Sie \u00fcberm\u00e4\u00dfige Vibrationen, die in den umgebenden Boden oder die Struktur \u00fcbertragen werden? Unabh\u00e4ngig vom Vibrationstyp oder der Marke k\u00f6nnen die technischen Experten von GK zu Ihnen kommen, um Ihnen bei der Bestimmung der Ursache des Vibrationsproblems zu helfen. GK-Techniker analysieren Ihr Vibrations-Equipment und die Umgebung, um festzustellen, welche Maschine das Problem verursacht, und [&hellip;]","og_url":"https:\/\/www.generalkinematics.com\/de\/produkt\/vibrationsanalyse\/","og_site_name":"General Kinematics","article_publisher":"https:\/\/www.facebook.com\/generalkinematics","article_modified_time":"2018-08-31T16:05:45+00:00","og_image":[{"width":1200,"height":800,"url":"https:\/\/media.generalkinematics.com\/wp-content\/uploads\/2015\/07\/IMG_8040small.jpg","type":"image\/jpeg"}],"twitter_card":"summary_large_image","twitter_site":"@gkvibrating","schema":{"@context":"https:\/\/schema.org","@graph":[{"@type":"WebPage","@id":"https:\/\/www.generalkinematics.com\/de\/produkt\/vibrationsanalyse\/","url":"https:\/\/www.generalkinematics.com\/de\/produkt\/vibrationsanalyse\/","name":"Vibrationsanalyse | General Kinematics","isPartOf":{"@id":"https:\/\/www.generalkinematics.com\/de\/#website"},"primaryImageOfPage":{"@id":"https:\/\/www.generalkinematics.com\/de\/produkt\/vibrationsanalyse\/#primaryimage"},"image":{"@id":"https:\/\/www.generalkinematics.com\/de\/produkt\/vibrationsanalyse\/#primaryimage"},"thumbnailUrl":"https:\/\/media.generalkinematics.com\/wp-content\/uploads\/2015\/07\/IMG_8040small.jpg","datePublished":"2016-06-01T19:09:59+00:00","dateModified":"2018-08-31T16:05:45+00:00","breadcrumb":{"@id":"https:\/\/www.generalkinematics.com\/de\/produkt\/vibrationsanalyse\/#breadcrumb"},"inLanguage":"de-DE","potentialAction":[{"@type":"ReadAction","target":["https:\/\/www.generalkinematics.com\/de\/produkt\/vibrationsanalyse\/"]}]},{"@type":"ImageObject","inLanguage":"de-DE","@id":"https:\/\/www.generalkinematics.com\/de\/produkt\/vibrationsanalyse\/#primaryimage","url":"https:\/\/media.generalkinematics.com\/wp-content\/uploads\/2015\/07\/IMG_8040small.jpg","contentUrl":"https:\/\/media.generalkinematics.com\/wp-content\/uploads\/2015\/07\/IMG_8040small.jpg","width":1200,"height":800,"caption":"Federinspektionen"},{"@type":"BreadcrumbList","@id":"https:\/\/www.generalkinematics.com\/de\/produkt\/vibrationsanalyse\/#breadcrumb","itemListElement":[{"@type":"ListItem","position":1,"name":"GK Home","item":"https:\/\/www.generalkinematics.com\/de\/"},{"@type":"ListItem","position":2,"name":"Shop","item":"https:\/\/www.generalkinematics.com\/shop\/"},{"@type":"ListItem","position":3,"name":"Vibrationsanalyse"}]},{"@type":"WebSite","@id":"https:\/\/www.generalkinematics.com\/de\/#website","url":"https:\/\/www.generalkinematics.com\/de\/","name":"General Kinematics","description":"","publisher":{"@id":"https:\/\/www.generalkinematics.com\/de\/#organization"},"potentialAction":[{"@type":"SearchAction","target":{"@type":"EntryPoint","urlTemplate":"https:\/\/www.generalkinematics.com\/de\/?s={search_term_string}"},"query-input":{"@type":"PropertyValueSpecification","valueRequired":true,"valueName":"search_term_string"}}],"inLanguage":"de-DE"},{"@type":"Organization","@id":"https:\/\/www.generalkinematics.com\/de\/#organization","name":"General Kinematics","url":"https:\/\/www.generalkinematics.com\/de\/","logo":{"@type":"ImageObject","inLanguage":"de-DE","@id":"https:\/\/www.generalkinematics.com\/de\/#\/schema\/logo\/image\/","url":"https:\/\/media.generalkinematics.com\/wp-content\/uploads\/2018\/03\/logo.png","contentUrl":"https:\/\/media.generalkinematics.com\/wp-content\/uploads\/2018\/03\/logo.png","width":313,"height":100,"caption":"General Kinematics"},"image":{"@id":"https:\/\/www.generalkinematics.com\/de\/#\/schema\/logo\/image\/"},"sameAs":["https:\/\/www.facebook.com\/generalkinematics","https:\/\/x.com\/gkvibrating"]}]}},"_links":{"self":[{"href":"https:\/\/www.generalkinematics.com\/de\/wp-json\/wp\/v2\/product\/40524","targetHints":{"allow":["GET"]}}],"collection":[{"href":"https:\/\/www.generalkinematics.com\/de\/wp-json\/wp\/v2\/product"}],"about":[{"href":"https:\/\/www.generalkinematics.com\/de\/wp-json\/wp\/v2\/types\/product"}],"replies":[{"embeddable":true,"href":"https:\/\/www.generalkinematics.com\/de\/wp-json\/wp\/v2\/comments?post=40524"}],"wp:featuredmedia":[{"embeddable":true,"href":"https:\/\/www.generalkinematics.com\/de\/wp-json\/wp\/v2\/media\/28139"}],"wp:attachment":[{"href":"https:\/\/www.generalkinematics.com\/de\/wp-json\/wp\/v2\/media?parent=40524"}],"wp:term":[{"taxonomy":"product_brand","embeddable":true,"href":"https:\/\/www.generalkinematics.com\/de\/wp-json\/wp\/v2\/product_brand?post=40524"},{"taxonomy":"product_cat","embeddable":true,"href":"https:\/\/www.generalkinematics.com\/de\/wp-json\/wp\/v2\/product_cat?post=40524"},{"taxonomy":"product_tag","embeddable":true,"href":"https:\/\/www.generalkinematics.com\/de\/wp-json\/wp\/v2\/product_tag?post=40524"}],"curies":[{"name":"wp","href":"https:\/\/api.w.org\/{rel}","templated":true}]}}