{"id":40550,"date":"2016-09-09T13:53:49","date_gmt":"2016-09-09T18:53:49","guid":{"rendered":"https:\/\/www.generalkinematics.com\/product\/bruchglasforderer\/"},"modified":"2020-07-21T13:08:33","modified_gmt":"2020-07-21T18:08:33","slug":"bruchglasforderer","status":"publish","type":"product","link":"https:\/\/www.generalkinematics.com\/de\/produkt\/bruchglasforderer\/","title":{"rendered":"Bruchglasf\u00f6rderer"},"content":{"rendered":"<p>Speziell entwickelt, um Glas und Altglas in Ihrer Einrichtung zu transportieren und zu sammeln. GK-<strong>Transferf\u00f6rderer<\/strong><strong> f\u00fcr Altglas<\/strong> k\u00f6nnen unter dem Boden in einem Kanal oder in einer erh\u00f6hten Position mit einem ausgewogenen Design angeordnet werden. Viele Kunden bevorzugen den Graben wegen seiner einfachen Handhabung und Bequemlichkeit &#8211; wenn Glas herunterf\u00e4llt oder Gegenst\u00e4nde zerbrochen werden, kann Glas leicht auf das F\u00f6rderband gekehrt werden. Dar\u00fcber hinaus bieten diese F\u00f6rderer mehr Platz f\u00fcr andere Bearbeitungsvorg\u00e4nge.<\/p>\n<p>Optionale Auskleidungseinheiten sind aus Chromkarbid oder abriebfest (AR) und sind daf\u00fcr ausgelegt, der abrasiven Natur von Altglas standzuhalten. Andere Optionen umfassen Wasserabschreckung, Feinstaubentfernung, Abdeckungen und mehr, um die Qualit\u00e4t Ihrer Materialien zu verbessern.<\/p>\n","protected":false},"excerpt":{"rendered":"<p>Speziell entwickelt, um Glas und Altglas in Ihrer Einrichtung zu transportieren und zu sammeln. GK-Transferf\u00f6rderer f\u00fcr Altglas k\u00f6nnen unter dem Boden in einem Kanal oder in einer erh\u00f6hten Position mit einem ausgewogenen Design angeordnet werden. Viele Kunden bevorzugen den Graben wegen seiner einfachen Handhabung und Bequemlichkeit &#8211; wenn Glas herunterf\u00e4llt oder Gegenst\u00e4nde zerbrochen werden, kann [&hellip;]<\/p>\n","protected":false},"featured_media":28639,"comment_status":"closed","ping_status":"closed","template":"","meta":{"_acf_changed":false,"om_disable_all_campaigns":false,"ep_exclude_from_search":false},"product_brand":[],"product_cat":[2148],"product_tag":[],"class_list":{"0":"post-40550","1":"product","2":"type-product","3":"status-publish","4":"has-post-thumbnail","6":"product_cat-glas-fiberglas","8":"first","9":"instock","10":"taxable","11":"shipping-taxable","12":"product-type-simple"},"acf":[],"yoast_head":"<!-- This site is optimized with the Yoast SEO plugin v27.2 - https:\/\/yoast.com\/product\/yoast-seo-wordpress\/ -->\n<title>Bruchglasf\u00f6rderer | General Kinematics<\/title>\n<meta name=\"robots\" content=\"index, follow, max-snippet:-1, max-image-preview:large, max-video-preview:-1\" \/>\n<link rel=\"canonical\" href=\"https:\/\/www.generalkinematics.com\/de\/produkt\/bruchglasforderer\/\" \/>\n<meta property=\"og:locale\" content=\"de_DE\" \/>\n<meta property=\"og:type\" content=\"article\" \/>\n<meta property=\"og:title\" content=\"Bruchglasf\u00f6rderer | General Kinematics\" \/>\n<meta property=\"og:description\" content=\"Speziell entwickelt, um Glas und Altglas in Ihrer Einrichtung zu transportieren und zu sammeln. GK-Transferf\u00f6rderer f\u00fcr Altglas k\u00f6nnen unter dem Boden in einem Kanal oder in einer erh\u00f6hten Position mit einem ausgewogenen Design angeordnet werden. Viele Kunden bevorzugen den Graben wegen seiner einfachen Handhabung und Bequemlichkeit &#8211; wenn Glas herunterf\u00e4llt oder Gegenst\u00e4nde zerbrochen werden, kann [&hellip;]\" \/>\n<meta property=\"og:url\" content=\"https:\/\/www.generalkinematics.com\/de\/produkt\/bruchglasforderer\/\" \/>\n<meta property=\"og:site_name\" content=\"General Kinematics\" \/>\n<meta property=\"article:publisher\" content=\"https:\/\/www.facebook.com\/generalkinematics\" \/>\n<meta property=\"article:modified_time\" content=\"2020-07-21T18:08:33+00:00\" \/>\n<meta property=\"og:image\" content=\"https:\/\/www.generalkinematics.com\/wp-content\/uploads\/2016\/09\/C09769-01-166.jpg\" \/>\n\t<meta property=\"og:image:width\" content=\"2048\" \/>\n\t<meta property=\"og:image:height\" content=\"1536\" \/>\n\t<meta property=\"og:image:type\" content=\"image\/jpeg\" \/>\n<meta name=\"twitter:card\" content=\"summary_large_image\" \/>\n<meta name=\"twitter:site\" content=\"@gkvibrating\" \/>\n<meta name=\"twitter:label1\" content=\"Gesch\u00e4tzte Lesezeit\" \/>\n\t<meta name=\"twitter:data1\" content=\"1 Minute\" \/>\n<!-- \/ Yoast SEO plugin. -->","yoast_head_json":{"title":"Bruchglasf\u00f6rderer | General Kinematics","robots":{"index":"index","follow":"follow","max-snippet":"max-snippet:-1","max-image-preview":"max-image-preview:large","max-video-preview":"max-video-preview:-1"},"canonical":"https:\/\/www.generalkinematics.com\/de\/produkt\/bruchglasforderer\/","og_locale":"de_DE","og_type":"article","og_title":"Bruchglasf\u00f6rderer | General Kinematics","og_description":"Speziell entwickelt, um Glas und Altglas in Ihrer Einrichtung zu transportieren und zu sammeln. GK-Transferf\u00f6rderer f\u00fcr Altglas k\u00f6nnen unter dem Boden in einem Kanal oder in einer erh\u00f6hten Position mit einem ausgewogenen Design angeordnet werden. Viele Kunden bevorzugen den Graben wegen seiner einfachen Handhabung und Bequemlichkeit &#8211; wenn Glas herunterf\u00e4llt oder Gegenst\u00e4nde zerbrochen werden, kann [&hellip;]","og_url":"https:\/\/www.generalkinematics.com\/de\/produkt\/bruchglasforderer\/","og_site_name":"General Kinematics","article_publisher":"https:\/\/www.facebook.com\/generalkinematics","article_modified_time":"2020-07-21T18:08:33+00:00","og_image":[{"width":2048,"height":1536,"url":"https:\/\/www.generalkinematics.com\/wp-content\/uploads\/2016\/09\/C09769-01-166.jpg","type":"image\/jpeg"}],"twitter_card":"summary_large_image","twitter_site":"@gkvibrating","twitter_misc":{"Gesch\u00e4tzte Lesezeit":"1 Minute"},"schema":{"@context":"https:\/\/schema.org","@graph":[{"@type":"WebPage","@id":"https:\/\/www.generalkinematics.com\/de\/produkt\/bruchglasforderer\/","url":"https:\/\/www.generalkinematics.com\/de\/produkt\/bruchglasforderer\/","name":"Bruchglasf\u00f6rderer | General Kinematics","isPartOf":{"@id":"https:\/\/www.generalkinematics.com\/de\/#website"},"primaryImageOfPage":{"@id":"https:\/\/www.generalkinematics.com\/de\/produkt\/bruchglasforderer\/#primaryimage"},"image":{"@id":"https:\/\/www.generalkinematics.com\/de\/produkt\/bruchglasforderer\/#primaryimage"},"thumbnailUrl":"https:\/\/media.generalkinematics.com\/wp-content\/uploads\/2016\/09\/C09769-01-166.jpg","datePublished":"2016-09-09T18:53:49+00:00","dateModified":"2020-07-21T18:08:33+00:00","breadcrumb":{"@id":"https:\/\/www.generalkinematics.com\/de\/produkt\/bruchglasforderer\/#breadcrumb"},"inLanguage":"de-DE","potentialAction":[{"@type":"ReadAction","target":["https:\/\/www.generalkinematics.com\/de\/produkt\/bruchglasforderer\/"]}]},{"@type":"ImageObject","inLanguage":"de-DE","@id":"https:\/\/www.generalkinematics.com\/de\/produkt\/bruchglasforderer\/#primaryimage","url":"https:\/\/media.generalkinematics.com\/wp-content\/uploads\/2016\/09\/C09769-01-166.jpg","contentUrl":"https:\/\/media.generalkinematics.com\/wp-content\/uploads\/2016\/09\/C09769-01-166.jpg","width":2048,"height":1536,"caption":"general-kinematics-glass-conveyor"},{"@type":"BreadcrumbList","@id":"https:\/\/www.generalkinematics.com\/de\/produkt\/bruchglasforderer\/#breadcrumb","itemListElement":[{"@type":"ListItem","position":1,"name":"GK Home","item":"https:\/\/www.generalkinematics.com\/de\/"},{"@type":"ListItem","position":2,"name":"Shop","item":"https:\/\/www.generalkinematics.com\/shop\/"},{"@type":"ListItem","position":3,"name":"Bruchglasf\u00f6rderer"}]},{"@type":"WebSite","@id":"https:\/\/www.generalkinematics.com\/de\/#website","url":"https:\/\/www.generalkinematics.com\/de\/","name":"General Kinematics","description":"","publisher":{"@id":"https:\/\/www.generalkinematics.com\/de\/#organization"},"potentialAction":[{"@type":"SearchAction","target":{"@type":"EntryPoint","urlTemplate":"https:\/\/www.generalkinematics.com\/de\/?s={search_term_string}"},"query-input":{"@type":"PropertyValueSpecification","valueRequired":true,"valueName":"search_term_string"}}],"inLanguage":"de-DE"},{"@type":"Organization","@id":"https:\/\/www.generalkinematics.com\/de\/#organization","name":"General Kinematics","url":"https:\/\/www.generalkinematics.com\/de\/","logo":{"@type":"ImageObject","inLanguage":"de-DE","@id":"https:\/\/www.generalkinematics.com\/de\/#\/schema\/logo\/image\/","url":"https:\/\/media.generalkinematics.com\/wp-content\/uploads\/2018\/03\/logo.png","contentUrl":"https:\/\/media.generalkinematics.com\/wp-content\/uploads\/2018\/03\/logo.png","width":313,"height":100,"caption":"General Kinematics"},"image":{"@id":"https:\/\/www.generalkinematics.com\/de\/#\/schema\/logo\/image\/"},"sameAs":["https:\/\/www.facebook.com\/generalkinematics","https:\/\/x.com\/gkvibrating"]}]}},"_links":{"self":[{"href":"https:\/\/www.generalkinematics.com\/de\/wp-json\/wp\/v2\/product\/40550","targetHints":{"allow":["GET"]}}],"collection":[{"href":"https:\/\/www.generalkinematics.com\/de\/wp-json\/wp\/v2\/product"}],"about":[{"href":"https:\/\/www.generalkinematics.com\/de\/wp-json\/wp\/v2\/types\/product"}],"replies":[{"embeddable":true,"href":"https:\/\/www.generalkinematics.com\/de\/wp-json\/wp\/v2\/comments?post=40550"}],"wp:featuredmedia":[{"embeddable":true,"href":"https:\/\/www.generalkinematics.com\/de\/wp-json\/wp\/v2\/media\/28639"}],"wp:attachment":[{"href":"https:\/\/www.generalkinematics.com\/de\/wp-json\/wp\/v2\/media?parent=40550"}],"wp:term":[{"taxonomy":"product_brand","embeddable":true,"href":"https:\/\/www.generalkinematics.com\/de\/wp-json\/wp\/v2\/product_brand?post=40550"},{"taxonomy":"product_cat","embeddable":true,"href":"https:\/\/www.generalkinematics.com\/de\/wp-json\/wp\/v2\/product_cat?post=40550"},{"taxonomy":"product_tag","embeddable":true,"href":"https:\/\/www.generalkinematics.com\/de\/wp-json\/wp\/v2\/product_tag?post=40550"}],"curies":[{"name":"wp","href":"https:\/\/api.w.org\/{rel}","templated":true}]}}