{"id":40559,"date":"2016-09-27T10:12:14","date_gmt":"2016-09-27T15:12:14","guid":{"rendered":"https:\/\/www.generalkinematics.com\/product\/hd-hsf-beschickungsanlage-mit-hoher-verschiebung-und-langem-hub\/"},"modified":"2018-08-31T09:33:29","modified_gmt":"2018-08-31T14:33:29","slug":"beschickungsanlage-mit-hoher-verschiebung-und-langem-hub","status":"publish","type":"product","link":"https:\/\/www.generalkinematics.com\/de\/produkt\/beschickungsanlage-mit-hoher-verschiebung-und-langem-hub\/","title":{"rendered":"HD-HSF: Beschickungsanlage mit hoher Verschiebung und langem Hub"},"content":{"rendered":"<p><u><strong>Die neueste Vibrationstechnologie f\u00fcr eine verbesserte Materialpr\u00e4sentation<\/strong><\/u><\/p>\n<p>Von unseren Kunden erneut herausgefordert, mehr auf kleinstem Raum zu leisten, hat General Kinematics die Grenzen weiter verschoben und einen HD-HSF (High Displacement-High Stroke Feeder) mit hoher Verschiebung und langem Hub entwickelt, um eine bessere Trennung zu erzielen, den Reinheitsgrad zu erh\u00f6hen, die R\u00fcckgewinnung zu verbessern und den Gewinn zu steigern. Die HD-HSF Vibrations-Beschickungsanlage von GK verbessert die Pr\u00e4sentation von Materialien und die R\u00fcckgewinnung verschiedener Rohstoffe, indem sie mehr Energie in das Material \u00fcbertr\u00e4gt und so die Trennung der verschiedenen Partikel erh\u00f6ht. Dar\u00fcber hinaus werden die Materialien \u00fcber die Breite der Einheit verteilt, was zu einer verbesserten Materialpr\u00e4sentation f\u00fcr Ihren optischen Sortierer f\u00fchrt. General Kinematics hat die Synergie zwischen Vibrations-Beschickungsanlagen und optischen Sortierern neu definiert.<\/p>\n<h2>HD-HSF Leistungsvorteile:<\/h2>\n<ul>\n<li>Langer Hub trennt noch besser f\u00fcr noch mehr Reinheit<\/li>\n<li>Schnellere Vorschubgeschwindigkeit = Bessere Materialtrennung = Optimale R\u00fcckgewinnung<\/li>\n<li>Es wird mehr Energie auf das Material \u00fcbertragen<\/li>\n<li>Volle Breitenverteilung auf k\u00fcrzerer L\u00e4nge<\/li>\n<li>Geringere Anschaffungs- und Betriebskosten<\/li>\n<li>Dynamische Reaktion zum Ausgleich von Schwallbelastungen<\/li>\n<li>Bis zu 2\/3 weniger Leistung f\u00fcr den Betrieb erforderlich<\/li>\n<\/ul>\n<p>&nbsp;<\/p>\n<h2>Optionale HD-HSF-Funktionen:<\/h2>\n<ul>\n<li>Speziell f\u00fcr die Branche entwickelt<\/li>\n<li>Optionaler Sockel mit Ausgleichsvorrichtung, damit kein zus\u00e4tzliches Tragwerk erforderlich ist, wodurch beste Kontrolle, Verteilung und Eind\u00e4mmung von Materialien gew\u00e4hrleistet wird<\/li>\n<li>OEM spezifische Modelle<\/li>\n<li>Modelle mit Fu\u00df, Federung oder Kombinationen daraus<\/li>\n<li>Baustahl, Edelstahl, abriebfeste Stahlkonstruktion<\/li>\n<\/ul>\n","protected":false},"excerpt":{"rendered":"<p>Die neueste Vibrationstechnologie f\u00fcr eine verbesserte Materialpr\u00e4sentation Von unseren Kunden erneut herausgefordert, mehr auf kleinstem Raum zu leisten, hat General Kinematics die Grenzen weiter verschoben und einen HD-HSF (High Displacement-High Stroke Feeder) mit hoher Verschiebung und langem Hub entwickelt, um eine bessere Trennung zu erzielen, den Reinheitsgrad zu erh\u00f6hen, die R\u00fcckgewinnung zu verbessern und den [&hellip;]<\/p>\n","protected":false},"featured_media":28691,"comment_status":"closed","ping_status":"closed","template":"","meta":{"_acf_changed":false,"om_disable_all_campaigns":false,"ep_exclude_from_search":false},"product_brand":[],"product_cat":[1747],"product_tag":[],"class_list":{"0":"post-40559","1":"product","2":"type-product","3":"status-publish","4":"has-post-thumbnail","6":"product_cat-unkategorisiert","8":"first","9":"instock","10":"taxable","11":"shipping-taxable","12":"product-type-simple"},"acf":[],"yoast_head":"<!-- This site is optimized with the Yoast SEO plugin v27.2 - https:\/\/yoast.com\/product\/yoast-seo-wordpress\/ -->\n<title>HD-HSF: Beschickungsanlage mit hoher Verschiebung und langem Hub | General Kinematics<\/title>\n<meta name=\"robots\" content=\"index, follow, max-snippet:-1, max-image-preview:large, max-video-preview:-1\" \/>\n<link rel=\"canonical\" href=\"https:\/\/www.generalkinematics.com\/de\/produkt\/beschickungsanlage-mit-hoher-verschiebung-und-langem-hub\/\" \/>\n<meta property=\"og:locale\" content=\"de_DE\" \/>\n<meta property=\"og:type\" content=\"article\" \/>\n<meta property=\"og:title\" content=\"HD-HSF: Beschickungsanlage mit hoher Verschiebung und langem Hub | General Kinematics\" \/>\n<meta property=\"og:description\" content=\"Die neueste Vibrationstechnologie f\u00fcr eine verbesserte Materialpr\u00e4sentation Von unseren Kunden erneut herausgefordert, mehr auf kleinstem Raum zu leisten, hat General Kinematics die Grenzen weiter verschoben und einen HD-HSF (High Displacement-High Stroke Feeder) mit hoher Verschiebung und langem Hub entwickelt, um eine bessere Trennung zu erzielen, den Reinheitsgrad zu erh\u00f6hen, die R\u00fcckgewinnung zu verbessern und den [&hellip;]\" \/>\n<meta property=\"og:url\" content=\"https:\/\/www.generalkinematics.com\/de\/produkt\/beschickungsanlage-mit-hoher-verschiebung-und-langem-hub\/\" \/>\n<meta property=\"og:site_name\" content=\"General Kinematics\" \/>\n<meta property=\"article:publisher\" content=\"https:\/\/www.facebook.com\/generalkinematics\" \/>\n<meta property=\"article:modified_time\" content=\"2018-08-31T14:33:29+00:00\" \/>\n<meta property=\"og:image\" content=\"https:\/\/media.generalkinematics.com\/wp-content\/uploads\/2015\/07\/IMG_8526.png\" \/>\n\t<meta property=\"og:image:width\" content=\"5184\" \/>\n\t<meta property=\"og:image:height\" content=\"3456\" \/>\n\t<meta property=\"og:image:type\" content=\"image\/jpeg\" \/>\n<meta name=\"twitter:card\" content=\"summary_large_image\" \/>\n<meta name=\"twitter:site\" content=\"@gkvibrating\" \/>\n<meta name=\"twitter:label1\" content=\"Gesch\u00e4tzte Lesezeit\" \/>\n\t<meta name=\"twitter:data1\" content=\"1 Minute\" \/>\n<!-- \/ Yoast SEO plugin. -->","yoast_head_json":{"title":"HD-HSF: Beschickungsanlage mit hoher Verschiebung und langem Hub | General Kinematics","robots":{"index":"index","follow":"follow","max-snippet":"max-snippet:-1","max-image-preview":"max-image-preview:large","max-video-preview":"max-video-preview:-1"},"canonical":"https:\/\/www.generalkinematics.com\/de\/produkt\/beschickungsanlage-mit-hoher-verschiebung-und-langem-hub\/","og_locale":"de_DE","og_type":"article","og_title":"HD-HSF: Beschickungsanlage mit hoher Verschiebung und langem Hub | General Kinematics","og_description":"Die neueste Vibrationstechnologie f\u00fcr eine verbesserte Materialpr\u00e4sentation Von unseren Kunden erneut herausgefordert, mehr auf kleinstem Raum zu leisten, hat General Kinematics die Grenzen weiter verschoben und einen HD-HSF (High Displacement-High Stroke Feeder) mit hoher Verschiebung und langem Hub entwickelt, um eine bessere Trennung zu erzielen, den Reinheitsgrad zu erh\u00f6hen, die R\u00fcckgewinnung zu verbessern und den [&hellip;]","og_url":"https:\/\/www.generalkinematics.com\/de\/produkt\/beschickungsanlage-mit-hoher-verschiebung-und-langem-hub\/","og_site_name":"General Kinematics","article_publisher":"https:\/\/www.facebook.com\/generalkinematics","article_modified_time":"2018-08-31T14:33:29+00:00","og_image":[{"width":5184,"height":3456,"url":"https:\/\/media.generalkinematics.com\/wp-content\/uploads\/2015\/07\/IMG_8526.png","type":"image\/jpeg"}],"twitter_card":"summary_large_image","twitter_site":"@gkvibrating","twitter_misc":{"Gesch\u00e4tzte Lesezeit":"1 Minute"},"schema":{"@context":"https:\/\/schema.org","@graph":[{"@type":"WebPage","@id":"https:\/\/www.generalkinematics.com\/de\/produkt\/beschickungsanlage-mit-hoher-verschiebung-und-langem-hub\/","url":"https:\/\/www.generalkinematics.com\/de\/produkt\/beschickungsanlage-mit-hoher-verschiebung-und-langem-hub\/","name":"HD-HSF: Beschickungsanlage mit hoher Verschiebung und langem Hub | General Kinematics","isPartOf":{"@id":"https:\/\/www.generalkinematics.com\/de\/#website"},"primaryImageOfPage":{"@id":"https:\/\/www.generalkinematics.com\/de\/produkt\/beschickungsanlage-mit-hoher-verschiebung-und-langem-hub\/#primaryimage"},"image":{"@id":"https:\/\/www.generalkinematics.com\/de\/produkt\/beschickungsanlage-mit-hoher-verschiebung-und-langem-hub\/#primaryimage"},"thumbnailUrl":"https:\/\/media.generalkinematics.com\/wp-content\/uploads\/2015\/07\/IMG_8526.png","datePublished":"2016-09-27T15:12:14+00:00","dateModified":"2018-08-31T14:33:29+00:00","breadcrumb":{"@id":"https:\/\/www.generalkinematics.com\/de\/produkt\/beschickungsanlage-mit-hoher-verschiebung-und-langem-hub\/#breadcrumb"},"inLanguage":"de-DE","potentialAction":[{"@type":"ReadAction","target":["https:\/\/www.generalkinematics.com\/de\/produkt\/beschickungsanlage-mit-hoher-verschiebung-und-langem-hub\/"]}]},{"@type":"ImageObject","inLanguage":"de-DE","@id":"https:\/\/www.generalkinematics.com\/de\/produkt\/beschickungsanlage-mit-hoher-verschiebung-und-langem-hub\/#primaryimage","url":"https:\/\/media.generalkinematics.com\/wp-content\/uploads\/2015\/07\/IMG_8526.png","contentUrl":"https:\/\/media.generalkinematics.com\/wp-content\/uploads\/2015\/07\/IMG_8526.png","width":5184,"height":3456,"caption":"general-kinematics-high-stroke-feeder"},{"@type":"BreadcrumbList","@id":"https:\/\/www.generalkinematics.com\/de\/produkt\/beschickungsanlage-mit-hoher-verschiebung-und-langem-hub\/#breadcrumb","itemListElement":[{"@type":"ListItem","position":1,"name":"GK Home","item":"https:\/\/www.generalkinematics.com\/de\/"},{"@type":"ListItem","position":2,"name":"Shop","item":"https:\/\/www.generalkinematics.com\/shop\/"},{"@type":"ListItem","position":3,"name":"HD-HSF: Beschickungsanlage mit hoher Verschiebung und langem Hub"}]},{"@type":"WebSite","@id":"https:\/\/www.generalkinematics.com\/de\/#website","url":"https:\/\/www.generalkinematics.com\/de\/","name":"General Kinematics","description":"","publisher":{"@id":"https:\/\/www.generalkinematics.com\/de\/#organization"},"potentialAction":[{"@type":"SearchAction","target":{"@type":"EntryPoint","urlTemplate":"https:\/\/www.generalkinematics.com\/de\/?s={search_term_string}"},"query-input":{"@type":"PropertyValueSpecification","valueRequired":true,"valueName":"search_term_string"}}],"inLanguage":"de-DE"},{"@type":"Organization","@id":"https:\/\/www.generalkinematics.com\/de\/#organization","name":"General Kinematics","url":"https:\/\/www.generalkinematics.com\/de\/","logo":{"@type":"ImageObject","inLanguage":"de-DE","@id":"https:\/\/www.generalkinematics.com\/de\/#\/schema\/logo\/image\/","url":"https:\/\/media.generalkinematics.com\/wp-content\/uploads\/2018\/03\/logo.png","contentUrl":"https:\/\/media.generalkinematics.com\/wp-content\/uploads\/2018\/03\/logo.png","width":313,"height":100,"caption":"General Kinematics"},"image":{"@id":"https:\/\/www.generalkinematics.com\/de\/#\/schema\/logo\/image\/"},"sameAs":["https:\/\/www.facebook.com\/generalkinematics","https:\/\/x.com\/gkvibrating"]}]}},"_links":{"self":[{"href":"https:\/\/www.generalkinematics.com\/de\/wp-json\/wp\/v2\/product\/40559","targetHints":{"allow":["GET"]}}],"collection":[{"href":"https:\/\/www.generalkinematics.com\/de\/wp-json\/wp\/v2\/product"}],"about":[{"href":"https:\/\/www.generalkinematics.com\/de\/wp-json\/wp\/v2\/types\/product"}],"replies":[{"embeddable":true,"href":"https:\/\/www.generalkinematics.com\/de\/wp-json\/wp\/v2\/comments?post=40559"}],"wp:featuredmedia":[{"embeddable":true,"href":"https:\/\/www.generalkinematics.com\/de\/wp-json\/wp\/v2\/media\/28691"}],"wp:attachment":[{"href":"https:\/\/www.generalkinematics.com\/de\/wp-json\/wp\/v2\/media?parent=40559"}],"wp:term":[{"taxonomy":"product_brand","embeddable":true,"href":"https:\/\/www.generalkinematics.com\/de\/wp-json\/wp\/v2\/product_brand?post=40559"},{"taxonomy":"product_cat","embeddable":true,"href":"https:\/\/www.generalkinematics.com\/de\/wp-json\/wp\/v2\/product_cat?post=40559"},{"taxonomy":"product_tag","embeddable":true,"href":"https:\/\/www.generalkinematics.com\/de\/wp-json\/wp\/v2\/product_tag?post=40559"}],"curies":[{"name":"wp","href":"https:\/\/api.w.org\/{rel}","templated":true}]}}