{"id":40580,"date":"2017-04-04T11:02:23","date_gmt":"2017-04-04T16:02:23","guid":{"rendered":"https:\/\/www.generalkinematics.com\/product\/vibra-mill-vibrations-klumpenbrecher\/"},"modified":"2018-08-31T16:21:58","modified_gmt":"2018-08-31T21:21:58","slug":"vibra-mill-vibrations-klumpenbrecher","status":"publish","type":"product","link":"https:\/\/www.generalkinematics.com\/de\/produkt\/vibra-mill-vibrations-klumpenbrecher\/","title":{"rendered":"VIBRA-MILL\u00ae-Vibrations-Klumpenbrecher"},"content":{"rendered":"<p><u><strong>Sch\u00fcttelt, bewegt, vibriert, taumelt und schleift bis zu 1,2 m gro\u00dfe Klumpen auf eine Korngr\u00f6\u00dfe unter 20 Maschen. Automatisch.<\/strong><\/u><\/p>\n<p>Die <strong>VIBRA-MILL\u00ae-Vibrations-Klumpenbrecher<\/strong> reduzieren Anh\u00e4ufungen, Klumpen und Klumpen in Sch\u00fcttg\u00fctern. Hochenergie-Vibrationen, kombiniert mit Taumelbewegungen, zerkleinern Klumpen zur\u00fcck auf die Korngr\u00f6\u00dfe. Sobald Klumpen zerkleinert werden, wird eine zus\u00e4tzliche Siebung erreicht, die eine Gr\u00f6\u00dfensortierung der Materialien erm\u00f6glicht. Die \u00dcberreste k\u00f6nnen danach gesammelt und wieder zugef\u00fchrt werden, um Verschwendung zu vermeiden.<\/p>\n<h2>Eigenschaften:<\/h2>\n<ul>\n<li>Spezielle Vibrations-Betriebsmotoren f\u00fcr erh\u00f6hte Verf\u00fcgbarkeit.<\/li>\n<li>Je nach Anwendung stehen verschiedene Beschickungsanlagen zur Verf\u00fcgung.<\/li>\n<li>Hohe R\u00fcckgewinnungsraten.<\/li>\n<li>Einfache, offene Wanne f\u00fcr einfaches Beladen.<\/li>\n<li>Ein ausfallsicheres Deck.<\/li>\n<li>Erm\u00f6glicht die Entfernung von Feinanteilen.<\/li>\n<\/ul>\n","protected":false},"excerpt":{"rendered":"<p>Sch\u00fcttelt, bewegt, vibriert, taumelt und schleift bis zu 1,2 m gro\u00dfe Klumpen auf eine Korngr\u00f6\u00dfe unter 20 Maschen. Automatisch. Die VIBRA-MILL\u00ae-Vibrations-Klumpenbrecher reduzieren Anh\u00e4ufungen, Klumpen und Klumpen in Sch\u00fcttg\u00fctern. Hochenergie-Vibrationen, kombiniert mit Taumelbewegungen, zerkleinern Klumpen zur\u00fcck auf die Korngr\u00f6\u00dfe. Sobald Klumpen zerkleinert werden, wird eine zus\u00e4tzliche Siebung erreicht, die eine Gr\u00f6\u00dfensortierung der Materialien erm\u00f6glicht. Die \u00dcberreste [&hellip;]<\/p>\n","protected":false},"featured_media":29383,"comment_status":"closed","ping_status":"closed","template":"","meta":{"_acf_changed":false,"om_disable_all_campaigns":false,"ep_exclude_from_search":false},"product_brand":[],"product_cat":[1765],"product_tag":[],"class_list":{"0":"post-40580","1":"product","2":"type-product","3":"status-publish","4":"has-post-thumbnail","6":"product_cat-sieben-und-klassifizieren","8":"first","9":"instock","10":"taxable","11":"shipping-taxable","12":"product-type-simple"},"acf":[],"yoast_head":"<!-- This site is optimized with the Yoast SEO plugin v27.2 - https:\/\/yoast.com\/product\/yoast-seo-wordpress\/ -->\n<title>VIBRA-MILL\u00ae-Vibrations-Klumpenbrecher | General Kinematics<\/title>\n<meta name=\"robots\" content=\"index, follow, max-snippet:-1, max-image-preview:large, max-video-preview:-1\" \/>\n<link rel=\"canonical\" href=\"https:\/\/www.generalkinematics.com\/de\/produkt\/vibra-mill-vibrations-klumpenbrecher\/\" \/>\n<meta property=\"og:locale\" content=\"de_DE\" \/>\n<meta property=\"og:type\" content=\"article\" \/>\n<meta property=\"og:title\" content=\"VIBRA-MILL\u00ae-Vibrations-Klumpenbrecher | General Kinematics\" \/>\n<meta property=\"og:description\" content=\"Sch\u00fcttelt, bewegt, vibriert, taumelt und schleift bis zu 1,2 m gro\u00dfe Klumpen auf eine Korngr\u00f6\u00dfe unter 20 Maschen. Automatisch. Die VIBRA-MILL\u00ae-Vibrations-Klumpenbrecher reduzieren Anh\u00e4ufungen, Klumpen und Klumpen in Sch\u00fcttg\u00fctern. Hochenergie-Vibrationen, kombiniert mit Taumelbewegungen, zerkleinern Klumpen zur\u00fcck auf die Korngr\u00f6\u00dfe. Sobald Klumpen zerkleinert werden, wird eine zus\u00e4tzliche Siebung erreicht, die eine Gr\u00f6\u00dfensortierung der Materialien erm\u00f6glicht. Die \u00dcberreste [&hellip;]\" \/>\n<meta property=\"og:url\" content=\"https:\/\/www.generalkinematics.com\/de\/produkt\/vibra-mill-vibrations-klumpenbrecher\/\" \/>\n<meta property=\"og:site_name\" content=\"General Kinematics\" \/>\n<meta property=\"article:publisher\" content=\"https:\/\/www.facebook.com\/generalkinematics\" \/>\n<meta property=\"article:modified_time\" content=\"2018-08-31T21:21:58+00:00\" \/>\n<meta property=\"og:image\" content=\"https:\/\/www.generalkinematics.com\/wp-content\/uploads\/2017\/04\/vm64-with-hood.jpg\" \/>\n\t<meta property=\"og:image:width\" content=\"1631\" \/>\n\t<meta property=\"og:image:height\" content=\"977\" \/>\n\t<meta property=\"og:image:type\" content=\"image\/jpeg\" \/>\n<meta name=\"twitter:card\" content=\"summary_large_image\" \/>\n<meta name=\"twitter:site\" content=\"@gkvibrating\" \/>\n<meta name=\"twitter:label1\" content=\"Gesch\u00e4tzte Lesezeit\" \/>\n\t<meta name=\"twitter:data1\" content=\"1 Minute\" \/>\n<!-- \/ Yoast SEO plugin. -->","yoast_head_json":{"title":"VIBRA-MILL\u00ae-Vibrations-Klumpenbrecher | General Kinematics","robots":{"index":"index","follow":"follow","max-snippet":"max-snippet:-1","max-image-preview":"max-image-preview:large","max-video-preview":"max-video-preview:-1"},"canonical":"https:\/\/www.generalkinematics.com\/de\/produkt\/vibra-mill-vibrations-klumpenbrecher\/","og_locale":"de_DE","og_type":"article","og_title":"VIBRA-MILL\u00ae-Vibrations-Klumpenbrecher | General Kinematics","og_description":"Sch\u00fcttelt, bewegt, vibriert, taumelt und schleift bis zu 1,2 m gro\u00dfe Klumpen auf eine Korngr\u00f6\u00dfe unter 20 Maschen. Automatisch. Die VIBRA-MILL\u00ae-Vibrations-Klumpenbrecher reduzieren Anh\u00e4ufungen, Klumpen und Klumpen in Sch\u00fcttg\u00fctern. Hochenergie-Vibrationen, kombiniert mit Taumelbewegungen, zerkleinern Klumpen zur\u00fcck auf die Korngr\u00f6\u00dfe. Sobald Klumpen zerkleinert werden, wird eine zus\u00e4tzliche Siebung erreicht, die eine Gr\u00f6\u00dfensortierung der Materialien erm\u00f6glicht. Die \u00dcberreste [&hellip;]","og_url":"https:\/\/www.generalkinematics.com\/de\/produkt\/vibra-mill-vibrations-klumpenbrecher\/","og_site_name":"General Kinematics","article_publisher":"https:\/\/www.facebook.com\/generalkinematics","article_modified_time":"2018-08-31T21:21:58+00:00","og_image":[{"width":1631,"height":977,"url":"https:\/\/www.generalkinematics.com\/wp-content\/uploads\/2017\/04\/vm64-with-hood.jpg","type":"image\/jpeg"}],"twitter_card":"summary_large_image","twitter_site":"@gkvibrating","twitter_misc":{"Gesch\u00e4tzte Lesezeit":"1 Minute"},"schema":{"@context":"https:\/\/schema.org","@graph":[{"@type":"WebPage","@id":"https:\/\/www.generalkinematics.com\/de\/produkt\/vibra-mill-vibrations-klumpenbrecher\/","url":"https:\/\/www.generalkinematics.com\/de\/produkt\/vibra-mill-vibrations-klumpenbrecher\/","name":"VIBRA-MILL\u00ae-Vibrations-Klumpenbrecher | General Kinematics","isPartOf":{"@id":"https:\/\/www.generalkinematics.com\/de\/#website"},"primaryImageOfPage":{"@id":"https:\/\/www.generalkinematics.com\/de\/produkt\/vibra-mill-vibrations-klumpenbrecher\/#primaryimage"},"image":{"@id":"https:\/\/www.generalkinematics.com\/de\/produkt\/vibra-mill-vibrations-klumpenbrecher\/#primaryimage"},"thumbnailUrl":"https:\/\/media.generalkinematics.com\/wp-content\/uploads\/2017\/04\/vm64-with-hood.jpg","datePublished":"2017-04-04T16:02:23+00:00","dateModified":"2018-08-31T21:21:58+00:00","breadcrumb":{"@id":"https:\/\/www.generalkinematics.com\/de\/produkt\/vibra-mill-vibrations-klumpenbrecher\/#breadcrumb"},"inLanguage":"de-DE","potentialAction":[{"@type":"ReadAction","target":["https:\/\/www.generalkinematics.com\/de\/produkt\/vibra-mill-vibrations-klumpenbrecher\/"]}]},{"@type":"ImageObject","inLanguage":"de-DE","@id":"https:\/\/www.generalkinematics.com\/de\/produkt\/vibra-mill-vibrations-klumpenbrecher\/#primaryimage","url":"https:\/\/media.generalkinematics.com\/wp-content\/uploads\/2017\/04\/vm64-with-hood.jpg","contentUrl":"https:\/\/media.generalkinematics.com\/wp-content\/uploads\/2017\/04\/vm64-with-hood.jpg","width":1631,"height":977,"caption":"general-kinematics-vibra-mill"},{"@type":"BreadcrumbList","@id":"https:\/\/www.generalkinematics.com\/de\/produkt\/vibra-mill-vibrations-klumpenbrecher\/#breadcrumb","itemListElement":[{"@type":"ListItem","position":1,"name":"GK Home","item":"https:\/\/www.generalkinematics.com\/de\/"},{"@type":"ListItem","position":2,"name":"Shop","item":"https:\/\/www.generalkinematics.com\/shop\/"},{"@type":"ListItem","position":3,"name":"VIBRA-MILL\u00ae-Vibrations-Klumpenbrecher"}]},{"@type":"WebSite","@id":"https:\/\/www.generalkinematics.com\/de\/#website","url":"https:\/\/www.generalkinematics.com\/de\/","name":"General Kinematics","description":"","publisher":{"@id":"https:\/\/www.generalkinematics.com\/de\/#organization"},"potentialAction":[{"@type":"SearchAction","target":{"@type":"EntryPoint","urlTemplate":"https:\/\/www.generalkinematics.com\/de\/?s={search_term_string}"},"query-input":{"@type":"PropertyValueSpecification","valueRequired":true,"valueName":"search_term_string"}}],"inLanguage":"de-DE"},{"@type":"Organization","@id":"https:\/\/www.generalkinematics.com\/de\/#organization","name":"General Kinematics","url":"https:\/\/www.generalkinematics.com\/de\/","logo":{"@type":"ImageObject","inLanguage":"de-DE","@id":"https:\/\/www.generalkinematics.com\/de\/#\/schema\/logo\/image\/","url":"https:\/\/media.generalkinematics.com\/wp-content\/uploads\/2018\/03\/logo.png","contentUrl":"https:\/\/media.generalkinematics.com\/wp-content\/uploads\/2018\/03\/logo.png","width":313,"height":100,"caption":"General Kinematics"},"image":{"@id":"https:\/\/www.generalkinematics.com\/de\/#\/schema\/logo\/image\/"},"sameAs":["https:\/\/www.facebook.com\/generalkinematics","https:\/\/x.com\/gkvibrating"]}]}},"_links":{"self":[{"href":"https:\/\/www.generalkinematics.com\/de\/wp-json\/wp\/v2\/product\/40580","targetHints":{"allow":["GET"]}}],"collection":[{"href":"https:\/\/www.generalkinematics.com\/de\/wp-json\/wp\/v2\/product"}],"about":[{"href":"https:\/\/www.generalkinematics.com\/de\/wp-json\/wp\/v2\/types\/product"}],"replies":[{"embeddable":true,"href":"https:\/\/www.generalkinematics.com\/de\/wp-json\/wp\/v2\/comments?post=40580"}],"wp:featuredmedia":[{"embeddable":true,"href":"https:\/\/www.generalkinematics.com\/de\/wp-json\/wp\/v2\/media\/29383"}],"wp:attachment":[{"href":"https:\/\/www.generalkinematics.com\/de\/wp-json\/wp\/v2\/media?parent=40580"}],"wp:term":[{"taxonomy":"product_brand","embeddable":true,"href":"https:\/\/www.generalkinematics.com\/de\/wp-json\/wp\/v2\/product_brand?post=40580"},{"taxonomy":"product_cat","embeddable":true,"href":"https:\/\/www.generalkinematics.com\/de\/wp-json\/wp\/v2\/product_cat?post=40580"},{"taxonomy":"product_tag","embeddable":true,"href":"https:\/\/www.generalkinematics.com\/de\/wp-json\/wp\/v2\/product_tag?post=40580"}],"curies":[{"name":"wp","href":"https:\/\/api.w.org\/{rel}","templated":true}]}}