{"id":40608,"date":"2017-06-19T09:20:14","date_gmt":"2017-06-19T14:20:14","guid":{"rendered":"https:\/\/www.generalkinematics.com\/product\/hochfrequenzsieb-oder-beschickungsanlage\/"},"modified":"2018-08-31T16:23:05","modified_gmt":"2018-08-31T21:23:05","slug":"hochfrequenzsieb-oder-beschickungsanlage","status":"publish","type":"product","link":"https:\/\/www.generalkinematics.com\/de\/produkt\/hochfrequenzsieb-oder-beschickungsanlage\/","title":{"rendered":"Hochfrequenzsieb oder Beschickungsanlage"},"content":{"rendered":"<div>\n<p>Das mit den innovativen, zum Patent angemeldeten Strukturfedern ausgestattete GK-<strong>Hochfrequenzsieb oder Beschickungsanlage<\/strong> ist eine steuerlich vertretbare L\u00f6sung f\u00fcr die Pulver- und Sch\u00fcttgutverarbeitung. Die Strukturfedern fungieren auch als Beine, um ein vereinfachtes Design zu schaffen. Der kleinere Motor mit Eigenfrequenz bietet im Vergleich zur Schwerstlast eine kosteng\u00fcnstigere L\u00f6sung.<\/p>\n<p>Die Kombination aus Strukturfedern und Eigenfrequenzdesign erm\u00f6glicht l\u00e4ngere Einheiten im Vergleich zur Schwerstlast-Ausf\u00fchrung.<\/p>\n<p>Dar\u00fcber hinaus wird das (zum Patent angemeldete) <strong>Hochfrequenzsieb oder die Beschickungsanlage<\/strong> vom technischen Support von GK unterst\u00fctzt.<\/p>\n<\/div>\n<div><\/div>\n<h3>EIGENSCHAFTEN:<\/h3>\n<div>\n<p>\u00b7 Hochfrequenz bietet eine bessere Feinstaubscreening<\/p>\n<p>\u00b7 Fluidisiert Material<\/p>\n<p>\u00b7 Strukturelle Feder bietet h\u00f6here Federrate auf engstem Raum<\/p>\n<p>\u00b7 Niedriger Hub bietet extrem geringe dynamische Kraft<\/p>\n<p>So kann Equipment direkt auf dem Boden aufgestellt werden<\/p>\n<p>\u00b7 Sanftes Hoch- und Herunterfahren<\/p>\n<p>\u00b7 Ben\u00f6tigt sehr wenig Abstand<\/p>\n<p>\u00b7 Kleinere Grundfl\u00e4che<\/p>\n<p>\u00b7 Sicheres, einfaches Bedienkonzept<\/p>\n<p>\u00b7 Kosteneffizient<\/p>\n<\/div>\n","protected":false},"excerpt":{"rendered":"<p>Das mit den innovativen, zum Patent angemeldeten Strukturfedern ausgestattete GK-Hochfrequenzsieb oder Beschickungsanlage ist eine steuerlich vertretbare L\u00f6sung f\u00fcr die Pulver- und Sch\u00fcttgutverarbeitung. Die Strukturfedern fungieren auch als Beine, um ein vereinfachtes Design zu schaffen. Der kleinere Motor mit Eigenfrequenz bietet im Vergleich zur Schwerstlast eine kosteng\u00fcnstigere L\u00f6sung. Die Kombination aus Strukturfedern und Eigenfrequenzdesign erm\u00f6glicht l\u00e4ngere [&hellip;]<\/p>\n","protected":false},"featured_media":53904,"comment_status":"closed","ping_status":"closed","template":"","meta":{"_acf_changed":false,"om_disable_all_campaigns":false,"ep_exclude_from_search":false},"product_brand":[],"product_cat":[1761,1765],"product_tag":[],"class_list":{"0":"post-40608","1":"product","2":"type-product","3":"status-publish","4":"has-post-thumbnail","6":"product_cat-loesungen-fuer-schuettgutverarbeitung","7":"product_cat-sieben-und-klassifizieren","9":"first","10":"instock","11":"taxable","12":"shipping-taxable","13":"product-type-simple"},"acf":[],"yoast_head":"<!-- This site is optimized with the Yoast SEO plugin v27.2 - https:\/\/yoast.com\/product\/yoast-seo-wordpress\/ -->\n<title>Hochfrequenzsieb oder Beschickungsanlage | General Kinematics<\/title>\n<meta name=\"robots\" content=\"index, follow, max-snippet:-1, max-image-preview:large, max-video-preview:-1\" \/>\n<link rel=\"canonical\" href=\"https:\/\/www.generalkinematics.com\/de\/produkt\/hochfrequenzsieb-oder-beschickungsanlage\/\" \/>\n<meta property=\"og:locale\" content=\"de_DE\" \/>\n<meta property=\"og:type\" content=\"article\" \/>\n<meta property=\"og:title\" content=\"Hochfrequenzsieb oder Beschickungsanlage | General Kinematics\" \/>\n<meta property=\"og:description\" content=\"Das mit den innovativen, zum Patent angemeldeten Strukturfedern ausgestattete GK-Hochfrequenzsieb oder Beschickungsanlage ist eine steuerlich vertretbare L\u00f6sung f\u00fcr die Pulver- und Sch\u00fcttgutverarbeitung. Die Strukturfedern fungieren auch als Beine, um ein vereinfachtes Design zu schaffen. Der kleinere Motor mit Eigenfrequenz bietet im Vergleich zur Schwerstlast eine kosteng\u00fcnstigere L\u00f6sung. Die Kombination aus Strukturfedern und Eigenfrequenzdesign erm\u00f6glicht l\u00e4ngere [&hellip;]\" \/>\n<meta property=\"og:url\" content=\"https:\/\/www.generalkinematics.com\/de\/produkt\/hochfrequenzsieb-oder-beschickungsanlage\/\" \/>\n<meta property=\"og:site_name\" content=\"General Kinematics\" \/>\n<meta property=\"article:publisher\" content=\"https:\/\/www.facebook.com\/generalkinematics\" \/>\n<meta property=\"article:modified_time\" content=\"2018-08-31T21:23:05+00:00\" \/>\n<meta property=\"og:image\" content=\"https:\/\/media.generalkinematics.com\/wp-content\/uploads\/2017\/06\/high-frequency-screen-2.jpg\" \/>\n\t<meta property=\"og:image:width\" content=\"2560\" \/>\n\t<meta property=\"og:image:height\" content=\"1495\" \/>\n\t<meta property=\"og:image:type\" content=\"image\/jpeg\" \/>\n<meta name=\"twitter:card\" content=\"summary_large_image\" \/>\n<meta name=\"twitter:site\" content=\"@gkvibrating\" \/>\n<meta name=\"twitter:label1\" content=\"Gesch\u00e4tzte Lesezeit\" \/>\n\t<meta name=\"twitter:data1\" content=\"1 Minute\" \/>\n<!-- \/ Yoast SEO plugin. -->","yoast_head_json":{"title":"Hochfrequenzsieb oder Beschickungsanlage | General Kinematics","robots":{"index":"index","follow":"follow","max-snippet":"max-snippet:-1","max-image-preview":"max-image-preview:large","max-video-preview":"max-video-preview:-1"},"canonical":"https:\/\/www.generalkinematics.com\/de\/produkt\/hochfrequenzsieb-oder-beschickungsanlage\/","og_locale":"de_DE","og_type":"article","og_title":"Hochfrequenzsieb oder Beschickungsanlage | General Kinematics","og_description":"Das mit den innovativen, zum Patent angemeldeten Strukturfedern ausgestattete GK-Hochfrequenzsieb oder Beschickungsanlage ist eine steuerlich vertretbare L\u00f6sung f\u00fcr die Pulver- und Sch\u00fcttgutverarbeitung. Die Strukturfedern fungieren auch als Beine, um ein vereinfachtes Design zu schaffen. Der kleinere Motor mit Eigenfrequenz bietet im Vergleich zur Schwerstlast eine kosteng\u00fcnstigere L\u00f6sung. Die Kombination aus Strukturfedern und Eigenfrequenzdesign erm\u00f6glicht l\u00e4ngere [&hellip;]","og_url":"https:\/\/www.generalkinematics.com\/de\/produkt\/hochfrequenzsieb-oder-beschickungsanlage\/","og_site_name":"General Kinematics","article_publisher":"https:\/\/www.facebook.com\/generalkinematics","article_modified_time":"2018-08-31T21:23:05+00:00","og_image":[{"width":2560,"height":1495,"url":"https:\/\/media.generalkinematics.com\/wp-content\/uploads\/2017\/06\/high-frequency-screen-2.jpg","type":"image\/jpeg"}],"twitter_card":"summary_large_image","twitter_site":"@gkvibrating","twitter_misc":{"Gesch\u00e4tzte Lesezeit":"1 Minute"},"schema":{"@context":"https:\/\/schema.org","@graph":[{"@type":"WebPage","@id":"https:\/\/www.generalkinematics.com\/de\/produkt\/hochfrequenzsieb-oder-beschickungsanlage\/","url":"https:\/\/www.generalkinematics.com\/de\/produkt\/hochfrequenzsieb-oder-beschickungsanlage\/","name":"Hochfrequenzsieb oder Beschickungsanlage | General Kinematics","isPartOf":{"@id":"https:\/\/www.generalkinematics.com\/de\/#website"},"primaryImageOfPage":{"@id":"https:\/\/www.generalkinematics.com\/de\/produkt\/hochfrequenzsieb-oder-beschickungsanlage\/#primaryimage"},"image":{"@id":"https:\/\/www.generalkinematics.com\/de\/produkt\/hochfrequenzsieb-oder-beschickungsanlage\/#primaryimage"},"thumbnailUrl":"https:\/\/media.generalkinematics.com\/wp-content\/uploads\/2024\/04\/HF-Screen.png","datePublished":"2017-06-19T14:20:14+00:00","dateModified":"2018-08-31T21:23:05+00:00","breadcrumb":{"@id":"https:\/\/www.generalkinematics.com\/de\/produkt\/hochfrequenzsieb-oder-beschickungsanlage\/#breadcrumb"},"inLanguage":"de-DE","potentialAction":[{"@type":"ReadAction","target":["https:\/\/www.generalkinematics.com\/de\/produkt\/hochfrequenzsieb-oder-beschickungsanlage\/"]}]},{"@type":"ImageObject","inLanguage":"de-DE","@id":"https:\/\/www.generalkinematics.com\/de\/produkt\/hochfrequenzsieb-oder-beschickungsanlage\/#primaryimage","url":"https:\/\/media.generalkinematics.com\/wp-content\/uploads\/2024\/04\/HF-Screen.png","contentUrl":"https:\/\/media.generalkinematics.com\/wp-content\/uploads\/2024\/04\/HF-Screen.png","width":1500,"height":1125},{"@type":"BreadcrumbList","@id":"https:\/\/www.generalkinematics.com\/de\/produkt\/hochfrequenzsieb-oder-beschickungsanlage\/#breadcrumb","itemListElement":[{"@type":"ListItem","position":1,"name":"GK Home","item":"https:\/\/www.generalkinematics.com\/de\/"},{"@type":"ListItem","position":2,"name":"Shop","item":"https:\/\/www.generalkinematics.com\/shop\/"},{"@type":"ListItem","position":3,"name":"Hochfrequenzsieb oder Beschickungsanlage"}]},{"@type":"WebSite","@id":"https:\/\/www.generalkinematics.com\/de\/#website","url":"https:\/\/www.generalkinematics.com\/de\/","name":"General Kinematics","description":"","publisher":{"@id":"https:\/\/www.generalkinematics.com\/de\/#organization"},"potentialAction":[{"@type":"SearchAction","target":{"@type":"EntryPoint","urlTemplate":"https:\/\/www.generalkinematics.com\/de\/?s={search_term_string}"},"query-input":{"@type":"PropertyValueSpecification","valueRequired":true,"valueName":"search_term_string"}}],"inLanguage":"de-DE"},{"@type":"Organization","@id":"https:\/\/www.generalkinematics.com\/de\/#organization","name":"General Kinematics","url":"https:\/\/www.generalkinematics.com\/de\/","logo":{"@type":"ImageObject","inLanguage":"de-DE","@id":"https:\/\/www.generalkinematics.com\/de\/#\/schema\/logo\/image\/","url":"https:\/\/media.generalkinematics.com\/wp-content\/uploads\/2018\/03\/logo.png","contentUrl":"https:\/\/media.generalkinematics.com\/wp-content\/uploads\/2018\/03\/logo.png","width":313,"height":100,"caption":"General Kinematics"},"image":{"@id":"https:\/\/www.generalkinematics.com\/de\/#\/schema\/logo\/image\/"},"sameAs":["https:\/\/www.facebook.com\/generalkinematics","https:\/\/x.com\/gkvibrating"]}]}},"_links":{"self":[{"href":"https:\/\/www.generalkinematics.com\/de\/wp-json\/wp\/v2\/product\/40608","targetHints":{"allow":["GET"]}}],"collection":[{"href":"https:\/\/www.generalkinematics.com\/de\/wp-json\/wp\/v2\/product"}],"about":[{"href":"https:\/\/www.generalkinematics.com\/de\/wp-json\/wp\/v2\/types\/product"}],"replies":[{"embeddable":true,"href":"https:\/\/www.generalkinematics.com\/de\/wp-json\/wp\/v2\/comments?post=40608"}],"wp:featuredmedia":[{"embeddable":true,"href":"https:\/\/www.generalkinematics.com\/de\/wp-json\/wp\/v2\/media\/53904"}],"wp:attachment":[{"href":"https:\/\/www.generalkinematics.com\/de\/wp-json\/wp\/v2\/media?parent=40608"}],"wp:term":[{"taxonomy":"product_brand","embeddable":true,"href":"https:\/\/www.generalkinematics.com\/de\/wp-json\/wp\/v2\/product_brand?post=40608"},{"taxonomy":"product_cat","embeddable":true,"href":"https:\/\/www.generalkinematics.com\/de\/wp-json\/wp\/v2\/product_cat?post=40608"},{"taxonomy":"product_tag","embeddable":true,"href":"https:\/\/www.generalkinematics.com\/de\/wp-json\/wp\/v2\/product_tag?post=40608"}],"curies":[{"name":"wp","href":"https:\/\/api.w.org\/{rel}","templated":true}]}}