{"id":40618,"date":"2017-06-23T11:43:47","date_gmt":"2017-06-23T16:43:47","guid":{"rendered":"https:\/\/www.generalkinematics.com\/product\/finger-screen-hauptsieb\/"},"modified":"2018-08-31T16:27:01","modified_gmt":"2018-08-31T21:27:01","slug":"finger-screen-primary-screen","status":"publish","type":"product","link":"https:\/\/www.generalkinematics.com\/de\/produkt\/finger-screen-primary-screen\/","title":{"rendered":"FINGER-SCREEN\u2122-Hauptsieb"},"content":{"rendered":"<p><img decoding=\"async\" class=\"alignnone size-full wp-image-40174\" src=\"https:\/\/www.generalkinematics.com\/wp-content\/uploads\/2015\/12\/Sold.png\" alt=\"Sold\" width=\"262\" height=\"148\" \/><\/p>\n<p><strong>Zustand<\/strong>:\u00a0Vollst\u00e4ndig neu<\/p>\n<p><strong>Branche<\/strong>: Recycling<\/p>\n<p><strong>Anwendung<\/strong>: Haupt-Recyclingsieb<\/p>\n<p><strong>Modell<\/strong>: FNGR 48 x 15.3 FINGER-SCREEN\u2122<\/p>\n<p>1.220 mm Breite x 4.800 mm L\u00e4nge x 3.560 mm H\u00f6he<\/p>\n<p>Ungef\u00e4hres Versandgewicht 4.650 kg<\/p>\n<p>1,5 KW PS, 720 UPM NEMA Design B-Motor<\/p>\n<p>230\/460 VAC, 3 Phasen, 60 Hz<\/p>\n<p>Bildschirm\u00f6ffnung in verschiedenen Gr\u00f6\u00dfen verf\u00fcgbar<\/p>\n<p><strong>Preis<\/strong>: Rufen Sie GK f\u00fcr weitere Informationen an.<\/p>\n<p><strong>Produktbeschreibung:\u00a0<\/strong><\/p>\n<ul>\n<li>Gut geeignet f\u00fcr Bauschutt bis zu 135 m\/h (CD Express)<\/li>\n<\/ul>\n<p>&nbsp;<\/p>\n<h3><strong>Fotos<\/strong><\/h3>\n\n<h3><strong>Video \u00fcber das FINGER-SCREEN\u2122<\/strong><\/h3>\n<p>[wpdevart_youtube width=&#8220;560&#8243; height=&#8220;315&#8243; autoplay=&#8220;0&#8243; theme=&#8220;dark&#8220; loop_video=&#8220;0&#8243; enable_fullscreen=&#8220;1&#8243; show_related=&#8220;1&#8243; show_popup=&#8220;0&#8243; thumb_popup_width=&#8220;213&#8243; thumb_popup_height=&#8220;128&#8243; show_title=&#8220;1&#8243; show_youtube_icon=&#8220;1&#8243; show_annotations=&#8220;1&#8243; show_progress_bar_color=&#8220;red&#8220; autohide_parameters=&#8220;1&#8243; set_initial_volume=&#8220;false&#8220; initial_volume=&#8220;100&#8243; disable_keyboard=&#8220;0&#8243;]jlRcorV_hBs[\/wpdevart_youtube]<\/p>\n","protected":false},"excerpt":{"rendered":"<p>Zustand:\u00a0Vollst\u00e4ndig neu Branche: Recycling Anwendung: Haupt-Recyclingsieb Modell: FNGR 48 x 15.3 FINGER-SCREEN\u2122 1.220 mm Breite x 4.800 mm L\u00e4nge x 3.560 mm H\u00f6he Ungef\u00e4hres Versandgewicht 4.650 kg 1,5 KW PS, 720 UPM NEMA Design B-Motor 230\/460 VAC, 3 Phasen, 60 Hz Bildschirm\u00f6ffnung in verschiedenen Gr\u00f6\u00dfen verf\u00fcgbar Preis: Rufen Sie GK f\u00fcr weitere Informationen an. Produktbeschreibung:\u00a0 [&hellip;]<\/p>\n","protected":false},"featured_media":42642,"comment_status":"closed","ping_status":"closed","template":"","meta":{"_acf_changed":false,"om_disable_all_campaigns":false,"ep_exclude_from_search":false},"product_brand":[],"product_cat":[1755],"product_tag":[],"class_list":{"0":"post-40618","1":"product","2":"type-product","3":"status-publish","4":"has-post-thumbnail","6":"product_cat-gebrauchtmaschinen","8":"first","9":"instock","10":"taxable","11":"shipping-taxable","12":"product-type-simple"},"acf":[],"yoast_head":"<!-- This site is optimized with the Yoast SEO plugin v27.5 - https:\/\/yoast.com\/product\/yoast-seo-wordpress\/ -->\n<title>Gebrauchtes Equipment: FINGER-SCREEN\u2122-Hauptsieb | General Kinematics<\/title>\n<meta name=\"description\" content=\"General Kinematics verkauft unser gebrauchtes Equipment general\u00fcberholt als neuwertiges Equipment! Dieses FINGER-SCREEN\u2122-Hauptsieb dient zum Recycling und wurde f\u00fcr Vorf\u00fchrungen auf einer Messe verwendet. Kontaktieren Sie uns!\" \/>\n<meta name=\"robots\" content=\"index, follow, max-snippet:-1, max-image-preview:large, max-video-preview:-1\" \/>\n<link rel=\"canonical\" href=\"https:\/\/www.generalkinematics.com\/de\/produkt\/finger-screen-primary-screen\/\" \/>\n<meta property=\"og:locale\" content=\"de_DE\" \/>\n<meta property=\"og:type\" content=\"article\" \/>\n<meta property=\"og:title\" content=\"Gebrauchtes Equipment: FINGER-SCREEN\u2122-Hauptsieb | General Kinematics\" \/>\n<meta property=\"og:description\" content=\"General Kinematics verkauft unser gebrauchtes Equipment general\u00fcberholt als neuwertiges Equipment! Dieses FINGER-SCREEN\u2122-Hauptsieb dient zum Recycling und wurde f\u00fcr Vorf\u00fchrungen auf einer Messe verwendet. Kontaktieren Sie uns!\" \/>\n<meta property=\"og:url\" content=\"https:\/\/www.generalkinematics.com\/de\/produkt\/finger-screen-primary-screen\/\" \/>\n<meta property=\"og:site_name\" content=\"General Kinematics\" \/>\n<meta property=\"article:publisher\" content=\"https:\/\/www.facebook.com\/generalkinematics\" \/>\n<meta property=\"article:modified_time\" content=\"2018-08-31T21:27:01+00:00\" \/>\n<meta property=\"og:image\" content=\"https:\/\/www.generalkinematics.com\/wp-content\/uploads\/2017\/06\/Finger-Screen-ConExpo.jpg\" \/>\n\t<meta property=\"og:image:width\" content=\"3728\" \/>\n\t<meta property=\"og:image:height\" content=\"3456\" \/>\n\t<meta property=\"og:image:type\" content=\"image\/jpeg\" \/>\n<meta name=\"twitter:card\" content=\"summary_large_image\" \/>\n<meta name=\"twitter:site\" content=\"@gkvibrating\" \/>\n<meta name=\"twitter:label1\" content=\"Gesch\u00e4tzte Lesezeit\" \/>\n\t<meta name=\"twitter:data1\" content=\"1 Minute\" \/>\n<!-- \/ Yoast SEO plugin. -->","yoast_head_json":{"title":"Gebrauchtes Equipment: FINGER-SCREEN\u2122-Hauptsieb | General Kinematics","description":"General Kinematics verkauft unser gebrauchtes Equipment general\u00fcberholt als neuwertiges Equipment! Dieses FINGER-SCREEN\u2122-Hauptsieb dient zum Recycling und wurde f\u00fcr Vorf\u00fchrungen auf einer Messe verwendet. Kontaktieren Sie uns!","robots":{"index":"index","follow":"follow","max-snippet":"max-snippet:-1","max-image-preview":"max-image-preview:large","max-video-preview":"max-video-preview:-1"},"canonical":"https:\/\/www.generalkinematics.com\/de\/produkt\/finger-screen-primary-screen\/","og_locale":"de_DE","og_type":"article","og_title":"Gebrauchtes Equipment: FINGER-SCREEN\u2122-Hauptsieb | General Kinematics","og_description":"General Kinematics verkauft unser gebrauchtes Equipment general\u00fcberholt als neuwertiges Equipment! Dieses FINGER-SCREEN\u2122-Hauptsieb dient zum Recycling und wurde f\u00fcr Vorf\u00fchrungen auf einer Messe verwendet. Kontaktieren Sie uns!","og_url":"https:\/\/www.generalkinematics.com\/de\/produkt\/finger-screen-primary-screen\/","og_site_name":"General Kinematics","article_publisher":"https:\/\/www.facebook.com\/generalkinematics","article_modified_time":"2018-08-31T21:27:01+00:00","og_image":[{"width":3728,"height":3456,"url":"https:\/\/www.generalkinematics.com\/wp-content\/uploads\/2017\/06\/Finger-Screen-ConExpo.jpg","type":"image\/jpeg"}],"twitter_card":"summary_large_image","twitter_site":"@gkvibrating","twitter_misc":{"Gesch\u00e4tzte Lesezeit":"1 Minute"},"schema":{"@context":"https:\/\/schema.org","@graph":[{"@type":"WebPage","@id":"https:\/\/www.generalkinematics.com\/de\/produkt\/finger-screen-primary-screen\/","url":"https:\/\/www.generalkinematics.com\/de\/produkt\/finger-screen-primary-screen\/","name":"Gebrauchtes Equipment: FINGER-SCREEN\u2122-Hauptsieb | General Kinematics","isPartOf":{"@id":"https:\/\/www.generalkinematics.com\/de\/#website"},"primaryImageOfPage":{"@id":"https:\/\/www.generalkinematics.com\/de\/produkt\/finger-screen-primary-screen\/#primaryimage"},"image":{"@id":"https:\/\/www.generalkinematics.com\/de\/produkt\/finger-screen-primary-screen\/#primaryimage"},"thumbnailUrl":"https:\/\/media.generalkinematics.com\/wp-content\/uploads\/2017\/06\/Finger-Screen-ConExpo.jpg","datePublished":"2017-06-23T16:43:47+00:00","dateModified":"2018-08-31T21:27:01+00:00","description":"General Kinematics verkauft unser gebrauchtes Equipment general\u00fcberholt als neuwertiges Equipment! Dieses FINGER-SCREEN\u2122-Hauptsieb dient zum Recycling und wurde f\u00fcr Vorf\u00fchrungen auf einer Messe verwendet. Kontaktieren Sie uns!","breadcrumb":{"@id":"https:\/\/www.generalkinematics.com\/de\/produkt\/finger-screen-primary-screen\/#breadcrumb"},"inLanguage":"de-DE","potentialAction":[{"@type":"ReadAction","target":["https:\/\/www.generalkinematics.com\/de\/produkt\/finger-screen-primary-screen\/"]}]},{"@type":"ImageObject","inLanguage":"de-DE","@id":"https:\/\/www.generalkinematics.com\/de\/produkt\/finger-screen-primary-screen\/#primaryimage","url":"https:\/\/media.generalkinematics.com\/wp-content\/uploads\/2017\/06\/Finger-Screen-ConExpo.jpg","contentUrl":"https:\/\/media.generalkinematics.com\/wp-content\/uploads\/2017\/06\/Finger-Screen-ConExpo.jpg","width":3728,"height":3456},{"@type":"BreadcrumbList","@id":"https:\/\/www.generalkinematics.com\/de\/produkt\/finger-screen-primary-screen\/#breadcrumb","itemListElement":[{"@type":"ListItem","position":1,"name":"GK Home","item":"https:\/\/www.generalkinematics.com\/de\/"},{"@type":"ListItem","position":2,"name":"Shop","item":"https:\/\/www.generalkinematics.com\/shop\/"},{"@type":"ListItem","position":3,"name":"FINGER-SCREEN\u2122-Hauptsieb"}]},{"@type":"WebSite","@id":"https:\/\/www.generalkinematics.com\/de\/#website","url":"https:\/\/www.generalkinematics.com\/de\/","name":"General Kinematics","description":"","publisher":{"@id":"https:\/\/www.generalkinematics.com\/de\/#organization"},"potentialAction":[{"@type":"SearchAction","target":{"@type":"EntryPoint","urlTemplate":"https:\/\/www.generalkinematics.com\/de\/?s={search_term_string}"},"query-input":{"@type":"PropertyValueSpecification","valueRequired":true,"valueName":"search_term_string"}}],"inLanguage":"de-DE"},{"@type":"Organization","@id":"https:\/\/www.generalkinematics.com\/de\/#organization","name":"General Kinematics","url":"https:\/\/www.generalkinematics.com\/de\/","logo":{"@type":"ImageObject","inLanguage":"de-DE","@id":"https:\/\/www.generalkinematics.com\/de\/#\/schema\/logo\/image\/","url":"https:\/\/media.generalkinematics.com\/wp-content\/uploads\/2018\/03\/logo.png","contentUrl":"https:\/\/media.generalkinematics.com\/wp-content\/uploads\/2018\/03\/logo.png","width":313,"height":100,"caption":"General Kinematics"},"image":{"@id":"https:\/\/www.generalkinematics.com\/de\/#\/schema\/logo\/image\/"},"sameAs":["https:\/\/www.facebook.com\/generalkinematics","https:\/\/x.com\/gkvibrating"]}]}},"_links":{"self":[{"href":"https:\/\/www.generalkinematics.com\/de\/wp-json\/wp\/v2\/product\/40618","targetHints":{"allow":["GET"]}}],"collection":[{"href":"https:\/\/www.generalkinematics.com\/de\/wp-json\/wp\/v2\/product"}],"about":[{"href":"https:\/\/www.generalkinematics.com\/de\/wp-json\/wp\/v2\/types\/product"}],"replies":[{"embeddable":true,"href":"https:\/\/www.generalkinematics.com\/de\/wp-json\/wp\/v2\/comments?post=40618"}],"wp:featuredmedia":[{"embeddable":true,"href":"https:\/\/www.generalkinematics.com\/de\/wp-json\/wp\/v2\/media\/42642"}],"wp:attachment":[{"href":"https:\/\/www.generalkinematics.com\/de\/wp-json\/wp\/v2\/media?parent=40618"}],"wp:term":[{"taxonomy":"product_brand","embeddable":true,"href":"https:\/\/www.generalkinematics.com\/de\/wp-json\/wp\/v2\/product_brand?post=40618"},{"taxonomy":"product_cat","embeddable":true,"href":"https:\/\/www.generalkinematics.com\/de\/wp-json\/wp\/v2\/product_cat?post=40618"},{"taxonomy":"product_tag","embeddable":true,"href":"https:\/\/www.generalkinematics.com\/de\/wp-json\/wp\/v2\/product_tag?post=40618"}],"curies":[{"name":"wp","href":"https:\/\/api.w.org\/{rel}","templated":true}]}}