{"id":40640,"date":"2017-10-20T16:09:25","date_gmt":"2017-10-20T21:09:25","guid":{"rendered":"https:\/\/www.generalkinematics.com\/product\/drehtrommelgehause\/"},"modified":"2020-05-18T14:09:42","modified_gmt":"2020-05-18T19:09:42","slug":"drehtrommelgehause","status":"publish","type":"product","link":"https:\/\/www.generalkinematics.com\/de\/produkt\/drehtrommelgehause\/","title":{"rendered":"Drehtrommelgeh\u00e4use"},"content":{"rendered":"<p>Muss Ihr derzeitiges Drehtrommelgeh\u00e4use ersetzt werden? Verliert es Sand, ist es mit Flicken \u00fcbers\u00e4t und nicht mehr rund? Dies klingt wie eine gute Nachricht, um Ihre Drehtrommel mit den robusten Ersatz-Drehtrommelgeh\u00e4usen von GK aufzur\u00fcsten!<\/p>\n<p>GK bietet komplette Dreh-Ersatzgeh\u00e4usebaugruppen f\u00fcr das meiste Dreh-Equipment an. Jede Dreheinheit wird speziell auf Ihr vorhandenes Antriebssystem und Ihre Konstruktion abgestimmt. Drehtrommelgeh\u00e4use verwenden die gleichen langlebigen Komponenten wie alle GK-Drehtrommeln, einschlie\u00dflich austauschbarer geschmiedeter R\u00e4der, GK-LOCK-TITE\u2122-Auskleidung und abriebfeste Stahlkonstruktionen.<br \/>\nTrommeln k\u00f6nnen auch in kleineren, miteinander verschraubten Abschnitten konstruiert werden, um eine leichtere Montage auf engstem Raum zu erm\u00f6glichen, sowie mit austauschbaren Geh\u00e4useauskleidungen, um dem Verschlei\u00df des Geh\u00e4uses insgesamt vorzubeugen. Zus\u00e4tzliche Komponenten, einschlie\u00dflich neuer Ketten, R\u00e4der, Lager, usw., sind ebenfalls bei GK erh\u00e4ltlich, um Ihnen bei der \u00dcberholung Ihres Drehtrommelsystems zu helfen.<\/p>\n","protected":false},"excerpt":{"rendered":"<p>Muss Ihr derzeitiges Drehtrommelgeh\u00e4use ersetzt werden? Verliert es Sand, ist es mit Flicken \u00fcbers\u00e4t und nicht mehr rund? Dies klingt wie eine gute Nachricht, um Ihre Drehtrommel mit den robusten Ersatz-Drehtrommelgeh\u00e4usen von GK aufzur\u00fcsten! GK bietet komplette Dreh-Ersatzgeh\u00e4usebaugruppen f\u00fcr das meiste Dreh-Equipment an. Jede Dreheinheit wird speziell auf Ihr vorhandenes Antriebssystem und Ihre Konstruktion abgestimmt. [&hellip;]<\/p>\n","protected":false},"featured_media":32360,"comment_status":"closed","ping_status":"closed","template":"","meta":{"_acf_changed":false,"om_disable_all_campaigns":false,"ep_exclude_from_search":false},"product_brand":[],"product_cat":[1778,1769,1757,1777],"product_tag":[],"class_list":{"0":"post-40640","1":"product","2":"type-product","3":"status-publish","4":"has-post-thumbnail","6":"casestudytag-rotary-drum-liners-de","7":"product_cat-ducta-series-modelle","8":"product_cat-lordungen-fuer-giesserei-und-metallguss","9":"product_cat-rotationsteile-und-komponenten","10":"product_cat-rotierende-trommeln-und-trennrinnen","12":"first","13":"instock","14":"taxable","15":"shipping-taxable","16":"product-type-simple"},"acf":[],"yoast_head":"<!-- This site is optimized with the Yoast SEO plugin v27.2 - https:\/\/yoast.com\/product\/yoast-seo-wordpress\/ -->\n<title>Drehtrommelgeh\u00e4use | General Kinematics<\/title>\n<meta name=\"description\" content=\"GK bietet komplette Dreh-Ersatzgeh\u00e4usebaugruppen f\u00fcr das meiste Dreh-Equipment an.\" \/>\n<meta name=\"robots\" content=\"index, follow, max-snippet:-1, max-image-preview:large, max-video-preview:-1\" \/>\n<link rel=\"canonical\" href=\"https:\/\/www.generalkinematics.com\/de\/produkt\/drehtrommelgehause\/\" \/>\n<meta property=\"og:locale\" content=\"de_DE\" \/>\n<meta property=\"og:type\" content=\"article\" \/>\n<meta property=\"og:title\" content=\"Drehtrommelgeh\u00e4use | General Kinematics\" \/>\n<meta property=\"og:description\" content=\"GK bietet komplette Dreh-Ersatzgeh\u00e4usebaugruppen f\u00fcr das meiste Dreh-Equipment an.\" \/>\n<meta property=\"og:url\" content=\"https:\/\/www.generalkinematics.com\/de\/produkt\/drehtrommelgehause\/\" \/>\n<meta property=\"og:site_name\" content=\"General Kinematics\" \/>\n<meta property=\"article:publisher\" content=\"https:\/\/www.facebook.com\/generalkinematics\" \/>\n<meta property=\"article:modified_time\" content=\"2020-05-18T19:09:42+00:00\" \/>\n<meta property=\"og:image\" content=\"https:\/\/media.generalkinematics.com\/wp-content\/uploads\/2017\/10\/2014-08-22-16.38.03.jpg\" \/>\n\t<meta property=\"og:image:width\" content=\"3264\" \/>\n\t<meta property=\"og:image:height\" content=\"2448\" \/>\n\t<meta property=\"og:image:type\" content=\"image\/jpeg\" \/>\n<meta name=\"twitter:card\" content=\"summary_large_image\" \/>\n<meta name=\"twitter:site\" content=\"@gkvibrating\" \/>\n<meta name=\"twitter:label1\" content=\"Gesch\u00e4tzte Lesezeit\" \/>\n\t<meta name=\"twitter:data1\" content=\"1 Minute\" \/>\n<!-- \/ Yoast SEO plugin. -->","yoast_head_json":{"title":"Drehtrommelgeh\u00e4use | General Kinematics","description":"GK bietet komplette Dreh-Ersatzgeh\u00e4usebaugruppen f\u00fcr das meiste Dreh-Equipment an.","robots":{"index":"index","follow":"follow","max-snippet":"max-snippet:-1","max-image-preview":"max-image-preview:large","max-video-preview":"max-video-preview:-1"},"canonical":"https:\/\/www.generalkinematics.com\/de\/produkt\/drehtrommelgehause\/","og_locale":"de_DE","og_type":"article","og_title":"Drehtrommelgeh\u00e4use | General Kinematics","og_description":"GK bietet komplette Dreh-Ersatzgeh\u00e4usebaugruppen f\u00fcr das meiste Dreh-Equipment an.","og_url":"https:\/\/www.generalkinematics.com\/de\/produkt\/drehtrommelgehause\/","og_site_name":"General Kinematics","article_publisher":"https:\/\/www.facebook.com\/generalkinematics","article_modified_time":"2020-05-18T19:09:42+00:00","og_image":[{"width":3264,"height":2448,"url":"https:\/\/media.generalkinematics.com\/wp-content\/uploads\/2017\/10\/2014-08-22-16.38.03.jpg","type":"image\/jpeg"}],"twitter_card":"summary_large_image","twitter_site":"@gkvibrating","twitter_misc":{"Gesch\u00e4tzte Lesezeit":"1 Minute"},"schema":{"@context":"https:\/\/schema.org","@graph":[{"@type":"WebPage","@id":"https:\/\/www.generalkinematics.com\/de\/produkt\/drehtrommelgehause\/","url":"https:\/\/www.generalkinematics.com\/de\/produkt\/drehtrommelgehause\/","name":"Drehtrommelgeh\u00e4use | General Kinematics","isPartOf":{"@id":"https:\/\/www.generalkinematics.com\/de\/#website"},"primaryImageOfPage":{"@id":"https:\/\/www.generalkinematics.com\/de\/produkt\/drehtrommelgehause\/#primaryimage"},"image":{"@id":"https:\/\/www.generalkinematics.com\/de\/produkt\/drehtrommelgehause\/#primaryimage"},"thumbnailUrl":"https:\/\/media.generalkinematics.com\/wp-content\/uploads\/2017\/10\/2014-08-22-16.38.03.jpg","datePublished":"2017-10-20T21:09:25+00:00","dateModified":"2020-05-18T19:09:42+00:00","description":"GK bietet komplette Dreh-Ersatzgeh\u00e4usebaugruppen f\u00fcr das meiste Dreh-Equipment an.","breadcrumb":{"@id":"https:\/\/www.generalkinematics.com\/de\/produkt\/drehtrommelgehause\/#breadcrumb"},"inLanguage":"de-DE","potentialAction":[{"@type":"ReadAction","target":["https:\/\/www.generalkinematics.com\/de\/produkt\/drehtrommelgehause\/"]}]},{"@type":"ImageObject","inLanguage":"de-DE","@id":"https:\/\/www.generalkinematics.com\/de\/produkt\/drehtrommelgehause\/#primaryimage","url":"https:\/\/media.generalkinematics.com\/wp-content\/uploads\/2017\/10\/2014-08-22-16.38.03.jpg","contentUrl":"https:\/\/media.generalkinematics.com\/wp-content\/uploads\/2017\/10\/2014-08-22-16.38.03.jpg","width":3264,"height":2448,"caption":"General Kinematics Drehtrommelgeh\u00e4use"},{"@type":"BreadcrumbList","@id":"https:\/\/www.generalkinematics.com\/de\/produkt\/drehtrommelgehause\/#breadcrumb","itemListElement":[{"@type":"ListItem","position":1,"name":"GK Home","item":"https:\/\/www.generalkinematics.com\/de\/"},{"@type":"ListItem","position":2,"name":"Shop","item":"https:\/\/www.generalkinematics.com\/shop\/"},{"@type":"ListItem","position":3,"name":"Drehtrommelgeh\u00e4use"}]},{"@type":"WebSite","@id":"https:\/\/www.generalkinematics.com\/de\/#website","url":"https:\/\/www.generalkinematics.com\/de\/","name":"General Kinematics","description":"","publisher":{"@id":"https:\/\/www.generalkinematics.com\/de\/#organization"},"potentialAction":[{"@type":"SearchAction","target":{"@type":"EntryPoint","urlTemplate":"https:\/\/www.generalkinematics.com\/de\/?s={search_term_string}"},"query-input":{"@type":"PropertyValueSpecification","valueRequired":true,"valueName":"search_term_string"}}],"inLanguage":"de-DE"},{"@type":"Organization","@id":"https:\/\/www.generalkinematics.com\/de\/#organization","name":"General Kinematics","url":"https:\/\/www.generalkinematics.com\/de\/","logo":{"@type":"ImageObject","inLanguage":"de-DE","@id":"https:\/\/www.generalkinematics.com\/de\/#\/schema\/logo\/image\/","url":"https:\/\/media.generalkinematics.com\/wp-content\/uploads\/2018\/03\/logo.png","contentUrl":"https:\/\/media.generalkinematics.com\/wp-content\/uploads\/2018\/03\/logo.png","width":313,"height":100,"caption":"General Kinematics"},"image":{"@id":"https:\/\/www.generalkinematics.com\/de\/#\/schema\/logo\/image\/"},"sameAs":["https:\/\/www.facebook.com\/generalkinematics","https:\/\/x.com\/gkvibrating"]}]}},"_links":{"self":[{"href":"https:\/\/www.generalkinematics.com\/de\/wp-json\/wp\/v2\/product\/40640","targetHints":{"allow":["GET"]}}],"collection":[{"href":"https:\/\/www.generalkinematics.com\/de\/wp-json\/wp\/v2\/product"}],"about":[{"href":"https:\/\/www.generalkinematics.com\/de\/wp-json\/wp\/v2\/types\/product"}],"replies":[{"embeddable":true,"href":"https:\/\/www.generalkinematics.com\/de\/wp-json\/wp\/v2\/comments?post=40640"}],"wp:featuredmedia":[{"embeddable":true,"href":"https:\/\/www.generalkinematics.com\/de\/wp-json\/wp\/v2\/media\/32360"}],"wp:attachment":[{"href":"https:\/\/www.generalkinematics.com\/de\/wp-json\/wp\/v2\/media?parent=40640"}],"wp:term":[{"taxonomy":"product_brand","embeddable":true,"href":"https:\/\/www.generalkinematics.com\/de\/wp-json\/wp\/v2\/product_brand?post=40640"},{"taxonomy":"product_cat","embeddable":true,"href":"https:\/\/www.generalkinematics.com\/de\/wp-json\/wp\/v2\/product_cat?post=40640"},{"taxonomy":"product_tag","embeddable":true,"href":"https:\/\/www.generalkinematics.com\/de\/wp-json\/wp\/v2\/product_tag?post=40640"}],"curies":[{"name":"wp","href":"https:\/\/api.w.org\/{rel}","templated":true}]}}