{"id":40675,"date":"2017-10-20T16:46:43","date_gmt":"2017-10-20T21:46:43","guid":{"rendered":"https:\/\/www.generalkinematics.com\/product\/drehtrommel-antriebkonvertierung\/"},"modified":"2020-05-18T15:27:50","modified_gmt":"2020-05-18T20:27:50","slug":"drehtrommel-antriebkonvertierung","status":"publish","type":"product","link":"https:\/\/www.generalkinematics.com\/de\/produkt\/drehtrommel-antriebkonvertierung\/","title":{"rendered":"Drehtrommel-Antriebkonvertierung"},"content":{"rendered":"<p>M\u00fcde, im Sand herumzukriechen? Kann der Zustand Ihres Getriebes, Motors oder der Kette nicht leicht erkannt werden? Es scheint, dass es an der Zeit ist, Ihr Drehtrommel-Antriebssystem mit GK zu modernisieren!<\/p>\n<p>Verlagern Sie durch Umbau des GK-Drehtrommel-Antriebs Ihr vorhandenes Antriebsgeh\u00e4use, den Motor und die zugeh\u00f6rige Ausr\u00fcstung vom Boden weg auf Augenh\u00f6he, um die Inspektion und Instandhaltung zu vereinfachen. Unser integrierter Antrieb beseitigt Riemen und wurde f\u00fcr eine problemlose Leistung \u00fcberdimensioniert. Die Montage ist einfach &#8230; einfach Ihren alten Antrieb ausbauen und das neue Befestigungssystem montieren, die Kette aufh\u00e4ngen und fertig.<\/p>\n<p>GK kann unseren Antriebsumbau auf den meisten Arten von Gie\u00dferei-Drehtrommeln nachr\u00fcsten. W\u00e4hrend Ihre Maschine au\u00dfer Betrieb ist, k\u00f6nnen wir Ihnen auch die anderen Komponenten liefern, die Sie ben\u00f6tigen, um die Leistung Ihrer Drehtrommel zu optimieren. Von Lagern bis zu kompletten Austauschgeh\u00e4usen bietet GK die Drehteile, die Sie ben\u00f6tigen, um die Betriebszeit und die Trennleistung zu maximieren.<\/p>\n","protected":false},"excerpt":{"rendered":"<p>M\u00fcde, im Sand herumzukriechen? Kann der Zustand Ihres Getriebes, Motors oder der Kette nicht leicht erkannt werden? Es scheint, dass es an der Zeit ist, Ihr Drehtrommel-Antriebssystem mit GK zu modernisieren! Verlagern Sie durch Umbau des GK-Drehtrommel-Antriebs Ihr vorhandenes Antriebsgeh\u00e4use, den Motor und die zugeh\u00f6rige Ausr\u00fcstung vom Boden weg auf Augenh\u00f6he, um die Inspektion und [&hellip;]<\/p>\n","protected":false},"featured_media":32381,"comment_status":"closed","ping_status":"closed","template":"","meta":{"_acf_changed":false,"om_disable_all_campaigns":false,"ep_exclude_from_search":false},"product_brand":[],"product_cat":[1778,1769,1757,1777],"product_tag":[],"class_list":{"0":"post-40675","1":"product","2":"type-product","3":"status-publish","4":"has-post-thumbnail","6":"product_cat-ducta-series-modelle","7":"product_cat-lordungen-fuer-giesserei-und-metallguss","8":"product_cat-rotationsteile-und-komponenten","9":"product_cat-rotierende-trommeln-und-trennrinnen","11":"first","12":"instock","13":"taxable","14":"shipping-taxable","15":"product-type-simple"},"acf":[],"yoast_head":"<!-- This site is optimized with the Yoast SEO plugin v27.2 - https:\/\/yoast.com\/product\/yoast-seo-wordpress\/ -->\n<title>Drehtrommel-Antriebkonvertierung | General Kinematics<\/title>\n<meta name=\"description\" content=\"Verlagern Sie Ihr vorhandenes Antriebsgeh\u00e4use, den Motor und die zugeh\u00f6rige Ausr\u00fcstung weg vom Boden auf Augenh\u00f6he, um die Inspektion und Instandhaltung zu vereinfachen.\" \/>\n<meta name=\"robots\" content=\"index, follow, max-snippet:-1, max-image-preview:large, max-video-preview:-1\" \/>\n<link rel=\"canonical\" href=\"https:\/\/www.generalkinematics.com\/de\/produkt\/drehtrommel-antriebkonvertierung\/\" \/>\n<meta property=\"og:locale\" content=\"de_DE\" \/>\n<meta property=\"og:type\" content=\"article\" \/>\n<meta property=\"og:title\" content=\"Drehtrommel-Antriebkonvertierung | General Kinematics\" \/>\n<meta property=\"og:description\" content=\"Verlagern Sie Ihr vorhandenes Antriebsgeh\u00e4use, den Motor und die zugeh\u00f6rige Ausr\u00fcstung weg vom Boden auf Augenh\u00f6he, um die Inspektion und Instandhaltung zu vereinfachen.\" \/>\n<meta property=\"og:url\" content=\"https:\/\/www.generalkinematics.com\/de\/produkt\/drehtrommel-antriebkonvertierung\/\" \/>\n<meta property=\"og:site_name\" content=\"General Kinematics\" \/>\n<meta property=\"article:publisher\" content=\"https:\/\/www.facebook.com\/generalkinematics\" \/>\n<meta property=\"article:modified_time\" content=\"2020-05-18T20:27:50+00:00\" \/>\n<meta property=\"og:image\" content=\"https:\/\/media.generalkinematics.com\/wp-content\/uploads\/2017\/10\/Fully-Installed-Drive.jpg\" \/>\n\t<meta property=\"og:image:width\" content=\"3036\" \/>\n\t<meta property=\"og:image:height\" content=\"4048\" \/>\n\t<meta property=\"og:image:type\" content=\"image\/jpeg\" \/>\n<meta name=\"twitter:card\" content=\"summary_large_image\" \/>\n<meta name=\"twitter:site\" content=\"@gkvibrating\" \/>\n<meta name=\"twitter:label1\" content=\"Gesch\u00e4tzte Lesezeit\" \/>\n\t<meta name=\"twitter:data1\" content=\"1 Minute\" \/>\n<!-- \/ Yoast SEO plugin. -->","yoast_head_json":{"title":"Drehtrommel-Antriebkonvertierung | General Kinematics","description":"Verlagern Sie Ihr vorhandenes Antriebsgeh\u00e4use, den Motor und die zugeh\u00f6rige Ausr\u00fcstung weg vom Boden auf Augenh\u00f6he, um die Inspektion und Instandhaltung zu vereinfachen.","robots":{"index":"index","follow":"follow","max-snippet":"max-snippet:-1","max-image-preview":"max-image-preview:large","max-video-preview":"max-video-preview:-1"},"canonical":"https:\/\/www.generalkinematics.com\/de\/produkt\/drehtrommel-antriebkonvertierung\/","og_locale":"de_DE","og_type":"article","og_title":"Drehtrommel-Antriebkonvertierung | General Kinematics","og_description":"Verlagern Sie Ihr vorhandenes Antriebsgeh\u00e4use, den Motor und die zugeh\u00f6rige Ausr\u00fcstung weg vom Boden auf Augenh\u00f6he, um die Inspektion und Instandhaltung zu vereinfachen.","og_url":"https:\/\/www.generalkinematics.com\/de\/produkt\/drehtrommel-antriebkonvertierung\/","og_site_name":"General Kinematics","article_publisher":"https:\/\/www.facebook.com\/generalkinematics","article_modified_time":"2020-05-18T20:27:50+00:00","og_image":[{"width":3036,"height":4048,"url":"https:\/\/media.generalkinematics.com\/wp-content\/uploads\/2017\/10\/Fully-Installed-Drive.jpg","type":"image\/jpeg"}],"twitter_card":"summary_large_image","twitter_site":"@gkvibrating","twitter_misc":{"Gesch\u00e4tzte Lesezeit":"1 Minute"},"schema":{"@context":"https:\/\/schema.org","@graph":[{"@type":"WebPage","@id":"https:\/\/www.generalkinematics.com\/de\/produkt\/drehtrommel-antriebkonvertierung\/","url":"https:\/\/www.generalkinematics.com\/de\/produkt\/drehtrommel-antriebkonvertierung\/","name":"Drehtrommel-Antriebkonvertierung | General Kinematics","isPartOf":{"@id":"https:\/\/www.generalkinematics.com\/de\/#website"},"primaryImageOfPage":{"@id":"https:\/\/www.generalkinematics.com\/de\/produkt\/drehtrommel-antriebkonvertierung\/#primaryimage"},"image":{"@id":"https:\/\/www.generalkinematics.com\/de\/produkt\/drehtrommel-antriebkonvertierung\/#primaryimage"},"thumbnailUrl":"https:\/\/media.generalkinematics.com\/wp-content\/uploads\/2017\/10\/Fully-Installed-Drive.jpg","datePublished":"2017-10-20T21:46:43+00:00","dateModified":"2020-05-18T20:27:50+00:00","description":"Verlagern Sie Ihr vorhandenes Antriebsgeh\u00e4use, den Motor und die zugeh\u00f6rige Ausr\u00fcstung weg vom Boden auf Augenh\u00f6he, um die Inspektion und Instandhaltung zu vereinfachen.","breadcrumb":{"@id":"https:\/\/www.generalkinematics.com\/de\/produkt\/drehtrommel-antriebkonvertierung\/#breadcrumb"},"inLanguage":"de-DE","potentialAction":[{"@type":"ReadAction","target":["https:\/\/www.generalkinematics.com\/de\/produkt\/drehtrommel-antriebkonvertierung\/"]}]},{"@type":"ImageObject","inLanguage":"de-DE","@id":"https:\/\/www.generalkinematics.com\/de\/produkt\/drehtrommel-antriebkonvertierung\/#primaryimage","url":"https:\/\/media.generalkinematics.com\/wp-content\/uploads\/2017\/10\/Fully-Installed-Drive.jpg","contentUrl":"https:\/\/media.generalkinematics.com\/wp-content\/uploads\/2017\/10\/Fully-Installed-Drive.jpg","width":3036,"height":4048,"caption":"General Kinematics montierter Antrieb"},{"@type":"BreadcrumbList","@id":"https:\/\/www.generalkinematics.com\/de\/produkt\/drehtrommel-antriebkonvertierung\/#breadcrumb","itemListElement":[{"@type":"ListItem","position":1,"name":"GK Home","item":"https:\/\/www.generalkinematics.com\/de\/"},{"@type":"ListItem","position":2,"name":"Shop","item":"https:\/\/www.generalkinematics.com\/shop\/"},{"@type":"ListItem","position":3,"name":"Drehtrommel-Antriebkonvertierung"}]},{"@type":"WebSite","@id":"https:\/\/www.generalkinematics.com\/de\/#website","url":"https:\/\/www.generalkinematics.com\/de\/","name":"General Kinematics","description":"","publisher":{"@id":"https:\/\/www.generalkinematics.com\/de\/#organization"},"potentialAction":[{"@type":"SearchAction","target":{"@type":"EntryPoint","urlTemplate":"https:\/\/www.generalkinematics.com\/de\/?s={search_term_string}"},"query-input":{"@type":"PropertyValueSpecification","valueRequired":true,"valueName":"search_term_string"}}],"inLanguage":"de-DE"},{"@type":"Organization","@id":"https:\/\/www.generalkinematics.com\/de\/#organization","name":"General Kinematics","url":"https:\/\/www.generalkinematics.com\/de\/","logo":{"@type":"ImageObject","inLanguage":"de-DE","@id":"https:\/\/www.generalkinematics.com\/de\/#\/schema\/logo\/image\/","url":"https:\/\/media.generalkinematics.com\/wp-content\/uploads\/2018\/03\/logo.png","contentUrl":"https:\/\/media.generalkinematics.com\/wp-content\/uploads\/2018\/03\/logo.png","width":313,"height":100,"caption":"General Kinematics"},"image":{"@id":"https:\/\/www.generalkinematics.com\/de\/#\/schema\/logo\/image\/"},"sameAs":["https:\/\/www.facebook.com\/generalkinematics","https:\/\/x.com\/gkvibrating"]}]}},"_links":{"self":[{"href":"https:\/\/www.generalkinematics.com\/de\/wp-json\/wp\/v2\/product\/40675","targetHints":{"allow":["GET"]}}],"collection":[{"href":"https:\/\/www.generalkinematics.com\/de\/wp-json\/wp\/v2\/product"}],"about":[{"href":"https:\/\/www.generalkinematics.com\/de\/wp-json\/wp\/v2\/types\/product"}],"replies":[{"embeddable":true,"href":"https:\/\/www.generalkinematics.com\/de\/wp-json\/wp\/v2\/comments?post=40675"}],"wp:featuredmedia":[{"embeddable":true,"href":"https:\/\/www.generalkinematics.com\/de\/wp-json\/wp\/v2\/media\/32381"}],"wp:attachment":[{"href":"https:\/\/www.generalkinematics.com\/de\/wp-json\/wp\/v2\/media?parent=40675"}],"wp:term":[{"taxonomy":"product_brand","embeddable":true,"href":"https:\/\/www.generalkinematics.com\/de\/wp-json\/wp\/v2\/product_brand?post=40675"},{"taxonomy":"product_cat","embeddable":true,"href":"https:\/\/www.generalkinematics.com\/de\/wp-json\/wp\/v2\/product_cat?post=40675"},{"taxonomy":"product_tag","embeddable":true,"href":"https:\/\/www.generalkinematics.com\/de\/wp-json\/wp\/v2\/product_tag?post=40675"}],"curies":[{"name":"wp","href":"https:\/\/api.w.org\/{rel}","templated":true}]}}